{"id":3357,"date":"2024-02-22T08:03:50","date_gmt":"2024-02-22T08:03:50","guid":{"rendered":"http:\/\/blogsaverroes.juntadeandalucia.es\/iesmm\/?page_id=3357"},"modified":"2024-05-03T06:59:44","modified_gmt":"2024-05-03T06:59:44","slug":"proyecto-steam","status":"publish","type":"page","link":"https:\/\/blogsaverroes.juntadeandalucia.es\/iesmm\/proyecto-steam\/","title":{"rendered":"PROYECTO STEAM"},"content":{"rendered":"<p><a href=\"https:\/\/blogsaverroes.juntadeandalucia.es\/iesmm\/files\/2024\/02\/Captura-de-Pantalla-2024-02-22-a-las-8.53.29.png\"><img loading=\"lazy\" decoding=\"async\" class=\"aligncenter size-full wp-image-3358\" src=\"https:\/\/blogsaverroes.juntadeandalucia.es\/iesmm\/files\/2024\/02\/Captura-de-Pantalla-2024-02-22-a-las-8.53.29.png\" alt=\"\" width=\"428\" height=\"256\" srcset=\"https:\/\/blogsaverroes.juntadeandalucia.es\/iesmm\/files\/2024\/02\/Captura-de-Pantalla-2024-02-22-a-las-8.53.29.png 428w, https:\/\/blogsaverroes.juntadeandalucia.es\/iesmm\/files\/2024\/02\/Captura-de-Pantalla-2024-02-22-a-las-8.53.29-300x179.png 300w\" sizes=\"(max-width: 428px) 100vw, 428px\" \/><\/a><\/p>\n<h3><strong>CELEBRANDO EN D\u00cdA INTERNACIONAL DE LA MUJER Y LA NI\u00d1A EN LA CIENCIA <\/strong>a cargo de Pilar Real Sancho<\/h3>\n<p><a href=\"https:\/\/blogsaverroes.juntadeandalucia.es\/iesmm\/files\/2024\/02\/20240221_105858-scaled.jpg\"><img loading=\"lazy\" decoding=\"async\" class=\"wp-image-3377 size-medium alignleft\" src=\"https:\/\/blogsaverroes.juntadeandalucia.es\/iesmm\/files\/2024\/02\/20240221_105858-225x300.jpg\" alt=\"\" width=\"225\" height=\"300\" srcset=\"https:\/\/blogsaverroes.juntadeandalucia.es\/iesmm\/files\/2024\/02\/20240221_105858-225x300.jpg 225w, https:\/\/blogsaverroes.juntadeandalucia.es\/iesmm\/files\/2024\/02\/20240221_105858-768x1024.jpg 768w, https:\/\/blogsaverroes.juntadeandalucia.es\/iesmm\/files\/2024\/02\/20240221_105858-1152x1536.jpg 1152w, https:\/\/blogsaverroes.juntadeandalucia.es\/iesmm\/files\/2024\/02\/20240221_105858-1536x2048.jpg 1536w, https:\/\/blogsaverroes.juntadeandalucia.es\/iesmm\/files\/2024\/02\/20240221_105858-scaled.jpg 1200w\" sizes=\"(max-width: 225px) 100vw, 225px\" \/><\/a><\/p>\n<p style=\"text-align: justify\"><span style=\"color: #202124\"><span style=\"font-family: Google Sans, arial, sans-serif\">Durante este mes, c<\/span><\/span><span style=\"color: #202124\"><span style=\"font-family: Google Sans, arial, sans-serif\">on motivo del d\u00eda 11 de febrero, <\/span><\/span><span style=\"color: #040c28\"><span style=\"font-family: Google Sans, arial, sans-serif\"><strong>D\u00eda Internacional de la Mujer y la Ni\u00f1a en la Ciencia<\/strong>, hemos estado trabajando en nuestras clases de Digitalizaci\u00f3n y primero de Computaci\u00f3n y Rob\u00f3tica, el perfil de varias ingenieras, inform\u00e1ticas y matem\u00e1ticas que han realizado importantes aportaciones al mundo de la tecnolog\u00eda. Entre ellas podemos destacar a; Margaret Hamilton, Radia Perlman, \u00c1ngela Ruiz, Marissa Mayer\u2026 <\/span><\/span><span style=\"color: #040c28\"><span style=\"font-family: Google Sans, arial, sans-serif\">Un mundo apasionante, lleno de retos, que espera la contribuci\u00f3n de todas nosotras.<\/span><\/span><\/p>\n<p style=\"text-align: justify\"><span style=\"color: #040c28\"><span style=\"font-family: Google Sans, arial, sans-serif\">Desde nuestras aulas, el Ies Miguel de Ma\u00f1ara, apuesta por fomentar la presencia femenina en el mundo STEAM, para crear una sociedad m\u00e1s justa, igualitaria y avanzada. Os dejamos algunos ejemplos.<\/span><\/span><\/p>\n<p>&nbsp;<\/p>\n<p><a href=\"https:\/\/blogsaverroes.juntadeandalucia.es\/iesmm\/files\/2024\/02\/20240221_105810-scaled.jpg\"><img loading=\"lazy\" decoding=\"async\" class=\"wp-image-3367 size-medium alignleft\" src=\"https:\/\/blogsaverroes.juntadeandalucia.es\/iesmm\/files\/2024\/02\/20240221_105810-225x300.jpg\" alt=\"\" width=\"225\" height=\"300\" srcset=\"https:\/\/blogsaverroes.juntadeandalucia.es\/iesmm\/files\/2024\/02\/20240221_105810-225x300.jpg 225w, https:\/\/blogsaverroes.juntadeandalucia.es\/iesmm\/files\/2024\/02\/20240221_105810-768x1024.jpg 768w, https:\/\/blogsaverroes.juntadeandalucia.es\/iesmm\/files\/2024\/02\/20240221_105810-1152x1536.jpg 1152w, https:\/\/blogsaverroes.juntadeandalucia.es\/iesmm\/files\/2024\/02\/20240221_105810-1536x2048.jpg 1536w, https:\/\/blogsaverroes.juntadeandalucia.es\/iesmm\/files\/2024\/02\/20240221_105810-scaled.jpg 1200w\" sizes=\"(max-width: 225px) 100vw, 225px\" \/><\/a><a href=\"https:\/\/blogsaverroes.juntadeandalucia.es\/iesmm\/files\/2024\/02\/20240221_105826-scaled.jpg\"><img loading=\"lazy\" decoding=\"async\" class=\"wp-image-3366 size-medium alignleft\" src=\"https:\/\/blogsaverroes.juntadeandalucia.es\/iesmm\/files\/2024\/02\/20240221_105826-225x300.jpg\" alt=\"\" width=\"225\" height=\"300\" srcset=\"https:\/\/blogsaverroes.juntadeandalucia.es\/iesmm\/files\/2024\/02\/20240221_105826-225x300.jpg 225w, https:\/\/blogsaverroes.juntadeandalucia.es\/iesmm\/files\/2024\/02\/20240221_105826-768x1024.jpg 768w, https:\/\/blogsaverroes.juntadeandalucia.es\/iesmm\/files\/2024\/02\/20240221_105826-1152x1536.jpg 1152w, https:\/\/blogsaverroes.juntadeandalucia.es\/iesmm\/files\/2024\/02\/20240221_105826-1536x2048.jpg 1536w, https:\/\/blogsaverroes.juntadeandalucia.es\/iesmm\/files\/2024\/02\/20240221_105826-scaled.jpg 1200w\" sizes=\"(max-width: 225px) 100vw, 225px\" \/><\/a><a href=\"https:\/\/blogsaverroes.juntadeandalucia.es\/iesmm\/files\/2024\/02\/20240221_105851-scaled.jpg\"><img loading=\"lazy\" decoding=\"async\" class=\"wp-image-3376 size-medium alignleft\" src=\"https:\/\/blogsaverroes.juntadeandalucia.es\/iesmm\/files\/2024\/02\/20240221_105851-225x300.jpg\" alt=\"\" width=\"225\" height=\"300\" srcset=\"https:\/\/blogsaverroes.juntadeandalucia.es\/iesmm\/files\/2024\/02\/20240221_105851-225x300.jpg 225w, https:\/\/blogsaverroes.juntadeandalucia.es\/iesmm\/files\/2024\/02\/20240221_105851-768x1024.jpg 768w, https:\/\/blogsaverroes.juntadeandalucia.es\/iesmm\/files\/2024\/02\/20240221_105851-1152x1536.jpg 1152w, https:\/\/blogsaverroes.juntadeandalucia.es\/iesmm\/files\/2024\/02\/20240221_105851-1536x2048.jpg 1536w, https:\/\/blogsaverroes.juntadeandalucia.es\/iesmm\/files\/2024\/02\/20240221_105851-scaled.jpg 1200w\" sizes=\"(max-width: 225px) 100vw, 225px\" \/><\/a> <a href=\"https:\/\/blogsaverroes.juntadeandalucia.es\/iesmm\/files\/2024\/02\/20240221_105909-scaled.jpg\"><img loading=\"lazy\" decoding=\"async\" class=\"wp-image-3378 size-medium alignleft\" src=\"https:\/\/blogsaverroes.juntadeandalucia.es\/iesmm\/files\/2024\/02\/20240221_105909-225x300.jpg\" alt=\"\" width=\"225\" height=\"300\" srcset=\"https:\/\/blogsaverroes.juntadeandalucia.es\/iesmm\/files\/2024\/02\/20240221_105909-225x300.jpg 225w, https:\/\/blogsaverroes.juntadeandalucia.es\/iesmm\/files\/2024\/02\/20240221_105909-768x1024.jpg 768w, https:\/\/blogsaverroes.juntadeandalucia.es\/iesmm\/files\/2024\/02\/20240221_105909-1152x1536.jpg 1152w, https:\/\/blogsaverroes.juntadeandalucia.es\/iesmm\/files\/2024\/02\/20240221_105909-1536x2048.jpg 1536w, https:\/\/blogsaverroes.juntadeandalucia.es\/iesmm\/files\/2024\/02\/20240221_105909-scaled.jpg 1200w\" sizes=\"(max-width: 225px) 100vw, 225px\" \/><\/a> <a href=\"https:\/\/blogsaverroes.juntadeandalucia.es\/iesmm\/files\/2024\/02\/20240221_105919-scaled.jpg\"><img loading=\"lazy\" decoding=\"async\" class=\"wp-image-3379 size-medium alignleft\" src=\"https:\/\/blogsaverroes.juntadeandalucia.es\/iesmm\/files\/2024\/02\/20240221_105919-225x300.jpg\" alt=\"\" width=\"225\" height=\"300\" srcset=\"https:\/\/blogsaverroes.juntadeandalucia.es\/iesmm\/files\/2024\/02\/20240221_105919-225x300.jpg 225w, https:\/\/blogsaverroes.juntadeandalucia.es\/iesmm\/files\/2024\/02\/20240221_105919-768x1024.jpg 768w, https:\/\/blogsaverroes.juntadeandalucia.es\/iesmm\/files\/2024\/02\/20240221_105919-1152x1536.jpg 1152w, https:\/\/blogsaverroes.juntadeandalucia.es\/iesmm\/files\/2024\/02\/20240221_105919-1536x2048.jpg 1536w, https:\/\/blogsaverroes.juntadeandalucia.es\/iesmm\/files\/2024\/02\/20240221_105919-scaled.jpg 1200w\" sizes=\"(max-width: 225px) 100vw, 225px\" \/><\/a> <a href=\"https:\/\/blogsaverroes.juntadeandalucia.es\/iesmm\/files\/2024\/02\/20240221_105928-scaled.jpg\"><img loading=\"lazy\" decoding=\"async\" class=\"wp-image-3380 size-medium alignleft\" src=\"https:\/\/blogsaverroes.juntadeandalucia.es\/iesmm\/files\/2024\/02\/20240221_105928-225x300.jpg\" alt=\"\" width=\"225\" height=\"300\" srcset=\"https:\/\/blogsaverroes.juntadeandalucia.es\/iesmm\/files\/2024\/02\/20240221_105928-225x300.jpg 225w, https:\/\/blogsaverroes.juntadeandalucia.es\/iesmm\/files\/2024\/02\/20240221_105928-768x1024.jpg 768w, https:\/\/blogsaverroes.juntadeandalucia.es\/iesmm\/files\/2024\/02\/20240221_105928-1152x1536.jpg 1152w, https:\/\/blogsaverroes.juntadeandalucia.es\/iesmm\/files\/2024\/02\/20240221_105928-1536x2048.jpg 1536w, https:\/\/blogsaverroes.juntadeandalucia.es\/iesmm\/files\/2024\/02\/20240221_105928-scaled.jpg 1200w\" sizes=\"(max-width: 225px) 100vw, 225px\" \/><\/a> <a href=\"https:\/\/blogsaverroes.juntadeandalucia.es\/iesmm\/files\/2024\/02\/20240221_105935-scaled.jpg\"><img loading=\"lazy\" decoding=\"async\" class=\"wp-image-3381 size-medium alignleft\" src=\"https:\/\/blogsaverroes.juntadeandalucia.es\/iesmm\/files\/2024\/02\/20240221_105935-225x300.jpg\" alt=\"\" width=\"225\" height=\"300\" srcset=\"https:\/\/blogsaverroes.juntadeandalucia.es\/iesmm\/files\/2024\/02\/20240221_105935-225x300.jpg 225w, https:\/\/blogsaverroes.juntadeandalucia.es\/iesmm\/files\/2024\/02\/20240221_105935-768x1024.jpg 768w, https:\/\/blogsaverroes.juntadeandalucia.es\/iesmm\/files\/2024\/02\/20240221_105935-1152x1536.jpg 1152w, https:\/\/blogsaverroes.juntadeandalucia.es\/iesmm\/files\/2024\/02\/20240221_105935-1536x2048.jpg 1536w, https:\/\/blogsaverroes.juntadeandalucia.es\/iesmm\/files\/2024\/02\/20240221_105935-scaled.jpg 1200w\" sizes=\"(max-width: 225px) 100vw, 225px\" \/><\/a> <a href=\"https:\/\/blogsaverroes.juntadeandalucia.es\/iesmm\/files\/2024\/02\/20240221_105943-scaled.jpg\"><img loading=\"lazy\" decoding=\"async\" class=\"wp-image-3382 size-medium alignleft\" src=\"https:\/\/blogsaverroes.juntadeandalucia.es\/iesmm\/files\/2024\/02\/20240221_105943-225x300.jpg\" alt=\"\" width=\"225\" height=\"300\" srcset=\"https:\/\/blogsaverroes.juntadeandalucia.es\/iesmm\/files\/2024\/02\/20240221_105943-225x300.jpg 225w, https:\/\/blogsaverroes.juntadeandalucia.es\/iesmm\/files\/2024\/02\/20240221_105943-768x1024.jpg 768w, https:\/\/blogsaverroes.juntadeandalucia.es\/iesmm\/files\/2024\/02\/20240221_105943-1152x1536.jpg 1152w, https:\/\/blogsaverroes.juntadeandalucia.es\/iesmm\/files\/2024\/02\/20240221_105943-1536x2048.jpg 1536w, https:\/\/blogsaverroes.juntadeandalucia.es\/iesmm\/files\/2024\/02\/20240221_105943-scaled.jpg 1200w\" sizes=\"(max-width: 225px) 100vw, 225px\" \/><\/a><\/p>\n<p>&nbsp;<\/p>\n<p>&nbsp;<\/p>\n<p>&nbsp;<\/p>\n<p>&nbsp;<\/p>\n<p>&nbsp;<\/p>\n<p>&nbsp;<\/p>\n<p>&nbsp;<\/p>\n<p>&nbsp;<\/p>\n<p>&nbsp;<\/p>\n<p>&nbsp;<\/p>\n<p><a href=\"https:\/\/blogsaverroes.juntadeandalucia.es\/iesmm\/files\/2024\/02\/IMG-20240223-WA0006.jpg\"><img loading=\"lazy\" decoding=\"async\" class=\"alignleft wp-image-3383 size-medium\" src=\"https:\/\/blogsaverroes.juntadeandalucia.es\/iesmm\/files\/2024\/02\/IMG-20240223-WA0006-225x300.jpg\" alt=\"\" width=\"225\" height=\"300\" srcset=\"https:\/\/blogsaverroes.juntadeandalucia.es\/iesmm\/files\/2024\/02\/IMG-20240223-WA0006-225x300.jpg 225w, https:\/\/blogsaverroes.juntadeandalucia.es\/iesmm\/files\/2024\/02\/IMG-20240223-WA0006-768x1024.jpg 768w, https:\/\/blogsaverroes.juntadeandalucia.es\/iesmm\/files\/2024\/02\/IMG-20240223-WA0006-1152x1536.jpg 1152w, https:\/\/blogsaverroes.juntadeandalucia.es\/iesmm\/files\/2024\/02\/IMG-20240223-WA0006.jpg 1200w\" sizes=\"(max-width: 225px) 100vw, 225px\" \/><\/a><\/p>\n<p>&nbsp;<\/p>\n<p>&nbsp;<\/p>\n<p>&nbsp;<\/p>\n<p>&nbsp;<\/p>\n<p>&nbsp;<\/p>\n<p>&nbsp;<\/p>\n<p>&nbsp;<\/p>\n<p>&nbsp;<\/p>\n<p>&nbsp;<\/p>\n<p>&nbsp;<\/p>\n<p>&nbsp;<\/p>\n<p>&nbsp;<\/p>\n<p>&nbsp;<\/p>\n<p>&nbsp;<\/p>\n<p>&nbsp;<\/p>\n<p>&nbsp;<\/p>\n<p>&nbsp;<\/p>\n<p>&nbsp;<\/p>\n<p>&nbsp;<\/p>\n<p>&nbsp;<\/p>\n<h2>&nbsp;<\/h2>\n<p>&nbsp;<\/p>\n<p>&nbsp;<\/p>\n<p>&nbsp;<\/p>\n<h2>&nbsp;<\/h2>\n<h2>&nbsp;<\/h2>\n<p>&nbsp;<\/p>\n<h2><strong>CONFERENCIAS Y ENCUENROS STEAM <\/strong>a cargo de Paco G. Pinilla<\/h2>\n<p><a href=\"https:\/\/blogsaverroes.juntadeandalucia.es\/iesmm\/files\/2024\/01\/Captura-de-Pantalla-2024-01-23-a-las-9.01.16.png\"><img loading=\"lazy\" decoding=\"async\" class=\"wp-image-3347 size-full alignleft\" src=\"https:\/\/blogsaverroes.juntadeandalucia.es\/iesmm\/files\/2024\/01\/Captura-de-Pantalla-2024-01-23-a-las-9.01.16-e1708713823404.png\" alt=\"\" width=\"400\" height=\"563\"><\/a><\/p>\n<p>&nbsp;<\/p>\n<p>&nbsp;<\/p>\n<p>&nbsp;<\/p>\n<p>Este a\u00f1o 2024 retomamos el Proyecto STEAM en nuestro centro con todo un ciclo de conferencias interesant\u00edsimas a cargo de personalidades del mundo de la ciencia y la tecnolog\u00eda que han venido a nuestro centro educativo.<\/p>\n<p>A continuaci\u00f3n os dejamos el programa y las actividades:<a href=\"https:\/\/blogsaverroes.juntadeandalucia.es\/iesmm\/files\/2024\/01\/Captura-de-Pantalla-2024-01-29-a-las-18.22.15.png\"><img loading=\"lazy\" decoding=\"async\" class=\"aligncenter size-large wp-image-3350\" src=\"https:\/\/blogsaverroes.juntadeandalucia.es\/iesmm\/files\/2024\/01\/Captura-de-Pantalla-2024-01-29-a-las-18.22.15-1024x755.png\" alt=\"\" width=\"1024\" height=\"755\" srcset=\"https:\/\/blogsaverroes.juntadeandalucia.es\/iesmm\/files\/2024\/01\/Captura-de-Pantalla-2024-01-29-a-las-18.22.15-1024x755.png 1024w, https:\/\/blogsaverroes.juntadeandalucia.es\/iesmm\/files\/2024\/01\/Captura-de-Pantalla-2024-01-29-a-las-18.22.15-300x221.png 300w, https:\/\/blogsaverroes.juntadeandalucia.es\/iesmm\/files\/2024\/01\/Captura-de-Pantalla-2024-01-29-a-las-18.22.15-768x566.png 768w, https:\/\/blogsaverroes.juntadeandalucia.es\/iesmm\/files\/2024\/01\/Captura-de-Pantalla-2024-01-29-a-las-18.22.15.png 1042w\" sizes=\"(max-width: 1024px) 100vw, 1024px\" \/><\/a><\/p>\n<h3><strong>RA\u00daL GIL UN DIVULGADOR EXCEPCIONAL EN SU CAMPO<\/strong><\/h3>\n<p><a href=\"https:\/\/blogsaverroes.juntadeandalucia.es\/iesmm\/files\/2024\/02\/9346fdff-fbb9-433d-87e5-dec5998a6cab.jpg\"><img loading=\"lazy\" decoding=\"async\" class=\"wp-image-3365 size-medium alignleft\" src=\"https:\/\/blogsaverroes.juntadeandalucia.es\/iesmm\/files\/2024\/02\/9346fdff-fbb9-433d-87e5-dec5998a6cab-300x300.jpg\" alt=\"\" width=\"300\" height=\"300\" srcset=\"https:\/\/blogsaverroes.juntadeandalucia.es\/iesmm\/files\/2024\/02\/9346fdff-fbb9-433d-87e5-dec5998a6cab-300x300.jpg 300w, https:\/\/blogsaverroes.juntadeandalucia.es\/iesmm\/files\/2024\/02\/9346fdff-fbb9-433d-87e5-dec5998a6cab-1024x1024.jpg 1024w, https:\/\/blogsaverroes.juntadeandalucia.es\/iesmm\/files\/2024\/02\/9346fdff-fbb9-433d-87e5-dec5998a6cab-150x150.jpg 150w, https:\/\/blogsaverroes.juntadeandalucia.es\/iesmm\/files\/2024\/02\/9346fdff-fbb9-433d-87e5-dec5998a6cab-768x768.jpg 768w, https:\/\/blogsaverroes.juntadeandalucia.es\/iesmm\/files\/2024\/02\/9346fdff-fbb9-433d-87e5-dec5998a6cab-1536x1536.jpg 1536w, https:\/\/blogsaverroes.juntadeandalucia.es\/iesmm\/files\/2024\/02\/9346fdff-fbb9-433d-87e5-dec5998a6cab-2048x2048.jpg 2048w, https:\/\/blogsaverroes.juntadeandalucia.es\/iesmm\/files\/2024\/02\/9346fdff-fbb9-433d-87e5-dec5998a6cab-80x80.jpg 80w, https:\/\/blogsaverroes.juntadeandalucia.es\/iesmm\/files\/2024\/02\/9346fdff-fbb9-433d-87e5-dec5998a6cab-320x320.jpg 320w, https:\/\/blogsaverroes.juntadeandalucia.es\/iesmm\/files\/2024\/02\/9346fdff-fbb9-433d-87e5-dec5998a6cab.jpg 1600w\" sizes=\"(max-width: 300px) 100vw, 300px\" \/><\/a><\/p>\n<p>&nbsp;<\/p>\n<p>El pasado 20 de febrero de 2024, <strong>el programador, matem\u00e1tico y profesor Ra\u00fal Gil,<\/strong> nos acompa\u00f1\u00f3 con una conferencia donde nos estuvo comentando y explicando su recorrido y experiencia como programador.<\/p>\n<p>&nbsp;<\/p>\n<p>&nbsp;<\/p>\n<p>&nbsp;<\/p>\n<p>&nbsp;<\/p>\n<p>&nbsp;<\/p>\n<p>&nbsp;<\/p>\n<h2>ULTIMA ACTIVIDAD DE ESTE A\u00d1O 2024<\/h2>\n<p>ALTER TECHNOLOGY viene a visitarnos<\/p>\n<p><a href=\"https:\/\/blogsaverroes.juntadeandalucia.es\/iesmm\/files\/2024\/05\/Captura-de-Pantalla-2024-05-03-a-las-8.44.17.png\"><img loading=\"lazy\" decoding=\"async\" class=\"aligncenter size-full wp-image-3501\" src=\"https:\/\/blogsaverroes.juntadeandalucia.es\/iesmm\/files\/2024\/05\/Captura-de-Pantalla-2024-05-03-a-las-8.44.17.png\" alt=\"\" width=\"1600\" height=\"880\" srcset=\"https:\/\/blogsaverroes.juntadeandalucia.es\/iesmm\/files\/2024\/05\/Captura-de-Pantalla-2024-05-03-a-las-8.44.17.png 1600w, https:\/\/blogsaverroes.juntadeandalucia.es\/iesmm\/files\/2024\/05\/Captura-de-Pantalla-2024-05-03-a-las-8.44.17-300x165.png 300w, https:\/\/blogsaverroes.juntadeandalucia.es\/iesmm\/files\/2024\/05\/Captura-de-Pantalla-2024-05-03-a-las-8.44.17-1024x563.png 1024w, https:\/\/blogsaverroes.juntadeandalucia.es\/iesmm\/files\/2024\/05\/Captura-de-Pantalla-2024-05-03-a-las-8.44.17-768x422.png 768w, https:\/\/blogsaverroes.juntadeandalucia.es\/iesmm\/files\/2024\/05\/Captura-de-Pantalla-2024-05-03-a-las-8.44.17-1536x845.png 1536w, https:\/\/blogsaverroes.juntadeandalucia.es\/iesmm\/files\/2024\/05\/Captura-de-Pantalla-2024-05-03-a-las-8.44.17-2048x1126.png 2048w\" sizes=\"(max-width: 1600px) 100vw, 1600px\" \/><\/a><\/p>\n<p>&nbsp;<\/p>\n<p>&nbsp;<\/p>\n<p>&nbsp;<\/p>\n<p>&nbsp;<\/p>\n<p>&nbsp;<\/p>\n<p>&nbsp;<\/p>\n<p>&nbsp;<\/p>\n<p>&nbsp;<\/p>\n","protected":false},"excerpt":{"rendered":"<p>CELEBRANDO EN D\u00cdA INTERNACIONAL DE LA MUJER Y LA NI\u00d1A EN LA CIENCIA a cargo de Pilar Real Sancho Durante este mes, con motivo del d\u00eda 11 de febrero, D\u00eda Internacional de la Mujer&#46;&#46;&#46;<\/p>\n","protected":false},"author":2321,"featured_media":0,"parent":0,"menu_order":0,"comment_status":"closed","ping_status":"closed","template":"","meta":{"ngg_post_thumbnail":0,"footnotes":"","_mc_calendar":[]},"aioseo_notices":[],"_links":{"self":[{"href":"https:\/\/blogsaverroes.juntadeandalucia.es\/iesmm\/wp-json\/wp\/v2\/pages\/3357"}],"collection":[{"href":"https:\/\/blogsaverroes.juntadeandalucia.es\/iesmm\/wp-json\/wp\/v2\/pages"}],"about":[{"href":"https:\/\/blogsaverroes.juntadeandalucia.es\/iesmm\/wp-json\/wp\/v2\/types\/page"}],"author":[{"embeddable":true,"href":"https:\/\/blogsaverroes.juntadeandalucia.es\/iesmm\/wp-json\/wp\/v2\/users\/2321"}],"replies":[{"embeddable":true,"href":"https:\/\/blogsaverroes.juntadeandalucia.es\/iesmm\/wp-json\/wp\/v2\/comments?post=3357"}],"version-history":[{"count":31,"href":"https:\/\/blogsaverroes.juntadeandalucia.es\/iesmm\/wp-json\/wp\/v2\/pages\/3357\/revisions"}],"predecessor-version":[{"id":3507,"href":"https:\/\/blogsaverroes.juntadeandalucia.es\/iesmm\/wp-json\/wp\/v2\/pages\/3357\/revisions\/3507"}],"wp:attachment":[{"href":"https:\/\/blogsaverroes.juntadeandalucia.es\/iesmm\/wp-json\/wp\/v2\/media?parent=3357"}],"curies":[{"name":"wp","href":"https:\/\/api.w.org\/{rel}","templated":true}]}}