{"id":349,"date":"2015-03-18T10:21:10","date_gmt":"2015-03-18T10:21:10","guid":{"rendered":"http:\/\/blogsaverroes.juntadeandalucia.es\/pre\/ceip\/?page_id=349"},"modified":"2015-09-02T12:16:01","modified_gmt":"2015-09-02T12:16:01","slug":"materiales-recursos","status":"publish","type":"page","link":"https:\/\/blogsaverroes.juntadeandalucia.es\/iesmm\/clasicas\/materiales-recursos\/","title":{"rendered":"Materiales, recursos&#8230;"},"content":{"rendered":"<h4 id=\"nodeTitle\"><a href=\"http:\/\/agrega.juntadeandalucia.es\/visualizar\/es\/es-an_2010060213_9135930\/true\" target=\"_blank\">La actividad econ\u00f3mica y su organizaci\u00f3n: La base de la actividad econ\u00f3mica: Factores, agentes y sectores<\/a><\/h4>\n<p><a href=\"http:\/\/agrega.juntadeandalucia.es\/visualizar\/es\/es-an_2010060213_9135930\/true\" target=\"_blank\"><img loading=\"lazy\" decoding=\"async\" class=\" size-medium wp-image-2039 alignleft\" src=\"http:\/\/blogsaverroes.juntadeandalucia.es\/iesmm\/files\/2015\/03\/economia01-300x199.jpg\" alt=\"economia01\" width=\"300\" height=\"199\" srcset=\"https:\/\/blogsaverroes.juntadeandalucia.es\/iesmm\/files\/2015\/03\/economia01-300x199.jpg 300w, https:\/\/blogsaverroes.juntadeandalucia.es\/iesmm\/files\/2015\/03\/economia01-1024x680.jpg 1024w, https:\/\/blogsaverroes.juntadeandalucia.es\/iesmm\/files\/2015\/03\/economia01.jpg 2048w\" sizes=\"(max-width: 300px) 100vw, 300px\" \/><\/a><\/p>\n<p>&nbsp;<\/p>\n<p>&nbsp;<\/p>\n<p>&nbsp;<\/p>\n<p>&nbsp;<\/p>\n<p>&nbsp;<\/p>\n<p>Para la satisfacci\u00f3n de las necesidades humanas es preciso disponer de recursos que permitan obtener todo aquello que les satisface. Es adem\u00e1s necesario que se desarrollen procesos de producci\u00f3n e intercambio que permitan obtener y disfrutar lo que deseamos.<\/p>\n<p>El conjunto de actividades de producci\u00f3n, distribuci\u00f3n y disfrute es lo que constituye la actividad econ\u00f3mica.<\/p>\n<h4><\/h4>\n<h4 id=\"nodeTitle\"><a href=\"http:\/\/agrega.juntadeandalucia.es\/visualizar\/es\/es-an_2010091013_9192919\/true\" target=\"_blank\">La empresa y su entorno: La empresa y el empresario<\/a><\/h4>\n<p><a href=\"http:\/\/agrega.juntadeandalucia.es\/visualizar\/es\/es-an_2010091013_9192919\/true\" target=\"_blank\"><img loading=\"lazy\" decoding=\"async\" class=\" size-medium wp-image-2040 alignleft\" src=\"http:\/\/blogsaverroes.juntadeandalucia.es\/iesmm\/files\/2015\/03\/economia02-300x237.jpg\" alt=\"economia02\" width=\"300\" height=\"237\" srcset=\"https:\/\/blogsaverroes.juntadeandalucia.es\/iesmm\/files\/2015\/03\/economia02-300x237.jpg 300w, https:\/\/blogsaverroes.juntadeandalucia.es\/iesmm\/files\/2015\/03\/economia02.jpg 738w\" sizes=\"(max-width: 300px) 100vw, 300px\" \/><\/a><\/p>\n<p>&nbsp;<\/p>\n<p>&nbsp;<\/p>\n<p>&nbsp;<\/p>\n<p>&nbsp;<\/p>\n<p>&nbsp;<\/p>\n<p>&nbsp;<\/p>\n<p>La e<span id=\"__firefox-findbar-search-id\">mpresa<\/span> es uno de los agentes econ\u00f3micos que estudiamos en la asignatura de 1\u00ba de Bachillerato, junto a las econom\u00edas dom\u00e9sticas y el sector p\u00fablico. Si recuerdas cumple un papel b\u00e1sico en la actividad econ\u00f3mica, puesto que produce los bienes y servicios que satisfacen las necesidades de las personas. Para llevar a cabo esa funci\u00f3n, por otra parte, tiene que demandar\u00a0 factores productivos (recursos naturales, trabajo y capital). Esta relaci\u00f3n entre agentes econ\u00f3micos la ilustr\u00e1bamos con el flujo circular de la renta.<\/p>\n","protected":false},"excerpt":{"rendered":"<p>La actividad econ\u00f3mica y su organizaci\u00f3n: La base de la actividad econ\u00f3mica: Factores, agentes y sectores &nbsp; &nbsp; &nbsp; &nbsp; &nbsp; Para la satisfacci\u00f3n de las necesidades humanas es preciso disponer de recursos que&#46;&#46;&#46;<\/p>\n","protected":false},"author":1,"featured_media":0,"parent":147,"menu_order":0,"comment_status":"closed","ping_status":"open","template":"template-full-width.php","meta":{"ngg_post_thumbnail":0,"footnotes":"","_mc_calendar":[]},"aioseo_notices":[],"_links":{"self":[{"href":"https:\/\/blogsaverroes.juntadeandalucia.es\/iesmm\/wp-json\/wp\/v2\/pages\/349"}],"collection":[{"href":"https:\/\/blogsaverroes.juntadeandalucia.es\/iesmm\/wp-json\/wp\/v2\/pages"}],"about":[{"href":"https:\/\/blogsaverroes.juntadeandalucia.es\/iesmm\/wp-json\/wp\/v2\/types\/page"}],"author":[{"embeddable":true,"href":"https:\/\/blogsaverroes.juntadeandalucia.es\/iesmm\/wp-json\/wp\/v2\/users\/1"}],"replies":[{"embeddable":true,"href":"https:\/\/blogsaverroes.juntadeandalucia.es\/iesmm\/wp-json\/wp\/v2\/comments?post=349"}],"version-history":[{"count":2,"href":"https:\/\/blogsaverroes.juntadeandalucia.es\/iesmm\/wp-json\/wp\/v2\/pages\/349\/revisions"}],"predecessor-version":[{"id":2041,"href":"https:\/\/blogsaverroes.juntadeandalucia.es\/iesmm\/wp-json\/wp\/v2\/pages\/349\/revisions\/2041"}],"up":[{"embeddable":true,"href":"https:\/\/blogsaverroes.juntadeandalucia.es\/iesmm\/wp-json\/wp\/v2\/pages\/147"}],"wp:attachment":[{"href":"https:\/\/blogsaverroes.juntadeandalucia.es\/iesmm\/wp-json\/wp\/v2\/media?parent=349"}],"curies":[{"name":"wp","href":"https:\/\/api.w.org\/{rel}","templated":true}]}}