{"id":3676,"date":"2025-04-23T11:42:24","date_gmt":"2025-04-23T11:42:24","guid":{"rendered":"https:\/\/blogsaverroes.juntadeandalucia.es\/iesmm\/?page_id=3676"},"modified":"2025-04-28T10:26:53","modified_gmt":"2025-04-28T10:26:53","slug":"empresas-empleo","status":"publish","type":"page","link":"https:\/\/blogsaverroes.juntadeandalucia.es\/iesmm\/empresas-empleo\/","title":{"rendered":"BolsaTrabajo\/Empresas"},"content":{"rendered":"<h3>ALUMNADO<\/h3>\n<p>Si eres antigua\/o alumna\/o<strong> titulada\/o como T\u00e9cnico en Grado Medio o T\u00e9cnico en Grado Superior de Est\u00e9tica<\/strong> en nuestro centro y quieres&nbsp;<strong>incorporarte<\/strong> <strong>a la lista de contactos<\/strong> para recibir las ofertas de empleo que recibimos de las empresas, debes escribir un e-mail a <a href=\"bolsadetrabajo@iesmm.es\" target=\"_blank\" rel=\"noopener\"><span class=\"gI\"><span data-hovercard-id=\"bolsaempleo@iespolitecnico.es\" data-hovercard-owner-id=\"22\">bolsadetrabajo@iesmm.es<\/span><\/span><\/a> indicando tu nombre, apellidos, DNI, ciclo formativo realizado y el curso acad\u00e9mico en el que obtuviste la titulaci\u00f3n.<\/p>\n<h3>&nbsp;<\/h3>\n<h3>EMPRESAS<\/h3>\n<p>Toda empresa que desee publicitar una oferta de empleo para nuestro alumnado titulado, debe enviar&nbsp;a <a href=\"bolsadetrabajo@iesmm.es\" target=\"_blank\" rel=\"noopener\">bolsadetrabajo@iesmm.es<\/a>&nbsp;la oferta de empleo,&nbsp;describiendo la misma tal y como desea que se le reenv\u00ede esta informaci\u00f3n al alumnado:<\/p>\n<p><strong>1.) PERFIL<\/strong>, indicando:<\/p>\n<ul style=\"list-style-type: disc\">\n<li>Titulaci\u00f3n requerida.<\/li>\n<li>Qu\u00e9 se valora (experiencia, formaci\u00f3n complementaria, idiomas<\/li>\n<\/ul>\n<p><strong>2.) PUESTO DE TRABAJO QUE SE OFRECE<\/strong>, indicando:<\/p>\n<ul>\n<li>Descripci\u00f3n del puesto de trabajo.<\/li>\n<li>Tareas a desempe\u00f1ar.<\/li>\n<li>Sede<\/li>\n<\/ul>\n<p><strong>3.) QU\u00c9 SE OFRECE<\/strong>, indicando:<\/p>\n<ul>\n<li>Tipo y duraci\u00f3n del contrato.<\/li>\n<li>Retribuci\u00f3n.<\/li>\n<li>Fecha prevista de incorporaci\u00f3n.<\/li>\n<\/ul>\n<p>Estos datos siempre har\u00e1n m\u00e1s atractiva la oferta y mayor n\u00famero de alumnado se interesar\u00e1 por ella.<\/p>\n<p>&nbsp;<\/p>\n<p>Desde el IES reenviaremos la oferta a la lista de contactos de alumnado con la titulaci\u00f3n requerida; el alumnado interesado en la oferta enviar\u00e1n su CV a la <strong>direcci\u00f3n de correo electr\u00f3nico que la empresa\/entidad indique para tal fin<\/strong>. Y ser\u00e1 la empresa quien seleccione y entreviste a quienes estime oportunos.<\/p>\n<p>El reenv\u00edo de la oferta al alumnado se hace, con copia oculta (Co), tambi\u00e9n a la empresa oferente para que tenga constancia del env\u00edo.<\/p>\n<p>No gestionamos CV, entre otras razones, por protecci\u00f3n de datos.<\/p>\n<p>S\u00f3lo transmitimos la informaci\u00f3n de la empresa al alumnado titulado en el IES MIGUEL DE MA\u00d1ARA.<\/p>\n","protected":false},"excerpt":{"rendered":"<p>ALUMNADO Si eres antigua\/o alumna\/o titulada\/o como T\u00e9cnico en Grado Medio o T\u00e9cnico en Grado Superior de Est\u00e9tica en nuestro centro y quieres&nbsp;incorporarte a la lista de contactos para recibir las ofertas de empleo&#46;&#46;&#46;<\/p>\n","protected":false},"author":2321,"featured_media":0,"parent":0,"menu_order":0,"comment_status":"closed","ping_status":"closed","template":"","meta":{"ngg_post_thumbnail":0,"footnotes":"","_mc_calendar":[]},"aioseo_notices":[],"_links":{"self":[{"href":"https:\/\/blogsaverroes.juntadeandalucia.es\/iesmm\/wp-json\/wp\/v2\/pages\/3676"}],"collection":[{"href":"https:\/\/blogsaverroes.juntadeandalucia.es\/iesmm\/wp-json\/wp\/v2\/pages"}],"about":[{"href":"https:\/\/blogsaverroes.juntadeandalucia.es\/iesmm\/wp-json\/wp\/v2\/types\/page"}],"author":[{"embeddable":true,"href":"https:\/\/blogsaverroes.juntadeandalucia.es\/iesmm\/wp-json\/wp\/v2\/users\/2321"}],"replies":[{"embeddable":true,"href":"https:\/\/blogsaverroes.juntadeandalucia.es\/iesmm\/wp-json\/wp\/v2\/comments?post=3676"}],"version-history":[{"count":8,"href":"https:\/\/blogsaverroes.juntadeandalucia.es\/iesmm\/wp-json\/wp\/v2\/pages\/3676\/revisions"}],"predecessor-version":[{"id":3688,"href":"https:\/\/blogsaverroes.juntadeandalucia.es\/iesmm\/wp-json\/wp\/v2\/pages\/3676\/revisions\/3688"}],"wp:attachment":[{"href":"https:\/\/blogsaverroes.juntadeandalucia.es\/iesmm\/wp-json\/wp\/v2\/media?parent=3676"}],"curies":[{"name":"wp","href":"https:\/\/api.w.org\/{rel}","templated":true}]}}