{"id":375,"date":"2015-03-18T10:26:09","date_gmt":"2015-03-18T10:26:09","guid":{"rendered":"http:\/\/blogsaverroes.juntadeandalucia.es\/pre\/ceip\/?page_id=375"},"modified":"2023-06-29T07:38:43","modified_gmt":"2023-06-29T07:38:43","slug":"materiales-recursos","status":"publish","type":"page","link":"https:\/\/blogsaverroes.juntadeandalucia.es\/iesmm\/tecnologia\/materiales-recursos\/","title":{"rendered":"Materiales, recursos&#8230;"},"content":{"rendered":"<h2><span style=\"color: #800080\">PROYECTOS STEAM<\/span><\/h2>\n<p>Implementaci\u00f3n del programa STEAM en el IES Miguel de Ma\u00f1ara, \u00e1reas de aeroespacial y rob\u00f3tica. V\u00eddeo resumen de los proyectos, por Silvia Tabernero y Francisco Garc\u00eda, profesores de tecnolog\u00eda .<\/p>\n<p><a title=\"V\u00cdDEO 1\" href=\"https:\/\/www.youtube.com\/watch?v=W9jdRAXuAvY&amp;t=9s\" target=\"_blank\" rel=\"noopener noreferrer\">V\u00cdDEO 1<\/a><\/p>\n<p><a title=\"V\u00cdDEO 2\" href=\"https:\/\/www.youtube.com\/watch?v=awub-4T9fw4\" target=\"_blank\" rel=\"noopener noreferrer\">V\u00cdDEO 2<\/a><\/p>\n<h2>&nbsp;<\/h2>\n<h2><span style=\"color: #99008a\">BRUSCHENKO<\/span><\/h2>\n<p>En primer lugar, os remitimos a nuestro blog que os ser\u00e1 de gran utilidad para seguir nuestras clases y &nbsp;como recurso y refuerzo educativo.<\/p>\n<h4><a href=\"https:\/\/bruschenko.blogspot.com\" rel=\"attachment wp-att-3156\"><img loading=\"lazy\" decoding=\"async\" class=\"aligncenter wp-image-3156 size-large\" src=\"https:\/\/blogsaverroes.juntadeandalucia.es\/iesmm\/files\/2022\/09\/Captura-de-pantalla-2022-09-08-a-las-11.01.11-1024x507.png\" alt=\"\" width=\"1024\" height=\"507\" srcset=\"https:\/\/blogsaverroes.juntadeandalucia.es\/iesmm\/files\/2022\/09\/Captura-de-pantalla-2022-09-08-a-las-11.01.11-1024x507.png 1024w, https:\/\/blogsaverroes.juntadeandalucia.es\/iesmm\/files\/2022\/09\/Captura-de-pantalla-2022-09-08-a-las-11.01.11-300x149.png 300w, https:\/\/blogsaverroes.juntadeandalucia.es\/iesmm\/files\/2022\/09\/Captura-de-pantalla-2022-09-08-a-las-11.01.11-768x380.png 768w, https:\/\/blogsaverroes.juntadeandalucia.es\/iesmm\/files\/2022\/09\/Captura-de-pantalla-2022-09-08-a-las-11.01.11-1536x761.png 1536w, https:\/\/blogsaverroes.juntadeandalucia.es\/iesmm\/files\/2022\/09\/Captura-de-pantalla-2022-09-08-a-las-11.01.11-2048x1014.png 2048w, https:\/\/blogsaverroes.juntadeandalucia.es\/iesmm\/files\/2022\/09\/Captura-de-pantalla-2022-09-08-a-las-11.01.11.png 1600w\" sizes=\"(max-width: 1024px) 100vw, 1024px\" \/><\/a><\/h4>\n<h4>&nbsp;<\/h4>\n<h4><a href=\"http:\/\/agrega.juntadeandalucia.es\/visualizar\/es\/es-an_2015021612_9124859\/false\" target=\"_blank\" rel=\"noopener noreferrer\">Producci\u00f3n de energ\u00eda el\u00e9ctrica<\/a><\/h4>\n<p><a href=\"http:\/\/agrega.juntadeandalucia.es\/visualizar\/es\/es-an_2015021612_9124859\/false\" target=\"_blank\" rel=\"noopener noreferrer\"><img loading=\"lazy\" decoding=\"async\" class=\" size-medium wp-image-2165 alignleft\" src=\"http:\/\/blogsaverroes.juntadeandalucia.es\/iesmm\/files\/2015\/03\/tecnologia01-300x217.jpg\" alt=\"tecnologia01\" width=\"300\" height=\"217\" srcset=\"https:\/\/blogsaverroes.juntadeandalucia.es\/iesmm\/files\/2015\/03\/tecnologia01-300x217.jpg 300w, https:\/\/blogsaverroes.juntadeandalucia.es\/iesmm\/files\/2015\/03\/tecnologia01.jpg 745w\" sizes=\"(max-width: 300px) 100vw, 300px\" \/><\/a><\/p>\n<p>&nbsp;<\/p>\n<p>El presente tema va dirigido a alumnos de 3\u00ba de E.S.O. Su desarrollo llevar\u00e1 8 sesiones, 3 para la producci\u00f3n de electricidad, 4 para las centrales el\u00e9ctricas y el transporte, y una para la lectura.<\/p>\n<p>&nbsp;<\/p>\n<p>&nbsp;<\/p>\n<p>&nbsp;<\/p>\n<h4><a href=\"http:\/\/agrega.juntadeandalucia.es\/visualizar\/es\/es-an_2010091013_9202634\/true\" target=\"_blank\" rel=\"noopener noreferrer\">Materiales: Estructura interna y propiedades<\/a><\/h4>\n<p><a href=\"http:\/\/agrega.juntadeandalucia.es\/visualizar\/es\/es-an_2010091013_9202634\/true\" target=\"_blank\" rel=\"noopener noreferrer\"><img loading=\"lazy\" decoding=\"async\" class=\" size-medium wp-image-2168 alignleft\" src=\"http:\/\/blogsaverroes.juntadeandalucia.es\/iesmm\/files\/2015\/03\/tecnologia02-300x200.jpg\" alt=\"tecnologia02\" width=\"300\" height=\"200\" srcset=\"https:\/\/blogsaverroes.juntadeandalucia.es\/iesmm\/files\/2015\/03\/tecnologia02-300x200.jpg 300w, https:\/\/blogsaverroes.juntadeandalucia.es\/iesmm\/files\/2015\/03\/tecnologia02.jpg 498w\" sizes=\"(max-width: 300px) 100vw, 300px\" \/><\/a><\/p>\n<p>Para satisfacer esa curiosidad que muestra el protagonista de nuestra historia, va a hacer como los detectives de algunas pel\u00edculas: mirar los materiales con su \u00absuper- lupa\u00bb.<br \/>\n\u00bfQu\u00e9 ver\u00e1? \u00bfEstructuras ordenadas, desordenadas?<\/p>\n","protected":false},"excerpt":{"rendered":"<p>PROYECTOS STEAM Implementaci\u00f3n del programa STEAM en el IES Miguel de Ma\u00f1ara, \u00e1reas de aeroespacial y rob\u00f3tica. V\u00eddeo resumen de los proyectos, por Silvia Tabernero y Francisco Garc\u00eda, profesores de tecnolog\u00eda . V\u00cdDEO 1&#46;&#46;&#46;<\/p>\n","protected":false},"author":1,"featured_media":0,"parent":162,"menu_order":0,"comment_status":"closed","ping_status":"open","template":"","meta":{"ngg_post_thumbnail":0,"footnotes":"","_mc_calendar":[]},"aioseo_notices":[],"_links":{"self":[{"href":"https:\/\/blogsaverroes.juntadeandalucia.es\/iesmm\/wp-json\/wp\/v2\/pages\/375"}],"collection":[{"href":"https:\/\/blogsaverroes.juntadeandalucia.es\/iesmm\/wp-json\/wp\/v2\/pages"}],"about":[{"href":"https:\/\/blogsaverroes.juntadeandalucia.es\/iesmm\/wp-json\/wp\/v2\/types\/page"}],"author":[{"embeddable":true,"href":"https:\/\/blogsaverroes.juntadeandalucia.es\/iesmm\/wp-json\/wp\/v2\/users\/1"}],"replies":[{"embeddable":true,"href":"https:\/\/blogsaverroes.juntadeandalucia.es\/iesmm\/wp-json\/wp\/v2\/comments?post=375"}],"version-history":[{"count":10,"href":"https:\/\/blogsaverroes.juntadeandalucia.es\/iesmm\/wp-json\/wp\/v2\/pages\/375\/revisions"}],"predecessor-version":[{"id":3314,"href":"https:\/\/blogsaverroes.juntadeandalucia.es\/iesmm\/wp-json\/wp\/v2\/pages\/375\/revisions\/3314"}],"up":[{"embeddable":true,"href":"https:\/\/blogsaverroes.juntadeandalucia.es\/iesmm\/wp-json\/wp\/v2\/pages\/162"}],"wp:attachment":[{"href":"https:\/\/blogsaverroes.juntadeandalucia.es\/iesmm\/wp-json\/wp\/v2\/media?parent=375"}],"curies":[{"name":"wp","href":"https:\/\/api.w.org\/{rel}","templated":true}]}}