{"id":141,"date":"2015-03-17T07:13:24","date_gmt":"2015-03-17T07:13:24","guid":{"rendered":"http:\/\/blogsaverroes.juntadeandalucia.es\/pre\/ceip\/?page_id=141"},"modified":"2021-03-10T13:21:41","modified_gmt":"2021-03-10T12:21:41","slug":"escolarizacion","status":"publish","type":"page","link":"https:\/\/blogsaverroes.juntadeandalucia.es\/iesmontejicar\/escolarizacion\/","title":{"rendered":"Escolarizaci\u00f3n"},"content":{"rendered":"<section>\n<div id=\"lgx-parallax670\" class=\"lgx-parallax jaxp\">\n<div class=\"lgx-parallax-inner\">\n<div class=\"lgx-parallax-content\">\n<h1 class=\"lgx-parallax-content-wrapper\"><strong>TR\u00c1MITES ADMINISTRATIVOS DE ADMISI\u00d3N CURO 2021\/22<br \/>\n<\/strong><\/h1>\n<p>Los alumnos de 6\u00ba de primaria del&nbsp; CEIP San Andr\u00e9s de Montej\u00edcar y los de 2\u00ba de ESO del CEIP Nuestra Se\u00f1ora del Rosario&nbsp; de Domingo P\u00e9rez, NO TIENEN QUE SOLICITAR ADMISI\u00d3N, puesto que es adscripci\u00f3n autom\u00e1tica&nbsp; a nuestro instituto.<\/p>\n<p><strong>Los alumnos de 4\u00ba de ESO, tienen la plaza reservada en el IES Montes Orientales de Iznalloz.<br \/>\n<\/strong><\/p>\n<div class=\"page-header\">\n<h2>Informaci\u00f3n Admisi\u00f3n<\/h2>\n<\/div>\n<div>\n<h4 class=\"warning-jck\">Toda la informaci\u00f3n para las familias se encuentra en la p\u00e1gina web:<\/h4>\n<h4 class=\"warning-jck\"><a href=\"http:\/\/www.juntadeandalucia.es\/educacion\/webportal\/web\/portal-escolarizacion\">www.juntadeandalucia.es\/educacion\/webportal\/web\/portal-escolarizacion<\/a><\/h4>\n<\/div>\n<\/div>\n<\/div>\n<\/div>\n<\/section>\n<p><a href=\"https:\/\/www.youtube.com\/watch?v=cHLova48ULE\"><img decoding=\"async\" class=\"alignleft wp-image-2861\" src=\"https:\/\/blogsaverroes.juntadeandalucia.es\/iesmontejicar\/files\/2020\/06\/IPASEN.png\" alt=\"\" width=\"118\" height=\"118\" srcset=\"https:\/\/blogsaverroes.juntadeandalucia.es\/iesmontejicar\/files\/2020\/06\/IPASEN.png 225w, https:\/\/blogsaverroes.juntadeandalucia.es\/iesmontejicar\/files\/2020\/06\/IPASEN-150x150.png 150w, https:\/\/blogsaverroes.juntadeandalucia.es\/iesmontejicar\/files\/2020\/06\/IPASEN-100x100.png 100w, https:\/\/blogsaverroes.juntadeandalucia.es\/iesmontejicar\/files\/2020\/06\/IPASEN-24x24.png 24w, https:\/\/blogsaverroes.juntadeandalucia.es\/iesmontejicar\/files\/2020\/06\/IPASEN-36x36.png 36w, https:\/\/blogsaverroes.juntadeandalucia.es\/iesmontejicar\/files\/2020\/06\/IPASEN-48x48.png 48w\" sizes=\"(max-width: 118px) 100vw, 118px\" \/><\/a><\/p>\n<h3><span style=\"color: #ff6600\"><strong><em>Desc\u00e1rga la aplicaci\u00f3n IPASEN en Play Store.<\/em><\/strong><\/span><\/h3>\n<h3><span style=\"color: #ff6600\"><strong><em>Y solicita aqu\u00ed las claves de acceso a la aplicac\u00f3n IPasen.<\/em><\/strong><\/span><\/h3>\n<h3><span style=\"color: #ff6600\"><strong><em>En Ipasen tienes tambi\u00e9n la clave IANDE.<\/em><\/strong><\/span><\/h3>\n<p>&nbsp;<\/p>\n<p>&nbsp;<\/p>\n<p>&nbsp;<\/p>\n<p>&nbsp;<\/p>\n<p>Enlace al portal de escolarizaci\u00f3n.<\/p>\n<p><a title=\"Procedimiento\" href=\"http:\/\/portal.ced.junta-andalucia.es\/educacion\/webportal\/abaco-portlet\/content\/f2f9bdb4-4717-409f-8dbc-da5b8ed61e38\" target=\"_blank\" rel=\"noopener noreferrer\">Normativa<\/a>&nbsp;sobre el proceso de escolarizaci\u00f3n.<\/p>\n","protected":false},"excerpt":{"rendered":"<p>TR\u00c1MITES ADMINISTRATIVOS DE ADMISI\u00d3N CURO 2021\/22 Los alumnos de 6\u00ba de primaria del&nbsp; CEIP San Andr\u00e9s de Montej\u00edcar y los&#46;&#46;&#46;<\/p>\n","protected":false},"author":1,"featured_media":0,"parent":0,"menu_order":0,"comment_status":"open","ping_status":"open","template":"","meta":{"ngg_post_thumbnail":0,"footnotes":"","_mc_calendar":[]},"aioseo_notices":[],"_links":{"self":[{"href":"https:\/\/blogsaverroes.juntadeandalucia.es\/iesmontejicar\/wp-json\/wp\/v2\/pages\/141"}],"collection":[{"href":"https:\/\/blogsaverroes.juntadeandalucia.es\/iesmontejicar\/wp-json\/wp\/v2\/pages"}],"about":[{"href":"https:\/\/blogsaverroes.juntadeandalucia.es\/iesmontejicar\/wp-json\/wp\/v2\/types\/page"}],"author":[{"embeddable":true,"href":"https:\/\/blogsaverroes.juntadeandalucia.es\/iesmontejicar\/wp-json\/wp\/v2\/users\/1"}],"replies":[{"embeddable":true,"href":"https:\/\/blogsaverroes.juntadeandalucia.es\/iesmontejicar\/wp-json\/wp\/v2\/comments?post=141"}],"version-history":[{"count":10,"href":"https:\/\/blogsaverroes.juntadeandalucia.es\/iesmontejicar\/wp-json\/wp\/v2\/pages\/141\/revisions"}],"predecessor-version":[{"id":2787,"href":"https:\/\/blogsaverroes.juntadeandalucia.es\/iesmontejicar\/wp-json\/wp\/v2\/pages\/141\/revisions\/2787"}],"wp:attachment":[{"href":"https:\/\/blogsaverroes.juntadeandalucia.es\/iesmontejicar\/wp-json\/wp\/v2\/media?parent=141"}],"curies":[{"name":"wp","href":"https:\/\/api.w.org\/{rel}","templated":true}]}}