{"id":1806,"date":"2015-03-17T07:46:28","date_gmt":"2015-03-17T07:46:28","guid":{"rendered":"http:\/\/blogsaverroes.juntadeandalucia.es\/pre\/ceip\/?page_id=144"},"modified":"2020-09-15T23:33:52","modified_gmt":"2020-09-15T21:33:52","slug":"orientacion-2","status":"publish","type":"page","link":"https:\/\/blogsaverroes.juntadeandalucia.es\/iesmontejicar\/orientacion-2\/","title":{"rendered":"Orientaci\u00f3n"},"content":{"rendered":"<h1 style=\"text-align: center\"><a href=\"https:\/\/isabelconchillo.wixsite.com\/orientacion\"><strong> BIENVENIDOS AL DEPARTAMENTO DE ORIENTACI\u00d3N DEL INSTITUTO<\/strong><\/a><\/h1>\n<p><a href=\"https:\/\/isabelconchillo.wixsite.com\/orientacion\"><img decoding=\"async\" class=\" wp-image-3053 aligncenter\" src=\"https:\/\/blogsaverroes.juntadeandalucia.es\/iesmontejicar\/files\/2020\/09\/ORientadora-e1600205239976.jpg\" alt=\"WEB DEL DEPARTAMENTO\" width=\"249\" height=\"181\"><\/a><\/p>\n<h1 style=\"text-align: center\"><strong>&nbsp;<\/strong><a href=\"https:\/\/isabelconchillo.wixsite.com\/orientacion\"><img decoding=\"async\" class=\"alignleft wp-image-2664 \" src=\"https:\/\/blogsaverroes.juntadeandalucia.es\/iesmontejicar\/files\/2020\/04\/gifs-flecha-300x300.gif\" alt=\"\" width=\"56\" height=\"56\" srcset=\"https:\/\/blogsaverroes.juntadeandalucia.es\/iesmontejicar\/files\/2020\/04\/gifs-flecha-300x300.gif 300w, https:\/\/blogsaverroes.juntadeandalucia.es\/iesmontejicar\/files\/2020\/04\/gifs-flecha-150x150.gif 150w, https:\/\/blogsaverroes.juntadeandalucia.es\/iesmontejicar\/files\/2020\/04\/gifs-flecha-100x100.gif 100w, https:\/\/blogsaverroes.juntadeandalucia.es\/iesmontejicar\/files\/2020\/04\/gifs-flecha-24x24.gif 24w, https:\/\/blogsaverroes.juntadeandalucia.es\/iesmontejicar\/files\/2020\/04\/gifs-flecha-36x36.gif 36w, https:\/\/blogsaverroes.juntadeandalucia.es\/iesmontejicar\/files\/2020\/04\/gifs-flecha-48x48.gif 48w\" sizes=\"(max-width: 56px) 100vw, 56px\" \/><\/a><a href=\"https:\/\/isabelconchillo.wixsite.com\/orientacion\"><strong>PINCHA Y ACCEDE <\/strong>A LA WEB DEL DEPARTAMENTO DE ORIENTACI\u00d3N DEL IES MONTEJ\u00cdCAR<\/a><\/h1>\n<p>&nbsp;<\/p>\n<p>&nbsp;<\/p>\n<h1>&nbsp;<\/h1>\n<h1>&nbsp;<\/h1>\n<h1>&nbsp;<\/h1>\n<h1>&nbsp;<\/h1>\n<h1>&nbsp;<\/h1>\n","protected":false},"excerpt":{"rendered":"<p>BIENVENIDOS AL DEPARTAMENTO DE ORIENTACI\u00d3N DEL INSTITUTO &nbsp;PINCHA Y ACCEDE A LA WEB DEL DEPARTAMENTO DE ORIENTACI\u00d3N DEL IES MONTEJ\u00cdCAR&#46;&#46;&#46;<\/p>\n","protected":false},"author":1,"featured_media":0,"parent":0,"menu_order":0,"comment_status":"open","ping_status":"open","template":"","meta":{"ngg_post_thumbnail":0,"footnotes":"","_mc_calendar":[]},"aioseo_notices":[],"_links":{"self":[{"href":"https:\/\/blogsaverroes.juntadeandalucia.es\/iesmontejicar\/wp-json\/wp\/v2\/pages\/1806"}],"collection":[{"href":"https:\/\/blogsaverroes.juntadeandalucia.es\/iesmontejicar\/wp-json\/wp\/v2\/pages"}],"about":[{"href":"https:\/\/blogsaverroes.juntadeandalucia.es\/iesmontejicar\/wp-json\/wp\/v2\/types\/page"}],"author":[{"embeddable":true,"href":"https:\/\/blogsaverroes.juntadeandalucia.es\/iesmontejicar\/wp-json\/wp\/v2\/users\/1"}],"replies":[{"embeddable":true,"href":"https:\/\/blogsaverroes.juntadeandalucia.es\/iesmontejicar\/wp-json\/wp\/v2\/comments?post=1806"}],"version-history":[{"count":14,"href":"https:\/\/blogsaverroes.juntadeandalucia.es\/iesmontejicar\/wp-json\/wp\/v2\/pages\/1806\/revisions"}],"predecessor-version":[{"id":3055,"href":"https:\/\/blogsaverroes.juntadeandalucia.es\/iesmontejicar\/wp-json\/wp\/v2\/pages\/1806\/revisions\/3055"}],"wp:attachment":[{"href":"https:\/\/blogsaverroes.juntadeandalucia.es\/iesmontejicar\/wp-json\/wp\/v2\/media?parent=1806"}],"curies":[{"name":"wp","href":"https:\/\/api.w.org\/{rel}","templated":true}]}}