{"id":2559,"date":"2020-04-11T23:58:40","date_gmt":"2020-04-11T21:58:40","guid":{"rendered":"https:\/\/blogsaverroes.juntadeandalucia.es\/iesmontejicar\/?page_id=2559"},"modified":"2020-04-13T17:29:51","modified_gmt":"2020-04-13T15:29:51","slug":"el-contexto","status":"publish","type":"page","link":"https:\/\/blogsaverroes.juntadeandalucia.es\/iesmontejicar\/el-contexto\/","title":{"rendered":"El contexto"},"content":{"rendered":"<p style=\"text-align: center\"><strong>EL CONTEXTO<\/strong><\/p>\n<p style=\"text-align: left\">&nbsp;El Instituto de Educaci\u00f3n Secundaria \u201cMontej\u00edcar\u201d, de car\u00e1cter p\u00fablico dependiente de la Junta de Andaluc\u00eda, &nbsp;ubicado en la localidad de Montej\u00edcar (Granada) ofrece las ense\u00f1anzas correspondientes a la etapa de&nbsp; Educaci\u00f3n Secundaria Obligatoria, ESO. El IES Montej\u00edcar fue creado por el Decreto 162\/2001 y comenz\u00f3 en el curso 1997-1998, habiendo sido antes secci\u00f3n del IES&nbsp; \u201cMontes Orientales\u201d de la localidad de Iznalloz.<\/p>\n<p style=\"text-align: left\">&nbsp;Fue Inaugurado en marzo del 2002 y nace como fruto de una necesidad social, una de cuyas principales funciones debe ser la de preparar a su alumnado para integrarse plenamente en la vida laboral y social de su entorno. El Centro debe desempe\u00f1ar la funci\u00f3n renovadora de la misma sociedad. Debe facilitar el progreso material y humano, fomentando la capacidad cr\u00edtica, estimulando la creatividad y el desarrollo de los valores humanos.&nbsp;<\/p>\n<p style=\"text-align: left\">Al mismo tiempo, una localidad tan peque\u00f1a como lo es Montej\u00edcar, tiene como foco de cultura los dos centros educativos para toda la poblaci\u00f3n, a los que acude para consultar o resolver problemas de toda \u00edndole, haciendo uso de sus instalaciones y de sus recursos para acontecimientos culturales, biblioteca del centro, aula de inform\u00e1tica, gimnasio, etc.<\/p>\n<p style=\"text-align: left\">El Centro tambi\u00e9n recibe al alumnado procedente de la localidad vecina de Domingo P\u00e9rez. La media de alumnas y alumnos que inicia cada curso 3\u00ba de ESO en el IES Montej\u00edcar es de unos 15. Antes de su llegada a nuestro centro este alumnado ha cursado primaria y el primer ciclo de la ESO en el Colegio P\u00fablico \u201cNtra. Sra. del Rosario\u201d de Domingo P\u00e9rez.<\/p>\n<p style=\"text-align: left\">&nbsp;<strong>Caracter\u00edsticas socioculturales de las familias:<\/strong><\/p>\n<p style=\"text-align: left\">&nbsp;La zona es&nbsp; eminentemente agr\u00edcola y ganadera, se trata&nbsp; de&nbsp; una agricultura de secano (cereales&nbsp; y olivos), de&nbsp; regad\u00edo (feculentas), con&nbsp; ganado lanar y algunas&nbsp; peque\u00f1as&nbsp;&nbsp; industrias alimentarias. Est\u00e1 declarada de acci\u00f3n especial,&nbsp; con un elevado&nbsp; \u00edndice&nbsp; de&nbsp; desempleo. Es frecuente la emigraci\u00f3n temporal de&nbsp; sus&nbsp;&nbsp; habitantes, lo&nbsp; que origina en algunas&nbsp; fechas algunos problemas&nbsp; de&nbsp; absentismo, al desplazarse el alumnado&nbsp; con sus familias a tareas agr\u00edcolas a otras partes de Espa\u00f1a o&nbsp; de Francia.<\/p>\n<p>[googlemaps https:\/\/www.google.com\/maps\/embed?pb=!1m18!1m12!1m3!1d3162.2123538900382!2d-3.5043366846881434!3d37.57361697979655!2m3!1f0!2f0!3f0!3m2!1i1024!2i768!4f13.1!3m3!1m2!1s0xd6e1358587246af%3A0xa40606c213f9f4bd!2sInstituto%20De%20Educaci%C3%B3n%20Secundaria%20Ies%20Montejicar!5e0!3m2!1ses!2ses!4v1586512528016!5m2!1ses!2ses&amp;w=300&amp;h=150]<\/p>\n<p>&nbsp;<\/p>\n","protected":false},"excerpt":{"rendered":"<p>EL CONTEXTO &nbsp;El Instituto de Educaci\u00f3n Secundaria \u201cMontej\u00edcar\u201d, de car\u00e1cter p\u00fablico dependiente de la Junta de Andaluc\u00eda, &nbsp;ubicado en la&#46;&#46;&#46;<\/p>\n","protected":false},"author":9570,"featured_media":0,"parent":0,"menu_order":0,"comment_status":"closed","ping_status":"closed","template":"","meta":{"ngg_post_thumbnail":0,"footnotes":"","_mc_calendar":[]},"aioseo_notices":[],"_links":{"self":[{"href":"https:\/\/blogsaverroes.juntadeandalucia.es\/iesmontejicar\/wp-json\/wp\/v2\/pages\/2559"}],"collection":[{"href":"https:\/\/blogsaverroes.juntadeandalucia.es\/iesmontejicar\/wp-json\/wp\/v2\/pages"}],"about":[{"href":"https:\/\/blogsaverroes.juntadeandalucia.es\/iesmontejicar\/wp-json\/wp\/v2\/types\/page"}],"author":[{"embeddable":true,"href":"https:\/\/blogsaverroes.juntadeandalucia.es\/iesmontejicar\/wp-json\/wp\/v2\/users\/9570"}],"replies":[{"embeddable":true,"href":"https:\/\/blogsaverroes.juntadeandalucia.es\/iesmontejicar\/wp-json\/wp\/v2\/comments?post=2559"}],"version-history":[{"count":6,"href":"https:\/\/blogsaverroes.juntadeandalucia.es\/iesmontejicar\/wp-json\/wp\/v2\/pages\/2559\/revisions"}],"predecessor-version":[{"id":2656,"href":"https:\/\/blogsaverroes.juntadeandalucia.es\/iesmontejicar\/wp-json\/wp\/v2\/pages\/2559\/revisions\/2656"}],"wp:attachment":[{"href":"https:\/\/blogsaverroes.juntadeandalucia.es\/iesmontejicar\/wp-json\/wp\/v2\/media?parent=2559"}],"curies":[{"name":"wp","href":"https:\/\/api.w.org\/{rel}","templated":true}]}}