{"id":113,"date":"2015-03-16T08:06:00","date_gmt":"2015-03-16T08:06:00","guid":{"rendered":"http:\/\/blogsaverroes.juntadeandalucia.es\/pre\/ceip\/?page_id=113"},"modified":"2022-03-16T09:41:40","modified_gmt":"2022-03-16T08:41:40","slug":"biblioteca","status":"publish","type":"page","link":"https:\/\/blogsaverroes.juntadeandalucia.es\/iesmontesorientales\/biblioteca\/","title":{"rendered":"Biblioteca"},"content":{"rendered":"<p>En el siguiente enlace puede acceder a la p\u00e1gina web de la biblioteca:<\/p>\n<p><a href=\"https:\/\/blogsaverroes.juntadeandalucia.es\/nuestrabiblioteca\/\" target=\"_blank\" rel=\"noopener noreferrer\">Biblioteca Carmen Garc\u00eda Pinilla<\/a><\/p>\n<p>Consulta del cat\u00e1logo de la biblioteca:<\/p>\n<p><a href=\"https:\/\/www.juntadeandalucia.es\/educacion\/senecav2\/seneca\/biblioweb\/catalogo\/18700475\" target=\"_blank\" rel=\"noopener noreferrer\">Cat\u00e1logo de la biblioteca<\/a><\/p>\n","protected":false},"excerpt":{"rendered":"<p>En el siguiente enlace puede acceder a la p\u00e1gina web de la biblioteca: Biblioteca Carmen Garc\u00eda Pinilla Consulta del cat\u00e1logo de la biblioteca: Cat\u00e1logo de la biblioteca<\/p>\n","protected":false},"author":1,"featured_media":0,"parent":0,"menu_order":0,"comment_status":"closed","ping_status":"open","template":"","meta":{"ngg_post_thumbnail":0,"footnotes":"","_mc_calendar":[]},"aioseo_notices":[],"_links":{"self":[{"href":"https:\/\/blogsaverroes.juntadeandalucia.es\/iesmontesorientales\/wp-json\/wp\/v2\/pages\/113"}],"collection":[{"href":"https:\/\/blogsaverroes.juntadeandalucia.es\/iesmontesorientales\/wp-json\/wp\/v2\/pages"}],"about":[{"href":"https:\/\/blogsaverroes.juntadeandalucia.es\/iesmontesorientales\/wp-json\/wp\/v2\/types\/page"}],"author":[{"embeddable":true,"href":"https:\/\/blogsaverroes.juntadeandalucia.es\/iesmontesorientales\/wp-json\/wp\/v2\/users\/1"}],"replies":[{"embeddable":true,"href":"https:\/\/blogsaverroes.juntadeandalucia.es\/iesmontesorientales\/wp-json\/wp\/v2\/comments?post=113"}],"version-history":[{"count":10,"href":"https:\/\/blogsaverroes.juntadeandalucia.es\/iesmontesorientales\/wp-json\/wp\/v2\/pages\/113\/revisions"}],"predecessor-version":[{"id":3431,"href":"https:\/\/blogsaverroes.juntadeandalucia.es\/iesmontesorientales\/wp-json\/wp\/v2\/pages\/113\/revisions\/3431"}],"wp:attachment":[{"href":"https:\/\/blogsaverroes.juntadeandalucia.es\/iesmontesorientales\/wp-json\/wp\/v2\/media?parent=113"}],"curies":[{"name":"wp","href":"https:\/\/api.w.org\/{rel}","templated":true}]}}