{"id":3236,"date":"2021-03-04T09:48:03","date_gmt":"2021-03-04T08:48:03","guid":{"rendered":"https:\/\/blogsaverroes.juntadeandalucia.es\/iesmontesorientales\/?page_id=3236"},"modified":"2026-03-12T14:48:57","modified_gmt":"2026-03-12T13:48:57","slug":"secretaria","status":"publish","type":"page","link":"https:\/\/blogsaverroes.juntadeandalucia.es\/iesmontesorientales\/secretaria\/","title":{"rendered":"Secretar\u00eda"},"content":{"rendered":"<p>En el siguiente enlace puede acceder a la p\u00e1gina de la Secretar\u00eda del Centro:<\/p>\n<p><a href=\"https:\/\/sites.google.com\/g.educaand.es\/secretaria-iesmontesorientales\" target=\"_blank\" rel=\"noopener noreferrer\">P\u00e1gina de la Secretar\u00eda del IES Montes Orientales<\/a><\/p>\n<p><a href=\"https:\/\/blogsaverroes.juntadeandalucia.es\/iesmontesorientales\/files\/2024\/01\/TUTORIAL-CLAVES-IPASEN-WEB.pdf\">Tutorial para las familias de las claves de iPasen.<\/a><\/p>\n<!--themify_builder_content-->\n<div id=\"themify_builder_content-3236\" data-postid=\"3236\" class=\"themify_builder_content themify_builder_content-3236 themify_builder tf_clear\">\n                    <div  data-lazy=\"1\" class=\"module_row themify_builder_row tb_m168644 tb_first tf_w\">\n                        <div class=\"row_inner col_align_top tb_col_count_1 tf_box tf_rel\">\n                        <div  data-lazy=\"1\" class=\"module_column tb-column col-full tb_9jto644 first\">\n                    <!-- module post -->\n<div  class=\"module module-post tb_scai814 \">\n<h3 class=\"module-title\">Noticias de secretar\u00eda<\/h3>    <div  class=\"builder-posts-wrap loops-wrapper grid2 masonry tf_rel tf_clear tf_clearfix\" data-lazy=\"1\">\n    <article id=\"post-5658\" class=\"post tf_clearfix post-5658 type-post status-publish format-standard hentry category-secretaria has-post-title has-post-date has-post-category has-post-tag has-post-comment has-post-author \">\n\t    \n\t\t<div class=\"post-content\">\n\t\t<div class=\"post-content-inner\">\n\n\t\t\t\t\t\t\t\t<div class=\"post-date-wrap post-date-inline\">\n\t\t<time class=\"post-date entry-date updated\" datetime=\"2026-03-12\">\n\t\t\t\t\t<span class=\"year\">12 de marzo de 2026<\/span>\n\t\t\t\t<\/time>\n\t<\/div><!-- .post-date-wrap -->\n\t\t\t\t\n\t\t\t<h2 class=\"post-title entry-title\"><a href=\"https:\/\/blogsaverroes.juntadeandalucia.es\/iesmontesorientales\/bienvenida\/\">BIENVENIDA<\/a><\/h2>\n\t\t\t\t\t\t\t<p class=\"post-meta entry-meta\">\n\t\t\t\t\t\t\t\t\t\t\t<span class=\"post-author\"><span class=\"author vcard\"><a class=\"url fn n\" href=\"https:\/\/blogsaverroes.juntadeandalucia.es\/iesmontesorientales\/author\/antonia-ruiz-gomez\/\" rel=\"author\">Antonia Ruiz G\u00f3mez<\/a><\/span><\/span>\n\t\t\t\t\t\n\t\t\t\t\t<span class=\"post-category\"><a href=\"https:\/\/blogsaverroes.juntadeandalucia.es\/iesmontesorientales\/category\/secretaria\/\" rel=\"tag\" class=\"term-secretaria\">Secretar\u00eda<\/a><\/span>\n\t\t\t\t\t\t\t\t\t\t\t\t\t\t\t\t\n\t\t\t\t\t\t\t\t\t<\/p>\n\t\t\t\t<!-- \/post-meta -->\n\t\t\t\n\t\t\t\n\t\t\t        <div class=\"entry-content\">\n\n        \n            <p>Bienvenidos a la secretaria del instituto I.E.S MONTES ORIENTALES<\/p>\n\n                \n            \n        <\/div><!-- \/.entry-content -->\n        \n\t\t<\/div>\n\t\t<!-- \/.post-content-inner -->\n\t<\/div>\n\t<!-- \/.post-content -->\n\t\n<\/article>\n<!-- \/.post -->\n<article id=\"post-5264\" class=\"post tf_clearfix post-5264 type-post status-publish format-standard hentry category-secretaria has-post-title has-post-date has-post-category has-post-tag has-post-comment has-post-author \">\n\t    \n\t\t<div class=\"post-content\">\n\t\t<div class=\"post-content-inner\">\n\n\t\t\t\t\t\t\t\t<div class=\"post-date-wrap post-date-inline\">\n\t\t<time class=\"post-date entry-date updated\" datetime=\"2025-09-10\">\n\t\t\t\t\t<span class=\"year\">10 de septiembre de 2025<\/span>\n\t\t\t\t<\/time>\n\t<\/div><!-- .post-date-wrap -->\n\t\t\t\t\n\t\t\t<h2 class=\"post-title entry-title\"><a href=\"https:\/\/blogsaverroes.juntadeandalucia.es\/iesmontesorientales\/libros-de-texto-curso-2025-2026\/\">Libros de texto curso 2025\/2026<\/a><\/h2>\n\t\t\t\t\t\t\t<p class=\"post-meta entry-meta\">\n\t\t\t\t\t\t\t\t\t\t\t<span class=\"post-author\"><span class=\"author vcard\"><a class=\"url fn n\" href=\"https:\/\/blogsaverroes.juntadeandalucia.es\/iesmontesorientales\/author\/angela-pozo-mateos\/\" rel=\"author\">\u00c1ngela Pozo Mateos<\/a><\/span><\/span>\n\t\t\t\t\t\n\t\t\t\t\t<span class=\"post-category\"><a href=\"https:\/\/blogsaverroes.juntadeandalucia.es\/iesmontesorientales\/category\/secretaria\/\" rel=\"tag\" class=\"term-secretaria\">Secretar\u00eda<\/a><\/span>\n\t\t\t\t\t\t\t\t\t\t\t\t\t\t\t\t\n\t\t\t\t\t\t\t\t\t<\/p>\n\t\t\t\t<!-- \/post-meta -->\n\t\t\t\n\t\t\t\n\t\t\t        <div class=\"entry-content\">\n\n        \n            <p>Publicamos la lista de los libros de texto para: ESO, dentro del plan Andaluz de Gratuidad de Libros. Grado B\u00e1sico, dentro del plan Andaluz de Gratuidad de Libros. 1\u00ba y 2\u00ba de Bachillerato, se se\u00f1alan los obligatorios y los recomendados. Grado Medio y Grado Superior, se se\u00f1alan los obligatorios. Haz clic en los enlaces para [&hellip;]<\/p>\n\n                \n            \n        <\/div><!-- \/.entry-content -->\n        \n\t\t<\/div>\n\t\t<!-- \/.post-content-inner -->\n\t<\/div>\n\t<!-- \/.post-content -->\n\t\n<\/article>\n<!-- \/.post -->\n    <\/div><!-- .builder-posts-wrap -->\n            <\/div>\n<!-- \/module post -->\n            <\/div>\n                        <\/div>\n        <\/div>\n        <\/div>\n<!--\/themify_builder_content-->\n","protected":false},"excerpt":{"rendered":"<p>En el siguiente enlace puede acceder a la p\u00e1gina de la Secretar\u00eda del Centro: P\u00e1gina de la Secretar\u00eda del IES Montes Orientales Tutorial para las familias de las claves de iPasen.<\/p>\n","protected":false},"author":3935,"featured_media":0,"parent":0,"menu_order":0,"comment_status":"closed","ping_status":"closed","template":"","meta":{"ngg_post_thumbnail":0,"footnotes":"","_mc_calendar":[]},"aioseo_notices":[],"_links":{"self":[{"href":"https:\/\/blogsaverroes.juntadeandalucia.es\/iesmontesorientales\/wp-json\/wp\/v2\/pages\/3236"}],"collection":[{"href":"https:\/\/blogsaverroes.juntadeandalucia.es\/iesmontesorientales\/wp-json\/wp\/v2\/pages"}],"about":[{"href":"https:\/\/blogsaverroes.juntadeandalucia.es\/iesmontesorientales\/wp-json\/wp\/v2\/types\/page"}],"author":[{"embeddable":true,"href":"https:\/\/blogsaverroes.juntadeandalucia.es\/iesmontesorientales\/wp-json\/wp\/v2\/users\/3935"}],"replies":[{"embeddable":true,"href":"https:\/\/blogsaverroes.juntadeandalucia.es\/iesmontesorientales\/wp-json\/wp\/v2\/comments?post=3236"}],"version-history":[{"count":7,"href":"https:\/\/blogsaverroes.juntadeandalucia.es\/iesmontesorientales\/wp-json\/wp\/v2\/pages\/3236\/revisions"}],"predecessor-version":[{"id":5662,"href":"https:\/\/blogsaverroes.juntadeandalucia.es\/iesmontesorientales\/wp-json\/wp\/v2\/pages\/3236\/revisions\/5662"}],"wp:attachment":[{"href":"https:\/\/blogsaverroes.juntadeandalucia.es\/iesmontesorientales\/wp-json\/wp\/v2\/media?parent=3236"}],"curies":[{"name":"wp","href":"https:\/\/api.w.org\/{rel}","templated":true}]}}