{"id":3269,"date":"2021-03-08T13:14:35","date_gmt":"2021-03-08T12:14:35","guid":{"rendered":"https:\/\/blogsaverroes.juntadeandalucia.es\/iesmontesorientales\/?page_id=3269"},"modified":"2025-04-11T08:52:36","modified_gmt":"2025-04-11T06:52:36","slug":"oferta-educativa","status":"publish","type":"page","link":"https:\/\/blogsaverroes.juntadeandalucia.es\/iesmontesorientales\/oferta-educativa\/","title":{"rendered":"Oferta educativa"},"content":{"rendered":"<h2><span style=\"text-decoration: underline\"><strong>Educaci\u00f3n B\u00e1sica Especial<\/strong><\/span><\/h2>\n<ul>\n<li>Unidad espec\u00edfica<\/li>\n<\/ul>\n<div>\n<hr>\n<\/div>\n<h2><span style=\"text-decoration: underline\"><strong>Educaci\u00f3n Secundaria Obligatoria (E.S.O.)<\/strong><\/span><\/h2>\n<ul>\n<li>1\u00ba, 2\u00ba, 3\u00ba y 4\u00ba E.S.O.<\/li>\n<\/ul>\n<div>\n<hr>\n<\/div>\n<h2><span style=\"text-decoration: underline\"><strong>Bachillerato<\/strong><\/span><\/h2>\n<ul>\n<li>Ciencias<\/li>\n<li>Humanidades y Ciencias Sociales<\/li>\n<\/ul>\n<div>\n<hr>\n<\/div>\n<h2><span style=\"text-decoration: underline\"><strong>Formaci\u00f3n Profesional:<\/strong><\/span><\/h2>\n<h3 class=\"portlet-title\"><span class=\"portlet-title-text\">Ciclos Formativos de Grado B\u00e1sico (CFGB) <\/span><\/h3>\n<ul>\n<li>Mantenimiento de Veh\u00edculos<\/li>\n<li>Servicios Administrativos<\/li>\n<\/ul>\n<h3 class=\"portlet-title\"><span class=\"portlet-title-text\">Ciclos Formativos de Grado Medio (CFGM) <\/span><\/h3>\n<ul>\n<li>Aceite de Oliva y Vinos<\/li>\n<li>Atenci\u00f3n a Personas en Situaci\u00f3n de Dependencia<\/li>\n<li>Electromec\u00e1nica de Veh\u00edculos Autom\u00f3viles<\/li>\n<li>Gesti\u00f3n Administrativa<\/li>\n<\/ul>\n<h3><span class=\"portlet-title-text\">Ciclos Formativos de Grado Superior (CFGS) <\/span><\/h3>\n<ul>\n<li>Administraci\u00f3n y Finanzas<\/li>\n<\/ul>\n<p>Inf\u00f3rmate con m\u00e1s detalle sobre nuestra formaci\u00f3n profesional aqu\u00ed:<\/p>\n<h3 style=\"text-align: center\"><a href=\"https:\/\/blogsaverroes.juntadeandalucia.es\/fpiesmontesorientales\/\">Portal FP &#8211; IES Montes Orientales<\/a><a href=\"https:\/\/blogsaverroes.juntadeandalucia.es\/fpiesmontesorientales\/\"><img loading=\"lazy\" decoding=\"async\" class=\"aligncenter size-large wp-image-4818\" src=\"https:\/\/blogsaverroes.juntadeandalucia.es\/iesmontesorientales\/files\/2025\/04\/Captura-de-pantalla-de-2025-04-11-08-47-51-1024x184.png\" alt=\"\" width=\"1024\" height=\"184\" srcset=\"https:\/\/blogsaverroes.juntadeandalucia.es\/iesmontesorientales\/files\/2025\/04\/Captura-de-pantalla-de-2025-04-11-08-47-51-1024x184.png 1024w, https:\/\/blogsaverroes.juntadeandalucia.es\/iesmontesorientales\/files\/2025\/04\/Captura-de-pantalla-de-2025-04-11-08-47-51-300x54.png 300w, https:\/\/blogsaverroes.juntadeandalucia.es\/iesmontesorientales\/files\/2025\/04\/Captura-de-pantalla-de-2025-04-11-08-47-51-768x138.png 768w, https:\/\/blogsaverroes.juntadeandalucia.es\/iesmontesorientales\/files\/2025\/04\/Captura-de-pantalla-de-2025-04-11-08-47-51.png 1374w\" sizes=\"(max-width: 1024px) 100vw, 1024px\" \/><\/a><\/h3>\n","protected":false},"excerpt":{"rendered":"<p>Educaci\u00f3n B\u00e1sica Especial Unidad espec\u00edfica Educaci\u00f3n Secundaria Obligatoria (E.S.O.) 1\u00ba, 2\u00ba, 3\u00ba y 4\u00ba E.S.O. Bachillerato Ciencias Humanidades y Ciencias Sociales Formaci\u00f3n Profesional: Ciclos Formativos de Grado B\u00e1sico (CFGB) Mantenimiento de Veh\u00edculos Servicios Administrativos Ciclos Formativos de Grado Medio (CFGM) Aceite de Oliva y Vinos Atenci\u00f3n a Personas en Situaci\u00f3n de Dependencia Electromec\u00e1nica de Veh\u00edculos [&hellip;]<\/p>\n","protected":false},"author":3935,"featured_media":0,"parent":0,"menu_order":0,"comment_status":"closed","ping_status":"closed","template":"","meta":{"ngg_post_thumbnail":0,"footnotes":"","_mc_calendar":[]},"aioseo_notices":[],"_links":{"self":[{"href":"https:\/\/blogsaverroes.juntadeandalucia.es\/iesmontesorientales\/wp-json\/wp\/v2\/pages\/3269"}],"collection":[{"href":"https:\/\/blogsaverroes.juntadeandalucia.es\/iesmontesorientales\/wp-json\/wp\/v2\/pages"}],"about":[{"href":"https:\/\/blogsaverroes.juntadeandalucia.es\/iesmontesorientales\/wp-json\/wp\/v2\/types\/page"}],"author":[{"embeddable":true,"href":"https:\/\/blogsaverroes.juntadeandalucia.es\/iesmontesorientales\/wp-json\/wp\/v2\/users\/3935"}],"replies":[{"embeddable":true,"href":"https:\/\/blogsaverroes.juntadeandalucia.es\/iesmontesorientales\/wp-json\/wp\/v2\/comments?post=3269"}],"version-history":[{"count":10,"href":"https:\/\/blogsaverroes.juntadeandalucia.es\/iesmontesorientales\/wp-json\/wp\/v2\/pages\/3269\/revisions"}],"predecessor-version":[{"id":4823,"href":"https:\/\/blogsaverroes.juntadeandalucia.es\/iesmontesorientales\/wp-json\/wp\/v2\/pages\/3269\/revisions\/4823"}],"wp:attachment":[{"href":"https:\/\/blogsaverroes.juntadeandalucia.es\/iesmontesorientales\/wp-json\/wp\/v2\/media?parent=3269"}],"curies":[{"name":"wp","href":"https:\/\/api.w.org\/{rel}","templated":true}]}}