{"id":3407,"date":"2022-02-23T09:21:42","date_gmt":"2022-02-23T08:21:42","guid":{"rendered":"https:\/\/blogsaverroes.juntadeandalucia.es\/iesmontesorientales\/?page_id=3407"},"modified":"2022-04-18T13:24:56","modified_gmt":"2022-04-18T11:24:56","slug":"erasmus","status":"publish","type":"page","link":"https:\/\/blogsaverroes.juntadeandalucia.es\/iesmontesorientales\/erasmus\/","title":{"rendered":"Erasmus+"},"content":{"rendered":"<p><b>Environnement et Handicap en Europe<\/b><\/p>\n<p><i>L&#8217;objectif principal de ce projet et d&#8217;\u00e9changer et si possible de mutualiser \u00e0 l&#8217;\u00e9chelle europ\u00e9enne des pratiques et des savoirs-faire dans la prise en compte des handicap en g\u00e9n\u00e9ral et plus pr\u00e9cis\u00e9ment dans l&#8217;accueil de personnes en situation de handicap dans les espaces vert et les sites naturels ouverts&nbsp; au public.<\/i><\/p>\n<p><a href=\"https:\/\/padlet.com\/severinemalique1\/cdnlhhl04fah\" target=\"_blank\" rel=\"noopener noreferrer\">https:\/\/padlet.com\/severinemalique1\/cdnlhhl04fah<\/a><\/p>\n<table style=\"border-collapse: collapse;width: 60.2459%;height: 79px\">\n<tbody>\n<tr>\n<td style=\"width: 2.04918%\">&nbsp;<\/td>\n<td style=\"width: 97.9508%;text-align: center\"><a href=\"https:\/\/blogsaverroes.juntadeandalucia.es\/iesmontesorientales\/files\/2022\/02\/cofinanciado_derecha.png\"><img loading=\"lazy\" decoding=\"async\" class=\"wp-image-3413 aligncenter\" src=\"https:\/\/blogsaverroes.juntadeandalucia.es\/iesmontesorientales\/files\/2022\/02\/cofinanciado_derecha.png\" alt=\"\" width=\"437\" height=\"100\" srcset=\"https:\/\/blogsaverroes.juntadeandalucia.es\/iesmontesorientales\/files\/2022\/02\/cofinanciado_derecha.png 844w, https:\/\/blogsaverroes.juntadeandalucia.es\/iesmontesorientales\/files\/2022\/02\/cofinanciado_derecha-300x69.png 300w, https:\/\/blogsaverroes.juntadeandalucia.es\/iesmontesorientales\/files\/2022\/02\/cofinanciado_derecha-768x176.png 768w\" sizes=\"(max-width: 437px) 100vw, 437px\" \/><\/a><\/td>\n<\/tr>\n<\/tbody>\n<\/table>\n<p>&nbsp;<\/p>\n","protected":false},"excerpt":{"rendered":"<p>Environnement et Handicap en Europe L&#8217;objectif principal de ce projet et d&#8217;\u00e9changer et si possible de mutualiser \u00e0 l&#8217;\u00e9chelle europ\u00e9enne des pratiques et des savoirs-faire dans la prise en compte des handicap en g\u00e9n\u00e9ral et plus pr\u00e9cis\u00e9ment dans l&#8217;accueil de personnes en situation de handicap dans les espaces vert et les sites naturels ouverts&nbsp; au [&hellip;]<\/p>\n","protected":false},"author":3935,"featured_media":0,"parent":0,"menu_order":0,"comment_status":"closed","ping_status":"closed","template":"","meta":{"ngg_post_thumbnail":0,"footnotes":"","_mc_calendar":[]},"aioseo_notices":[],"_links":{"self":[{"href":"https:\/\/blogsaverroes.juntadeandalucia.es\/iesmontesorientales\/wp-json\/wp\/v2\/pages\/3407"}],"collection":[{"href":"https:\/\/blogsaverroes.juntadeandalucia.es\/iesmontesorientales\/wp-json\/wp\/v2\/pages"}],"about":[{"href":"https:\/\/blogsaverroes.juntadeandalucia.es\/iesmontesorientales\/wp-json\/wp\/v2\/types\/page"}],"author":[{"embeddable":true,"href":"https:\/\/blogsaverroes.juntadeandalucia.es\/iesmontesorientales\/wp-json\/wp\/v2\/users\/3935"}],"replies":[{"embeddable":true,"href":"https:\/\/blogsaverroes.juntadeandalucia.es\/iesmontesorientales\/wp-json\/wp\/v2\/comments?post=3407"}],"version-history":[{"count":6,"href":"https:\/\/blogsaverroes.juntadeandalucia.es\/iesmontesorientales\/wp-json\/wp\/v2\/pages\/3407\/revisions"}],"predecessor-version":[{"id":3466,"href":"https:\/\/blogsaverroes.juntadeandalucia.es\/iesmontesorientales\/wp-json\/wp\/v2\/pages\/3407\/revisions\/3466"}],"wp:attachment":[{"href":"https:\/\/blogsaverroes.juntadeandalucia.es\/iesmontesorientales\/wp-json\/wp\/v2\/media?parent=3407"}],"curies":[{"name":"wp","href":"https:\/\/api.w.org\/{rel}","templated":true}]}}