{"id":35,"date":"2015-03-13T08:21:43","date_gmt":"2015-03-13T08:21:43","guid":{"rendered":"http:\/\/blogsaverroes.juntadeandalucia.es\/pre\/ceip\/?page_id=35"},"modified":"2024-11-25T09:06:57","modified_gmt":"2024-11-25T08:06:57","slug":"el-centro-2","status":"publish","type":"page","link":"https:\/\/blogsaverroes.juntadeandalucia.es\/iesmontesorientales\/el-centro-2\/","title":{"rendered":"Datos del centro y equipo directivo"},"content":{"rendered":"<p style=\"text-align: center\"><strong>Direcci\u00f3n<\/strong>: Carretera de la Sierra 15-31, 18550 Iznalloz<\/p>\n<p class=\"system-pagebreak\" style=\"text-align: center\"><strong>Tel\u00e9fono<\/strong>: 958-384060<\/p>\n<p class=\"system-pagebreak\" style=\"text-align: center\"><strong>Fax<\/strong>: 958-384438<\/p>\n<p class=\"system-pagebreak\" style=\"text-align: center\">&nbsp;<strong>Correo electr\u00f3nico<\/strong>: <a href=\"mailto:18700475.edu@juntadeandalucia.es\">18700475.edu@juntadeandalucia.es<\/a><\/p>\n<p><a href=\"https:\/\/blogsaverroes.juntadeandalucia.es\/iesmontesorientales\/files\/2024\/11\/LOGO-IES.png\"><img loading=\"lazy\" decoding=\"async\" class=\"aligncenter wp-image-4383 size-medium\" src=\"https:\/\/blogsaverroes.juntadeandalucia.es\/iesmontesorientales\/files\/2024\/11\/LOGO-IES-293x300.png\" alt=\"Logo del centro\" width=\"293\" height=\"300\" srcset=\"https:\/\/blogsaverroes.juntadeandalucia.es\/iesmontesorientales\/files\/2024\/11\/LOGO-IES-293x300.png 293w, https:\/\/blogsaverroes.juntadeandalucia.es\/iesmontesorientales\/files\/2024\/11\/LOGO-IES-1001x1024.png 1001w, https:\/\/blogsaverroes.juntadeandalucia.es\/iesmontesorientales\/files\/2024\/11\/LOGO-IES-768x785.png 768w, https:\/\/blogsaverroes.juntadeandalucia.es\/iesmontesorientales\/files\/2024\/11\/LOGO-IES-1502x1536.png 1502w, https:\/\/blogsaverroes.juntadeandalucia.es\/iesmontesorientales\/files\/2024\/11\/LOGO-IES-2002x2048.png 2002w, https:\/\/blogsaverroes.juntadeandalucia.es\/iesmontesorientales\/files\/2024\/11\/LOGO-IES.png 1564w\" sizes=\"(max-width: 293px) 100vw, 293px\" \/><\/a><\/p>\n<p class=\"system-pagebreak\" style=\"text-align: left\"><span style=\"text-decoration: underline\"><strong>EQUIPO DIRECTIVO:<\/strong><\/span><\/p>\n<p><strong>Director<\/strong>:<\/p>\n<p>Norberto Ortega Espigares<\/p>\n<p><strong>Vicedirector<\/strong>:<\/p>\n<p>V\u00edctor Urquiza Valverde<\/p>\n<p><strong>Jefatura de estudios:<\/strong><\/p>\n<p>Manuel Fern\u00e1ndez Garc\u00eda<\/p>\n<p>Mar\u00eda Tr\u00e1nsito Est\u00e9vez Hornero<\/p>\n<p>Mar\u00eda Victoria Peinado Espinosa<\/p>\n<p><strong>Secretario<\/strong>:<\/p>\n<p>Jose Antonio Quijada Mart\u00ednez<\/p>\n","protected":false},"excerpt":{"rendered":"<p>Direcci\u00f3n: Carretera de la Sierra 15-31, 18550 Iznalloz Tel\u00e9fono: 958-384060 Fax: 958-384438 &nbsp;Correo electr\u00f3nico: 18700475.edu@juntadeandalucia.es EQUIPO DIRECTIVO: Director: Norberto Ortega Espigares Vicedirector: V\u00edctor Urquiza Valverde Jefatura de estudios: Manuel Fern\u00e1ndez Garc\u00eda Mar\u00eda Tr\u00e1nsito Est\u00e9vez Hornero Mar\u00eda Victoria Peinado Espinosa Secretario: Jose Antonio Quijada Mart\u00ednez<\/p>\n","protected":false},"author":1,"featured_media":0,"parent":0,"menu_order":0,"comment_status":"closed","ping_status":"open","template":"","meta":{"ngg_post_thumbnail":0,"footnotes":"","_mc_calendar":[]},"aioseo_notices":[],"_links":{"self":[{"href":"https:\/\/blogsaverroes.juntadeandalucia.es\/iesmontesorientales\/wp-json\/wp\/v2\/pages\/35"}],"collection":[{"href":"https:\/\/blogsaverroes.juntadeandalucia.es\/iesmontesorientales\/wp-json\/wp\/v2\/pages"}],"about":[{"href":"https:\/\/blogsaverroes.juntadeandalucia.es\/iesmontesorientales\/wp-json\/wp\/v2\/types\/page"}],"author":[{"embeddable":true,"href":"https:\/\/blogsaverroes.juntadeandalucia.es\/iesmontesorientales\/wp-json\/wp\/v2\/users\/1"}],"replies":[{"embeddable":true,"href":"https:\/\/blogsaverroes.juntadeandalucia.es\/iesmontesorientales\/wp-json\/wp\/v2\/comments?post=35"}],"version-history":[{"count":26,"href":"https:\/\/blogsaverroes.juntadeandalucia.es\/iesmontesorientales\/wp-json\/wp\/v2\/pages\/35\/revisions"}],"predecessor-version":[{"id":4385,"href":"https:\/\/blogsaverroes.juntadeandalucia.es\/iesmontesorientales\/wp-json\/wp\/v2\/pages\/35\/revisions\/4385"}],"wp:attachment":[{"href":"https:\/\/blogsaverroes.juntadeandalucia.es\/iesmontesorientales\/wp-json\/wp\/v2\/media?parent=35"}],"curies":[{"name":"wp","href":"https:\/\/api.w.org\/{rel}","templated":true}]}}