{"id":16,"date":"2020-01-10T07:39:23","date_gmt":"2020-01-10T06:39:23","guid":{"rendered":"http:\/\/blogsaverroes.juntadeandalucia.es\/pre\/nuevoiesv2\/?page_id=16"},"modified":"2025-11-16T14:01:59","modified_gmt":"2025-11-16T13:01:59","slug":"1o-eso","status":"publish","type":"page","link":"https:\/\/blogsaverroes.juntadeandalucia.es\/iesmunigua\/1o-eso\/","title":{"rendered":"1\u00ba ESO"},"content":{"rendered":"<p>[et_pb_section fb_built=&#8221;1&#8243; _builder_version=&#8221;4.16&#8243; custom_padding=&#8221;0px||0px|&#8221; z_index_tablet=&#8221;500&#8243; box_shadow_horizontal_tablet=&#8221;0px&#8221; box_shadow_vertical_tablet=&#8221;0px&#8221; box_shadow_blur_tablet=&#8221;40px&#8221; box_shadow_spread_tablet=&#8221;0px&#8221; global_colors_info=&#8221;{}&#8221;][et_pb_row _builder_version=&#8221;4.16&#8243; background_size=&#8221;initial&#8221; background_position=&#8221;top_left&#8221; background_repeat=&#8221;repeat&#8221; global_colors_info=&#8221;{}&#8221;][et_pb_column type=&#8221;4_4&#8243; _builder_version=&#8221;4.16&#8243; custom_padding=&#8221;|||&#8221; global_colors_info=&#8221;{}&#8221; custom_padding__hover=&#8221;|||&#8221;][et_pb_image src=&#8221;https:\/\/blogsaverroes.juntadeandalucia.es\/iesmunigua\/files\/2020\/01\/cabecera-interior-ies-3.png&#8221; admin_label=&#8221;Imagen de la portada&#8221; _builder_version=&#8221;4.24.2&#8243; vertical_offset_tablet=&#8221;0&#8243; horizontal_offset_tablet=&#8221;0&#8243; z_index_tablet=&#8221;500&#8243; box_shadow_horizontal_tablet=&#8221;0px&#8221; box_shadow_vertical_tablet=&#8221;0px&#8221; box_shadow_blur_tablet=&#8221;40px&#8221; box_shadow_spread_tablet=&#8221;0px&#8221; global_colors_info=&#8221;{}&#8221;][\/et_pb_image][et_pb_text admin_label=&#8221;Texto descriptivo&#8221; _builder_version=&#8221;4.24.2&#8243; hover_enabled=&#8221;0&#8243; z_index_tablet=&#8221;500&#8243; text_text_shadow_horizontal_length_tablet=&#8221;0px&#8221; text_text_shadow_vertical_length_tablet=&#8221;0px&#8221; text_text_shadow_blur_strength_tablet=&#8221;1px&#8221; link_text_shadow_horizontal_length_tablet=&#8221;0px&#8221; link_text_shadow_vertical_length_tablet=&#8221;0px&#8221; link_text_shadow_blur_strength_tablet=&#8221;1px&#8221; ul_text_shadow_horizontal_length_tablet=&#8221;0px&#8221; ul_text_shadow_vertical_length_tablet=&#8221;0px&#8221; ul_text_shadow_blur_strength_tablet=&#8221;1px&#8221; ol_text_shadow_horizontal_length_tablet=&#8221;0px&#8221; ol_text_shadow_vertical_length_tablet=&#8221;0px&#8221; ol_text_shadow_blur_strength_tablet=&#8221;1px&#8221; quote_text_shadow_horizontal_length_tablet=&#8221;0px&#8221; quote_text_shadow_vertical_length_tablet=&#8221;0px&#8221; quote_text_shadow_blur_strength_tablet=&#8221;1px&#8221; header_text_shadow_horizontal_length_tablet=&#8221;0px&#8221; header_text_shadow_vertical_length_tablet=&#8221;0px&#8221; header_text_shadow_blur_strength_tablet=&#8221;1px&#8221; header_2_text_shadow_horizontal_length_tablet=&#8221;0px&#8221; header_2_text_shadow_vertical_length_tablet=&#8221;0px&#8221; header_2_text_shadow_blur_strength_tablet=&#8221;1px&#8221; header_3_text_shadow_horizontal_length_tablet=&#8221;0px&#8221; header_3_text_shadow_vertical_length_tablet=&#8221;0px&#8221; header_3_text_shadow_blur_strength_tablet=&#8221;1px&#8221; header_4_text_shadow_horizontal_length_tablet=&#8221;0px&#8221; header_4_text_shadow_vertical_length_tablet=&#8221;0px&#8221; header_4_text_shadow_blur_strength_tablet=&#8221;1px&#8221; header_5_text_shadow_horizontal_length_tablet=&#8221;0px&#8221; header_5_text_shadow_vertical_length_tablet=&#8221;0px&#8221; header_5_text_shadow_blur_strength_tablet=&#8221;1px&#8221; header_6_text_shadow_horizontal_length_tablet=&#8221;0px&#8221; header_6_text_shadow_vertical_length_tablet=&#8221;0px&#8221; header_6_text_shadow_blur_strength_tablet=&#8221;1px&#8221; box_shadow_horizontal_tablet=&#8221;0px&#8221; box_shadow_vertical_tablet=&#8221;0px&#8221; box_shadow_blur_tablet=&#8221;40px&#8221; box_shadow_spread_tablet=&#8221;0px&#8221; global_colors_info=&#8221;{}&#8221; sticky_enabled=&#8221;0&#8243;]<\/p>\n<h2>1\u00ba ESO<\/h2>\n<div class=\"pWvJNd\">\n<div class=\"mZJni Dn7Fzd\" dir=\"ltr\" data-container-id=\"main-col\" data-xid=\"VpUvz\" data-ved=\"2ahUKEwic38-k1PaQAxUpQ_EDHW-vHPUQ3KYQegQIABAB\">\n<div class=\"Y3BBE\" data-sfc-cp=\"\" data-hveid=\"CAEQAA\" data-processed=\"true\">Los objetivos curriculares de 1\u00ba de ESO en Andaluc\u00eda se centran en desarrollar competencias clave como la comunicaci\u00f3n ling\u00fc\u00edstica, la matem\u00e1tica y la digital, fomentar h\u00e1bitos de estudio y trabajo, y adquirir una base cultural general en aspectos cient\u00edficos, human\u00edsticos y art\u00edsticos. Se busca preparar a los alumnos para estudios posteriores y la vida ciudadana, promoviendo valores de respeto, igualdad, cooperaci\u00f3n y educaci\u00f3n emocional.<span class=\"uJ19be notranslate\" data-wiz-uids=\"lcqtkd_b,lcqtkd_c,lcqtkd_d\" data-processed=\"true\"><span class=\"vKEkVd\" data-animation-atomic=\"\" data-processed=\"true\">&nbsp;<\/span><\/span><\/div>\n<div class=\"Fsg96\" data-sfc-cp=\"\" data-processed=\"true\">&nbsp;<\/div>\n<div class=\"otQkpb\" role=\"heading\" data-animation-nesting=\"\" data-sfc-cp=\"\" data-processed=\"true\">Objetivos principales<\/div>\n<ul class=\"KsbFXc U6u95\" data-processed=\"true\">\n<li data-hveid=\"CAMQAA\" data-processed=\"true\"><span class=\"T286Pc\" data-sfc-cp=\"\" data-processed=\"true\"><strong class=\"Yjhzub\" data-processed=\"true\">Desarrollo de competencias clave:<\/strong>&nbsp;Adquirir las herramientas y habilidades necesarias para desenvolverse en el mundo actual, incluyendo la comunicaci\u00f3n, el pensamiento cr\u00edtico, la resoluci\u00f3n de problemas, el trabajo en equipo y la competencia digital.<\/span><\/li>\n<li data-hveid=\"CAMQAQ\" data-processed=\"true\"><span class=\"T286Pc\" data-sfc-cp=\"\" data-processed=\"true\"><strong class=\"Yjhzub\" data-processed=\"true\">Adquisici\u00f3n de conocimientos b\u00e1sicos:<\/strong>&nbsp;Obtener los elementos esenciales de la cultura en sus facetas human\u00edstica, art\u00edstica, cient\u00edfica y tecnol\u00f3gica.<\/span><\/li>\n<li data-hveid=\"CAMQAg\" data-processed=\"true\"><span class=\"T286Pc\" data-sfc-cp=\"\" data-processed=\"true\"><strong class=\"Yjhzub\" data-processed=\"true\">Fomento de h\u00e1bitos de estudio y trabajo:<\/strong>&nbsp;Desarrollar y consolidar h\u00e1bitos de disciplina, estudio y trabajo individual y en equipo como condici\u00f3n para el \u00e9xito acad\u00e9mico y el desarrollo personal.<\/span><\/li>\n<li data-hveid=\"CAMQAw\" data-processed=\"true\"><span class=\"T286Pc\" data-sfc-cp=\"\" data-processed=\"true\"><strong class=\"Yjhzub\" data-processed=\"true\">Formaci\u00f3n ciudadana:<\/strong>&nbsp;Preparar a los estudiantes para ejercer sus derechos y obligaciones como ciudadanos, valorando la diversidad y la igualdad entre sexos y entre personas.<\/span><\/li>\n<li data-hveid=\"CAMQBA\" data-processed=\"true\"><span class=\"T286Pc\" data-sfc-cp=\"\" data-processed=\"true\"><strong class=\"Yjhzub\" data-processed=\"true\">Orientaci\u00f3n educativa y profesional:<\/strong>&nbsp;Introducir una orientaci\u00f3n que les ayude a tomar decisiones informadas sobre su futuro acad\u00e9mico y laboral, con una perspectiva de g\u00e9nero.<\/span><span class=\"uJ19be notranslate\" data-wiz-uids=\"lcqtkd_13,lcqtkd_14,lcqtkd_15\" data-processed=\"true\"><span class=\"vKEkVd\" data-animation-atomic=\"\" data-processed=\"true\">&nbsp;<\/span><\/span><\/li>\n<\/ul>\n<div class=\"Fsg96\" data-sfc-cp=\"\" data-processed=\"true\">&nbsp;<\/div>\n<div class=\"otQkpb\" role=\"heading\" data-animation-nesting=\"\" data-sfc-cp=\"\" data-processed=\"true\">Principios pedag\u00f3gicos<\/div>\n<ul class=\"KsbFXc U6u95\" data-processed=\"true\">\n<li data-hveid=\"CAUQAA\"><span class=\"T286Pc\" data-sfc-cp=\"\"><strong class=\"Yjhzub\">Enfoque competencial:<\/strong>&nbsp;Se promueve un aprendizaje competencial, aut\u00f3nomo, significativo y reflexivo en todas las materias, fomentando el desarrollo de la salud, la igualdad, la est\u00e9tica, la cooperaci\u00f3n y la creatividad de manera transversal.<\/span><\/li>\n<li data-hveid=\"CAUQAQ\"><span class=\"T286Pc\" data-sfc-cp=\"\"><strong class=\"Yjhzub\">Educaci\u00f3n emocional y en valores:<\/strong>&nbsp;Se presta atenci\u00f3n al desarrollo emocional y a la educaci\u00f3n en valores, as\u00ed como al tratamiento de la igualdad de g\u00e9nero.<\/span><\/li>\n<li data-hveid=\"CAUQAg\"><span class=\"T286Pc\" data-sfc-cp=\"\"><strong class=\"Yjhzub\">Ritmos de aprendizaje diversos:<\/strong>&nbsp;Se tienen en cuenta los diferentes ritmos de aprendizaje de los alumnos para asegurar su progreso.<\/span><span class=\"uJ19be notranslate\" data-wiz-uids=\"lcqtkd_1q,lcqtkd_1r,lcqtkd_1s\"><span class=\"vKEkVd\" data-animation-atomic=\"\">&nbsp;<\/span><\/span><\/li>\n<\/ul>\n<p>&nbsp;<\/p>\n<div class=\"Fsg96\" data-sfc-cp=\"\" data-processed=\"true\">&nbsp;<\/div>\n<p>&nbsp;<\/p>\n<div data-subtree=\"aimba\" data-processed=\"true\">&nbsp;<\/div>\n<\/div>\n<div class=\"SGF5Lb\">\n<div data-container-id=\"6\">&nbsp;<\/div>\n<\/div>\n<div class=\"SGF5Lb\">\n<div data-container-id=\"7\">&nbsp;<\/div>\n<\/div>\n<div class=\"SGF5Lb\">\n<div data-container-id=\"8\">&nbsp;<\/div>\n<\/div>\n<div class=\"SGF5Lb\">\n<div data-container-id=\"9\">&nbsp;<\/div>\n<\/div>\n<div class=\"SGF5Lb\">\n<div data-container-id=\"10\">&nbsp;<\/div>\n<\/div>\n<div class=\"SGF5Lb\">\n<div data-container-id=\"11\">&nbsp;<\/div>\n<\/div>\n<\/div>\n<div class=\"\">\n<div class=\"ofHStc Dn7Fzd\" data-container-id=\"rhs-col\" data-ved=\"2ahUKEwic38-k1PaQAxUpQ_EDHW-vHPUQ3aYQegQIABAC\">\n<div data-container-id=\"13\">\n<p>&nbsp;<\/p>\n<div class=\"jKhXsc notranslate\" dir=\"ltr\" data-animation-skip=\"\" data-xid=\"aim-aside-initial-corroboration-container\" data-sfc-cp=\"\" data-wiz-uids=\"lcqtkd_39,lcqtkd_3a,lcqtkd_3b\" data-processed=\"true\">\n<div class=\"BTkBWc\" data-ved=\"2ahUKEwic38-k1PaQAxUpQ_EDHW-vHPUQ_YQPegQIBxAA\" data-processed=\"true\">&nbsp;<\/div>\n<\/div>\n<\/div>\n<\/div>\n<\/div>\n<p>[\/et_pb_text][\/et_pb_column][\/et_pb_row][\/et_pb_section]<\/p>\n","protected":false},"excerpt":{"rendered":"<p>1\u00ba ESO Los objetivos curriculares de 1\u00ba de ESO en Andaluc\u00eda se centran en desarrollar competencias clave como la comunicaci\u00f3n ling\u00fc\u00edstica, la matem\u00e1tica y la digital, fomentar h\u00e1bitos de estudio y trabajo, y adquirir una base cultural general en aspectos cient\u00edficos, human\u00edsticos y art\u00edsticos. Se busca preparar a los alumnos para estudios posteriores y la [&hellip;]<\/p>\n","protected":false},"author":7051,"featured_media":0,"parent":0,"menu_order":0,"comment_status":"closed","ping_status":"closed","template":"","meta":{"_et_pb_use_builder":"on","_et_pb_old_content":"","_et_gb_content_width":"","ngg_post_thumbnail":0,"footnotes":""},"aioseo_notices":[],"_links":{"self":[{"href":"https:\/\/blogsaverroes.juntadeandalucia.es\/iesmunigua\/wp-json\/wp\/v2\/pages\/16"}],"collection":[{"href":"https:\/\/blogsaverroes.juntadeandalucia.es\/iesmunigua\/wp-json\/wp\/v2\/pages"}],"about":[{"href":"https:\/\/blogsaverroes.juntadeandalucia.es\/iesmunigua\/wp-json\/wp\/v2\/types\/page"}],"author":[{"embeddable":true,"href":"https:\/\/blogsaverroes.juntadeandalucia.es\/iesmunigua\/wp-json\/wp\/v2\/users\/7051"}],"replies":[{"embeddable":true,"href":"https:\/\/blogsaverroes.juntadeandalucia.es\/iesmunigua\/wp-json\/wp\/v2\/comments?post=16"}],"version-history":[{"count":7,"href":"https:\/\/blogsaverroes.juntadeandalucia.es\/iesmunigua\/wp-json\/wp\/v2\/pages\/16\/revisions"}],"predecessor-version":[{"id":693,"href":"https:\/\/blogsaverroes.juntadeandalucia.es\/iesmunigua\/wp-json\/wp\/v2\/pages\/16\/revisions\/693"}],"wp:attachment":[{"href":"https:\/\/blogsaverroes.juntadeandalucia.es\/iesmunigua\/wp-json\/wp\/v2\/media?parent=16"}],"curies":[{"name":"wp","href":"https:\/\/api.w.org\/{rel}","templated":true}]}}