{"id":20,"date":"2020-01-10T07:40:35","date_gmt":"2020-01-10T06:40:35","guid":{"rendered":"http:\/\/blogsaverroes.juntadeandalucia.es\/pre\/nuevoiesv2\/?page_id=20"},"modified":"2025-11-16T14:03:32","modified_gmt":"2025-11-16T13:03:32","slug":"2o-eso","status":"publish","type":"page","link":"https:\/\/blogsaverroes.juntadeandalucia.es\/iesmunigua\/2o-eso\/","title":{"rendered":"2\u00ba ESO"},"content":{"rendered":"<p>[et_pb_section fb_built=&#8221;1&#8243; _builder_version=&#8221;4.16&#8243; custom_padding=&#8221;0px||0px|&#8221; z_index_tablet=&#8221;500&#8243; box_shadow_horizontal_tablet=&#8221;0px&#8221; box_shadow_vertical_tablet=&#8221;0px&#8221; box_shadow_blur_tablet=&#8221;40px&#8221; box_shadow_spread_tablet=&#8221;0px&#8221; global_colors_info=&#8221;{}&#8221;][et_pb_row _builder_version=&#8221;4.16&#8243; background_size=&#8221;initial&#8221; background_position=&#8221;top_left&#8221; background_repeat=&#8221;repeat&#8221; global_colors_info=&#8221;{}&#8221;][et_pb_column type=&#8221;4_4&#8243; _builder_version=&#8221;4.16&#8243; custom_padding=&#8221;|||&#8221; global_colors_info=&#8221;{}&#8221; custom_padding__hover=&#8221;|||&#8221;][et_pb_image src=&#8221;https:\/\/blogsaverroes.juntadeandalucia.es\/iesmunigua\/files\/2020\/01\/cabecera-interior-ies-3-1.png&#8221; admin_label=&#8221;Imagen de la portada&#8221; _builder_version=&#8221;4.16&#8243; vertical_offset_tablet=&#8221;0&#8243; horizontal_offset_tablet=&#8221;0&#8243; z_index_tablet=&#8221;500&#8243; box_shadow_horizontal_tablet=&#8221;0px&#8221; box_shadow_vertical_tablet=&#8221;0px&#8221; box_shadow_blur_tablet=&#8221;40px&#8221; box_shadow_spread_tablet=&#8221;0px&#8221; global_colors_info=&#8221;{}&#8221;][\/et_pb_image][et_pb_text admin_label=&#8221;Texto descriptivo&#8221; _builder_version=&#8221;4.24.2&#8243; hover_enabled=&#8221;0&#8243; z_index_tablet=&#8221;500&#8243; text_text_shadow_horizontal_length_tablet=&#8221;0px&#8221; text_text_shadow_vertical_length_tablet=&#8221;0px&#8221; text_text_shadow_blur_strength_tablet=&#8221;1px&#8221; link_text_shadow_horizontal_length_tablet=&#8221;0px&#8221; link_text_shadow_vertical_length_tablet=&#8221;0px&#8221; link_text_shadow_blur_strength_tablet=&#8221;1px&#8221; ul_text_shadow_horizontal_length_tablet=&#8221;0px&#8221; ul_text_shadow_vertical_length_tablet=&#8221;0px&#8221; ul_text_shadow_blur_strength_tablet=&#8221;1px&#8221; ol_text_shadow_horizontal_length_tablet=&#8221;0px&#8221; ol_text_shadow_vertical_length_tablet=&#8221;0px&#8221; ol_text_shadow_blur_strength_tablet=&#8221;1px&#8221; quote_text_shadow_horizontal_length_tablet=&#8221;0px&#8221; quote_text_shadow_vertical_length_tablet=&#8221;0px&#8221; quote_text_shadow_blur_strength_tablet=&#8221;1px&#8221; header_text_shadow_horizontal_length_tablet=&#8221;0px&#8221; header_text_shadow_vertical_length_tablet=&#8221;0px&#8221; header_text_shadow_blur_strength_tablet=&#8221;1px&#8221; header_2_text_shadow_horizontal_length_tablet=&#8221;0px&#8221; header_2_text_shadow_vertical_length_tablet=&#8221;0px&#8221; header_2_text_shadow_blur_strength_tablet=&#8221;1px&#8221; header_3_text_shadow_horizontal_length_tablet=&#8221;0px&#8221; header_3_text_shadow_vertical_length_tablet=&#8221;0px&#8221; header_3_text_shadow_blur_strength_tablet=&#8221;1px&#8221; header_4_text_shadow_horizontal_length_tablet=&#8221;0px&#8221; header_4_text_shadow_vertical_length_tablet=&#8221;0px&#8221; header_4_text_shadow_blur_strength_tablet=&#8221;1px&#8221; header_5_text_shadow_horizontal_length_tablet=&#8221;0px&#8221; header_5_text_shadow_vertical_length_tablet=&#8221;0px&#8221; header_5_text_shadow_blur_strength_tablet=&#8221;1px&#8221; header_6_text_shadow_horizontal_length_tablet=&#8221;0px&#8221; header_6_text_shadow_vertical_length_tablet=&#8221;0px&#8221; header_6_text_shadow_blur_strength_tablet=&#8221;1px&#8221; box_shadow_horizontal_tablet=&#8221;0px&#8221; box_shadow_vertical_tablet=&#8221;0px&#8221; box_shadow_blur_tablet=&#8221;40px&#8221; box_shadow_spread_tablet=&#8221;0px&#8221; global_colors_info=&#8221;{}&#8221; sticky_enabled=&#8221;0&#8243;]<\/p>\n<h2>2\u00ba ESO<\/h2>\n<div class=\"Y3BBE\" data-sfc-cp=\"\" data-hveid=\"CAEQAA\" data-processed=\"true\">Los objetivos curriculares de 2\u00ba de ESO en Andaluc\u00eda se centran en consolidar la base cultural, desarrollar h\u00e1bitos de estudio y trabajo, y preparar para estudios posteriores y la vida ciudadana. Esto se logra a trav\u00e9s de objetivos generales de etapa como la comunicaci\u00f3n en lenguas, el desarrollo de competencias b\u00e1sicas en ciencias y tecnolog\u00eda, y la expresi\u00f3n art\u00edstica. Se busca que el alumnado adquiera las competencias clave y desarrolle una formaci\u00f3n integral para ejercer sus derechos y obligaciones como ciudadanos.<span class=\"uJ19be notranslate\" data-wiz-uids=\"b9e7kb_b,b9e7kb_c,b9e7kb_d\" data-processed=\"true\"><span class=\"vKEkVd\" data-animation-atomic=\"\" data-processed=\"true\">&nbsp;<\/span><\/span><\/div>\n<div class=\"Fsg96\" data-sfc-cp=\"\" data-processed=\"true\">&nbsp;<\/div>\n<div class=\"otQkpb\" role=\"heading\" data-animation-nesting=\"\" data-sfc-cp=\"\" data-processed=\"true\">Objetivos clave<\/div>\n<ul class=\"KsbFXc U6u95\" data-processed=\"true\">\n<li data-hveid=\"CAMQAA\" data-processed=\"true\"><span class=\"T286Pc\" data-sfc-cp=\"\" data-processed=\"true\"><strong class=\"Yjhzub\" data-processed=\"true\">Desarrollo de competencias:<\/strong>&nbsp;Se persigue el desarrollo de las competencias clave, como la comunicaci\u00f3n ling\u00fc\u00edstica (oral y escrita), matem\u00e1tica, digital, aprender a aprender y las competencias sociales y c\u00edvicas.<\/span><\/li>\n<li data-hveid=\"CAMQAQ\" data-processed=\"true\"><span class=\"T286Pc\" data-sfc-cp=\"\" data-processed=\"true\"><strong class=\"Yjhzub\" data-processed=\"true\">Formaci\u00f3n integral:<\/strong>&nbsp;Se busca una formaci\u00f3n que aborde aspectos human\u00edsticos, art\u00edsticos, cient\u00edficos y tecnol\u00f3gicos, junto con el desarrollo de la dimensi\u00f3n humana de la sexualidad, la salud y el cuidado del medio ambiente.<\/span><\/li>\n<li data-hveid=\"CAMQAg\" data-processed=\"true\"><span class=\"T286Pc\" data-sfc-cp=\"\" data-processed=\"true\"><strong class=\"Yjhzub\" data-processed=\"true\">Habilidades para el aprendizaje:<\/strong>&nbsp;Se busca desarrollar y consolidar h\u00e1bitos de disciplina, estudio y trabajo en equipo como condici\u00f3n necesaria para el aprendizaje eficaz y el desarrollo personal.<\/span><\/li>\n<li data-hveid=\"CAMQAw\" data-processed=\"true\"><span class=\"T286Pc\" data-sfc-cp=\"\" data-processed=\"true\"><strong class=\"Yjhzub\" data-processed=\"true\">Preparaci\u00f3n para el futuro:<\/strong>&nbsp;El objetivo es preparar a los estudiantes para su incorporaci\u00f3n a estudios posteriores (Bachillerato o Formaci\u00f3n Profesional) y para su inserci\u00f3n laboral.<\/span><\/li>\n<li data-hveid=\"CAMQBA\" data-processed=\"true\"><span class=\"T286Pc\" data-sfc-cp=\"\" data-processed=\"true\"><strong class=\"Yjhzub\" data-processed=\"true\">Ciudadan\u00eda activa:<\/strong><span id=\"iuMMZabPZK-vp7M8P6Pfx2Ak_1\" data-processed=\"true\">&nbsp;Se pretende formar para el ejercicio de los derechos y obligaciones en la vida como parte de la ciudadan\u00eda, inculcando valores de respeto, igualdad y cooperaci\u00f3n<\/span><span id=\"iuMMZabPZK-vp7M8P6Pfx2Ak_2\" data-processed=\"true\">.<\/span><\/span><span id=\"iuMMZabPZK-vp7M8P6Pfx2Ak_3\" data-processed=\"true\"><span class=\"uJ19be notranslate\" data-wiz-uids=\"b9e7kb_14,b9e7kb_15,b9e7kb_16\" data-processed=\"true\"><span class=\"vKEkVd\" data-animation-atomic=\"\">&nbsp;<\/span><\/span><\/span><\/li>\n<\/ul>\n<div class=\"Fsg96\" data-sfc-cp=\"\" data-processed=\"true\">&nbsp;<\/div>\n<div class=\"otQkpb\" role=\"heading\" data-animation-nesting=\"\" data-sfc-cp=\"\" data-processed=\"true\">Principios pedag\u00f3gicos y transversalidad<\/div>\n<ul class=\"KsbFXc U6u95\" data-processed=\"true\">\n<li data-hveid=\"CAYQAA\"><span class=\"T286Pc\" data-sfc-cp=\"\"><strong class=\"Yjhzub\">Enfoque competencial:<\/strong>&nbsp;El curr\u00edculo se basa en el aprendizaje por competencias, que es aut\u00f3nomo, significativo y reflexivo.<\/span><\/li>\n<li data-hveid=\"CAYQAQ\"><span class=\"T286Pc\" data-sfc-cp=\"\"><strong class=\"Yjhzub\">Atenci\u00f3n a la diversidad:<\/strong>&nbsp;Se tienen en cuenta los diferentes ritmos de aprendizaje, promoviendo metodolog\u00edas inclusivas.<\/span><\/li>\n<li data-hveid=\"CAYQAg\"><span class=\"T286Pc\" data-sfc-cp=\"\"><strong class=\"Yjhzub\">Educaci\u00f3n transversal:<\/strong>&nbsp;Se fomenta de manera transversal la educaci\u00f3n para la salud (incluida la afectivo-sexual), la igualdad entre hombres y mujeres, la creatividad y la educaci\u00f3n emocional.<\/span><\/li>\n<li data-hveid=\"CAYQAw\"><span class=\"T286Pc\" data-sfc-cp=\"\"><strong class=\"Yjhzub\">Evaluaci\u00f3n y trabajo en equipo:<\/strong>&nbsp;Se valora el trabajo en equipo, el desarrollo de proyectos y la evaluaci\u00f3n de la diversidad de ritmos y maneras de aprender.<\/span><span class=\"uJ19be notranslate\" data-wiz-uids=\"b9e7kb_3a,b9e7kb_3b,b9e7kb_3c\"><span class=\"vKEkVd\" data-animation-atomic=\"\">&nbsp;<\/span><\/span><\/li>\n<\/ul>\n<p>[\/et_pb_text][\/et_pb_column][\/et_pb_row][\/et_pb_section]<\/p>\n","protected":false},"excerpt":{"rendered":"<p>2\u00ba ESO Los objetivos curriculares de 2\u00ba de ESO en Andaluc\u00eda se centran en consolidar la base cultural, desarrollar h\u00e1bitos de estudio y trabajo, y preparar para estudios posteriores y la vida ciudadana. Esto se logra a trav\u00e9s de objetivos generales de etapa como la comunicaci\u00f3n en lenguas, el desarrollo de competencias b\u00e1sicas en ciencias [&hellip;]<\/p>\n","protected":false},"author":7051,"featured_media":0,"parent":0,"menu_order":0,"comment_status":"closed","ping_status":"closed","template":"","meta":{"_et_pb_use_builder":"on","_et_pb_old_content":"","_et_gb_content_width":"","ngg_post_thumbnail":0,"footnotes":""},"aioseo_notices":[],"_links":{"self":[{"href":"https:\/\/blogsaverroes.juntadeandalucia.es\/iesmunigua\/wp-json\/wp\/v2\/pages\/20"}],"collection":[{"href":"https:\/\/blogsaverroes.juntadeandalucia.es\/iesmunigua\/wp-json\/wp\/v2\/pages"}],"about":[{"href":"https:\/\/blogsaverroes.juntadeandalucia.es\/iesmunigua\/wp-json\/wp\/v2\/types\/page"}],"author":[{"embeddable":true,"href":"https:\/\/blogsaverroes.juntadeandalucia.es\/iesmunigua\/wp-json\/wp\/v2\/users\/7051"}],"replies":[{"embeddable":true,"href":"https:\/\/blogsaverroes.juntadeandalucia.es\/iesmunigua\/wp-json\/wp\/v2\/comments?post=20"}],"version-history":[{"count":2,"href":"https:\/\/blogsaverroes.juntadeandalucia.es\/iesmunigua\/wp-json\/wp\/v2\/pages\/20\/revisions"}],"predecessor-version":[{"id":695,"href":"https:\/\/blogsaverroes.juntadeandalucia.es\/iesmunigua\/wp-json\/wp\/v2\/pages\/20\/revisions\/695"}],"wp:attachment":[{"href":"https:\/\/blogsaverroes.juntadeandalucia.es\/iesmunigua\/wp-json\/wp\/v2\/media?parent=20"}],"curies":[{"name":"wp","href":"https:\/\/api.w.org\/{rel}","templated":true}]}}