{"id":23,"date":"2020-01-10T07:41:50","date_gmt":"2020-01-10T06:41:50","guid":{"rendered":"http:\/\/blogsaverroes.juntadeandalucia.es\/pre\/nuevoiesv2\/?page_id=23"},"modified":"2025-11-16T14:09:10","modified_gmt":"2025-11-16T13:09:10","slug":"3o-eso","status":"publish","type":"page","link":"https:\/\/blogsaverroes.juntadeandalucia.es\/iesmunigua\/3o-eso\/","title":{"rendered":"3\u00ba ESO"},"content":{"rendered":"<p>[et_pb_section fb_built=&#8221;1&#8243; _builder_version=&#8221;4.16&#8243; custom_padding=&#8221;0px||0px|&#8221; z_index_tablet=&#8221;500&#8243; box_shadow_horizontal_tablet=&#8221;0px&#8221; box_shadow_vertical_tablet=&#8221;0px&#8221; box_shadow_blur_tablet=&#8221;40px&#8221; box_shadow_spread_tablet=&#8221;0px&#8221; global_colors_info=&#8221;{}&#8221;][et_pb_row _builder_version=&#8221;4.16&#8243; background_size=&#8221;initial&#8221; background_position=&#8221;top_left&#8221; background_repeat=&#8221;repeat&#8221; global_colors_info=&#8221;{}&#8221;][et_pb_column type=&#8221;4_4&#8243; _builder_version=&#8221;4.16&#8243; custom_padding=&#8221;|||&#8221; global_colors_info=&#8221;{}&#8221; custom_padding__hover=&#8221;|||&#8221;][et_pb_image src=&#8221;https:\/\/blogsaverroes.juntadeandalucia.es\/iesmunigua\/files\/2020\/01\/cabecera-interior-ies-3-2.png&#8221; admin_label=&#8221;Imagen de la portada&#8221; _builder_version=&#8221;4.16&#8243; vertical_offset_tablet=&#8221;0&#8243; horizontal_offset_tablet=&#8221;0&#8243; z_index_tablet=&#8221;500&#8243; box_shadow_horizontal_tablet=&#8221;0px&#8221; box_shadow_vertical_tablet=&#8221;0px&#8221; box_shadow_blur_tablet=&#8221;40px&#8221; box_shadow_spread_tablet=&#8221;0px&#8221; global_colors_info=&#8221;{}&#8221;][\/et_pb_image][et_pb_text admin_label=&#8221;Texto descriptivo&#8221; _builder_version=&#8221;4.24.2&#8243; hover_enabled=&#8221;0&#8243; z_index_tablet=&#8221;500&#8243; text_text_shadow_horizontal_length_tablet=&#8221;0px&#8221; text_text_shadow_vertical_length_tablet=&#8221;0px&#8221; text_text_shadow_blur_strength_tablet=&#8221;1px&#8221; link_text_shadow_horizontal_length_tablet=&#8221;0px&#8221; link_text_shadow_vertical_length_tablet=&#8221;0px&#8221; link_text_shadow_blur_strength_tablet=&#8221;1px&#8221; ul_text_shadow_horizontal_length_tablet=&#8221;0px&#8221; ul_text_shadow_vertical_length_tablet=&#8221;0px&#8221; ul_text_shadow_blur_strength_tablet=&#8221;1px&#8221; ol_text_shadow_horizontal_length_tablet=&#8221;0px&#8221; ol_text_shadow_vertical_length_tablet=&#8221;0px&#8221; ol_text_shadow_blur_strength_tablet=&#8221;1px&#8221; quote_text_shadow_horizontal_length_tablet=&#8221;0px&#8221; quote_text_shadow_vertical_length_tablet=&#8221;0px&#8221; quote_text_shadow_blur_strength_tablet=&#8221;1px&#8221; header_text_shadow_horizontal_length_tablet=&#8221;0px&#8221; header_text_shadow_vertical_length_tablet=&#8221;0px&#8221; header_text_shadow_blur_strength_tablet=&#8221;1px&#8221; header_2_text_shadow_horizontal_length_tablet=&#8221;0px&#8221; header_2_text_shadow_vertical_length_tablet=&#8221;0px&#8221; header_2_text_shadow_blur_strength_tablet=&#8221;1px&#8221; header_3_text_shadow_horizontal_length_tablet=&#8221;0px&#8221; header_3_text_shadow_vertical_length_tablet=&#8221;0px&#8221; header_3_text_shadow_blur_strength_tablet=&#8221;1px&#8221; header_4_text_shadow_horizontal_length_tablet=&#8221;0px&#8221; header_4_text_shadow_vertical_length_tablet=&#8221;0px&#8221; header_4_text_shadow_blur_strength_tablet=&#8221;1px&#8221; header_5_text_shadow_horizontal_length_tablet=&#8221;0px&#8221; header_5_text_shadow_vertical_length_tablet=&#8221;0px&#8221; header_5_text_shadow_blur_strength_tablet=&#8221;1px&#8221; header_6_text_shadow_horizontal_length_tablet=&#8221;0px&#8221; header_6_text_shadow_vertical_length_tablet=&#8221;0px&#8221; header_6_text_shadow_blur_strength_tablet=&#8221;1px&#8221; box_shadow_horizontal_tablet=&#8221;0px&#8221; box_shadow_vertical_tablet=&#8221;0px&#8221; box_shadow_blur_tablet=&#8221;40px&#8221; box_shadow_spread_tablet=&#8221;0px&#8221; global_colors_info=&#8221;{}&#8221; sticky_enabled=&#8221;0&#8243;]<\/p>\n<h2>3\u00ba ESO<\/h2>\n<div class=\"Y3BBE\" data-sfc-cp=\"\" data-hveid=\"CAEQAA\" data-processed=\"true\">Los objetivos curriculares de 3\u00ba de ESO en Andaluc\u00eda se centran en el desarrollo integral del alumnado, promoviendo la adquisici\u00f3n de conocimientos, habilidades y valores a trav\u00e9s de las competencias clave. Se busca que los estudiantes consoliden h\u00e1bitos de estudio, valoren la diversidad cultural y social, se expresen correctamente en lenguas extranjeras y apliquen un pensamiento cr\u00edtico para comprender su entorno y la realidad.<span class=\"uJ19be notranslate\" data-wiz-uids=\"A182Ib_b,A182Ib_c,A182Ib_d\" data-processed=\"true\"><span class=\"vKEkVd\" data-animation-atomic=\"\" data-processed=\"true\">&nbsp;<\/span><\/span><\/div>\n<div class=\"Fsg96\" data-sfc-cp=\"\" data-processed=\"true\">&nbsp;<\/div>\n<div class=\"otQkpb\" role=\"heading\" data-animation-nesting=\"\" data-sfc-cp=\"\" data-processed=\"true\">Competencias y \u00e1reas de aprendizaje<\/div>\n<ul class=\"KsbFXc U6u95\" data-processed=\"true\">\n<li data-hveid=\"CAMQAA\" data-processed=\"true\"><span class=\"T286Pc\" data-sfc-cp=\"\" data-processed=\"true\"><strong class=\"Yjhzub\" data-processed=\"true\">Lenguas:<\/strong>&nbsp;Comprender y expresarse en una o m\u00e1s lenguas extranjeras.<\/span><\/li>\n<li data-hveid=\"CAMQAQ\" data-processed=\"true\"><span class=\"T286Pc\" data-sfc-cp=\"\" data-processed=\"true\"><strong class=\"Yjhzub\" data-processed=\"true\">Conocimiento del entorno:<\/strong>&nbsp;Comprender y valorar la cultura propia y ajena, el patrimonio art\u00edstico y los aspectos b\u00e1sicos de la sociedad, incluida la diversidad.<\/span><\/li>\n<li data-hveid=\"CAMQAg\" data-processed=\"true\"><span class=\"T286Pc\" data-sfc-cp=\"\" data-processed=\"true\"><strong class=\"Yjhzub\" data-processed=\"true\">Salud y cuidado personal:<\/strong>&nbsp;Conocer y aceptar el propio cuerpo, afianzar h\u00e1bitos de cuidado y salud, y valorar cr\u00edticamente la pr\u00e1ctica deportiva y el consumo responsable.<\/span><\/li>\n<li data-hveid=\"CAMQAw\" data-processed=\"true\"><span class=\"T286Pc\" data-sfc-cp=\"\" data-processed=\"true\"><strong class=\"Yjhzub\" data-processed=\"true\">Educaci\u00f3n f\u00edsica:<\/strong>&nbsp;Integrar la educaci\u00f3n f\u00edsica para el desarrollo personal y social y comprender el valor humano de la sexualidad.<\/span><\/li>\n<li data-hveid=\"CAMQBA\" data-processed=\"true\"><span class=\"T286Pc\" data-sfc-cp=\"\" data-processed=\"true\"><strong class=\"Yjhzub\" data-processed=\"true\">Arte:<\/strong>&nbsp;Apreciar la creaci\u00f3n art\u00edstica y comprender el lenguaje de las distintas manifestaciones art\u00edsticas.<\/span><span class=\"uJ19be notranslate\" data-wiz-uids=\"A182Ib_13,A182Ib_14,A182Ib_15\" data-processed=\"true\"><span class=\"vKEkVd\" data-animation-atomic=\"\" data-processed=\"true\">&nbsp;<\/span><\/span><\/li>\n<\/ul>\n<div class=\"Fsg96\" data-sfc-cp=\"\" data-processed=\"true\">&nbsp;<\/div>\n<div class=\"otQkpb\" role=\"heading\" data-animation-nesting=\"\" data-sfc-cp=\"\" data-processed=\"true\">Objetivos generales de la etapa<\/div>\n<ul class=\"KsbFXc U6u95\" data-processed=\"true\">\n<li style=\"list-style-type: none\">\n<ul class=\"KsbFXc U6u95\" data-processed=\"true\">\n<li data-hveid=\"CAUQAA\" data-processed=\"true\"><span class=\"T286Pc\" data-sfc-cp=\"\" data-processed=\"true\">Desarrollar y consolidar h\u00e1bitos de disciplina, estudio y trabajo individual y en equipo.<\/span><\/li>\n<li data-hveid=\"CAUQAA\" data-processed=\"true\">Valorar la diversidad social, etnocultural y de g\u00e9nero, y conocer los derechos humanos.<\/li>\n<li data-hveid=\"CAUQAA\" data-processed=\"true\">Promover la cooperaci\u00f3n, la solidaridad y la cohesi\u00f3n social.<span class=\"uJ19be notranslate\" data-wiz-uids=\"A182Ib_1k,A182Ib_1l,A182Ib_1m\"><span class=\"vKEkVd\" data-animation-atomic=\"\">&nbsp;<\/span><\/span><\/li>\n<\/ul>\n<\/li>\n<\/ul>\n<div class=\"otQkpb\" role=\"heading\" data-animation-nesting=\"\" data-sfc-cp=\"\" data-processed=\"true\">Vinculaci\u00f3n con las competencias clave<\/div>\n<div class=\"Y3BBE\" data-sfc-cp=\"\" data-hveid=\"CAgQAA\" data-processed=\"true\">La consecuci\u00f3n de los objetivos est\u00e1 directamente relacionada con el desarrollo de las competencias clave, que son el pilar del curr\u00edculo actual (LOMLOE). Estas competencias, como la competencia en<strong><a class=\"GI370e\" href=\"https:\/\/www.google.es\/search?q=ling%C3%BC%C3%ADstica&amp;sca_esv=2b4071618c37111c&amp;ei=BsQZabXIKOidkdUPyPbf8Qk&amp;ved=2ahUKEwiN69nJ1vaQAxWPVqQEHYCpIQIQgK4QegQICBAB&amp;uact=5&amp;oq=objetivos+curricular+3+eso+andalucia&amp;gs_lp=Egxnd3Mtd2l6LXNlcnAiJG9iamV0aXZvcyBjdXJyaWN1bGFyIDMgZXNvIGFuZGFsdWNpYTIKEAAYsAMY1gQYRzIKEAAYsAMY1gQYRzIKEAAYsAMY1gQYRzIKEAAYsAMY1gQYRzIKEAAYsAMY1gQYRzIKEAAYsAMY1gQYRzIKEAAYsAMY1gQYRzIKEAAYsAMY1gQYR0imBlAAWABwAXgBkAEAmAEAoAEAqgEAuAEDyAEAmAIBoAIHmAMAiAYBkAYIkgcBMaAHALIHALgHAMIHAzItMcgHBQ&amp;sclient=gws-wiz-serp&amp;mstk=AUtExfCwALck-kKlb7ux47q9iXbjFof7P0vDlufE_W8w5U2TKQ6KnlIObUheaUYRDTG6H0VI6UrdRx2an1nSiqN14lME6d-06-bhMngtnGEufd_CgFIy6BexYx9hL8txwbFX3UA&amp;csui=3\" data-wiz-uids=\"A182Ib_38\" data-ved=\"2ahUKEwiN69nJ1vaQAxWPVqQEHYCpIQIQgK4QegQICBAB\" data-hveid=\"CAgQAQ\">ling\u00fc\u00edstica<\/a>,&nbsp;<a class=\"GI370e\" href=\"https:\/\/www.google.es\/search?q=matem%C3%A1tica&amp;sca_esv=2b4071618c37111c&amp;ei=BsQZabXIKOidkdUPyPbf8Qk&amp;ved=2ahUKEwiN69nJ1vaQAxWPVqQEHYCpIQIQgK4QegQICBAC&amp;uact=5&amp;oq=objetivos+curricular+3+eso+andalucia&amp;gs_lp=Egxnd3Mtd2l6LXNlcnAiJG9iamV0aXZvcyBjdXJyaWN1bGFyIDMgZXNvIGFuZGFsdWNpYTIKEAAYsAMY1gQYRzIKEAAYsAMY1gQYRzIKEAAYsAMY1gQYRzIKEAAYsAMY1gQYRzIKEAAYsAMY1gQYRzIKEAAYsAMY1gQYRzIKEAAYsAMY1gQYRzIKEAAYsAMY1gQYR0imBlAAWABwAXgBkAEAmAEAoAEAqgEAuAEDyAEAmAIBoAIHmAMAiAYBkAYIkgcBMaAHALIHALgHAMIHAzItMcgHBQ&amp;sclient=gws-wiz-serp&amp;mstk=AUtExfCwALck-kKlb7ux47q9iXbjFof7P0vDlufE_W8w5U2TKQ6KnlIObUheaUYRDTG6H0VI6UrdRx2an1nSiqN14lME6d-06-bhMngtnGEufd_CgFIy6BexYx9hL8txwbFX3UA&amp;csui=3\" data-wiz-uids=\"A182Ib_39\" data-ved=\"2ahUKEwiN69nJ1vaQAxWPVqQEHYCpIQIQgK4QegQICBAC\" data-hveid=\"CAgQAg\">matem\u00e1tica<\/a>,&nbsp;<a class=\"GI370e\" href=\"https:\/\/www.google.es\/search?q=digital&amp;sca_esv=2b4071618c37111c&amp;ei=BsQZabXIKOidkdUPyPbf8Qk&amp;ved=2ahUKEwiN69nJ1vaQAxWPVqQEHYCpIQIQgK4QegQICBAD&amp;uact=5&amp;oq=objetivos+curricular+3+eso+andalucia&amp;gs_lp=Egxnd3Mtd2l6LXNlcnAiJG9iamV0aXZvcyBjdXJyaWN1bGFyIDMgZXNvIGFuZGFsdWNpYTIKEAAYsAMY1gQYRzIKEAAYsAMY1gQYRzIKEAAYsAMY1gQYRzIKEAAYsAMY1gQYRzIKEAAYsAMY1gQYRzIKEAAYsAMY1gQYRzIKEAAYsAMY1gQYRzIKEAAYsAMY1gQYR0imBlAAWABwAXgBkAEAmAEAoAEAqgEAuAEDyAEAmAIBoAIHmAMAiAYBkAYIkgcBMaAHALIHALgHAMIHAzItMcgHBQ&amp;sclient=gws-wiz-serp&amp;mstk=AUtExfCwALck-kKlb7ux47q9iXbjFof7P0vDlufE_W8w5U2TKQ6KnlIObUheaUYRDTG6H0VI6UrdRx2an1nSiqN14lME6d-06-bhMngtnGEufd_CgFIy6BexYx9hL8txwbFX3UA&amp;csui=3\" data-wiz-uids=\"A182Ib_3a\" data-ved=\"2ahUKEwiN69nJ1vaQAxWPVqQEHYCpIQIQgK4QegQICBAD\" data-hveid=\"CAgQAw\">digital<\/a>,&nbsp;<a class=\"GI370e\" href=\"https:\/\/www.google.es\/search?q=personal%2C+social+y+de+aprender+a+aprender&amp;sca_esv=2b4071618c37111c&amp;ei=BsQZabXIKOidkdUPyPbf8Qk&amp;ved=2ahUKEwiN69nJ1vaQAxWPVqQEHYCpIQIQgK4QegQICBAE&amp;uact=5&amp;oq=objetivos+curricular+3+eso+andalucia&amp;gs_lp=Egxnd3Mtd2l6LXNlcnAiJG9iamV0aXZvcyBjdXJyaWN1bGFyIDMgZXNvIGFuZGFsdWNpYTIKEAAYsAMY1gQYRzIKEAAYsAMY1gQYRzIKEAAYsAMY1gQYRzIKEAAYsAMY1gQYRzIKEAAYsAMY1gQYRzIKEAAYsAMY1gQYRzIKEAAYsAMY1gQYRzIKEAAYsAMY1gQYR0imBlAAWABwAXgBkAEAmAEAoAEAqgEAuAEDyAEAmAIBoAIHmAMAiAYBkAYIkgcBMaAHALIHALgHAMIHAzItMcgHBQ&amp;sclient=gws-wiz-serp&amp;mstk=AUtExfCwALck-kKlb7ux47q9iXbjFof7P0vDlufE_W8w5U2TKQ6KnlIObUheaUYRDTG6H0VI6UrdRx2an1nSiqN14lME6d-06-bhMngtnGEufd_CgFIy6BexYx9hL8txwbFX3UA&amp;csui=3\" data-wiz-uids=\"A182Ib_3b\" data-ved=\"2ahUKEwiN69nJ1vaQAxWPVqQEHYCpIQIQgK4QegQICBAE\" data-hveid=\"CAgQBA\">personal, social y de aprender a aprender<\/a>, <\/strong>y &nbsp;la<strong> <a class=\"GI370e\" href=\"https:\/\/www.google.es\/search?q=ciudadana&amp;sca_esv=2b4071618c37111c&amp;ei=BsQZabXIKOidkdUPyPbf8Qk&amp;ved=2ahUKEwiN69nJ1vaQAxWPVqQEHYCpIQIQgK4QegQICBAF&amp;uact=5&amp;oq=objetivos+curricular+3+eso+andalucia&amp;gs_lp=Egxnd3Mtd2l6LXNlcnAiJG9iamV0aXZvcyBjdXJyaWN1bGFyIDMgZXNvIGFuZGFsdWNpYTIKEAAYsAMY1gQYRzIKEAAYsAMY1gQYRzIKEAAYsAMY1gQYRzIKEAAYsAMY1gQYRzIKEAAYsAMY1gQYRzIKEAAYsAMY1gQYRzIKEAAYsAMY1gQYRzIKEAAYsAMY1gQYR0imBlAAWABwAXgBkAEAmAEAoAEAqgEAuAEDyAEAmAIBoAIHmAMAiAYBkAYIkgcBMaAHALIHALgHAMIHAzItMcgHBQ&amp;sclient=gws-wiz-serp&amp;mstk=AUtExfCwALck-kKlb7ux47q9iXbjFof7P0vDlufE_W8w5U2TKQ6KnlIObUheaUYRDTG6H0VI6UrdRx2an1nSiqN14lME6d-06-bhMngtnGEufd_CgFIy6BexYx9hL8txwbFX3UA&amp;csui=3\" data-wiz-uids=\"A182Ib_3c\" data-ved=\"2ahUKEwiN69nJ1vaQAxWPVqQEHYCpIQIQgK4QegQICBAF\" data-hveid=\"CAgQBQ\">ciudadana<\/a><\/strong>, buscan que los alumnos adquieran habilidades pr\u00e1cticas y conocimientos para desenvolverse en la vida.<span class=\"uJ19be notranslate\" data-wiz-uids=\"A182Ib_3d,A182Ib_3e,A182Ib_3f\"><span class=\"vKEkVd\" data-animation-atomic=\"\">&nbsp;<\/span><\/span><\/div>\n<p>[\/et_pb_text][\/et_pb_column][\/et_pb_row][\/et_pb_section]<\/p>\n","protected":false},"excerpt":{"rendered":"<p>3\u00ba ESO Los objetivos curriculares de 3\u00ba de ESO en Andaluc\u00eda se centran en el desarrollo integral del alumnado, promoviendo la adquisici\u00f3n de conocimientos, habilidades y valores a trav\u00e9s de las competencias clave. Se busca que los estudiantes consoliden h\u00e1bitos de estudio, valoren la diversidad cultural y social, se expresen correctamente en lenguas extranjeras y [&hellip;]<\/p>\n","protected":false},"author":7051,"featured_media":0,"parent":0,"menu_order":0,"comment_status":"closed","ping_status":"closed","template":"","meta":{"_et_pb_use_builder":"on","_et_pb_old_content":"","_et_gb_content_width":"","ngg_post_thumbnail":0,"footnotes":""},"aioseo_notices":[],"_links":{"self":[{"href":"https:\/\/blogsaverroes.juntadeandalucia.es\/iesmunigua\/wp-json\/wp\/v2\/pages\/23"}],"collection":[{"href":"https:\/\/blogsaverroes.juntadeandalucia.es\/iesmunigua\/wp-json\/wp\/v2\/pages"}],"about":[{"href":"https:\/\/blogsaverroes.juntadeandalucia.es\/iesmunigua\/wp-json\/wp\/v2\/types\/page"}],"author":[{"embeddable":true,"href":"https:\/\/blogsaverroes.juntadeandalucia.es\/iesmunigua\/wp-json\/wp\/v2\/users\/7051"}],"replies":[{"embeddable":true,"href":"https:\/\/blogsaverroes.juntadeandalucia.es\/iesmunigua\/wp-json\/wp\/v2\/comments?post=23"}],"version-history":[{"count":7,"href":"https:\/\/blogsaverroes.juntadeandalucia.es\/iesmunigua\/wp-json\/wp\/v2\/pages\/23\/revisions"}],"predecessor-version":[{"id":702,"href":"https:\/\/blogsaverroes.juntadeandalucia.es\/iesmunigua\/wp-json\/wp\/v2\/pages\/23\/revisions\/702"}],"wp:attachment":[{"href":"https:\/\/blogsaverroes.juntadeandalucia.es\/iesmunigua\/wp-json\/wp\/v2\/media?parent=23"}],"curies":[{"name":"wp","href":"https:\/\/api.w.org\/{rel}","templated":true}]}}