{"id":26,"date":"2020-01-10T07:42:54","date_gmt":"2020-01-10T06:42:54","guid":{"rendered":"http:\/\/blogsaverroes.juntadeandalucia.es\/pre\/nuevoiesv2\/?page_id=26"},"modified":"2025-11-16T14:07:08","modified_gmt":"2025-11-16T13:07:08","slug":"4o-eso","status":"publish","type":"page","link":"https:\/\/blogsaverroes.juntadeandalucia.es\/iesmunigua\/4o-eso\/","title":{"rendered":"4\u00ba ESO"},"content":{"rendered":"<p>[et_pb_section fb_built=&#8221;1&#8243; _builder_version=&#8221;4.16&#8243; custom_padding=&#8221;0px||0px|&#8221; z_index_tablet=&#8221;500&#8243; box_shadow_horizontal_tablet=&#8221;0px&#8221; box_shadow_vertical_tablet=&#8221;0px&#8221; box_shadow_blur_tablet=&#8221;40px&#8221; box_shadow_spread_tablet=&#8221;0px&#8221; global_colors_info=&#8221;{}&#8221;][et_pb_row _builder_version=&#8221;4.16&#8243; background_size=&#8221;initial&#8221; background_position=&#8221;top_left&#8221; background_repeat=&#8221;repeat&#8221; global_colors_info=&#8221;{}&#8221;][et_pb_column type=&#8221;4_4&#8243; _builder_version=&#8221;4.16&#8243; custom_padding=&#8221;|||&#8221; global_colors_info=&#8221;{}&#8221; custom_padding__hover=&#8221;|||&#8221;][et_pb_image src=&#8221;https:\/\/blogsaverroes.juntadeandalucia.es\/iesmunigua\/files\/2020\/01\/cabecera-interior-ies-3-3.png&#8221; admin_label=&#8221;Imagen de la portada&#8221; _builder_version=&#8221;4.16&#8243; vertical_offset_tablet=&#8221;0&#8243; horizontal_offset_tablet=&#8221;0&#8243; z_index_tablet=&#8221;500&#8243; box_shadow_horizontal_tablet=&#8221;0px&#8221; box_shadow_vertical_tablet=&#8221;0px&#8221; box_shadow_blur_tablet=&#8221;40px&#8221; box_shadow_spread_tablet=&#8221;0px&#8221; global_colors_info=&#8221;{}&#8221;][\/et_pb_image][et_pb_text admin_label=&#8221;Texto descriptivo&#8221; _builder_version=&#8221;4.24.2&#8243; hover_enabled=&#8221;0&#8243; z_index_tablet=&#8221;500&#8243; text_text_shadow_horizontal_length_tablet=&#8221;0px&#8221; text_text_shadow_vertical_length_tablet=&#8221;0px&#8221; text_text_shadow_blur_strength_tablet=&#8221;1px&#8221; link_text_shadow_horizontal_length_tablet=&#8221;0px&#8221; link_text_shadow_vertical_length_tablet=&#8221;0px&#8221; link_text_shadow_blur_strength_tablet=&#8221;1px&#8221; ul_text_shadow_horizontal_length_tablet=&#8221;0px&#8221; ul_text_shadow_vertical_length_tablet=&#8221;0px&#8221; ul_text_shadow_blur_strength_tablet=&#8221;1px&#8221; ol_text_shadow_horizontal_length_tablet=&#8221;0px&#8221; ol_text_shadow_vertical_length_tablet=&#8221;0px&#8221; ol_text_shadow_blur_strength_tablet=&#8221;1px&#8221; quote_text_shadow_horizontal_length_tablet=&#8221;0px&#8221; quote_text_shadow_vertical_length_tablet=&#8221;0px&#8221; quote_text_shadow_blur_strength_tablet=&#8221;1px&#8221; header_text_shadow_horizontal_length_tablet=&#8221;0px&#8221; header_text_shadow_vertical_length_tablet=&#8221;0px&#8221; header_text_shadow_blur_strength_tablet=&#8221;1px&#8221; header_2_text_shadow_horizontal_length_tablet=&#8221;0px&#8221; header_2_text_shadow_vertical_length_tablet=&#8221;0px&#8221; header_2_text_shadow_blur_strength_tablet=&#8221;1px&#8221; header_3_text_shadow_horizontal_length_tablet=&#8221;0px&#8221; header_3_text_shadow_vertical_length_tablet=&#8221;0px&#8221; header_3_text_shadow_blur_strength_tablet=&#8221;1px&#8221; header_4_text_shadow_horizontal_length_tablet=&#8221;0px&#8221; header_4_text_shadow_vertical_length_tablet=&#8221;0px&#8221; header_4_text_shadow_blur_strength_tablet=&#8221;1px&#8221; header_5_text_shadow_horizontal_length_tablet=&#8221;0px&#8221; header_5_text_shadow_vertical_length_tablet=&#8221;0px&#8221; header_5_text_shadow_blur_strength_tablet=&#8221;1px&#8221; header_6_text_shadow_horizontal_length_tablet=&#8221;0px&#8221; header_6_text_shadow_vertical_length_tablet=&#8221;0px&#8221; header_6_text_shadow_blur_strength_tablet=&#8221;1px&#8221; box_shadow_horizontal_tablet=&#8221;0px&#8221; box_shadow_vertical_tablet=&#8221;0px&#8221; box_shadow_blur_tablet=&#8221;40px&#8221; box_shadow_spread_tablet=&#8221;0px&#8221; global_colors_info=&#8221;{}&#8221; sticky_enabled=&#8221;0&#8243;]<\/p>\n<h2>4\u00ba ESO<\/h2>\n<div class=\"pWvJNd\">\n<div class=\"mZJni Dn7Fzd\" dir=\"ltr\" data-container-id=\"main-col\" data-xid=\"VpUvz\" data-ved=\"2ahUKEwjBpvbY1vaQAxWUUaQEHfRBBXkQ3KYQegQIABAB\">\n<div class=\"Y3BBE\" data-sfc-cp=\"\" data-hveid=\"CAEQAA\" data-processed=\"true\">Los objetivos curriculares de 4\u00ba de ESO en Andaluc\u00eda se centran en consolidar las competencias clave, la orientaci\u00f3n para futuros estudios o la vida laboral, y la adquisici\u00f3n de conocimientos y habilidades en distintas \u00e1reas. Se busca que el alumnado asuma responsabilidades, desarrolle el pensamiento cr\u00edtico, la competencia digital y la expresi\u00f3n en diversas lenguas, adem\u00e1s de comprender y valorar su entorno, la cultura, las artes y la ciudadan\u00eda.<span class=\"uJ19be notranslate\" data-wiz-uids=\"BcZAub_b,BcZAub_c,BcZAub_d\" data-processed=\"true\"><span class=\"vKEkVd\" data-animation-atomic=\"\" data-processed=\"true\">&nbsp;<\/span><\/span><\/div>\n<div class=\"Fsg96\" data-sfc-cp=\"\" data-processed=\"true\">&nbsp;<\/div>\n<div class=\"otQkpb\" role=\"heading\" data-animation-nesting=\"\" data-sfc-cp=\"\" data-processed=\"true\">Objetivos generales de la etapa<\/div>\n<ul class=\"KsbFXc U6u95\" data-processed=\"true\">\n<li style=\"list-style-type: none\">\n<ul class=\"KsbFXc U6u95\" data-processed=\"true\">\n<li data-hveid=\"CAMQAA\" data-processed=\"true\"><span class=\"T286Pc\" data-sfc-cp=\"\" data-processed=\"true\"><strong class=\"Yjhzub\" data-processed=\"true\">Ciudadan\u00eda y derechos:<\/strong>&nbsp;Asumir responsabilidades, conocer y ejercer derechos, practicar la tolerancia, la cooperaci\u00f3n y el respeto a los derechos humanos y a la diversidad.<\/span><\/li>\n<li data-hveid=\"CAMQAQ\" data-processed=\"true\"><span class=\"T286Pc\" data-sfc-cp=\"\" data-processed=\"true\"><strong class=\"Yjhzub\" data-processed=\"true\">Desarrollo personal y social:<\/strong>&nbsp;Fortalecer las capacidades afectivas, rechazar la violencia, resolver conflictos pac\u00edficamente y valorar la diversidad sexual.<\/span><\/li>\n<li data-hveid=\"CAMQAg\" data-processed=\"true\"><span class=\"T286Pc\" data-sfc-cp=\"\" data-processed=\"true\"><strong class=\"Yjhzub\" data-processed=\"true\">Conocimiento y pensamiento cr\u00edtico:<\/strong>&nbsp;Desarrollar habilidades para usar fuentes de informaci\u00f3n de forma cr\u00edtica, concebir el conocimiento como integrado entre disciplinas y aplicar m\u00e9todos de resoluci\u00f3n de problemas.<\/span><\/li>\n<li data-hveid=\"CAMQAw\" data-processed=\"true\"><span class=\"T286Pc\" data-sfc-cp=\"\" data-processed=\"true\"><strong class=\"Yjhzub\" data-processed=\"true\">Lenguas:<\/strong>&nbsp;Comprender y expresarse con correcci\u00f3n oralmente y por escrito en castellano y en la lengua extranjera, adem\u00e1s de iniciarse en el estudio de la literatura.<\/span><\/li>\n<li data-hveid=\"CAMQBA\" data-processed=\"true\"><span class=\"T286Pc\" data-sfc-cp=\"\" data-processed=\"true\"><strong class=\"Yjhzub\" data-processed=\"true\">Cultura y arte:<\/strong> Conocer, valorar y respetar la cultura propia y de otras personas, as\u00ed como el patrimonio hist\u00f3rico-art\u00edstico y la diversidad de manifestaciones art\u00edsticas.<\/span><\/li>\n<li data-hveid=\"CAMQBA\" data-processed=\"true\"><strong class=\"Yjhzub\">Salud y medio ambiente:<\/strong>&nbsp;Valorar los h\u00e1bitos de salud y consumo de forma cr\u00edtica, cuidar el cuerpo, y contribuir a la conservaci\u00f3n del medio ambiente y el respeto hacia otros seres vivos.<span class=\"uJ19be notranslate\" data-wiz-uids=\"BcZAub_17,BcZAub_18,BcZAub_19\"><span class=\"vKEkVd\" data-animation-atomic=\"\">&nbsp;<\/span><\/span><\/li>\n<\/ul>\n<\/li>\n<\/ul>\n<div class=\"otQkpb\" role=\"heading\" data-animation-nesting=\"\" data-sfc-cp=\"\" data-processed=\"true\">Objetivos espec\u00edficos de 4\u00ba de ESO<\/div>\n<ul class=\"KsbFXc U6u95\" data-processed=\"true\">\n<li data-hveid=\"CAUQAA\"><span class=\"T286Pc\" data-sfc-cp=\"\"><strong class=\"Yjhzub\">Orientaci\u00f3n:<\/strong>&nbsp;El curso tiene un car\u00e1cter orientador para que el alumnado elija su futuro acad\u00e9mico o profesional. Para ello, los centros pueden agrupar las materias en diferentes opciones que conduzcan a modalidades de Bachillerato o Formaci\u00f3n Profesional.<\/span><\/li>\n<li data-hveid=\"CAUQAQ\"><span class=\"T286Pc\" data-sfc-cp=\"\"><strong class=\"Yjhzub\">Competencias:<\/strong>&nbsp;Se busca que el alumnado desarrolle la competencia ciudadana, la competencia emprendedora y la competencia en conciencia y expresiones culturales.<\/span><\/li>\n<li data-hveid=\"CAUQAg\"><span class=\"T286Pc\" data-sfc-cp=\"\"><strong class=\"Yjhzub\">Habilidades:<\/strong>&nbsp;Se promueve la capacidad de planificar objetivos a medio plazo y utilizar la metacognici\u00f3n para aprender de los errores.<\/span><span class=\"uJ19be notranslate\" data-wiz-uids=\"BcZAub_1t,BcZAub_1u,BcZAub_1v\"><span class=\"vKEkVd\" data-animation-atomic=\"\">&nbsp;<\/span><\/span><\/li>\n<\/ul>\n<div class=\"otQkpb\" role=\"heading\" data-animation-nesting=\"\" data-sfc-cp=\"\" data-processed=\"true\">Objetivos en \u00e1reas concretas<\/div>\n<ul class=\"KsbFXc U6u95\" data-processed=\"true\">\n<li data-hveid=\"CAcQAA\"><span class=\"T286Pc\" data-sfc-cp=\"\"><strong class=\"Yjhzub\">Lengua:<\/strong>&nbsp;Se busca la comprensi\u00f3n y expresi\u00f3n de textos complejos y la iniciaci\u00f3n al estudio de la literatura, as\u00ed como el desarrollo de la argumentaci\u00f3n.<\/span><\/li>\n<li data-hveid=\"CAcQAQ\"><span class=\"T286Pc\" data-sfc-cp=\"\"><strong class=\"Yjhzub\">Geograf\u00eda e Historia:<\/strong>&nbsp;Se pretende que el alumnado investigue y elabore productos sobre problemas geogr\u00e1ficos, hist\u00f3ricos y sociales, utilizando fuentes fiables y desarrollando un pensamiento cr\u00edtico y respetuoso.<\/span><\/li>\n<li data-hveid=\"CAcQAg\"><span class=\"T286Pc\" data-sfc-cp=\"\"><strong class=\"Yjhzub\">Ciencias:<\/strong>&nbsp;Se promueve la concepci\u00f3n del conocimiento cient\u00edfico como un saber integrado y el conocimiento de los m\u00e9todos para identificar problemas en los distintos campos del saber.<\/span><\/li>\n<li data-hveid=\"CAcQAw\"><span class=\"T286Pc\" data-sfc-cp=\"\"><strong class=\"Yjhzub\">Matem\u00e1ticas:<\/strong>&nbsp;Se puede elegir entre Matem\u00e1ticas A (Acad\u00e9micas) o Matem\u00e1ticas B (Aplicadas), seg\u00fan las necesidades y objetivos del alumnado. Se busca que el alumnado desarrolle la capacidad de planificar a medio plazo y de aplicar los conocimientos adquiridos en diferentes contextos.<\/span><span class=\"uJ19be notranslate\" data-wiz-uids=\"BcZAub_2g,BcZAub_2h,BcZAub_2i\"><span class=\"vKEkVd\" data-animation-atomic=\"\">&nbsp;<\/span><\/span><\/li>\n<\/ul>\n<p>&nbsp;<\/p>\n<div class=\"Fsg96\" data-sfc-cp=\"\" data-processed=\"true\">&nbsp;<\/div>\n<p>&nbsp;<\/p>\n<div data-subtree=\"aimba\" data-processed=\"true\">&nbsp;<\/div>\n<\/div>\n<div class=\"SGF5Lb\">\n<div data-container-id=\"6\">&nbsp;<\/div>\n<\/div>\n<div class=\"SGF5Lb\">\n<div data-container-id=\"7\">&nbsp;<\/div>\n<\/div>\n<div class=\"SGF5Lb\">\n<div data-container-id=\"8\">&nbsp;<\/div>\n<\/div>\n<div class=\"SGF5Lb\">\n<div data-container-id=\"9\">&nbsp;<\/div>\n<\/div>\n<div class=\"SGF5Lb\">\n<div data-container-id=\"10\">&nbsp;<\/div>\n<\/div>\n<div class=\"SGF5Lb\">\n<div data-container-id=\"11\">&nbsp;<\/div>\n<\/div>\n<\/div>\n<div class=\"\">\n<div class=\"ofHStc Dn7Fzd\" data-container-id=\"rhs-col\" data-ved=\"2ahUKEwjBpvbY1vaQAxWUUaQEHfRBBXkQ3aYQegQIABAC\">\n<div data-container-id=\"13\">\n<p>&nbsp;<\/p>\n<div class=\"jKhXsc notranslate\" dir=\"ltr\" data-animation-skip=\"\" data-xid=\"aim-aside-initial-corroboration-container\" data-sfc-cp=\"\" data-wiz-uids=\"BcZAub_55,BcZAub_56,BcZAub_57\" data-processed=\"true\">\n<div class=\"BTkBWc\" data-ved=\"2ahUKEwjBpvbY1vaQAxWUUaQEHfRBBXkQ_YQPegQICRAA\" data-processed=\"true\">&nbsp;<\/div>\n<\/div>\n<\/div>\n<\/div>\n<\/div>\n<p>[\/et_pb_text][\/et_pb_column][\/et_pb_row][\/et_pb_section]<\/p>\n","protected":false},"excerpt":{"rendered":"<p>4\u00ba ESO Los objetivos curriculares de 4\u00ba de ESO en Andaluc\u00eda se centran en consolidar las competencias clave, la orientaci\u00f3n para futuros estudios o la vida laboral, y la adquisici\u00f3n de conocimientos y habilidades en distintas \u00e1reas. Se busca que el alumnado asuma responsabilidades, desarrolle el pensamiento cr\u00edtico, la competencia digital y la expresi\u00f3n en [&hellip;]<\/p>\n","protected":false},"author":7051,"featured_media":0,"parent":0,"menu_order":0,"comment_status":"closed","ping_status":"closed","template":"","meta":{"_et_pb_use_builder":"on","_et_pb_old_content":"","_et_gb_content_width":"","ngg_post_thumbnail":0,"footnotes":""},"aioseo_notices":[],"_links":{"self":[{"href":"https:\/\/blogsaverroes.juntadeandalucia.es\/iesmunigua\/wp-json\/wp\/v2\/pages\/26"}],"collection":[{"href":"https:\/\/blogsaverroes.juntadeandalucia.es\/iesmunigua\/wp-json\/wp\/v2\/pages"}],"about":[{"href":"https:\/\/blogsaverroes.juntadeandalucia.es\/iesmunigua\/wp-json\/wp\/v2\/types\/page"}],"author":[{"embeddable":true,"href":"https:\/\/blogsaverroes.juntadeandalucia.es\/iesmunigua\/wp-json\/wp\/v2\/users\/7051"}],"replies":[{"embeddable":true,"href":"https:\/\/blogsaverroes.juntadeandalucia.es\/iesmunigua\/wp-json\/wp\/v2\/comments?post=26"}],"version-history":[{"count":3,"href":"https:\/\/blogsaverroes.juntadeandalucia.es\/iesmunigua\/wp-json\/wp\/v2\/pages\/26\/revisions"}],"predecessor-version":[{"id":700,"href":"https:\/\/blogsaverroes.juntadeandalucia.es\/iesmunigua\/wp-json\/wp\/v2\/pages\/26\/revisions\/700"}],"wp:attachment":[{"href":"https:\/\/blogsaverroes.juntadeandalucia.es\/iesmunigua\/wp-json\/wp\/v2\/media?parent=26"}],"curies":[{"name":"wp","href":"https:\/\/api.w.org\/{rel}","templated":true}]}}