{"id":352,"date":"2020-02-13T10:51:34","date_gmt":"2020-02-13T09:51:34","guid":{"rendered":"http:\/\/blogsaverroes.juntadeandalucia.es\/pre\/nuevoiesv2\/?page_id=352"},"modified":"2025-11-17T14:05:14","modified_gmt":"2025-11-17T13:05:14","slug":"planes-y-proyectos","status":"publish","type":"page","link":"https:\/\/blogsaverroes.juntadeandalucia.es\/iesmunigua\/planes-y-proyectos\/","title":{"rendered":"Planes y Proyectos"},"content":{"rendered":"<p>[et_pb_section fb_built=&#8221;1&#8243; _builder_version=&#8221;4.16&#8243; global_colors_info=&#8221;{}&#8221;][et_pb_row _builder_version=&#8221;4.16&#8243; custom_margin=&#8221;-20px|||&#8221; z_index_tablet=&#8221;500&#8243; box_shadow_horizontal_tablet=&#8221;0px&#8221; box_shadow_vertical_tablet=&#8221;0px&#8221; box_shadow_blur_tablet=&#8221;40px&#8221; box_shadow_spread_tablet=&#8221;0px&#8221; global_colors_info=&#8221;{}&#8221;][et_pb_column type=&#8221;4_4&#8243; _builder_version=&#8221;4.16&#8243; custom_padding=&#8221;|||&#8221; global_colors_info=&#8221;{}&#8221; custom_padding__hover=&#8221;|||&#8221;][et_pb_image src=&#8221;https:\/\/blogsaverroes.juntadeandalucia.es\/iesmunigua\/files\/2025\/11\/fotos-planes-y-proyectos.jpg&#8221; title_text=&#8221;Cute Funny Child Using Notebook&#8221; align=&#8221;center&#8221; admin_label=&#8221;Imagen de la portada&#8221; _builder_version=&#8221;4.24.2&#8243; vertical_offset_tablet=&#8221;0&#8243; horizontal_offset_tablet=&#8221;0&#8243; min_height=&#8221;479px&#8221; height=&#8221;484px&#8221; max_height=&#8221;498px&#8221; z_index_tablet=&#8221;500&#8243; box_shadow_horizontal_tablet=&#8221;0px&#8221; box_shadow_vertical_tablet=&#8221;0px&#8221; box_shadow_blur_tablet=&#8221;40px&#8221; box_shadow_spread_tablet=&#8221;0px&#8221; global_colors_info=&#8221;{}&#8221;][\/et_pb_image][et_pb_text admin_label=&#8221;Texto descriptivo&#8221; _builder_version=&#8221;4.24.2&#8243; z_index_tablet=&#8221;500&#8243; text_text_shadow_horizontal_length_tablet=&#8221;0px&#8221; text_text_shadow_vertical_length_tablet=&#8221;0px&#8221; text_text_shadow_blur_strength_tablet=&#8221;1px&#8221; link_text_shadow_horizontal_length_tablet=&#8221;0px&#8221; link_text_shadow_vertical_length_tablet=&#8221;0px&#8221; link_text_shadow_blur_strength_tablet=&#8221;1px&#8221; ul_text_shadow_horizontal_length_tablet=&#8221;0px&#8221; ul_text_shadow_vertical_length_tablet=&#8221;0px&#8221; ul_text_shadow_blur_strength_tablet=&#8221;1px&#8221; ol_text_shadow_horizontal_length_tablet=&#8221;0px&#8221; ol_text_shadow_vertical_length_tablet=&#8221;0px&#8221; ol_text_shadow_blur_strength_tablet=&#8221;1px&#8221; quote_text_shadow_horizontal_length_tablet=&#8221;0px&#8221; quote_text_shadow_vertical_length_tablet=&#8221;0px&#8221; quote_text_shadow_blur_strength_tablet=&#8221;1px&#8221; header_text_shadow_horizontal_length_tablet=&#8221;0px&#8221; header_text_shadow_vertical_length_tablet=&#8221;0px&#8221; header_text_shadow_blur_strength_tablet=&#8221;1px&#8221; header_2_text_shadow_horizontal_length_tablet=&#8221;0px&#8221; header_2_text_shadow_vertical_length_tablet=&#8221;0px&#8221; header_2_text_shadow_blur_strength_tablet=&#8221;1px&#8221; header_3_text_shadow_horizontal_length_tablet=&#8221;0px&#8221; header_3_text_shadow_vertical_length_tablet=&#8221;0px&#8221; header_3_text_shadow_blur_strength_tablet=&#8221;1px&#8221; header_4_text_shadow_horizontal_length_tablet=&#8221;0px&#8221; header_4_text_shadow_vertical_length_tablet=&#8221;0px&#8221; header_4_text_shadow_blur_strength_tablet=&#8221;1px&#8221; header_5_text_shadow_horizontal_length_tablet=&#8221;0px&#8221; header_5_text_shadow_vertical_length_tablet=&#8221;0px&#8221; header_5_text_shadow_blur_strength_tablet=&#8221;1px&#8221; header_6_text_shadow_horizontal_length_tablet=&#8221;0px&#8221; header_6_text_shadow_vertical_length_tablet=&#8221;0px&#8221; header_6_text_shadow_blur_strength_tablet=&#8221;1px&#8221; box_shadow_horizontal_tablet=&#8221;0px&#8221; box_shadow_vertical_tablet=&#8221;0px&#8221; box_shadow_blur_tablet=&#8221;40px&#8221; box_shadow_spread_tablet=&#8221;0px&#8221; global_colors_info=&#8221;{}&#8221;]<\/p>\n<h2>Planes y Proyectos<\/h2>\n<p>Este centro de secundaria tienen diversos planes y programas que abordan diferentes \u00e1reas, coordinados por el personal docente:<\/p>\n<ul>\n<li><strong>Comunica<\/strong>. Programa orientado a mejorar la competencia en comunicaci\u00f3n ling\u00fc\u00edstica del alumnado: leer, escribir, escuchar y hablar para la vida. Integra tambi\u00e9n el desarrollo de la alfabetizaci\u00f3n medi\u00e1tica y audiovisual, en coherencia con los nuevos lenguajes del siglo XXI y el contexto digital. Coordinado por Roc\u00edo de los \u00c1ngeles Yruela G\u00f3mez.<\/li>\n<li><strong>Escuela Espacio de Paz<\/strong>. Programa para promover la convivencia y la cultura de paz en los centros educativos andaluces. El programa busca mejorar el clima escolar, prevenir la violencia y la discriminaci\u00f3n, fomentar el pensamiento cr\u00edtico y desarrollar habilidades para la resoluci\u00f3n pac\u00edfica de conflictos, incluyendo la participaci\u00f3n activa de toda la comunidad educativa.<span class=\"uJ19be notranslate\" data-wiz-uids=\"XUggSc_c,XUggSc_d,XUggSc_e\"><span class=\"vKEkVd\" data-animation-atomic=\"\"> Coordinado por <\/span><\/span>Elena L\u00f3pez S\u00e1nchez.<\/li>\n<li><strong>PROA<\/strong>. Programa de Refuerzo, Orientaci\u00f3n y Apoyo en educaci\u00f3n, que busca apoyar a estudiantes en situaci\u00f3n de vulnerabilidad para reducir el abandono escolar. Coordinado por Juan Ram\u00f3n L\u00f3pez Castillejo.<\/li>\n<li><strong>PROA +<\/strong>. <span data-huuid=\"14745728687224356892\">El programa&nbsp;<a class=\"DTlJ6d\" href=\"https:\/\/www.google.es\/search?sca_esv=d2fa72479429c903&amp;q=PROA%2B&amp;sa=X&amp;ved=2ahUKEwjvv5W9nfmQAxVuU6QEHfyJLvAQxccNegQIJhAB&amp;mstk=AUtExfC1UUh9yRAvO0OX4nbHkSLzwVy8girYpRJYolfmYj1OcMvHbq6GHBmkzWlQVX_BBzecEXBJMAJuS6NI9GNzTjx0qRy6t5LvDf0gCMjd5No6C9sP0IGM1y9hvVrFb0xTS6o&amp;csui=3\" data-hveid=\"CCYQAQ\">PROA+<\/a> (Programa para la Orientaci\u00f3n, Avance y Enriquecimiento Educativo)es una cooperaci\u00f3n territorial en Espa\u00f1a, financiada por el Fondo Social Europeo Plus y el Ministerio de Educaci\u00f3n, con el objetivo de mejorar la calidad y equidad de la educaci\u00f3n en centros con mayor complejidad educativa. <\/span><span data-huuid=\"14745728687224358191\">Se enfoca en reducir el abandono escolar y apoyar al alumnado vulnerable a trav\u00e9s de medidas como la atenci\u00f3n individualizada, el acompa\u00f1amiento y la formaci\u00f3n para docentes.&nbsp;<\/span><span data-huuid=\"14745728687224360789\"><span class=\"pjBG2e\" data-cid=\"a6ce354a-524f-4748-9200-ff6f5af08b67\"><span class=\"UV3uM\">&nbsp;<\/span><\/span><\/span> Coordinado por Daniel Huertas L\u00f3pez.<\/li>\n<li><strong>TDE<\/strong>. Transformaci\u00f3n Digital Educativa, un proceso para modernizar la ense\u00f1anza y el aprendizaje mediante la integraci\u00f3n de tecnolog\u00edas digitales en las organizaciones educativas. Su objetivo es mejorar la experiencia de aprendizaje, fomentar la competencia digital de alumnos y profesores, y hacer frente a los retos de la sociedad actual de manera equitativa.<span class=\"uJ19be notranslate\" data-wiz-uids=\"QPM1ic_d,QPM1ic_e,QPM1ic_f\"><span class=\"vKEkVd\" data-animation-atomic=\"\"> Coordinado por <\/span><\/span>Mar\u00eda Eugenia L\u00f3pez Gil.<\/li>\n<li><strong>ZTS<\/strong>. Zonas de Transformaci\u00f3n Social<span data-huuid=\"7889151962121707644\">, un programa de atenci\u00f3n socioeducativa dirigido a centros educativos situados en \u00e1reas con necesidades sociales espec\u00edficas.&nbsp;<\/span><span data-huuid=\"7889151962121708115\">El objetivo principal es ofrecer apoyo y recursos adicionales para mejorar el rendimiento escolar y promover la inclusi\u00f3n educativa en estas zonas.<span class=\"pjBG2e\" data-cid=\"5dcabe64-3827-4d19-b258-a689ccb76bb7\"><span class=\"UV3uM\">&nbsp;<\/span><\/span><\/span> Coordinado por Juan Ram\u00f3n L\u00f3pez Castillejo.<\/li>\n<li><strong>STEAM<\/strong>. Enfoque pedag\u00f3gico que integra las disciplinas de Ciencia, Tecnolog\u00eda, Ingenier\u00eda, Arte y Matem\u00e1ticas&nbsp;(Science, Technology, Engineering, Arts, and Mathematics, por sus siglas en ingl\u00e9s). Busca preparar a los estudiantes para resolver problemas del mundo real de manera interdisciplinaria, fomentando el pensamiento cr\u00edtico, la creatividad y la colaboraci\u00f3n a trav\u00e9s de proyectos y actividades pr\u00e1cticas.<span class=\"uJ19be notranslate\" data-wiz-uids=\"MqlOhe_d,MqlOhe_e,MqlOhe_f\"><span class=\"vKEkVd\" data-animation-atomic=\"\"> Coordinado por <\/span><\/span>Mar\u00eda Eugenia L\u00f3pez Gil.<\/li>\n<li><strong>ALDEA<\/strong>. Es una iniciativa de educaci\u00f3n ambiental en Andaluc\u00eda que busca convertir a los centros educativos en espacios m\u00e1s sostenibles, fomentando la conciencia social y el compromiso con el medio ambiente a trav\u00e9s de la participaci\u00f3n de toda la comunidad educativa. Se enfoca en temas como el cambio clim\u00e1tico, la gesti\u00f3n de residuos, la biodiversidad y el desarrollo sostenible, impulsando la creaci\u00f3n de proyectos de innovaci\u00f3n pedag\u00f3gica y la creaci\u00f3n de redes de trabajo colaborativo.<span class=\"uJ19be notranslate\" data-wiz-uids=\"hyp9lc_c,hyp9lc_d,hyp9lc_e\"><span class=\"vKEkVd\" data-animation-atomic=\"\"> Coordinado por <\/span><\/span>Roc\u00edo Lambert Rodr\u00edguez.<\/li>\n<li><strong>Biblioteca<\/strong>. Programa de iniciativas y sistemas que utilizan las bibliotecas como herramientas clave para mejorar el aprendizaje y la calidad educativa.&nbsp;Estos programas buscan fortalecer la lectura, el pensamiento cr\u00edtico y las habilidades de investigaci\u00f3n de los estudiantes, integrando la biblioteca escolar como un centro de recursos de apoyo al curr\u00edculo y a la labor docente.<span class=\"uJ19be notranslate\" data-wiz-uids=\"bxov1e_c,bxov1e_d,bxov1e_e\"><span class=\"vKEkVd\" data-animation-atomic=\"\"> Coordinado por <\/span><\/span>Asunci\u00f3n Contreras L\u00f3pez.<\/li>\n<li><strong>Programa de cooperaci\u00f3n y solidaridad<\/strong>. Es una iniciativa que fomenta la colaboraci\u00f3n entre individuos para lograr objetivos comunes, enfocados en el desarrollo social, la ayuda humanitaria y la promoci\u00f3n de la igualdad. Coordinado por Susana Molina Garc\u00eda.<\/li>\n<li><strong>Forma Joven<\/strong>. Es una estrategia de salud de la Junta de Andaluc\u00eda que busca promover h\u00e1bitos de vida saludables en adolescentes. Capacita al alumnado en la toma de decisiones para que adopten estilos de vida sanos, abordando temas como la educaci\u00f3n emocional, la sexualidad, la nutrici\u00f3n, el uso de tecnolog\u00edas y la prevenci\u00f3n de adicciones. Se integra en los centros educativos y trabaja de forma transversal para fomentar entornos y conductas saludables, haciendo hincapi\u00e9 en el empoderamiento del alumnado y la prevenci\u00f3n de riesgos. Coordinado por Andrea C\u00e9spedes Amaya.<\/li>\n<li><strong>Vivir y sentir el patrimonio<\/strong>. Es una iniciativa de la Junta de Andaluc\u00eda para promover el conocimiento, disfrute y comprensi\u00f3n de los bienes culturales entre el alumnado. Su objetivo es fomentar el aprecio por el patrimonio, desde el hist\u00f3rico-art\u00edstico hasta el etnogr\u00e1fico y cient\u00edfico, y su conservaci\u00f3n, vinculando el aprendizaje escolar con el entorno cercano de forma integral y transdisciplinar. Se basa en el trabajo colaborativo, la competencia digital y la aplicaci\u00f3n de metodolog\u00edas did\u00e1cticas innovadoras.<span class=\"uJ19be notranslate\" data-wiz-uids=\"XZrhGd_d,XZrhGd_e,XZrhGd_f\"><span class=\"vKEkVd\" data-animation-atomic=\"\"> Coordinado por <\/span><\/span>Valeriana Santamar\u00eda Perujo.<\/li>\n<li><strong>Igualdad<\/strong>. Busca promover la igualdad entre g\u00e9neros en los centros educativos a trav\u00e9s de la coeducaci\u00f3n y la eliminaci\u00f3n de estereotipos sexistas. Estos programas, como los Planes de Igualdad de G\u00e9nero, implementan medidas para garantizar que todos los estudiantes tengan las mismas oportunidades, promoviendo un curr\u00edculo inclusivo y la sensibilizaci\u00f3n de toda la comunidad educativa.<span class=\"uJ19be notranslate\" data-wiz-uids=\"s2C4gb_e,s2C4gb_f,s2C4gb_g\"><span class=\"vKEkVd\" data-animation-atomic=\"\"> Coordinado por <\/span><\/span>Esther N\u00fa\u00f1ez Peso.<\/li>\n<\/ul>\n<p>[\/et_pb_text][\/et_pb_column][\/et_pb_row][\/et_pb_section]<\/p>\n","protected":false},"excerpt":{"rendered":"<p>Planes y Proyectos Este centro de secundaria tienen diversos planes y programas que abordan diferentes \u00e1reas, coordinados por el personal docente: Comunica. Programa orientado a mejorar la competencia en comunicaci\u00f3n ling\u00fc\u00edstica del alumnado: leer, escribir, escuchar y hablar para la vida. Integra tambi\u00e9n el desarrollo de la alfabetizaci\u00f3n medi\u00e1tica y audiovisual, en coherencia con los [&hellip;]<\/p>\n","protected":false},"author":7051,"featured_media":0,"parent":0,"menu_order":0,"comment_status":"closed","ping_status":"closed","template":"","meta":{"_et_pb_use_builder":"on","_et_pb_old_content":"","_et_gb_content_width":"","ngg_post_thumbnail":0,"footnotes":""},"aioseo_notices":[],"_links":{"self":[{"href":"https:\/\/blogsaverroes.juntadeandalucia.es\/iesmunigua\/wp-json\/wp\/v2\/pages\/352"}],"collection":[{"href":"https:\/\/blogsaverroes.juntadeandalucia.es\/iesmunigua\/wp-json\/wp\/v2\/pages"}],"about":[{"href":"https:\/\/blogsaverroes.juntadeandalucia.es\/iesmunigua\/wp-json\/wp\/v2\/types\/page"}],"author":[{"embeddable":true,"href":"https:\/\/blogsaverroes.juntadeandalucia.es\/iesmunigua\/wp-json\/wp\/v2\/users\/7051"}],"replies":[{"embeddable":true,"href":"https:\/\/blogsaverroes.juntadeandalucia.es\/iesmunigua\/wp-json\/wp\/v2\/comments?post=352"}],"version-history":[{"count":11,"href":"https:\/\/blogsaverroes.juntadeandalucia.es\/iesmunigua\/wp-json\/wp\/v2\/pages\/352\/revisions"}],"predecessor-version":[{"id":786,"href":"https:\/\/blogsaverroes.juntadeandalucia.es\/iesmunigua\/wp-json\/wp\/v2\/pages\/352\/revisions\/786"}],"wp:attachment":[{"href":"https:\/\/blogsaverroes.juntadeandalucia.es\/iesmunigua\/wp-json\/wp\/v2\/media?parent=352"}],"curies":[{"name":"wp","href":"https:\/\/api.w.org\/{rel}","templated":true}]}}