{"id":705,"date":"2025-11-16T14:26:09","date_gmt":"2025-11-16T13:26:09","guid":{"rendered":"https:\/\/blogsaverroes.juntadeandalucia.es\/iesmunigua\/?page_id=705"},"modified":"2025-11-16T14:26:09","modified_gmt":"2025-11-16T13:26:09","slug":"1o-fp","status":"publish","type":"page","link":"https:\/\/blogsaverroes.juntadeandalucia.es\/iesmunigua\/1o-fp\/","title":{"rendered":"1\u00ba FP"},"content":{"rendered":"<p>Los objetivos curriculares del Grado B\u00e1sico en Mantenimiento de Viviendas en Andaluc\u00eda incluyen la realizaci\u00f3n de operaciones b\u00e1sicas de montaje y mantenimiento de instalaciones de fontaner\u00eda, calefacci\u00f3n y climatizaci\u00f3n; peque\u00f1as reparaciones en instalaciones de electricidad, revestimientos, alicatados y pintura; y el montaje de mobiliario y complementos. Adem\u00e1s, se busca que los estudiantes sepan seleccionar herramientas, aplicar normas de seguridad laboral y protecci\u00f3n medioambiental y utilizar la comunicaci\u00f3n en varios idiomas.<span class=\"uJ19be notranslate\" data-wiz-uids=\"cwGOcc_b,cwGOcc_c,cwGOcc_d\" data-processed=\"true\"><span class=\"vKEkVd\" data-animation-atomic=\"\" data-processed=\"true\">&nbsp;<\/span><\/span><\/p>\n","protected":false},"excerpt":{"rendered":"<p>Los objetivos curriculares del Grado B\u00e1sico en Mantenimiento de Viviendas en Andaluc\u00eda incluyen la realizaci\u00f3n de operaciones b\u00e1sicas de montaje y mantenimiento de instalaciones de fontaner\u00eda, calefacci\u00f3n y climatizaci\u00f3n; peque\u00f1as reparaciones en instalaciones de electricidad, revestimientos, alicatados y pintura; y el montaje de mobiliario y complementos. Adem\u00e1s, se busca que los estudiantes sepan seleccionar herramientas, [&hellip;]<\/p>\n","protected":false},"author":21351,"featured_media":0,"parent":0,"menu_order":0,"comment_status":"closed","ping_status":"closed","template":"","meta":{"_et_pb_use_builder":"","_et_pb_old_content":"","_et_gb_content_width":"","ngg_post_thumbnail":0,"footnotes":""},"aioseo_notices":[],"_links":{"self":[{"href":"https:\/\/blogsaverroes.juntadeandalucia.es\/iesmunigua\/wp-json\/wp\/v2\/pages\/705"}],"collection":[{"href":"https:\/\/blogsaverroes.juntadeandalucia.es\/iesmunigua\/wp-json\/wp\/v2\/pages"}],"about":[{"href":"https:\/\/blogsaverroes.juntadeandalucia.es\/iesmunigua\/wp-json\/wp\/v2\/types\/page"}],"author":[{"embeddable":true,"href":"https:\/\/blogsaverroes.juntadeandalucia.es\/iesmunigua\/wp-json\/wp\/v2\/users\/21351"}],"replies":[{"embeddable":true,"href":"https:\/\/blogsaverroes.juntadeandalucia.es\/iesmunigua\/wp-json\/wp\/v2\/comments?post=705"}],"version-history":[{"count":1,"href":"https:\/\/blogsaverroes.juntadeandalucia.es\/iesmunigua\/wp-json\/wp\/v2\/pages\/705\/revisions"}],"predecessor-version":[{"id":706,"href":"https:\/\/blogsaverroes.juntadeandalucia.es\/iesmunigua\/wp-json\/wp\/v2\/pages\/705\/revisions\/706"}],"wp:attachment":[{"href":"https:\/\/blogsaverroes.juntadeandalucia.es\/iesmunigua\/wp-json\/wp\/v2\/media?parent=705"}],"curies":[{"name":"wp","href":"https:\/\/api.w.org\/{rel}","templated":true}]}}