{"id":717,"date":"2025-11-16T14:31:36","date_gmt":"2025-11-16T13:31:36","guid":{"rendered":"https:\/\/blogsaverroes.juntadeandalucia.es\/iesmunigua\/?page_id=717"},"modified":"2025-11-20T10:55:40","modified_gmt":"2025-11-20T09:55:40","slug":"departamento-de-ingles","status":"publish","type":"page","link":"https:\/\/blogsaverroes.juntadeandalucia.es\/iesmunigua\/departamento-de-ingles\/","title":{"rendered":"Departamento de Ingl\u00e9s"},"content":{"rendered":"<p dir=\"ltr\">El departamento de ingl\u00e9s trabaja con el objetivo base de hacer descubrir a nuestros alumnos la importancia de conocer una nueva lengua extranjera, necesaria en nuestros d\u00edas para tener sentimiento de pertenencia y existencia en el&nbsp; mundo actual en el que el conocimiento de lenguas extranjeras es imprescindible. Esto les permitir\u00e1 saber y descubrir la existencia de una cultura y modos de vida diferentes a los habituales entre nosotros. Otros objetivos del departamento es formar a los alumnos para que ellos adquieran las destrezas y habilidades para desarrollar su expresi\u00f3n oral y escrita en lengua extranjera en funci\u00f3n de los objetivos y criterios establecidos por el departamento. Los miembros del departamento, citados aqu\u00ed abajo, pretenden que consigan su mejor&nbsp; formaci\u00f3n personal&nbsp; e individual para un futuro pr\u00f3ximo ayudados desde esta materia.<\/p>\n<p dir=\"ltr\">Profesores del departamento:<\/p>\n<ul>\n<li dir=\"ltr\">Alejandro Mart\u00edn Ort\u00edn, tutor de 3\u00ba B, e imparte clases en 3\u00baA , 3\u00baB y en el \u00e1mbito socio-ling\u00fc\u00edstico de 3\u00ba Diversificaci\u00f3n. &#8211;<\/li>\n<li dir=\"ltr\">Mar\u00eda Gracia Brenes Hern\u00e1ndez, tutora de 4\u00baB e imparte esta materia en 4\u00ba de ESO- A, 4\u00ba ESO-B y en el \u00e1mbito socio-ling\u00fc\u00edstico de 4\u00ba de Diversificaci\u00f3n. &#8211;<\/li>\n<li dir=\"ltr\">\u00c1ngela Ram\u00edrez Venegas , imparte clases en 1\u00ba de ESO A y B , 2\u00ba ESO A Y B.<\/li>\n<li dir=\"ltr\">Mar\u00eda Esther N\u00fa\u00f1ez Peso, siendo Jefa de Departamento, coordinadora del \u00e1rea Socio-ling\u00fc\u00edstica, imparte clases en el Ciclo Formativo de Grado B\u00e1sico I y II.<\/li>\n<\/ul>\n<p><a href=\"https:\/\/blogsaverroes.juntadeandalucia.es\/iesmunigua\/files\/2025\/11\/PD-INGLES.pdf\">PD INGL\u00c9S <\/a><a href=\"https:\/\/blogsaverroes.juntadeandalucia.es\/iesmunigua\/files\/2025\/11\/PD-AMB-SL.pdf\">PD AMB SL<\/a><\/p>\n","protected":false},"excerpt":{"rendered":"<p>El departamento de ingl\u00e9s trabaja con el objetivo base de hacer descubrir a nuestros alumnos la importancia de conocer una nueva lengua extranjera, necesaria en nuestros d\u00edas para tener sentimiento de pertenencia y existencia en el&nbsp; mundo actual en el que el conocimiento de lenguas extranjeras es imprescindible. Esto les permitir\u00e1 saber y descubrir la [&hellip;]<\/p>\n","protected":false},"author":21351,"featured_media":0,"parent":0,"menu_order":0,"comment_status":"closed","ping_status":"closed","template":"","meta":{"_et_pb_use_builder":"","_et_pb_old_content":"","_et_gb_content_width":"","ngg_post_thumbnail":0,"footnotes":""},"aioseo_notices":[],"_links":{"self":[{"href":"https:\/\/blogsaverroes.juntadeandalucia.es\/iesmunigua\/wp-json\/wp\/v2\/pages\/717"}],"collection":[{"href":"https:\/\/blogsaverroes.juntadeandalucia.es\/iesmunigua\/wp-json\/wp\/v2\/pages"}],"about":[{"href":"https:\/\/blogsaverroes.juntadeandalucia.es\/iesmunigua\/wp-json\/wp\/v2\/types\/page"}],"author":[{"embeddable":true,"href":"https:\/\/blogsaverroes.juntadeandalucia.es\/iesmunigua\/wp-json\/wp\/v2\/users\/21351"}],"replies":[{"embeddable":true,"href":"https:\/\/blogsaverroes.juntadeandalucia.es\/iesmunigua\/wp-json\/wp\/v2\/comments?post=717"}],"version-history":[{"count":7,"href":"https:\/\/blogsaverroes.juntadeandalucia.es\/iesmunigua\/wp-json\/wp\/v2\/pages\/717\/revisions"}],"predecessor-version":[{"id":918,"href":"https:\/\/blogsaverroes.juntadeandalucia.es\/iesmunigua\/wp-json\/wp\/v2\/pages\/717\/revisions\/918"}],"wp:attachment":[{"href":"https:\/\/blogsaverroes.juntadeandalucia.es\/iesmunigua\/wp-json\/wp\/v2\/media?parent=717"}],"curies":[{"name":"wp","href":"https:\/\/api.w.org\/{rel}","templated":true}]}}