{"id":727,"date":"2025-11-17T09:41:34","date_gmt":"2025-11-17T08:41:34","guid":{"rendered":"https:\/\/blogsaverroes.juntadeandalucia.es\/iesmunigua\/?page_id=727"},"modified":"2025-11-20T22:19:40","modified_gmt":"2025-11-20T21:19:40","slug":"departamento-de-ciencias-sociales","status":"publish","type":"page","link":"https:\/\/blogsaverroes.juntadeandalucia.es\/iesmunigua\/departamento-de-ciencias-sociales\/","title":{"rendered":"Departamento de Ciencias Sociales"},"content":{"rendered":"<p dir=\"ltr\">El Departamento de Ciencias Sociales en educaci\u00f3n secundaria se enfoca en la ense\u00f1anza de materias como historia y geograf\u00eda, buscando desarrollar en los alumnos la capacidad de analizar el comportamiento humano y la organizaci\u00f3n social, comprender la pluraridad de causas en la evoluci\u00f3n de las sociedades y analizar el espacio f\u00edsico y sus interacciones.&nbsp;Estas asignaturas buscan que los estudiantes comprendan la historia como un proceso, analicen el territorio en su relaci\u00f3n con las sociedades y entiendan la diversidad geogr\u00e1fica.<span class=\"uJ19be notranslate\" data-wiz-uids=\"FibRsb_c,FibRsb_d,FibRsb_e\" data-processed=\"true\"><span class=\"vKEkVd\" data-animation-atomic=\"\" data-processed=\"true\">&nbsp;<\/span><\/span><\/p>\n<p dir=\"ltr\">Profesores del departamento:<\/p>\n<ul>\n<li dir=\"ltr\">Manuel Jim\u00e9nez Barrado asume la jefatura del departamento de CCSS y la jefatura de estudios. En cuanto a las materias que impartir\u00e1 durante el curso 2025-2026 y su carga horaria, ser\u00e1n las siguientes: &#8211; Econom\u00eda y Emprendimiento &#8211; 4\u00baESO B : 3 horas. &#8211; Filosof\u00eda &#8211; 4\u00ba ESO B: 2 horas. &#8211; Historia &#8211; 4\u00ba ESO B: 3 horas. &#8211; Jefatura de departamento de CCSS: 2 horas. &#8211; Jefatura de estudios: 8 horas. &#8211; Total: 18 horas.<\/li>\n<li dir=\"ltr\">Valeriana Santamar\u00eda Perujo, por su parte, asume las siguientes materias y n\u00famero de horas: &#8211; Tutor\u00eda &#8211; 4\u00baESO A: 2 horas. &#8211; Historia &#8211; 4\u00ba ESO A: 3 horas. &#8211; Formaci\u00f3n y Orientaci\u00f3n Profesional &#8211; 4\u00baESO A: 3 horas. &#8211; Geograf\u00eda &#8211; 3\u00ba ESO A\/B: 6 horas. &#8211; Itinerario para la Empleabilidad &#8211; 1\u00baCFGB: 3 horas. &#8211; Proyecto Intermodular &#8211; 2\u00baCFGB: 2 horas. &#8211; Total: 19 horas.<\/li>\n<li dir=\"ltr\">M.\u00aa Trinidad Morej\u00f3n Viejo, asume las siguientes materias y n\u00famero de horas: &#8211; Tutor\u00eda &#8211; 1\u00baESO B: 2 horas. &#8211; Educaci\u00f3n en Valores C\u00edvicos y \u00c9ticos &#8211; 2\u00baESO A\/B: 2 horas. &#8211; Geograf\u00eda e Historia &#8211; 1\u00ba A\/B: 6 horas. &#8211; Iniciaci\u00f3n a la Actividad Econ\u00f3mica y Empresarial &#8211; 3\u00ba Diversificaci\u00f3n: 2 horas. &#8211; Geograf\u00eda e Historia &#8211; 2\u00baESO A\/B: 6 horas. &#8211; Total: 18 horas.<\/li>\n<\/ul>\n<p>&nbsp;<\/p>\n<p><a href=\"https:\/\/blogsaverroes.juntadeandalucia.es\/iesmunigua\/files\/2025\/11\/PD-GEH.pdf\">PD GEH<\/a> <a href=\"https:\/\/blogsaverroes.juntadeandalucia.es\/iesmunigua\/files\/2025\/11\/PD-IAEE.pdf\">PD IAEE<\/a> <a href=\"https:\/\/blogsaverroes.juntadeandalucia.es\/iesmunigua\/files\/2025\/11\/PD-FILOSOFIA.pdf\">PD FILOSOF\u00cdA <\/a><a href=\"https:\/\/blogsaverroes.juntadeandalucia.es\/iesmunigua\/files\/2025\/11\/PD-EYE.pdf\">PD EYE <\/a><a href=\"https:\/\/blogsaverroes.juntadeandalucia.es\/iesmunigua\/files\/2025\/11\/PD-FOPP.pdf\">PD FOPP<\/a><\/p>\n","protected":false},"excerpt":{"rendered":"<p>El Departamento de Ciencias Sociales en educaci\u00f3n secundaria se enfoca en la ense\u00f1anza de materias como historia y geograf\u00eda, buscando desarrollar en los alumnos la capacidad de analizar el comportamiento humano y la organizaci\u00f3n social, comprender la pluraridad de causas en la evoluci\u00f3n de las sociedades y analizar el espacio f\u00edsico y sus interacciones.&nbsp;Estas asignaturas [&hellip;]<\/p>\n","protected":false},"author":21351,"featured_media":0,"parent":0,"menu_order":0,"comment_status":"closed","ping_status":"closed","template":"","meta":{"_et_pb_use_builder":"","_et_pb_old_content":"","_et_gb_content_width":"","ngg_post_thumbnail":0,"footnotes":""},"aioseo_notices":[],"_links":{"self":[{"href":"https:\/\/blogsaverroes.juntadeandalucia.es\/iesmunigua\/wp-json\/wp\/v2\/pages\/727"}],"collection":[{"href":"https:\/\/blogsaverroes.juntadeandalucia.es\/iesmunigua\/wp-json\/wp\/v2\/pages"}],"about":[{"href":"https:\/\/blogsaverroes.juntadeandalucia.es\/iesmunigua\/wp-json\/wp\/v2\/types\/page"}],"author":[{"embeddable":true,"href":"https:\/\/blogsaverroes.juntadeandalucia.es\/iesmunigua\/wp-json\/wp\/v2\/users\/21351"}],"replies":[{"embeddable":true,"href":"https:\/\/blogsaverroes.juntadeandalucia.es\/iesmunigua\/wp-json\/wp\/v2\/comments?post=727"}],"version-history":[{"count":9,"href":"https:\/\/blogsaverroes.juntadeandalucia.es\/iesmunigua\/wp-json\/wp\/v2\/pages\/727\/revisions"}],"predecessor-version":[{"id":939,"href":"https:\/\/blogsaverroes.juntadeandalucia.es\/iesmunigua\/wp-json\/wp\/v2\/pages\/727\/revisions\/939"}],"wp:attachment":[{"href":"https:\/\/blogsaverroes.juntadeandalucia.es\/iesmunigua\/wp-json\/wp\/v2\/media?parent=727"}],"curies":[{"name":"wp","href":"https:\/\/api.w.org\/{rel}","templated":true}]}}