{"id":733,"date":"2025-11-17T09:43:44","date_gmt":"2025-11-17T08:43:44","guid":{"rendered":"https:\/\/blogsaverroes.juntadeandalucia.es\/iesmunigua\/?page_id=733"},"modified":"2025-11-21T10:57:13","modified_gmt":"2025-11-21T09:57:13","slug":"departamento-de-plastica","status":"publish","type":"page","link":"https:\/\/blogsaverroes.juntadeandalucia.es\/iesmunigua\/departamento-de-plastica\/","title":{"rendered":"Departamento de  Educaci\u00f3n Pl\u00e1stica"},"content":{"rendered":"<div class=\"Y3BBE\" data-sfc-cp=\"\" data-hveid=\"CAEQAA\" data-processed=\"true\">En el departamento de educaci\u00f3n pl\u00e1stica se dedica a la ense\u00f1anza y el aprendizaje de las artes visuales pl\u00e1ticas, como el dibujo, la pintura, la escultura y la fotograf\u00eda. Estas materias desarrollan la capacidad del alumnado para percibir, expresar y comprender la realidad a trav\u00e9s de la creaci\u00f3n de obras de arte y la interpretaci\u00f3n de im\u00e1genes y cultura visual.<span class=\"uJ19be notranslate\" data-wiz-uids=\"CdY9md_c,CdY9md_d,CdY9md_e\" data-processed=\"true\"><span class=\"vKEkVd\" data-animation-atomic=\"\" data-processed=\"true\">&nbsp;<\/span><\/span><\/div>\n<div class=\"Fsg96\" data-sfc-cp=\"\" data-processed=\"true\">&nbsp;<\/div>\n<div class=\"otQkpb\" role=\"heading\" data-animation-nesting=\"\" data-sfc-cp=\"\" data-processed=\"true\">Objetivos<\/div>\n<ul class=\"KsbFXc U6u95\" data-processed=\"true\">\n<li data-hveid=\"CAMQAA\" data-processed=\"true\"><span class=\"T286Pc\" data-sfc-cp=\"\" data-processed=\"true\">Desarrollar habilidades perceptivas, expresivas y est\u00e9ticas.<\/span><\/li>\n<li data-hveid=\"CAMQAQ\" data-processed=\"true\"><span class=\"T286Pc\" data-sfc-cp=\"\" data-processed=\"true\">Fomentar el conocimiento de lenguajes visuales y audiovisuales.<\/span><\/li>\n<li data-hveid=\"CAMQAg\" data-processed=\"true\"><span class=\"T286Pc\" data-sfc-cp=\"\" data-processed=\"true\">Ayudar a comprender el mundo como un entorno de im\u00e1genes.<\/span><\/li>\n<li data-hveid=\"CAMQAw\" data-processed=\"true\"><span class=\"T286Pc\" data-sfc-cp=\"\" data-processed=\"true\">Permitir la experimentaci\u00f3n, reflexi\u00f3n e interpretaci\u00f3n de la imagen pl\u00e1stica.<\/span><span class=\"uJ19be notranslate\" data-wiz-uids=\"CdY9md_x,CdY9md_y,CdY9md_z\" data-processed=\"true\"><span class=\"vKEkVd\" data-animation-atomic=\"\" data-processed=\"true\">&nbsp;<\/span><\/span><\/li>\n<\/ul>\n<p>&nbsp;<\/p>\n<p dir=\"ltr\">Profesores del departamento:<\/p>\n<p class=\"mb-0\">El Departamento de Educaci\u00f3n Pl\u00e1stica, Visual y Audiovisual est\u00e1 formado por In\u00e9s Cabrera Rodr\u00edguez que se encuentra de baja, por lo que la sustituye Javier Noriega Romero. El Jefe del \u00c1rea art\u00edstica es Mar\u00eda Lourdes Ben\u00edtez Cort\u00e9s y que est\u00e1 compuesta por los departamentos de Pl\u00e1stica, M\u00fasica y Educaci\u00f3n F\u00edsica. In\u00e9s Cabrera y en su ausencia Javier Noriega, imparte clases en 1o A, 1o B, 3o A , 3o B de la ESO, de Educaci\u00f3n Pl\u00e1stica, Visual y Audiovisual. Tambi\u00e9n imparte la optativa en 2o AB de la ESO, de Proyecto de Educaci\u00f3n Pl\u00e1stica y Audiovisual . Y tambi\u00e9n imparte la optativa en 4o A de ESO, de Dibujo T\u00e9cnico.<\/p>\n<p>&nbsp;<\/p>\n<p><a href=\"https:\/\/blogsaverroes.juntadeandalucia.es\/iesmunigua\/files\/2025\/11\/PD-DIBUJO.pdf\">PD DIBUJO<\/a> <a href=\"https:\/\/blogsaverroes.juntadeandalucia.es\/iesmunigua\/files\/2025\/11\/PD-EPVA.pdf\">PD EPVA <\/a><a href=\"https:\/\/blogsaverroes.juntadeandalucia.es\/iesmunigua\/files\/2025\/11\/PD-PEPA.pdf\">PD PEPA<\/a><\/p>\n","protected":false},"excerpt":{"rendered":"<p>En el departamento de educaci\u00f3n pl\u00e1stica se dedica a la ense\u00f1anza y el aprendizaje de las artes visuales pl\u00e1ticas, como el dibujo, la pintura, la escultura y la fotograf\u00eda. Estas materias desarrollan la capacidad del alumnado para percibir, expresar y comprender la realidad a trav\u00e9s de la creaci\u00f3n de obras de arte y la interpretaci\u00f3n [&hellip;]<\/p>\n","protected":false},"author":21351,"featured_media":0,"parent":0,"menu_order":0,"comment_status":"closed","ping_status":"closed","template":"","meta":{"_et_pb_use_builder":"","_et_pb_old_content":"","_et_gb_content_width":"","ngg_post_thumbnail":0,"footnotes":""},"aioseo_notices":[],"_links":{"self":[{"href":"https:\/\/blogsaverroes.juntadeandalucia.es\/iesmunigua\/wp-json\/wp\/v2\/pages\/733"}],"collection":[{"href":"https:\/\/blogsaverroes.juntadeandalucia.es\/iesmunigua\/wp-json\/wp\/v2\/pages"}],"about":[{"href":"https:\/\/blogsaverroes.juntadeandalucia.es\/iesmunigua\/wp-json\/wp\/v2\/types\/page"}],"author":[{"embeddable":true,"href":"https:\/\/blogsaverroes.juntadeandalucia.es\/iesmunigua\/wp-json\/wp\/v2\/users\/21351"}],"replies":[{"embeddable":true,"href":"https:\/\/blogsaverroes.juntadeandalucia.es\/iesmunigua\/wp-json\/wp\/v2\/comments?post=733"}],"version-history":[{"count":8,"href":"https:\/\/blogsaverroes.juntadeandalucia.es\/iesmunigua\/wp-json\/wp\/v2\/pages\/733\/revisions"}],"predecessor-version":[{"id":963,"href":"https:\/\/blogsaverroes.juntadeandalucia.es\/iesmunigua\/wp-json\/wp\/v2\/pages\/733\/revisions\/963"}],"wp:attachment":[{"href":"https:\/\/blogsaverroes.juntadeandalucia.es\/iesmunigua\/wp-json\/wp\/v2\/media?parent=733"}],"curies":[{"name":"wp","href":"https:\/\/api.w.org\/{rel}","templated":true}]}}