{"id":995,"date":"2025-11-26T19:58:01","date_gmt":"2025-11-26T18:58:01","guid":{"rendered":"https:\/\/blogsaverroes.juntadeandalucia.es\/iesmunigua\/?page_id=995"},"modified":"2026-02-12T15:57:44","modified_gmt":"2026-02-12T14:57:44","slug":"podcast-del-centro","status":"publish","type":"page","link":"https:\/\/blogsaverroes.juntadeandalucia.es\/iesmunigua\/podcast-del-centro\/","title":{"rendered":"Radio"},"content":{"rendered":"<p data-start=\"525\" data-end=\"698\"><img loading=\"lazy\" decoding=\"async\" class=\"aligncenter size-medium wp-image-1029\" src=\"https:\/\/blogsaverroes.juntadeandalucia.es\/iesmunigua\/files\/2026\/02\/Logo-radio-210x300.jpeg\" alt=\"\" width=\"210\" height=\"300\"><\/p>\n<p data-start=\"525\" data-end=\"698\">&nbsp;<\/p>\n<p style=\"text-align: center\" data-start=\"525\" data-end=\"698\"><strong data-start=\"525\" data-end=\"562\">UNA RADIO, MIL HISTORIAS Y MUCH\u00cdSIMAS EMOCIONES<\/strong><\/p>\n<!--[if lt IE 9]><script>document.createElement('audio');<\/script><![endif]-->\n<audio class=\"wp-audio-shortcode\" id=\"audio-995-1\" preload=\"none\" style=\"width: 100%;\" controls=\"controls\"><source type=\"audio\/mpeg\" src=\"https:\/\/blogsaverroes.juntadeandalucia.es\/iesmunigua\/files\/2026\/02\/hitslab-podcast-interview-intro-music-397245-1.mp3?_=1\" \/><a href=\"https:\/\/blogsaverroes.juntadeandalucia.es\/iesmunigua\/files\/2026\/02\/hitslab-podcast-interview-intro-music-397245-1.mp3\">https:\/\/blogsaverroes.juntadeandalucia.es\/iesmunigua\/files\/2026\/02\/hitslab-podcast-interview-intro-music-397245-1.mp3<\/a><\/audio>\n<p data-start=\"525\" data-end=\"698\">&nbsp;<\/p>\n<p data-start=\"525\" data-end=\"698\"><strong data-start=\"525\" data-end=\"562\">Bienvenidos al Podcast del Centro<\/strong>, un espacio donde el alumnado y profesorado comparten proyectos, entrevistas, experiencias y aprendizajes de nuestro d\u00eda a d\u00eda escolar.<\/p>\n<p data-start=\"700\" data-end=\"856\">Aqu\u00ed encontrar\u00e1s episodios grabados con <strong data-start=\"740\" data-end=\"752\">Audacity<\/strong> y alojados en <strong data-start=\"767\" data-end=\"776\">iVoox<\/strong>, con contenidos educativos y creativos creados por nuestra comunidad educativa.<\/p>\n<p data-start=\"1101\" data-end=\"1134\">Este podcast tiene como objetivo:<\/p>\n<ul data-start=\"1136\" data-end=\"1368\">\n<li data-start=\"1136\" data-end=\"1183\">\n<p data-start=\"1138\" data-end=\"1183\">\ud83c\udf1f Potenciar la expresi\u00f3n oral del alumnado<\/p>\n<\/li>\n<li data-start=\"1184\" data-end=\"1233\">\n<p data-start=\"1186\" data-end=\"1233\">\ud83c\udfa4 Compartir proyectos y novedades del centro<\/p>\n<\/li>\n<li data-start=\"1234\" data-end=\"1295\">\n<p data-start=\"1236\" data-end=\"1295\">\ud83e\udd1d Dar voz a distintos miembros de la comunidad educativa<\/p>\n<\/li>\n<li data-start=\"1296\" data-end=\"1368\">\n<p data-start=\"1298\" data-end=\"1368\">\ud83d\udca1 Promover la creatividad, el pensamiento cr\u00edtico y la comunicaci\u00f3n<\/p>\n<\/li>\n<\/ul>\n<p>&nbsp;<\/p>\n<p style=\"text-align: center\"><a style=\"background-color: #1e73be;color: white;padding: 12px 25px;text-decoration: none;border-radius: 8px;font-weight: bold\" href=\"https:\/\/blogsaverroes.juntadeandalucia.es\/iesmunigua\/todos-nuestros-podcast\/\">\ud83c\udf99 ESCUCHA TODOS NUESTROS PODCAST<br \/>\n<\/a><\/p>\n","protected":false},"excerpt":{"rendered":"<p>&nbsp; UNA RADIO, MIL HISTORIAS Y MUCH\u00cdSIMAS EMOCIONES &nbsp; Bienvenidos al Podcast del Centro, un espacio donde el alumnado y profesorado comparten proyectos, entrevistas, experiencias y aprendizajes de nuestro d\u00eda a d\u00eda escolar. Aqu\u00ed encontrar\u00e1s episodios grabados con Audacity y alojados en iVoox, con contenidos educativos y creativos creados por nuestra comunidad educativa. Este podcast [&hellip;]<\/p>\n","protected":false},"author":21351,"featured_media":1029,"parent":0,"menu_order":0,"comment_status":"closed","ping_status":"closed","template":"","meta":{"_et_pb_use_builder":"","_et_pb_old_content":"","_et_gb_content_width":"","ngg_post_thumbnail":0,"footnotes":""},"aioseo_notices":[],"_links":{"self":[{"href":"https:\/\/blogsaverroes.juntadeandalucia.es\/iesmunigua\/wp-json\/wp\/v2\/pages\/995"}],"collection":[{"href":"https:\/\/blogsaverroes.juntadeandalucia.es\/iesmunigua\/wp-json\/wp\/v2\/pages"}],"about":[{"href":"https:\/\/blogsaverroes.juntadeandalucia.es\/iesmunigua\/wp-json\/wp\/v2\/types\/page"}],"author":[{"embeddable":true,"href":"https:\/\/blogsaverroes.juntadeandalucia.es\/iesmunigua\/wp-json\/wp\/v2\/users\/21351"}],"replies":[{"embeddable":true,"href":"https:\/\/blogsaverroes.juntadeandalucia.es\/iesmunigua\/wp-json\/wp\/v2\/comments?post=995"}],"version-history":[{"count":12,"href":"https:\/\/blogsaverroes.juntadeandalucia.es\/iesmunigua\/wp-json\/wp\/v2\/pages\/995\/revisions"}],"predecessor-version":[{"id":1044,"href":"https:\/\/blogsaverroes.juntadeandalucia.es\/iesmunigua\/wp-json\/wp\/v2\/pages\/995\/revisions\/1044"}],"wp:featuredmedia":[{"embeddable":true,"href":"https:\/\/blogsaverroes.juntadeandalucia.es\/iesmunigua\/wp-json\/wp\/v2\/media\/1029"}],"wp:attachment":[{"href":"https:\/\/blogsaverroes.juntadeandalucia.es\/iesmunigua\/wp-json\/wp\/v2\/media?parent=995"}],"curies":[{"name":"wp","href":"https:\/\/api.w.org\/{rel}","templated":true}]}}