{"id":1043,"date":"2021-07-16T07:12:16","date_gmt":"2021-07-16T07:12:16","guid":{"rendered":"http:\/\/iesmva.net\/?page_id=1043"},"modified":"2021-07-16T07:12:16","modified_gmt":"2021-07-16T07:12:16","slug":"resolucion-de-dudas-y-dificultades-sobre-el-cheque-libro-para-el-curso-21-22","status":"publish","type":"page","link":"https:\/\/blogsaverroes.juntadeandalucia.es\/iesmva\/resolucion-de-dudas-y-dificultades-sobre-el-cheque-libro-para-el-curso-21-22\/","title":{"rendered":"Resoluci\u00f3n de dudas y dificultades sobre el cheque-libro para el curso 21-22"},"content":{"rendered":"<div class=\"entry-content\">\n<p><a href=\"http:\/\/iesmva.net\/?page_id=826#ipasen\">No s\u00e9 c\u00f3mo conseguir mi clave iPASEN<\/a><\/p>\n<p><a href=\"http:\/\/iesmva.net\/?page_id=826#iande\">No conozco la clave iANDE<\/a><\/p>\n<p><a href=\"http:\/\/iesmva.net\/?page_id=826#nocheque\">En el punto de recogida no aparece mi cheque-libro<\/a><\/p>\n<p><a href=\"http:\/\/iesmva.net\/?page_id=826#libros\">En el cheque-libro no aparecen todas las materias que ha seleccionado el alumno\/a en la matr\u00edcula<\/a><\/p>\n<h3 id=\"ipasen\">No s\u00e9 c\u00f3mo conseguir mi clave iPASEN<\/h3>\n<p>Hay dos alternativas:<\/p>\n<p>a) Entra en iPASEN y, en la pantalla de inicio, pulsar \u201cNo tengo acceso\u201d para hacer un autologin (Esto sirve especialmente para padres y madres, pero no para la mayor\u00eda de alumnos\/as). Os dejamos un breve manual<\/p>\n<p><iframe src=\"http:\/\/docs.google.com\/viewer?url=http%3A%2F%2Fiesmva.net%2Fwp-content%2Fuploads%2F2020%2F04%2FGu%C3%ADa-r%C3%A1pida-acceso-iPASEN.pdf&amp;hl=es&amp;embedded=true\" scrolling=\"no\"><\/iframe><\/p>\n<p class=\"gde-text\"><a class=\"gde-link\" href=\"https:\/\/blogsaverroes.juntadeandalucia.es\/iesmva\/files\/2020\/04\/Gu\u00eda-r\u00e1pida-acceso-iPASEN.pdf\">Descargar (PDF, 614KB)<\/a><\/p>\n<p>b) Escribe a secretaria@edumva.com o env\u00eda un mensaje a trav\u00e9s de iPASEN, explicando tu dificultad.<\/p>\n<h3 id=\"iande\">No conozco la clave iANDE<\/h3>\n<p>Si a\u00fan no conoces tu clave iANDe haz lo siguiente:<\/p>\n<p>Si tu hijo\/a ha estudiado en un centro educativo de Andaluc\u00eda , entra en t\u00fa iPASEN y ve al apartado de <strong>Comunicaciones<\/strong>. Busca un mensaje\u00a0de la Consejer\u00eda que aparecer\u00e1 anclado arriba,\u00a0 con el asunto\u201didentificador Andaluz educativo\u201d. Si a\u00fan no lo encuentras, te dejamos el siguiente <a href=\"https:\/\/www.youtube.com\/watch?v=GolSetOB82M\">minivideo explicativo<\/a>.<\/p>\n<p>Si tu hijo\/a se incorpora por primera vez al sistema educativo andaluz o en cualquier otro caso, puedes solicitar una clave iANDe a trav\u00e9s del siguiente enlace: <a href=\"https:\/\/www.juntadeandalucia.es\/educacion\/secretariavirtual\/autenticacion\/registroUsuarioIANDE\/\">Solicitud de clave iANDe<\/a> . Se enviar\u00e1 la clave al tel\u00e9fono que indiques.<\/p>\n<h3 id=\"nocheque\">En el punto de recogida no aparece mi cheque-libro<\/h3>\n<p><strong>En julio, a partir del d\u00eda 16<\/strong>,\u00a0 s\u00f3lo se emiten los cheques libro de aquellos alumnos\/as que han conseguido promocionar en junio y que por tanto saben con seguridad que van a estar en 2<strong>\u00ba o 4\u00baESO<\/strong> en el curso 21-22 y que no van a cursar PMAR. El alumnado de 1\u00ba y 3\u00ba ESO recibir\u00e1 sus libros del centro.<\/p>\n<p>Si a partir del 16 de julio el cheque-libro no aparece en el punto de recogida, esto puede deberse a uno de los siguientes motivos:<\/p>\n<ul>\n<li>La promoci\u00f3n del alumno\/a depende de las pruebas de septiembre. Hasta que no las realice y sepa con certeza qu\u00e9 nivel cursar\u00e1 no se emitir\u00e1 su cheque-libro.<\/li>\n<li>Est\u00e1 previsto que el alumno curse PMAR en 2\u00baESO. Hasta septiembre no se realizar\u00e1 su asginaci\u00f3n definitiva de libros.<\/li>\n<li>Tiene dotaci\u00f3n de libros espec\u00edfica.<\/li>\n<\/ul>\n<p>Si el cheque-libro no est\u00e1 disponible en el punto de recogida y crees que se trata de un error, ponte en contacto con el centro a trav\u00e9s del correo <a href=\"mailto:secretaria@edumva.com\">secretaria@edumva.com\u00a0<\/a>o con un mensaje a trav\u00e9s de iPASEN.<\/p>\n<h3 id=\"libros\">En el cheque-libro no aparecen todas las materias que ha seleccionado el alumno\/a en la matr\u00edcula<\/h3>\n<p>Los cheques-libro de julio incluir\u00e1n los libros de <strong>materias obligatorias<\/strong> y alguna optativa que hayan decidido renovar los textos.<\/p>\n<p>Puede que los libros de algunas materias que el alumno ha solicitado en la matr\u00edcula no aparezcan en el cheque-libro. Esto puede deberse a las siguientes causas:<\/p>\n<ul>\n<li>Se trata de una materia para la que se ha decidido\u00a0 reutilizar los libros ya existentes o que no necesita libro de texto.<\/li>\n<li>Se trata de una materia optativa sobre la que a\u00fan existen dudas de que el alumno pueda cursar, debido a cuestiones organizativas o pedag\u00f3gicas.<\/li>\n<\/ul>\n<p>En caso de que el alumno\/a necesite finalmente un libro de alguna materia que no se incluy\u00f3 en el cheque, dicho libro ser\u00e1 proporcionado por el centro al comienzo de curso.<\/p>\n<\/div>\n","protected":false},"excerpt":{"rendered":"<p>No s\u00e9 c\u00f3mo conseguir mi clave iPASEN No conozco la clave iANDE En el punto de recogida no aparece mi cheque-libro En el cheque-libro no aparecen todas las materias que ha seleccionado el alumno\/a en la matr\u00edcula No s\u00e9 c\u00f3mo conseguir mi clave iPASEN Hay dos alternativas: a) Entra en iPASEN y, en la pantalla &hellip; <a href=\"https:\/\/blogsaverroes.juntadeandalucia.es\/iesmva\/resolucion-de-dudas-y-dificultades-sobre-el-cheque-libro-para-el-curso-21-22\/\" class=\"more-link\">Continuar leyendo<span class=\"screen-reader-text\"> &#8220;Resoluci\u00f3n de dudas y dificultades sobre el cheque-libro para el curso 21-22&#8221;<\/span><\/a><\/p>\n","protected":false},"author":15187,"featured_media":0,"parent":0,"menu_order":0,"comment_status":"closed","ping_status":"closed","template":"","meta":{"ngg_post_thumbnail":0,"footnotes":""},"aioseo_notices":[],"_links":{"self":[{"href":"https:\/\/blogsaverroes.juntadeandalucia.es\/iesmva\/wp-json\/wp\/v2\/pages\/1043"}],"collection":[{"href":"https:\/\/blogsaverroes.juntadeandalucia.es\/iesmva\/wp-json\/wp\/v2\/pages"}],"about":[{"href":"https:\/\/blogsaverroes.juntadeandalucia.es\/iesmva\/wp-json\/wp\/v2\/types\/page"}],"author":[{"embeddable":true,"href":"https:\/\/blogsaverroes.juntadeandalucia.es\/iesmva\/wp-json\/wp\/v2\/users\/15187"}],"replies":[{"embeddable":true,"href":"https:\/\/blogsaverroes.juntadeandalucia.es\/iesmva\/wp-json\/wp\/v2\/comments?post=1043"}],"version-history":[{"count":0,"href":"https:\/\/blogsaverroes.juntadeandalucia.es\/iesmva\/wp-json\/wp\/v2\/pages\/1043\/revisions"}],"wp:attachment":[{"href":"https:\/\/blogsaverroes.juntadeandalucia.es\/iesmva\/wp-json\/wp\/v2\/media?parent=1043"}],"curies":[{"name":"wp","href":"https:\/\/api.w.org\/{rel}","templated":true}]}}