{"id":772,"date":"2021-03-01T11:47:45","date_gmt":"2021-03-01T11:47:45","guid":{"rendered":"https:\/\/blogsaverroes.juntadeandalucia.es\/iesnazari\/?page_id=772"},"modified":"2021-03-01T11:47:45","modified_gmt":"2021-03-01T11:47:45","slug":"normas-de-convivencia","status":"publish","type":"page","link":"https:\/\/blogsaverroes.juntadeandalucia.es\/iesnazari\/normas-de-convivencia\/","title":{"rendered":"Normas de Convivencia"},"content":{"rendered":"<p>P\u00e1gina en construcci\u00f3n, estamos trabajando para ofrecerte informaci\u00f3n en breve aqu\u00ed.<\/p>\n","protected":false},"excerpt":{"rendered":"<p>P\u00e1gina en construcci\u00f3n, estamos trabajando para ofrecerte informaci\u00f3n en breve aqu\u00ed.<\/p>\n","protected":false},"author":3523,"featured_media":0,"parent":0,"menu_order":0,"comment_status":"closed","ping_status":"closed","template":"","meta":{"ngg_post_thumbnail":0,"footnotes":""},"aioseo_notices":[],"_links":{"self":[{"href":"https:\/\/blogsaverroes.juntadeandalucia.es\/iesnazari\/wp-json\/wp\/v2\/pages\/772"}],"collection":[{"href":"https:\/\/blogsaverroes.juntadeandalucia.es\/iesnazari\/wp-json\/wp\/v2\/pages"}],"about":[{"href":"https:\/\/blogsaverroes.juntadeandalucia.es\/iesnazari\/wp-json\/wp\/v2\/types\/page"}],"author":[{"embeddable":true,"href":"https:\/\/blogsaverroes.juntadeandalucia.es\/iesnazari\/wp-json\/wp\/v2\/users\/3523"}],"replies":[{"embeddable":true,"href":"https:\/\/blogsaverroes.juntadeandalucia.es\/iesnazari\/wp-json\/wp\/v2\/comments?post=772"}],"version-history":[{"count":1,"href":"https:\/\/blogsaverroes.juntadeandalucia.es\/iesnazari\/wp-json\/wp\/v2\/pages\/772\/revisions"}],"predecessor-version":[{"id":773,"href":"https:\/\/blogsaverroes.juntadeandalucia.es\/iesnazari\/wp-json\/wp\/v2\/pages\/772\/revisions\/773"}],"wp:attachment":[{"href":"https:\/\/blogsaverroes.juntadeandalucia.es\/iesnazari\/wp-json\/wp\/v2\/media?parent=772"}],"curies":[{"name":"wp","href":"https:\/\/api.w.org\/{rel}","templated":true}]}}