{"id":1072,"date":"2021-12-01T10:37:23","date_gmt":"2021-12-01T09:37:23","guid":{"rendered":"https:\/\/blogsaverroes.juntadeandalucia.es\/iesnuevaspoblaciones\/?page_id=1072"},"modified":"2023-03-02T13:29:56","modified_gmt":"2023-03-02T12:29:56","slug":"fpelectricidad","status":"publish","type":"page","link":"https:\/\/blogsaverroes.juntadeandalucia.es\/iesnuevaspoblaciones\/fpelectricidad\/","title":{"rendered":"Formaci\u00f3n Profesional Electricidad"},"content":{"rendered":"<p>[et_pb_section fb_built=&#8221;1&#8243; _builder_version=&#8221;4.14.5&#8243; _module_preset=&#8221;default&#8221; global_colors_info=&#8221;{}&#8221;][et_pb_row column_structure=&#8221;1_2,1_2&#8243; _builder_version=&#8221;4.14.5&#8243; _module_preset=&#8221;default&#8221; global_colors_info=&#8221;{}&#8221;][et_pb_column type=&#8221;1_2&#8243; _builder_version=&#8221;4.14.5&#8243; _module_preset=&#8221;default&#8221; global_colors_info=&#8221;{}&#8221;][et_pb_image src=&#8221;https:\/\/blogsaverroes.juntadeandalucia.es\/iesnuevaspoblaciones\/files\/2022\/02\/Elec-1.jpg&#8221; title_text=&#8221;Elec (1)&#8221; url=&#8221;https:\/\/blogsaverroes.juntadeandalucia.es\/iesnuevaspoblaciones\/tgselectro\/&#8221; _builder_version=&#8221;4.14.5&#8243; _module_preset=&#8221;default&#8221; global_colors_info=&#8221;{}&#8221;][\/et_pb_image][et_pb_text _builder_version=&#8221;4.14.5&#8243; _module_preset=&#8221;default&#8221; link_option_url=&#8221;https:\/\/blogsaverroes.juntadeandalucia.es\/iesnuevaspoblaciones\/tgselectro\/&#8221; border_width_all=&#8221;3px&#8221; border_color_all=&#8221;#0C71C3&#8243; global_colors_info=&#8221;{}&#8221;]<\/p>\n<div class=\"et_pb_with_border et_pb_module et_pb_text et_pb_text_0 et_pb_text_align_left et_pb_bg_layout_light\">\n<div class=\"et_pb_text_inner\">\n<p style=\"text-align: center\"><strong>GRADO SUPERIOR<\/strong><\/p>\n<p style=\"text-align: center\">CFGS SISTEMAS ELECTROT\u00c9CNICOS Y AUTOMATIZADOS<\/p>\n<\/div>\n<\/div>\n<p>[\/et_pb_text][\/et_pb_column][et_pb_column type=&#8221;1_2&#8243; _builder_version=&#8221;4.14.5&#8243; _module_preset=&#8221;default&#8221; global_colors_info=&#8221;{}&#8221;][et_pb_image src=&#8221;https:\/\/blogsaverroes.juntadeandalucia.es\/iesnuevaspoblaciones\/files\/2023\/02\/2.png&#8221; title_text=&#8221;2&#8243; url=&#8221;https:\/\/blogsaverroes.juntadeandalucia.es\/iesnuevaspoblaciones\/instalaciones-electricas-automatica\/&#8221; _builder_version=&#8221;4.14.5&#8243; _module_preset=&#8221;default&#8221; global_colors_info=&#8221;{}&#8221;][\/et_pb_image][et_pb_text _builder_version=&#8221;4.14.5&#8243; _module_preset=&#8221;default&#8221; link_option_url=&#8221;https:\/\/blogsaverroes.juntadeandalucia.es\/iesnuevaspoblaciones\/instalaciones-electricas-automatica\/&#8221; border_width_all=&#8221;3px&#8221; border_color_all=&#8221;#0C71C3&#8243; global_colors_info=&#8221;{}&#8221;]<\/p>\n<div class=\"et_pb_with_border et_pb_module et_pb_text et_pb_text_0 et_pb_text_align_left et_pb_bg_layout_light\">\n<div class=\"et_pb_text_inner\">\n<p style=\"text-align: center\"><a href=\"https:\/\/blogsaverroes.juntadeandalucia.es\/iesnuevaspoblaciones\/instalaciones-electricas-automatica\/\"><strong>GRADO MEDIO<\/strong><\/a><\/p>\n<p style=\"text-align: center\">CFGM INSTALACIONES EL\u00c9CTRICAS Y AUTOM\u00c1TICAS<\/p>\n<\/div>\n<\/div>\n<p>[\/et_pb_text][\/et_pb_column][\/et_pb_row][et_pb_row column_structure=&#8221;1_2,1_2&#8243; _builder_version=&#8221;4.14.5&#8243; _module_preset=&#8221;default&#8221; global_colors_info=&#8221;{}&#8221;][et_pb_column type=&#8221;1_2&#8243; _builder_version=&#8221;4.14.5&#8243; _module_preset=&#8221;default&#8221; global_colors_info=&#8221;{}&#8221;][et_pb_image src=&#8221;https:\/\/blogsaverroes.juntadeandalucia.es\/iesnuevaspoblaciones\/files\/2022\/02\/Elec-2-scaled.jpg&#8221; title_text=&#8221;Elec (2)&#8221; url=&#8221;https:\/\/blogsaverroes.juntadeandalucia.es\/iesnuevaspoblaciones\/fpb-electricidad-y-electronica\/&#8221; _builder_version=&#8221;4.14.5&#8243; _module_preset=&#8221;default&#8221; global_colors_info=&#8221;{}&#8221;][\/et_pb_image][et_pb_text _builder_version=&#8221;4.14.5&#8243; _module_preset=&#8221;default&#8221; link_option_url=&#8221;https:\/\/blogsaverroes.juntadeandalucia.es\/iesnuevaspoblaciones\/fpb-electricidad-y-electronica\/&#8221; border_width_all=&#8221;3px&#8221; border_color_all=&#8221;#0C71C3&#8243; global_colors_info=&#8221;{}&#8221;]<\/p>\n<div class=\"et_pb_with_border et_pb_module et_pb_text et_pb_text_2 et_pb_text_align_left et_pb_bg_layout_light\">\n<div class=\"et_pb_text_inner\">\n<p style=\"text-align: center\"><strong>FP B\u00c1SICA<\/strong><\/p>\n<p style=\"text-align: center\">FPB &nbsp;ELECTRICIDAD Y ELECTR\u00d3NICA<\/p>\n<\/div>\n<\/div>\n<p>[\/et_pb_text][\/et_pb_column][et_pb_column type=&#8221;1_2&#8243; _builder_version=&#8221;4.14.5&#8243; _module_preset=&#8221;default&#8221; global_colors_info=&#8221;{}&#8221;][et_pb_image src=&#8221;https:\/\/blogsaverroes.juntadeandalucia.es\/iesnuevaspoblaciones\/files\/2023\/03\/planos.jpg&#8221; title_text=&#8221;planos&#8221; url=&#8221;https:\/\/blogsaverroes.juntadeandalucia.es\/iesnuevaspoblaciones\/formacion-centros-de-trabajo-electricidad\/&#8221; _builder_version=&#8221;4.14.5&#8243; _module_preset=&#8221;default&#8221; global_colors_info=&#8221;{}&#8221;][\/et_pb_image][et_pb_text _builder_version=&#8221;4.14.5&#8243; _module_preset=&#8221;default&#8221; link_option_url=&#8221;https:\/\/blogsaverroes.juntadeandalucia.es\/iesnuevaspoblaciones\/formacion-centros-de-trabajo-electricidad\/&#8221; hover_enabled=&#8221;0&#8243; border_width_all=&#8221;3px&#8221; border_color_all=&#8221;#0C71C3&#8243; global_colors_info=&#8221;{}&#8221; sticky_enabled=&#8221;0&#8243;]<\/p>\n<p style=\"text-align: center\">Formaci\u00f3n en Centros de Trabajo y Proyecto<\/p>\n<p>[\/et_pb_text][\/et_pb_column][\/et_pb_row][\/et_pb_section]<\/p>\n","protected":false},"excerpt":{"rendered":"<p>GRADO SUPERIOR CFGS SISTEMAS ELECTROT\u00c9CNICOS Y AUTOMATIZADOS GRADO MEDIO CFGM INSTALACIONES EL\u00c9CTRICAS Y AUTOM\u00c1TICAS FP B\u00c1SICA FPB &nbsp;ELECTRICIDAD Y ELECTR\u00d3NICA Formaci\u00f3n en Centros de Trabajo y Proyecto<\/p>\n","protected":false},"author":8313,"featured_media":0,"parent":0,"menu_order":0,"comment_status":"closed","ping_status":"closed","template":"","meta":{"_et_pb_use_builder":"on","_et_pb_old_content":"","_et_gb_content_width":"","ngg_post_thumbnail":0,"footnotes":""},"aioseo_notices":[],"_links":{"self":[{"href":"https:\/\/blogsaverroes.juntadeandalucia.es\/iesnuevaspoblaciones\/wp-json\/wp\/v2\/pages\/1072"}],"collection":[{"href":"https:\/\/blogsaverroes.juntadeandalucia.es\/iesnuevaspoblaciones\/wp-json\/wp\/v2\/pages"}],"about":[{"href":"https:\/\/blogsaverroes.juntadeandalucia.es\/iesnuevaspoblaciones\/wp-json\/wp\/v2\/types\/page"}],"author":[{"embeddable":true,"href":"https:\/\/blogsaverroes.juntadeandalucia.es\/iesnuevaspoblaciones\/wp-json\/wp\/v2\/users\/8313"}],"replies":[{"embeddable":true,"href":"https:\/\/blogsaverroes.juntadeandalucia.es\/iesnuevaspoblaciones\/wp-json\/wp\/v2\/comments?post=1072"}],"version-history":[{"count":17,"href":"https:\/\/blogsaverroes.juntadeandalucia.es\/iesnuevaspoblaciones\/wp-json\/wp\/v2\/pages\/1072\/revisions"}],"predecessor-version":[{"id":2795,"href":"https:\/\/blogsaverroes.juntadeandalucia.es\/iesnuevaspoblaciones\/wp-json\/wp\/v2\/pages\/1072\/revisions\/2795"}],"wp:attachment":[{"href":"https:\/\/blogsaverroes.juntadeandalucia.es\/iesnuevaspoblaciones\/wp-json\/wp\/v2\/media?parent=1072"}],"curies":[{"name":"wp","href":"https:\/\/api.w.org\/{rel}","templated":true}]}}