{"id":1088,"date":"2021-12-01T10:40:23","date_gmt":"2021-12-01T09:40:23","guid":{"rendered":"https:\/\/blogsaverroes.juntadeandalucia.es\/iesnuevaspoblaciones\/?page_id=1088"},"modified":"2022-02-22T12:28:13","modified_gmt":"2022-02-22T11:28:13","slug":"electricidad-empresas","status":"publish","type":"page","link":"https:\/\/blogsaverroes.juntadeandalucia.es\/iesnuevaspoblaciones\/electricidad-empresas\/","title":{"rendered":"Electricidad- Empresas"},"content":{"rendered":"<p>[et_pb_section fb_built=&#8221;1&#8243; theme_builder_area=&#8221;post_content&#8221; _builder_version=&#8221;4.14.5&#8243; _module_preset=&#8221;default&#8221;][et_pb_row _builder_version=&#8221;4.14.5&#8243; _module_preset=&#8221;default&#8221; theme_builder_area=&#8221;post_content&#8221;][et_pb_column _builder_version=&#8221;4.14.5&#8243; _module_preset=&#8221;default&#8221; type=&#8221;4_4&#8243; theme_builder_area=&#8221;post_content&#8221;][et_pb_text _builder_version=&#8221;4.14.5&#8243; _module_preset=&#8221;default&#8221; theme_builder_area=&#8221;post_content&#8221; hover_enabled=&#8221;0&#8243; sticky_enabled=&#8221;0&#8243;]<\/p>\n<p><strong>Empresas colaboradoras La Carlota y Departamentos<\/strong><\/p>\n<ul style=\"list-style-type: circle\">\n<li>MADRILES CARMONA POZO SLL<\/li>\n<li>CIATESA<\/li>\n<li>AUTOMATISMOS ITEA SL<\/li>\n<li>MAGTEL OPERACIONES SLU<\/li>\n<li>CORDOPLAS SA<\/li>\n<li>ENERDOS SL<\/li>\n<li>INTARCON SL<\/li>\n<li>KEYTER SL<\/li>\n<li>ANTONIO NARV\u00c1EZ CARO<\/li>\n<li>JUAN MANUEL PETIDIER PINO<\/li>\n<li>JULIA RODR\u00cdGUEZ ROJAS SL<\/li>\n<li>PROMAGRI SL<\/li>\n<li>ECONATUR SLU<\/li>\n<li>CARLOTE\u00d1A DE ASADOS SL<\/li>\n<li>DAFISA SA<\/li>\n<li>EUROGAZA EMERGENCIAS SL<\/li>\n<li>INFORCEST SL<\/li>\n<li>AYUNTAMIENTO LA CARLOTA<\/li>\n<li>RADIO LA CARLOTA<\/li>\n<li>LAYER TO LAYER<\/li>\n<li>GELAGRI IB\u00c9RICA SL<\/li>\n<li>ARIT SL<\/li>\n<li>DAREGAL IB\u00c9RICA SL<\/li>\n<li>AUTOMATISMOS IRC<\/li>\n<li>HOTEL MAIM\u00d3NIDES<\/li>\n<li>HNOS. OTERO PE\u00d1A SLU<\/li>\n<li>JUAN CARRILLO NIETO<\/li>\n<\/ul>\n<p>[\/et_pb_text][\/et_pb_column][\/et_pb_row][\/et_pb_section]<\/p>\n","protected":false},"excerpt":{"rendered":"<p>Empresas colaboradoras La Carlota y Departamentos MADRILES CARMONA POZO SLL CIATESA AUTOMATISMOS ITEA SL MAGTEL OPERACIONES SLU CORDOPLAS SA ENERDOS SL INTARCON SL KEYTER SL ANTONIO NARV\u00c1EZ CARO JUAN MANUEL PETIDIER PINO JULIA RODR\u00cdGUEZ ROJAS SL PROMAGRI SL ECONATUR SLU CARLOTE\u00d1A DE ASADOS SL DAFISA SA EUROGAZA EMERGENCIAS SL INFORCEST SL AYUNTAMIENTO LA CARLOTA RADIO [&hellip;]<\/p>\n","protected":false},"author":8313,"featured_media":0,"parent":0,"menu_order":0,"comment_status":"closed","ping_status":"closed","template":"","meta":{"_et_pb_use_builder":"on","_et_pb_old_content":"","_et_gb_content_width":"","ngg_post_thumbnail":0,"footnotes":""},"aioseo_notices":[],"_links":{"self":[{"href":"https:\/\/blogsaverroes.juntadeandalucia.es\/iesnuevaspoblaciones\/wp-json\/wp\/v2\/pages\/1088"}],"collection":[{"href":"https:\/\/blogsaverroes.juntadeandalucia.es\/iesnuevaspoblaciones\/wp-json\/wp\/v2\/pages"}],"about":[{"href":"https:\/\/blogsaverroes.juntadeandalucia.es\/iesnuevaspoblaciones\/wp-json\/wp\/v2\/types\/page"}],"author":[{"embeddable":true,"href":"https:\/\/blogsaverroes.juntadeandalucia.es\/iesnuevaspoblaciones\/wp-json\/wp\/v2\/users\/8313"}],"replies":[{"embeddable":true,"href":"https:\/\/blogsaverroes.juntadeandalucia.es\/iesnuevaspoblaciones\/wp-json\/wp\/v2\/comments?post=1088"}],"version-history":[{"count":2,"href":"https:\/\/blogsaverroes.juntadeandalucia.es\/iesnuevaspoblaciones\/wp-json\/wp\/v2\/pages\/1088\/revisions"}],"predecessor-version":[{"id":1977,"href":"https:\/\/blogsaverroes.juntadeandalucia.es\/iesnuevaspoblaciones\/wp-json\/wp\/v2\/pages\/1088\/revisions\/1977"}],"wp:attachment":[{"href":"https:\/\/blogsaverroes.juntadeandalucia.es\/iesnuevaspoblaciones\/wp-json\/wp\/v2\/media?parent=1088"}],"curies":[{"name":"wp","href":"https:\/\/api.w.org\/{rel}","templated":true}]}}