{"id":1284,"date":"2022-01-26T11:03:39","date_gmt":"2022-01-26T10:03:39","guid":{"rendered":"https:\/\/blogsaverroes.juntadeandalucia.es\/iesnuevaspoblaciones\/?page_id=1284"},"modified":"2022-01-26T11:03:44","modified_gmt":"2022-01-26T10:03:44","slug":"servicios-administrativos","status":"publish","type":"page","link":"https:\/\/blogsaverroes.juntadeandalucia.es\/iesnuevaspoblaciones\/servicios-administrativos\/","title":{"rendered":"Servicios administrativos"},"content":{"rendered":"<p>[et_pb_section fb_built=&#8221;1&#8243; theme_builder_area=&#8221;post_content&#8221; _builder_version=&#8221;4.14.5&#8243; _module_preset=&#8221;default&#8221;][et_pb_row _builder_version=&#8221;4.14.5&#8243; _module_preset=&#8221;default&#8221; theme_builder_area=&#8221;post_content&#8221;][et_pb_column _builder_version=&#8221;4.14.5&#8243; _module_preset=&#8221;default&#8221; type=&#8221;4_4&#8243; theme_builder_area=&#8221;post_content&#8221;][et_pb_text _builder_version=&#8221;4.14.5&#8243; _module_preset=&#8221;default&#8221; theme_builder_area=&#8221;post_content&#8221; hover_enabled=&#8221;0&#8243; sticky_enabled=&#8221;0&#8243;]<\/p>\n<p><strong>PROFESIONAL B\u00c1SICO EN SERVICIOS ADMINISTRATIVOS<\/strong><\/p>\n<p>RD.127\/2014 28-02-2014 BOE(05\/03\/14)<\/p>\n<p>DECRETO 135\/2016 26\/07\/2016. BOJA (02\/08\/2016)<br \/>ORD.08\/11\/2016 BOJA(19\/12\/2016)<\/p>\n<p>&nbsp;<\/p>\n<p><strong><u>Instalaciones y medios<\/u><\/strong><\/p>\n<p><strong>Aulas espec\u00edficas de administrativo:<\/strong> Con los puestos y equipos inform\u00e1ticos necesarios. Diferentes aplicaciones para llevar a cabo las tareas de ofim\u00e1tica en una oficina: inform\u00e1ticas para tratamiento de textos, hojas de c\u00e1lculo, base de datos, presentaciones, dibujo, etc; mecanograf\u00edas para alcanzar las pulsaciones necesarias del perfil profesional; programas espec\u00edficos para realizar la simulaci\u00f3n de la gesti\u00f3n integral de una empresa y sus diferentes departamentos (compras-ventas, recursos humanos, contabilidad, atenci\u00f3n al cliente, \u2026..)<\/p>\n<p>&nbsp;<\/p>\n<p><strong><u>Competencia general<\/u><\/strong><\/p>\n<p>Realizar tareas administrativas y de gesti\u00f3n b\u00e1sicas, con autonom\u00eda con responsabilidad e iniciativa personal, operando con la calidad indicada, observando las normas de aplicaci\u00f3n vigente medioambientales y de seguridad e higiene en el trabajo y comunic\u00e1ndose de forma oral y escrita en lengua castellana y, en su caso, en la lengua cooficial propia as\u00ed como en alguna lengua extranjera.&nbsp;<\/p>\n<p>Son unos estudios de Formaci\u00f3n Profesional de Grado Medio de 2000 horas de duraci\u00f3n (2 cursos acad\u00e9micos), incluido un periodo de pr\u00e1cticas en empresas con 260 horas a realizar durante el tercer trimestre del segundo curso.<\/p>\n<p>Su car\u00e1cter es eminentemente pr\u00e1ctico, con un 70% de horas dedicadas al aprendizaje pr\u00e1ctico.<\/p>\n<p><strong><u>Horario<\/u><\/strong><\/p>\n<p><strong>De 8:15 a 14:15<\/strong><\/p>\n<p>&nbsp;<\/p>\n<p><strong><u>&nbsp;<\/u><\/strong><\/p>\n<p><strong><u>&nbsp;<\/u><\/strong><\/p>\n<p><strong><u>&nbsp;<\/u><\/strong><\/p>\n<p><strong><u>Puestos de trabajo y ocupaciones:<\/u><\/strong><\/p>\n<p>Con un ciclo formativo de&nbsp;<strong>Formaci\u00f3n Profesional B\u00e1sica<\/strong>&nbsp;se obtendr\u00e1:<\/p>\n<ol>\n<li><strong>a) <u>a nivel acad\u00e9mico<\/u>:<\/strong><\/li>\n<\/ol>\n<p>&#8211; una formaci\u00f3n que&nbsp;<strong>me preparar\u00e1<\/strong>&nbsp;para iniciarme en el aprendizaje de un oficio y realizar actividades profesionales (seg\u00fan el ciclo formativo que curse). Conseguir\u00e9 las competencias profesionales correspondientes a una&nbsp;<strong>cualificaci\u00f3n de nivel uno<\/strong>&nbsp;del Cat\u00e1logo Nacional de Cualificaciones Profesionales.<\/p>\n<p>&#8211; un&nbsp;<strong>T\u00edtulo Profesional B\u00e1sico<\/strong>, que me permitir\u00e1 el acceso a ciclos de grado medio y\/o lograr el t\u00edtulo de Graduado en Educaci\u00f3n Secundaria Obligatoria, present\u00e1ndome a las pruebas de evaluaci\u00f3n final de la ESO y tendr\u00e1 validez en todo el territorio nacional.<\/p>\n<ol>\n<li><strong>b) <u>a nivel laboral<\/u>:<\/strong><\/li>\n<\/ol>\n<p>&#8211; se obtendr\u00e1n los mismos efectos que el t\u00edtulo de Educaci\u00f3n Secundaria Obligatoria para el acceso a empleos p\u00fablicos y privados.<\/p>\n<p><strong><u>Plan de Formaci\u00f3n \/ horas semanales<\/u><\/strong><\/p>\n<p>Se distinguen los siguientes m\u00f3dulos profesionales en la Formaci\u00f3n Profesional B\u00e1sica:<\/p>\n<p>&nbsp;<\/p>\n<table>\n<tbody>\n<tr>\n<td colspan=\"3\">\n<p><strong>Primer curso<\/strong><\/p>\n<\/td>\n<\/tr>\n<tr>\n<td>\n<p><strong>UC<\/strong><\/p>\n<\/td>\n<td width=\"443\">\n<p><strong>M\u00f3dulo profesional<\/strong><\/p>\n<\/td>\n<td width=\"30\">\n<p><strong>H<\/strong><\/p>\n<\/td>\n<\/tr>\n<tr>\n<td>\n<p>1329<\/p>\n<\/td>\n<td width=\"443\">\n<p>Atenci\u00f3n al cliente<\/p>\n<\/td>\n<td width=\"30\">\n<p>5<\/p>\n<\/td>\n<\/tr>\n<tr>\n<td>\n<p>0969<\/p>\n<\/td>\n<td width=\"443\">\n<p>T\u00e9cnicas Administrativas b\u00e1sicas<\/p>\n<\/td>\n<td width=\"30\">\n<p>7<\/p>\n<\/td>\n<\/tr>\n<tr>\n<td>\n<p>0973<\/p>\n<\/td>\n<td width=\"443\">\n<p>Tratamiento inform\u00e1tico de datos<\/p>\n<\/td>\n<td width=\"30\">\n<p>7<\/p>\n<\/td>\n<\/tr>\n<tr>\n<td>\n<p>3009<\/p>\n<\/td>\n<td width=\"443\">\n<p>Ciencias A.I (Matem\u00e1ticas y Ciencias)<\/p>\n<\/td>\n<td width=\"30\">\n<p>5<\/p>\n<\/td>\n<\/tr>\n<tr>\n<td>\n<p>3011<\/p>\n<\/td>\n<td width=\"443\">\n<p>Comunicaci\u00f3n S.I( Geograf\u00eda e H\u00aa, Lengua e Ingles)<\/p>\n<\/td>\n<td width=\"30\">\n<p>8<\/p>\n<\/td>\n<\/tr>\n<\/tbody>\n<\/table>\n<p>&nbsp;<\/p>\n<table>\n<tbody>\n<tr>\n<td colspan=\"3\" width=\"516\">\n<p><strong>Segundo Curso<\/strong><\/p>\n<\/td>\n<\/tr>\n<tr>\n<td>\n<p><strong>UC<\/strong><\/p>\n<\/td>\n<td width=\"451\">\n<p><strong>M\u00f3dulo profesional<\/strong><\/p>\n<\/td>\n<td width=\"35\">\n<p><strong>H<\/strong><\/p>\n<\/td>\n<\/tr>\n<tr>\n<td>\n<p>3002<\/p>\n<\/td>\n<td width=\"451\">\n<p>Aplicaciones B\u00e1sicas de Ofim\u00e1tica<\/p>\n<\/td>\n<td width=\"35\">\n<p>7<\/p>\n<\/td>\n<\/tr>\n<tr>\n<td>\n<p>3004<\/p>\n<\/td>\n<td width=\"451\">\n<p>Archivo y Comunicaci\u00f3n<\/p>\n<\/td>\n<td width=\"35\">\n<p>5<\/p>\n<\/td>\n<\/tr>\n<tr>\n<td>\n<p>3006<\/p>\n<\/td>\n<td width=\"451\">\n<p>Preparaci\u00f3n de Pedidos y Punto de Venta<\/p>\n<\/td>\n<td width=\"35\">\n<p>3<\/p>\n<\/td>\n<\/tr>\n<tr>\n<td>&nbsp;<\/td>\n<td width=\"451\">\n<p>Unidad de Prevenci\u00f3n de Riesgos<\/p>\n<\/td>\n<td width=\"35\">\n<p>1<\/p>\n<\/td>\n<\/tr>\n<tr>\n<td>\n<p>3008<\/p>\n<\/td>\n<td width=\"451\">\n<p>Formaci\u00f3n en Centros de Trabajo<\/p>\n<\/td>\n<td width=\"35\">\n<p><strong>260*<\/strong><\/p>\n<\/td>\n<\/tr>\n<tr>\n<td>\n<p>3010<\/p>\n<\/td>\n<td width=\"451\">\n<p>Ciencias A.II (Matem\u00e1ticas y Ciencias)<\/p>\n<\/td>\n<td width=\"35\">\n<p><strong>5<\/strong><\/p>\n<\/td>\n<\/tr>\n<tr>\n<td>\n<p>3012<\/p>\n<\/td>\n<td width=\"451\">\n<p>Comunicaci\u00f3n S.II( Geograf\u00eda e H\u00aa, Lengua e Ingles)<\/p>\n<\/td>\n<td width=\"35\">\n<p><strong>7<\/strong><\/p>\n<\/td>\n<\/tr>\n<\/tbody>\n<\/table>\n<ul>\n<li><strong>UC:<\/strong> C\u00f3digo de la Unidad de Competencia, susceptible de reconocimiento y acreditaci\u00f3n para obtener un T\u00edtulo de Formaci\u00f3n Profesional o un Certificado de Profesionalidad.<\/li>\n<li>*<strong>H:<\/strong> Horas semanales, salvo en el \u00faltimo m\u00f3dulo, Formaci\u00f3n en Centros de Trabajo, donde se indica el total de horas.<\/li>\n<\/ul>\n<p>&nbsp;<\/p>\n<p><strong><u>Practicas en empresa con Erasmus<\/u><\/strong><\/p>\n<p>El alumnado puede participar en el Proyecto de Movilidad Erasmus+ que ofrecemos para realizar pr\u00e1cticas profesionales en diferentes pa\u00edses europeos.<\/p>\n<p><strong><u>Requisitos de acceso y admisi\u00f3n<\/u><\/strong><\/p>\n<p>Los requisitos de acceso a la Formaci\u00f3n Profesional B\u00e1sica que tendr\u00e9 que cumplir,&nbsp;<strong>simult\u00e1neamente<\/strong>, son:<\/p>\n<ul>\n<li>Debo tener&nbsp;<strong>15 a\u00f1os cumplidos<\/strong>, o cumplirlos durante el a\u00f1o natural en curso, y no superar los 17 a\u00f1os de edad en el momento del acceso o durante el a\u00f1o natural en curso.<\/li>\n<li>Debo haber&nbsp;<strong>cursado el primer ciclo de la ESO<\/strong>o, excepcionalmente, haber cursado el segundo curso de la ESO.<\/li>\n<li>El&nbsp;<strong>equipo docente deber\u00e1 haberme propuesto<\/strong>ante mis padres o tutores legales, para la incorporaci\u00f3n a un ciclo de Formaci\u00f3n Profesional B\u00e1sica.\n<ul>\n<li>Por ello, deber\u00e9 contar con un&nbsp;<strong>Consejo Orientador<\/strong>estableciendo la Formaci\u00f3n Profesional B\u00e1sica como itinerario recomendado.<\/li>\n<\/ul>\n<\/li>\n<\/ul>\n<p>Aqu\u00ed puede encontrar informaci\u00f3n actualizada sobre requisitos de acceso y admisi\u00f3n, entre otros aspectos:<\/p>\n<p><a href=\"http:\/\/www.juntadeandalucia.es\/educacion\/portals\/web\/formacion-profesional-andaluza\">Junta de Andaluc\u00eda Formacion Profesional<\/a><\/p>\n<p>[\/et_pb_text][\/et_pb_column][\/et_pb_row][\/et_pb_section]<\/p>\n","protected":false},"excerpt":{"rendered":"<p>PROFESIONAL B\u00c1SICO EN SERVICIOS ADMINISTRATIVOS RD.127\/2014 28-02-2014 BOE(05\/03\/14) DECRETO 135\/2016 26\/07\/2016. BOJA (02\/08\/2016)ORD.08\/11\/2016 BOJA(19\/12\/2016) &nbsp; Instalaciones y medios Aulas espec\u00edficas de administrativo: Con los puestos y equipos inform\u00e1ticos necesarios. Diferentes aplicaciones para llevar a cabo las tareas de ofim\u00e1tica en una oficina: inform\u00e1ticas para tratamiento de textos, hojas de c\u00e1lculo, base de datos, presentaciones, dibujo, [&hellip;]<\/p>\n","protected":false},"author":8313,"featured_media":0,"parent":0,"menu_order":0,"comment_status":"closed","ping_status":"closed","template":"","meta":{"_et_pb_use_builder":"on","_et_pb_old_content":"","_et_gb_content_width":"","ngg_post_thumbnail":0,"footnotes":""},"aioseo_notices":[],"_links":{"self":[{"href":"https:\/\/blogsaverroes.juntadeandalucia.es\/iesnuevaspoblaciones\/wp-json\/wp\/v2\/pages\/1284"}],"collection":[{"href":"https:\/\/blogsaverroes.juntadeandalucia.es\/iesnuevaspoblaciones\/wp-json\/wp\/v2\/pages"}],"about":[{"href":"https:\/\/blogsaverroes.juntadeandalucia.es\/iesnuevaspoblaciones\/wp-json\/wp\/v2\/types\/page"}],"author":[{"embeddable":true,"href":"https:\/\/blogsaverroes.juntadeandalucia.es\/iesnuevaspoblaciones\/wp-json\/wp\/v2\/users\/8313"}],"replies":[{"embeddable":true,"href":"https:\/\/blogsaverroes.juntadeandalucia.es\/iesnuevaspoblaciones\/wp-json\/wp\/v2\/comments?post=1284"}],"version-history":[{"count":2,"href":"https:\/\/blogsaverroes.juntadeandalucia.es\/iesnuevaspoblaciones\/wp-json\/wp\/v2\/pages\/1284\/revisions"}],"predecessor-version":[{"id":1286,"href":"https:\/\/blogsaverroes.juntadeandalucia.es\/iesnuevaspoblaciones\/wp-json\/wp\/v2\/pages\/1284\/revisions\/1286"}],"wp:attachment":[{"href":"https:\/\/blogsaverroes.juntadeandalucia.es\/iesnuevaspoblaciones\/wp-json\/wp\/v2\/media?parent=1284"}],"curies":[{"name":"wp","href":"https:\/\/api.w.org\/{rel}","templated":true}]}}