{"id":1290,"date":"2022-01-26T11:04:50","date_gmt":"2022-01-26T10:04:50","guid":{"rendered":"https:\/\/blogsaverroes.juntadeandalucia.es\/iesnuevaspoblaciones\/?page_id=1290"},"modified":"2022-01-26T11:04:56","modified_gmt":"2022-01-26T10:04:56","slug":"formacion-en-centros-de-trabajo-y-proyecto","status":"publish","type":"page","link":"https:\/\/blogsaverroes.juntadeandalucia.es\/iesnuevaspoblaciones\/formacion-en-centros-de-trabajo-y-proyecto\/","title":{"rendered":"Formaci\u00f3n en Centros de Trabajo y Proyecto"},"content":{"rendered":"<p>[et_pb_section fb_built=&#8221;1&#8243; theme_builder_area=&#8221;post_content&#8221; _builder_version=&#8221;4.14.5&#8243; _module_preset=&#8221;default&#8221;][et_pb_row _builder_version=&#8221;4.14.5&#8243; _module_preset=&#8221;default&#8221; theme_builder_area=&#8221;post_content&#8221;][et_pb_column _builder_version=&#8221;4.14.5&#8243; _module_preset=&#8221;default&#8221; type=&#8221;4_4&#8243; theme_builder_area=&#8221;post_content&#8221;][et_pb_text _builder_version=&#8221;4.14.5&#8243; _module_preset=&#8221;default&#8221; theme_builder_area=&#8221;post_content&#8221; hover_enabled=&#8221;0&#8243; sticky_enabled=&#8221;0&#8243;]<\/p>\n<p>Formaci\u00f3n en Centros de Trabajo y Proyecto<\/p>\n<p>Para cualquier duda sobre la FCT y el Proyecto &nbsp;se informar\u00e1 puntualmente por parte de Jefatura de Departamento y el profesorado que imparte dicho m\u00f3dulo.<\/p>\n<p><strong>Formaci\u00f3n en Centros de Trabajo<\/strong><\/p>\n<p><strong>Generalidades<\/strong><\/p>\n<ul>\n<li>La Formaci\u00f3n en Centros de Trabajo (FCT) es un m\u00f3dulo profesional presente en todos los ciclos formativos de formaci\u00f3n profesional, as\u00ed como la formaci\u00f3n profesional b\u00e1sica y el alumno tiene que cursarlo obligatoriamente para obtener la titulaci\u00f3n.<\/li>\n<li>La FCT se desarrolla al superar el resto de m\u00f3dulos que componen el ciclo formativo y tendr\u00e1 un claro objetivo:\n<ul>\n<li>Posibilitar al alumno de ciclos formativos de formaci\u00f3n profesional inicial para que practique todas las capacidades que ha adquirido en el centro educativo en empresas del sector, participando y realizando las funciones propias del puesto de trabajo en un entorno real de producci\u00f3n y\/o servicio, para conseguir, de esta manera, una mejor cualificaci\u00f3n a trav\u00e9s del conocimiento directo del ambiente real de trabajo.<\/li>\n<\/ul>\n<\/li>\n<li>La duraci\u00f3n de la FCT de nuestros ciclos es de 260 horas Formaci\u00f3n Profesional B\u00e1sica, 410 horas Grado Medio Gesti\u00f3n Administrativa y 360 horas Grado Superior&nbsp; Administraci\u00f3n y Finanzas, que corresponden con una media de unas 50 jornadas que se desarrollan de unos 3 meses a unos 3 meses y medio.<\/li>\n<li>El periodo habitual de realizaci\u00f3n de la FCT comienza a primeros de marzo para Grado Superior y entre mediados y \u00faltimos de marzo para Grado Medio. Finaliza entre mediados y \u00faltimos de junio.<\/li>\n<li>Seg\u00fan cuando haya superado el resto de m\u00f3dulos el alumno, tambi\u00e9n pueden darse dos periodos m\u00e1s, uno de septiembre a diciembre y otro de enero a marzo en el curso siguiente.<\/li>\n<\/ul>\n<p>&nbsp;<\/p>\n<p>&nbsp;<\/p>\n<p>&nbsp;<\/p>\n<p><strong>Exenci\u00f3n de la FCT<\/strong><\/p>\n<ul>\n<li>Si el alumno tiene una experiencia laboral m\u00ednima de 1 a\u00f1o y est\u00e1 relacionada con el ciclo formativo en el que est\u00e9 matriculado, podr\u00e1 quedar exento total o parcialmente de tener que cursar este m\u00f3dulo, seg\u00fan legislaci\u00f3n aplicable.<\/li>\n<li>El alumno tambi\u00e9n podr\u00e1 realizar el m\u00f3dulo profesional de FCT en cualquier pa\u00eds de la Uni\u00f3n Europea por medio de Erasmus.<\/li>\n<\/ul>\n<p>&nbsp;<\/p>\n<p><strong>Proyecto<\/strong><\/p>\n<p><strong>Generalidades<\/strong><\/p>\n<p>El Proyecto s\u00f3lo se realiza en Grado Superior.<\/p>\n<p>El profesorado encargado del seguimiento del proyecto garantizar\u00e1 a los alumnos y alumnas un periodo de tutorizaci\u00f3n de al menos tres horas lectivas semanales para el seguimiento de los diversos proyectos. Estas tres horas se distribuir\u00e1n entre el profesorado implicado siguiendo los criterios establecidos en el Proyecto Educativo del Centro.<\/p>\n<p><strong>Desarrollo del Proyecto<\/strong><\/p>\n<p>El m\u00f3dulo profesional de Proyecto tiene car\u00e1cter integrador y complementario respecto del resto de m\u00f3dulos profesionales del Ciclo Formativo.<\/p>\n<p><strong>C\u00f3mo debe realizarse el Proyecto<\/strong><\/p>\n<p>Los resultados de aprendizaje y criterios de evaluaci\u00f3n del proyecto deber\u00e1n ce\u00f1irse a lo especificado en la Orden de cada ciclo.<\/p>\n<p>&nbsp;<\/p>\n<p>&nbsp;<\/p>\n<p>[\/et_pb_text][\/et_pb_column][\/et_pb_row][\/et_pb_section]<\/p>\n","protected":false},"excerpt":{"rendered":"<p>Formaci\u00f3n en Centros de Trabajo y Proyecto Para cualquier duda sobre la FCT y el Proyecto &nbsp;se informar\u00e1 puntualmente por parte de Jefatura de Departamento y el profesorado que imparte dicho m\u00f3dulo. Formaci\u00f3n en Centros de Trabajo Generalidades La Formaci\u00f3n en Centros de Trabajo (FCT) es un m\u00f3dulo profesional presente en todos los ciclos formativos [&hellip;]<\/p>\n","protected":false},"author":8313,"featured_media":0,"parent":0,"menu_order":0,"comment_status":"closed","ping_status":"closed","template":"","meta":{"_et_pb_use_builder":"on","_et_pb_old_content":"","_et_gb_content_width":"","ngg_post_thumbnail":0,"footnotes":""},"aioseo_notices":[],"_links":{"self":[{"href":"https:\/\/blogsaverroes.juntadeandalucia.es\/iesnuevaspoblaciones\/wp-json\/wp\/v2\/pages\/1290"}],"collection":[{"href":"https:\/\/blogsaverroes.juntadeandalucia.es\/iesnuevaspoblaciones\/wp-json\/wp\/v2\/pages"}],"about":[{"href":"https:\/\/blogsaverroes.juntadeandalucia.es\/iesnuevaspoblaciones\/wp-json\/wp\/v2\/types\/page"}],"author":[{"embeddable":true,"href":"https:\/\/blogsaverroes.juntadeandalucia.es\/iesnuevaspoblaciones\/wp-json\/wp\/v2\/users\/8313"}],"replies":[{"embeddable":true,"href":"https:\/\/blogsaverroes.juntadeandalucia.es\/iesnuevaspoblaciones\/wp-json\/wp\/v2\/comments?post=1290"}],"version-history":[{"count":2,"href":"https:\/\/blogsaverroes.juntadeandalucia.es\/iesnuevaspoblaciones\/wp-json\/wp\/v2\/pages\/1290\/revisions"}],"predecessor-version":[{"id":1292,"href":"https:\/\/blogsaverroes.juntadeandalucia.es\/iesnuevaspoblaciones\/wp-json\/wp\/v2\/pages\/1290\/revisions\/1292"}],"wp:attachment":[{"href":"https:\/\/blogsaverroes.juntadeandalucia.es\/iesnuevaspoblaciones\/wp-json\/wp\/v2\/media?parent=1290"}],"curies":[{"name":"wp","href":"https:\/\/api.w.org\/{rel}","templated":true}]}}