{"id":1310,"date":"2022-01-26T11:16:15","date_gmt":"2022-01-26T10:16:15","guid":{"rendered":"https:\/\/blogsaverroes.juntadeandalucia.es\/iesnuevaspoblaciones\/?page_id=1310"},"modified":"2022-01-26T11:16:19","modified_gmt":"2022-01-26T10:16:19","slug":"enlaces-fp","status":"publish","type":"page","link":"https:\/\/blogsaverroes.juntadeandalucia.es\/iesnuevaspoblaciones\/enlaces-fp\/","title":{"rendered":"Enlaces FP"},"content":{"rendered":"<p>[et_pb_section fb_built=&#8221;1&#8243; theme_builder_area=&#8221;post_content&#8221; _builder_version=&#8221;4.14.5&#8243; _module_preset=&#8221;default&#8221;][et_pb_row _builder_version=&#8221;4.14.5&#8243; _module_preset=&#8221;default&#8221; theme_builder_area=&#8221;post_content&#8221;][et_pb_column _builder_version=&#8221;4.14.5&#8243; _module_preset=&#8221;default&#8221; type=&#8221;4_4&#8243; theme_builder_area=&#8221;post_content&#8221;][et_pb_text _builder_version=&#8221;4.14.5&#8243; _module_preset=&#8221;default&#8221; theme_builder_area=&#8221;post_content&#8221; hover_enabled=&#8221;0&#8243; sticky_enabled=&#8221;0&#8243;]<\/p>\n<p>Consejer\u00eda Educaci\u00f3n Andaluc\u00eda<\/p>\n<p><a href=\"https:\/\/www.juntadeandalucia.es\/educacion\/portals\/web\/ced\">https:\/\/www.juntadeandalucia.es\/educacion\/portals\/web\/ced<\/a><\/p>\n<p>&nbsp;<\/p>\n<p>Ciclos Formativos Andaluc\u00eda<\/p>\n<p><a href=\"https:\/\/www.juntadeandalucia.es\/educacion\/portals\/web\/formacion-profesional-andaluza\">https:\/\/www.juntadeandalucia.es\/educacion\/portals\/web\/formacion-profesional-andaluza<\/a><\/p>\n<p>&nbsp;<\/p>\n<p>Universidad de C\u00f3rdoba<\/p>\n<p><a href=\"http:\/\/www.uco.es\/\">http:\/\/www.uco.es\/<\/a><\/p>\n<p>&nbsp;<\/p>\n<p>Bolet\u00edn oficial del Estado<\/p>\n<p><a href=\"https:\/\/www.boe.es\/\">https:\/\/www.boe.es\/<\/a><\/p>\n<p>&nbsp;<\/p>\n<p>Bolet\u00edn oficial de la Junta de Andaluc\u00eda<\/p>\n<p><a href=\"https:\/\/www.juntadeandalucia.es\/boja.html\">https:\/\/www.juntadeandalucia.es\/boja.html<\/a><\/p>\n<p>&nbsp;<\/p>\n<p>Ayuntamiento de La Carlota<\/p>\n<p><a href=\"https:\/\/lacarlota.es\/\">https:\/\/lacarlota.es\/<\/a><\/p>\n<p>&nbsp;<\/p>\n<p>Ayuntamiento de C\u00f3rdoba<\/p>\n<p><a href=\"https:\/\/www.cordoba.es\/\">https:\/\/www.cordoba.es\/<\/a><\/p>\n<p>&nbsp;<\/p>\n<p>Diputaci\u00f3n de C\u00f3rdoba<\/p>\n<p><a href=\"https:\/\/dipucordoba.es\/\">https:\/\/dipucordoba.es\/<\/a><\/p>\n<p>&nbsp;<\/p>\n<p>C\u00e1mara de Comercio de C\u00f3rdoba<\/p>\n<p><a href=\"https:\/\/camaracordoba.com\/\">https:\/\/camaracordoba.com\/<\/a><\/p>\n<p>[\/et_pb_text][\/et_pb_column][\/et_pb_row][\/et_pb_section]<\/p>\n","protected":false},"excerpt":{"rendered":"<p>Consejer\u00eda Educaci\u00f3n Andaluc\u00eda https:\/\/www.juntadeandalucia.es\/educacion\/portals\/web\/ced &nbsp; Ciclos Formativos Andaluc\u00eda https:\/\/www.juntadeandalucia.es\/educacion\/portals\/web\/formacion-profesional-andaluza &nbsp; Universidad de C\u00f3rdoba http:\/\/www.uco.es\/ &nbsp; Bolet\u00edn oficial del Estado https:\/\/www.boe.es\/ &nbsp; Bolet\u00edn oficial de la Junta de Andaluc\u00eda https:\/\/www.juntadeandalucia.es\/boja.html &nbsp; Ayuntamiento de La Carlota https:\/\/lacarlota.es\/ &nbsp; Ayuntamiento de C\u00f3rdoba https:\/\/www.cordoba.es\/ &nbsp; Diputaci\u00f3n de C\u00f3rdoba https:\/\/dipucordoba.es\/ &nbsp; C\u00e1mara de Comercio de C\u00f3rdoba https:\/\/camaracordoba.com\/<\/p>\n","protected":false},"author":8313,"featured_media":0,"parent":0,"menu_order":0,"comment_status":"closed","ping_status":"closed","template":"","meta":{"_et_pb_use_builder":"on","_et_pb_old_content":"","_et_gb_content_width":"","ngg_post_thumbnail":0,"footnotes":""},"aioseo_notices":[],"_links":{"self":[{"href":"https:\/\/blogsaverroes.juntadeandalucia.es\/iesnuevaspoblaciones\/wp-json\/wp\/v2\/pages\/1310"}],"collection":[{"href":"https:\/\/blogsaverroes.juntadeandalucia.es\/iesnuevaspoblaciones\/wp-json\/wp\/v2\/pages"}],"about":[{"href":"https:\/\/blogsaverroes.juntadeandalucia.es\/iesnuevaspoblaciones\/wp-json\/wp\/v2\/types\/page"}],"author":[{"embeddable":true,"href":"https:\/\/blogsaverroes.juntadeandalucia.es\/iesnuevaspoblaciones\/wp-json\/wp\/v2\/users\/8313"}],"replies":[{"embeddable":true,"href":"https:\/\/blogsaverroes.juntadeandalucia.es\/iesnuevaspoblaciones\/wp-json\/wp\/v2\/comments?post=1310"}],"version-history":[{"count":2,"href":"https:\/\/blogsaverroes.juntadeandalucia.es\/iesnuevaspoblaciones\/wp-json\/wp\/v2\/pages\/1310\/revisions"}],"predecessor-version":[{"id":1312,"href":"https:\/\/blogsaverroes.juntadeandalucia.es\/iesnuevaspoblaciones\/wp-json\/wp\/v2\/pages\/1310\/revisions\/1312"}],"wp:attachment":[{"href":"https:\/\/blogsaverroes.juntadeandalucia.es\/iesnuevaspoblaciones\/wp-json\/wp\/v2\/media?parent=1310"}],"curies":[{"name":"wp","href":"https:\/\/api.w.org\/{rel}","templated":true}]}}