{"id":1927,"date":"2022-02-11T09:04:28","date_gmt":"2022-02-11T08:04:28","guid":{"rendered":"https:\/\/blogsaverroes.juntadeandalucia.es\/iesnuevaspoblaciones\/?page_id=1927"},"modified":"2022-03-14T10:17:48","modified_gmt":"2022-03-14T09:17:48","slug":"programa-innicia","status":"publish","type":"page","link":"https:\/\/blogsaverroes.juntadeandalucia.es\/iesnuevaspoblaciones\/programa-innicia\/","title":{"rendered":"Programa Innicia"},"content":{"rendered":"<p>[et_pb_section fb_built=&#8221;1&#8243; _builder_version=&#8221;4.14.5&#8243; _module_preset=&#8221;default&#8221; global_colors_info=&#8221;{}&#8221;][et_pb_row column_structure=&#8221;1_2,1_2&#8243; _builder_version=&#8221;4.14.5&#8243; _module_preset=&#8221;default&#8221; global_colors_info=&#8221;{}&#8221;][et_pb_column type=&#8221;1_2&#8243; _builder_version=&#8221;4.14.5&#8243; _module_preset=&#8221;default&#8221; global_colors_info=&#8221;{}&#8221;][et_pb_image src=&#8221;https:\/\/blogsaverroes.juntadeandalucia.es\/iesnuevaspoblaciones\/files\/2022\/02\/Captura-de-pantalla-2022-02-03-17.41.24.png&#8221; title_text=&#8221;Captura de pantalla 2022-02-03 17.41.24&#8243; _builder_version=&#8221;4.14.5&#8243; _module_preset=&#8221;default&#8221; global_colors_info=&#8221;{}&#8221;][\/et_pb_image][\/et_pb_column][et_pb_column type=&#8221;1_2&#8243; _builder_version=&#8221;4.14.5&#8243; _module_preset=&#8221;default&#8221; global_colors_info=&#8221;{}&#8221;][et_pb_text _builder_version=&#8221;4.14.5&#8243; _module_preset=&#8221;default&#8221; global_colors_info=&#8221;{}&#8221;]<\/p>\n<p>Es un programa que lo incluimos dentro de los programas de innovaci\u00f3n educativa, donde se busca potenciar cualidades emprendedoras del alumnado.<\/p>\n<p>&nbsp;<\/p>\n<p>Pero, \u00bfqu\u00e9 es emprender?<\/p>\n<p>Es una palabra de origen franc\u00e9s, \u201centrepreneur\u201d, que significa \u201cpionero\u201d.<\/p>\n<p>Es una actitud y aptitud que toma un individuo para iniciar un nuevo proyecto a trav\u00e9s de ideas y oportunidades.<\/p>\n<p>El emprendimiento est\u00e1 en el centro del sistema (personal, social, econ\u00f3mico), ya que la ganancia viene del cambio y \u00e9ste es producido por el emprendedor.<\/p>\n<p>&nbsp;<\/p>\n<p>Trabajamos una serie de dimensiones con nuestro alumnado:<\/p>\n<p>&nbsp;<\/p>\n<p>&#8211; Dentro de la dimensi\u00f3n personal: el autoconocimiento, la creatividad, creaci\u00f3n e imaginaci\u00f3n.<\/p>\n<p>&#8211; Dentro de la dimensi\u00f3n social:&nbsp; potenciamos el trabajo en grupo, equidad, equipo, la comunicaci\u00f3n y&nbsp; la comunidad y el bien com\u00fan.<\/p>\n<p>&#8211; Dentro de la dimensi\u00f3n productiva: trabajamos la iniciativa, la innovaci\u00f3n, la asunci\u00f3n de riesgos y la productividad.<\/p>\n<p>[\/et_pb_text][\/et_pb_column][\/et_pb_row][et_pb_row _builder_version=&#8221;4.14.5&#8243; _module_preset=&#8221;default&#8221;][et_pb_column _builder_version=&#8221;4.14.5&#8243; _module_preset=&#8221;default&#8221; type=&#8221;4_4&#8243;][et_pb_blog _builder_version=&#8221;4.14.5&#8243; _module_preset=&#8221;default&#8221; include_categories=&#8221;20&#8243; show_thumbnail=&#8221;off&#8221; hover_enabled=&#8221;0&#8243; sticky_enabled=&#8221;0&#8243;][\/et_pb_blog][\/et_pb_column][\/et_pb_row][\/et_pb_section]<\/p>\n","protected":false},"excerpt":{"rendered":"<p>Es un programa que lo incluimos dentro de los programas de innovaci\u00f3n educativa, donde se busca potenciar cualidades emprendedoras del alumnado. &nbsp; Pero, \u00bfqu\u00e9 es emprender? Es una palabra de origen franc\u00e9s, \u201centrepreneur\u201d, que significa \u201cpionero\u201d. Es una actitud y aptitud que toma un individuo para iniciar un nuevo proyecto a trav\u00e9s de ideas y [&hellip;]<\/p>\n","protected":false},"author":8313,"featured_media":0,"parent":0,"menu_order":0,"comment_status":"closed","ping_status":"closed","template":"","meta":{"_et_pb_use_builder":"on","_et_pb_old_content":"","_et_gb_content_width":"","ngg_post_thumbnail":0,"footnotes":""},"aioseo_notices":[],"_links":{"self":[{"href":"https:\/\/blogsaverroes.juntadeandalucia.es\/iesnuevaspoblaciones\/wp-json\/wp\/v2\/pages\/1927"}],"collection":[{"href":"https:\/\/blogsaverroes.juntadeandalucia.es\/iesnuevaspoblaciones\/wp-json\/wp\/v2\/pages"}],"about":[{"href":"https:\/\/blogsaverroes.juntadeandalucia.es\/iesnuevaspoblaciones\/wp-json\/wp\/v2\/types\/page"}],"author":[{"embeddable":true,"href":"https:\/\/blogsaverroes.juntadeandalucia.es\/iesnuevaspoblaciones\/wp-json\/wp\/v2\/users\/8313"}],"replies":[{"embeddable":true,"href":"https:\/\/blogsaverroes.juntadeandalucia.es\/iesnuevaspoblaciones\/wp-json\/wp\/v2\/comments?post=1927"}],"version-history":[{"count":3,"href":"https:\/\/blogsaverroes.juntadeandalucia.es\/iesnuevaspoblaciones\/wp-json\/wp\/v2\/pages\/1927\/revisions"}],"predecessor-version":[{"id":2080,"href":"https:\/\/blogsaverroes.juntadeandalucia.es\/iesnuevaspoblaciones\/wp-json\/wp\/v2\/pages\/1927\/revisions\/2080"}],"wp:attachment":[{"href":"https:\/\/blogsaverroes.juntadeandalucia.es\/iesnuevaspoblaciones\/wp-json\/wp\/v2\/media?parent=1927"}],"curies":[{"name":"wp","href":"https:\/\/api.w.org\/{rel}","templated":true}]}}