{"id":2780,"date":"2023-03-02T12:40:44","date_gmt":"2023-03-02T11:40:44","guid":{"rendered":"https:\/\/blogsaverroes.juntadeandalucia.es\/iesnuevaspoblaciones\/?page_id=2780"},"modified":"2023-03-02T12:45:13","modified_gmt":"2023-03-02T11:45:13","slug":"tgselectro","status":"publish","type":"page","link":"https:\/\/blogsaverroes.juntadeandalucia.es\/iesnuevaspoblaciones\/tgselectro\/","title":{"rendered":"T\u00c9CNICO SUPERIOR EN SISTEMAS ELECTROT\u00c9CNICOS Y AUTOMATIZADOS"},"content":{"rendered":"<p>[et_pb_section fb_built=&#8221;1&#8243; _builder_version=&#8221;4.14.5&#8243; _module_preset=&#8221;default&#8221; global_colors_info=&#8221;{}&#8221;][et_pb_row _builder_version=&#8221;4.14.5&#8243; _module_preset=&#8221;default&#8221; global_colors_info=&#8221;{}&#8221;][et_pb_column type=&#8221;4_4&#8243; _builder_version=&#8221;4.14.5&#8243; _module_preset=&#8221;default&#8221; global_colors_info=&#8221;{}&#8221;][et_pb_text _builder_version=&#8221;4.14.5&#8243; _module_preset=&#8221;default&#8221; global_colors_info=&#8221;{}&#8221;]<\/p>\n<p><b>T\u00c9CNICO SUPERIOR EN SISTEMAS ELECTROT\u00c9CNICOS Y AUTOMATIZADOS<\/b><\/p>\n<p><b>Duraci\u00f3n del estudio<\/b><\/p>\n<p>2000 horas.<\/p>\n<p><b>Requisitos de acceso<\/b><\/p>\n<p>Debes cumplir<b> alguno <\/b>de los siguientes requisitos:<\/p>\n<ul>\n<li>Tener alguno de los siguientes t\u00edtulos:&nbsp;\n<ul>\n<li><b>T\u00edtulo de Bachiller<\/b>, o de un certificado acreditativo de haber superado todas las materias del Bachillerato.<\/li>\n<li>T\u00edtulo de T\u00e9cnico\/a (Formaci\u00f3n Profesional de Grado Medio).<\/li>\n<li>T\u00edtulo de T\u00e9cnico\/a Superior, T\u00e9cnico Especialista o equivalente a efectos acad\u00e9micos.<\/li>\n<li>T\u00e9cnico o T\u00e9cnica de Artes Pl\u00e1sticas y Dise\u00f1o (art\u00edculo 53.1 de la Ley Org\u00e1nica 2\/2006, de 3 de mayo, de Educaci\u00f3n, modificada por la Ley Org\u00e1nica 3\/2020, de 29 de diciembre).<\/li>\n<li>Titulaci\u00f3n Universitaria o equivalente.<\/li>\n<\/ul>\n<\/li>\n<li>Haber superado:&nbsp;\n<ul>\n<li>3\u00ba de BUP (Bachillerato Unificado Polivalente): Acreditaci\u00f3n mediante certificaci\u00f3n acad\u00e9mica de haber superado todas las asignaturas conducentes a la obtenci\u00f3n del t\u00edtulo de Bachiller regulado por la Ley 14\/1970, de 4 de agosto, General de Educaci\u00f3n y Financiamiento de la Reforma Educativa, tras la finalizaci\u00f3n del tercer curso de dichas ense\u00f1anzas. <a href=\"https:\/\/www.boe.es\/boe\/dias\/2021\/11\/08\/pdfs\/BOE-A-2021-18189.pdf\">Orden EFP\/1210\/2021, de 2 de noviembreEnlace externo, se abre en ventana nueva<\/a> por la que se establece la equivalencia, a los efectos de acceso a ense\u00f1anzas de formaci\u00f3n profesional, de determinados estudios y t\u00edtulos anteriores al actual sistema educativo.<\/li>\n<li>2\u00ba curso de cualquier modalidad de Bachillerato experimental.<\/li>\n<li>COU; Curso de Orientaci\u00f3n Universitaria.<\/li>\n<li><a href=\"https:\/\/www.todofp.es\/como-cuando-y-donde-estudiar\/acceso-fp-desde-fp\/ciclos-grado-superior.html\">Prueba de acceso a ciclos formativos de grado superior<\/a> (se requiere tener al menos 19 a\u00f1os en el a\u00f1o que se realiza la prueba o 18 para quienes poseen el t\u00edtulo de T\u00e9cnico\/a).<\/li>\n<li>Prueba de acceso a la Universidad para mayores de 25 a\u00f1os (la superaci\u00f3n de las pruebas de acceso a la Universidad para mayores de 40 y 45 a\u00f1os no es un requisito v\u00e1lido para acceder a FP).<\/li>\n<\/ul>\n<\/li>\n<\/ul>\n<p><b>\u00bfQu\u00e9 voy a aprender y hacer?<\/b><\/p>\n<p>Desarrollar proyectos y en gestionar y supervisar el montaje y mantenimiento de instalaciones electrot\u00e9cnicas en el \u00e1mbito del reglamento electrot\u00e9cnico para baja tensi\u00f3n (REBT).Tambi\u00e9n consiste en supervisar el mantenimiento de instalaciones de infraestructuras comunes de telecomunicaciones, a partir de la documentaci\u00f3n t\u00e9cnica, especificaciones, normativa y procedimientos establecidos, asegurando el funcionamiento, la calidad, la seguridad, y la conservaci\u00f3n del medio ambiente.<\/p>\n<ul>\n<li>Elaborar el informe de especificaciones de instalaciones\/sistemas obteniendo los datos para la elaboraci\u00f3n de proyectos o memorias t\u00e9cnicas.<\/li>\n<li>Calcular las caracter\u00edsticas t\u00e9cnicas de equipos y elementos y de las instalaciones, cumpliendo la normativa vigente y los requerimientos del cliente.<\/li>\n<li>Configurar instalaciones y sistemas de acuerdo con las especificaciones y las prescripciones reglamentarias.<\/li>\n<li>Planificar el montaje y pruebas de instalaciones y sistemas a partir de la documentaci\u00f3n t\u00e9cnica o caracter\u00edsticas de la obra.<\/li>\n<li>Realizar el lanzamiento del montaje de las instalaciones partiendo del programa de montaje y del plan general de la obra.<\/li>\n<li>Supervisar los procesos de montaje de las instalaciones, verificando su adecuaci\u00f3n a las condiciones de obra y controlando su avance para cumplir con los objetivos de la empresa.<\/li>\n<li>Supervisar los procesos de mantenimiento de las instalaciones controlando los tiempos y la calidad de los resultados.<\/li>\n<li>Poner en servicio las instalaciones, supervisando el cumplimiento de los requerimientos y asegurando las condiciones de calidad y seguridad.<\/li>\n<\/ul>\n<p><b>Plan de formaci\u00f3n<\/b><\/p>\n<p>Los m\u00f3dulos profesionales de este ciclo formativo son los siguientes:<\/p>\n<ul>\n<li>Procesos en instalaciones de infraestructuras comunes de telecomunicaciones.<\/li>\n<li>T\u00e9cnicas y procesos en instalaciones el\u00e9ctricas.<\/li>\n<li>Documentaci\u00f3n t\u00e9cnica en instalaciones el\u00e9ctricas.<\/li>\n<li>Sistemas y circuitos el\u00e9ctricos.<\/li>\n<li>T\u00e9cnicas y procesos en instalaciones dom\u00f3ticas y autom\u00e1ticas.<\/li>\n<li>Desarrollo de redes el\u00e9ctricas y centros de transformaci\u00f3n.<\/li>\n<li>Configuraci\u00f3n de instalaciones dom\u00f3ticas y autom\u00e1ticas.<\/li>\n<li>Configuraci\u00f3n de instalaciones el\u00e9ctricas.<\/li>\n<li>Gesti\u00f3n del montaje y del mantenimiento de instalaciones el\u00e9ctricas.<\/li>\n<li>Proyecto de sistemas electrot\u00e9cnicos y automatizados<\/li>\n<li>Formaci\u00f3n y orientaci\u00f3n laboral.<\/li>\n<li>Empresa e iniciativa emprendedora.<\/li>\n<li>Formaci\u00f3n en centros de trabajo.<\/li>\n<\/ul>\n<p><b>Al finalizar mis estudios, \u00bfQu\u00e9 puedo hacer?<\/b><\/p>\n<p><b>Trabajar como:<\/b><\/p>\n<ul>\n<li>T\u00e9cnica \/ t\u00e9cnico en proyectos electrot\u00e9cnicos.<\/li>\n<li>Proyectista electrot\u00e9cnico.<\/li>\n<li>Coordinador t\u00e9cnico \/ cooordinadora t\u00e9cnica de instalaciones electrot\u00e9cnicas de baja tensi\u00f3n para los edificios.<\/li>\n<li>T\u00e9cnica \/ t\u00e9cnico de supervisi\u00f3n, verificaci\u00f3n y control de equipos e instalaciones electrot\u00e9cnicas y automatizadas.<\/li>\n<li>T\u00e9cnica \/ t\u00e9cnico supervisor de instalaciones de alumbrado exterior.<\/li>\n<li>Jefa \/ jefe de equipo de instaladores \/ instaladoras de baja tensi\u00f3n para edificios.<\/li>\n<li>Coordinador t\u00e9cnico \/ coordinadora t\u00e9cnica de redes el\u00e9ctricas de baja tensi\u00f3n y alumbrado exterior.<\/li>\n<li>Capataz de obras en redes el\u00e9ctricas de distribuci\u00f3n en baja tensi\u00f3n y alumbrado exterior.<\/li>\n<li>Encargada \/ encargado de obras en redes el\u00e9ctricas de distribuci\u00f3n en baja tensi\u00f3n y alumbrado exterior.<\/li>\n<li>Jefa \/ jefe de equipo de instaladores en redes el\u00e9ctricas de distribuci\u00f3n en baja tensi\u00f3n y alumbrado exterior.<\/li>\n<li>Gestor \/ gestora del mantenimiento de instalaciones el\u00e9ctricas de distribuci\u00f3n y alumbrado exterior.<\/li>\n<\/ul>\n<p><b>Seguir estudiando:<\/b><\/p>\n<ul>\n<li>Cursos de especializaci\u00f3n profesional.<\/li>\n<li>Otro Ciclo de Formaci\u00f3n Profesional con la posibilidad de establecer convalidaciones de m\u00f3dulos profesionales de acuerdo a la normativa vigente.<\/li>\n<li><b>Preparaci\u00f3n de las Pruebas de Evaluaci\u00f3n de Bachillerato (\u00fanicamente las materias de opci\u00f3n del bloque de las troncales).<\/b><\/li>\n<li>Ense\u00f1anzas Universitarias con la posibilidad de establecer convalidaciones de acuerdo con la normativa vigente.<\/li>\n<\/ul>\n<p><b>\u00bfCu\u00e1les son las salidas profesionales?<\/b><\/p>\n<p>Este profesional ejerce su actividad en empresas, mayoritariamente privadas, dedicadas al desarrollo de proyectos, a la gesti\u00f3n y supervisi\u00f3n del montaje y mantenimiento de instalaciones el\u00e9ctricas en el entorno de edificios y con fines especiales, a la instalaci\u00f3n de sistemas dom\u00f3ticos e inm\u00f3ticos, a infraestructuras de telecomunicaci\u00f3n en edificios, a redes el\u00e9ctricas de baja y a sistemas automatizados, bien por cuenta propia o ajena.<\/p>\n<p><b>Instalaciones y medios<\/b><\/p>\n<p><b>Aulas y talleres espec\u00edficos:<\/b> Con los puestos y equipos inform\u00e1ticos necesarios, programas espec\u00edficos para dise\u00f1o, c\u00e1lculo y simulaci\u00f3n, herramientas y m\u00e1quinas especializadas.<\/p>\n<p><b>Horario<\/b><\/p>\n<p><b>De 8:15 a 14:45<\/b><\/p>\n<p><b>Pr\u00e1cticas en empresa con Erasmus<\/b><\/p>\n<p>El alumnado puede participar en el Proyecto de Movilidad Erasmus+ que ofrecemos para realizar pr\u00e1cticas profesionales en diferentes pa\u00edses europeos.<\/p>\n<p>[\/et_pb_text][\/et_pb_column][\/et_pb_row][\/et_pb_section]<\/p>\n","protected":false},"excerpt":{"rendered":"<p>T\u00c9CNICO SUPERIOR EN SISTEMAS ELECTROT\u00c9CNICOS Y AUTOMATIZADOS Duraci\u00f3n del estudio 2000 horas. Requisitos de acceso Debes cumplir alguno de los siguientes requisitos: Tener alguno de los siguientes t\u00edtulos:&nbsp; T\u00edtulo de Bachiller, o de un certificado acreditativo de haber superado todas las materias del Bachillerato. T\u00edtulo de T\u00e9cnico\/a (Formaci\u00f3n Profesional de Grado Medio). T\u00edtulo de T\u00e9cnico\/a [&hellip;]<\/p>\n","protected":false},"author":3570,"featured_media":0,"parent":0,"menu_order":0,"comment_status":"closed","ping_status":"closed","template":"","meta":{"_et_pb_use_builder":"on","_et_pb_old_content":"","_et_gb_content_width":"","ngg_post_thumbnail":0,"footnotes":""},"aioseo_notices":[],"_links":{"self":[{"href":"https:\/\/blogsaverroes.juntadeandalucia.es\/iesnuevaspoblaciones\/wp-json\/wp\/v2\/pages\/2780"}],"collection":[{"href":"https:\/\/blogsaverroes.juntadeandalucia.es\/iesnuevaspoblaciones\/wp-json\/wp\/v2\/pages"}],"about":[{"href":"https:\/\/blogsaverroes.juntadeandalucia.es\/iesnuevaspoblaciones\/wp-json\/wp\/v2\/types\/page"}],"author":[{"embeddable":true,"href":"https:\/\/blogsaverroes.juntadeandalucia.es\/iesnuevaspoblaciones\/wp-json\/wp\/v2\/users\/3570"}],"replies":[{"embeddable":true,"href":"https:\/\/blogsaverroes.juntadeandalucia.es\/iesnuevaspoblaciones\/wp-json\/wp\/v2\/comments?post=2780"}],"version-history":[{"count":4,"href":"https:\/\/blogsaverroes.juntadeandalucia.es\/iesnuevaspoblaciones\/wp-json\/wp\/v2\/pages\/2780\/revisions"}],"predecessor-version":[{"id":2787,"href":"https:\/\/blogsaverroes.juntadeandalucia.es\/iesnuevaspoblaciones\/wp-json\/wp\/v2\/pages\/2780\/revisions\/2787"}],"wp:attachment":[{"href":"https:\/\/blogsaverroes.juntadeandalucia.es\/iesnuevaspoblaciones\/wp-json\/wp\/v2\/media?parent=2780"}],"curies":[{"name":"wp","href":"https:\/\/api.w.org\/{rel}","templated":true}]}}