{"id":2800,"date":"2023-03-02T13:36:01","date_gmt":"2023-03-02T12:36:01","guid":{"rendered":"https:\/\/blogsaverroes.juntadeandalucia.es\/iesnuevaspoblaciones\/?page_id=2800"},"modified":"2023-03-02T13:37:04","modified_gmt":"2023-03-02T12:37:04","slug":"fpmantemientoelectromecanico","status":"publish","type":"page","link":"https:\/\/blogsaverroes.juntadeandalucia.es\/iesnuevaspoblaciones\/fpmantemientoelectromecanico\/","title":{"rendered":"T\u00c9CNICO EN MANTENIMIENTO ELECTROMEC\u00c1NICO"},"content":{"rendered":"<p>[et_pb_section fb_built=&#8221;1&#8243; _builder_version=&#8221;4.14.5&#8243; _module_preset=&#8221;default&#8221; global_colors_info=&#8221;{}&#8221;][et_pb_row _builder_version=&#8221;4.14.5&#8243; _module_preset=&#8221;default&#8221; global_colors_info=&#8221;{}&#8221;][et_pb_column type=&#8221;4_4&#8243; _builder_version=&#8221;4.14.5&#8243; _module_preset=&#8221;default&#8221; global_colors_info=&#8221;{}&#8221;][et_pb_text _builder_version=&#8221;4.14.5&#8243; _module_preset=&#8221;default&#8221; global_colors_info=&#8221;{}&#8221;]<\/p>\n<p><b>T\u00c9CNICO EN MANTENIMIENTO ELECTROMEC\u00c1NICO<\/b><\/p>\n<p><b>Duraci\u00f3n del estudio<\/b><\/p>\n<p>2000 horas.<\/p>\n<p><b>Requisitos de acceso<\/b><\/p>\n<p>Debes cumplir <b>alguno<\/b> de los siguientes requisitos:<\/p>\n<ul>\n<li>Tener alguno de los siguientes t\u00edtulos:&nbsp;\n<ul>\n<li>T\u00edtulo de <b>Graduado\/a en Educaci\u00f3n Secundaria Obligatoria<\/b> o de un nivel acad\u00e9mico superior.<\/li>\n<li>T\u00edtulo Profesional B\u00e1sico (Formaci\u00f3n Profesional de Grado B\u00e1sico).<\/li>\n<li>T\u00edtulo de T\u00e9cnico\/a o de T\u00e9cnico\/a Auxiliar o equivalente a efectos acad\u00e9micos.<\/li>\n<\/ul>\n<\/li>\n<li>Haber superado:&nbsp;\n<ul>\n<li>2\u00ba curso del Bachillerato Unificado y Polivalente (BUP).<\/li>\n<li><a href=\"https:\/\/www.todofp.es\/como-cuando-y-donde-estudiar\/acceso-fp-desde-fp\/ciclos-grado-medio.html\">Prueba de acceso a ciclos formativos de grado medio<\/a> (se requerir\u00e1 tener, al menos, diecisiete a\u00f1os, cumplidos en el a\u00f1o de realizaci\u00f3n de la prueba).<\/li>\n<li>Prueba de acceso a la Universidad para mayores de 25 a\u00f1os (la superaci\u00f3n de las pruebas de acceso a la Universidad para mayores de 40 y 45 a\u00f1os no es un requisito v\u00e1lido para acceder a FP).<\/li>\n<\/ul>\n<\/li>\n<\/ul>\n<p><b>\u00bfQu\u00e9 voy a aprender y hacer?<\/b><\/p>\n<ul>\n<li>Realizar las operaciones asociadas al montaje y mantenimiento de las instalaciones.<\/li>\n<li>Acopiar los recursos y medios necesarios para acometer la ejecuci\u00f3n del montaje o del mantenimiento de las instalaciones.<\/li>\n<li>Proponer modificaciones de las instalaciones de acuerdo con la documentaci\u00f3n t\u00e9cnica para garantizar la viabilidad del montaje, resolviendo los problemas de su competencia e informando de otras contingencias<\/li>\n<li>Montar los sistemas mec\u00e1nicos, hidr\u00e1ulicos, neum\u00e1ticos y dem\u00e1s elementos auxiliares asociados a las instalaciones electromec\u00e1nicas.<\/li>\n<li>Montar sistemas el\u00e9ctricos y de regulaci\u00f3n y control asociados a las instalaciones electromec\u00e1nicas, en condiciones de calidad y seguridad.<\/li>\n<li>Fabricar y\/o unir componentes mec\u00e1nicos para el mantenimiento y montaje de instalaciones electromec\u00e1nicas<\/li>\n<li>Realizar las pruebas y verificaciones, tanto funcionales como reglamentarias, de las instalaciones para comprobar y ajustar su funcionamiento.<\/li>\n<li>Diagnosticar las disfunciones de los equipos y elementos de las instalaciones, utilizando los medios apropiados y aplicando procedimientos establecidos con la seguridad requerida.<\/li>\n<li>Reparar, mantener y sustituir equipos y elementos en las instalaciones para asegurar o reestablecer las condiciones de funcionamiento.<\/li>\n<li>Poner en marcha la instalaci\u00f3n, realizando las pruebas de seguridad y de funcionamiento de las m\u00e1quinas, automatismos y dispositivos de seguridad, tras el montaje o mantenimiento de una instalaci\u00f3n.<\/li>\n<\/ul>\n<p><b>Plan de formaci\u00f3n<\/b><\/p>\n<p>Los m\u00f3dulos profesionales de este ciclo formativo son los siguientes:<\/p>\n<ul>\n<li>T\u00e9cnicas de fabricaci\u00f3n.<\/li>\n<li>T\u00e9cnicas de uni\u00f3n y montaje.<\/li>\n<li>Electricidad y automatismos el\u00e9ctricos.<\/li>\n<li>Automatismos neum\u00e1tico, hidr\u00e1ulico.<\/li>\n<li>Montaje y mantenimiento mec\u00e1nico.<\/li>\n<li>Montaje y mantenimiento el\u00e9ctrico-electr\u00f3nico.<\/li>\n<li>Montaje y mantenimiento de l\u00edneas automatizadas<\/li>\n<li>Formaci\u00f3n y orientaci\u00f3n laboral.<\/li>\n<li>Empresa e iniciativa emprendedora.<\/li>\n<li>Formaci\u00f3n en centros de trabajo.<\/li>\n<\/ul>\n<p><b>Al finalizar mis estudios, \u00bfQu\u00e9 puedo hacer?<\/b><\/p>\n<p><b>Trabajar como:<\/b><\/p>\n<ul>\n<li>Instalador \/ instaladora el\u00e9ctrico-electr\u00f3nico de l\u00edneas de producci\u00f3n automatizadas.<\/li>\n<li>Mantenedor \/ mantenedora el\u00e9ctrico-electr\u00f3nico de l\u00edneas de producci\u00f3n automatizadas.<\/li>\n<li>Mec\u00e1nica \/ mec\u00e1nico de mantenimiento.<\/li>\n<li>Montador \/ montadora industrial.<\/li>\n<li>Mantenedor \/ mantenedora de l\u00ednea automatizada<\/li>\n<li>Montador \/ montadora de bienes de equipo.<\/li>\n<li>Montador \/ montadora de equipos el\u00e9ctricos.<\/li>\n<li>Montador \/ montadora de equipos electr\u00f3nicos.<\/li>\n<li>Montador \/ montadora de automatismos neum\u00e1ticos e hidr\u00e1ulicos<\/li>\n<\/ul>\n<p><b>Seguir estudiando:<\/b><\/p>\n<ul>\n<li>Cursos de especializaci\u00f3n profesional<\/li>\n<li>Otro ciclo de Formaci\u00f3n Profesional con la posibilidad de establecer convalidaciones de m\u00f3dulos profesionales de acuerdo a la normativa vigente.<\/li>\n<li>El Bachillerato en cualquiera de sus modalidades<\/li>\n<\/ul>\n<p><b>\u00bfCu\u00e1les son las salidas profesionales?<\/b><\/p>\n<p>Este profesional ejerce su actividad en empresas, mayoritariamente privadas, dedicadas al montaje y al mantenimiento o instalaciones de maquinaria, equipo industrial y l\u00edneas automatizadas bien por cuenta propia o ajena.<\/p>\n<p><b>Instalaciones y medios<\/b><\/p>\n<p><b>Aulas y talleres espec\u00edficos:<\/b> Con los puestos y equipos inform\u00e1ticos necesarios, programas espec\u00edficos para dise\u00f1o, c\u00e1lculo y simulaci\u00f3n, herramientas y m\u00e1quinas especializadas.<\/p>\n<p><b>Horario<\/b><\/p>\n<p><b>De 8:15 a 14:45<\/b><\/p>\n<p><b>Pr\u00e1cticas en empresa con Erasmus<\/b><\/p>\n<p>El alumnado puede participar en el Proyecto de Movilidad Erasmus+ que ofrecemos para realizar pr\u00e1cticas profesionales en diferentes pa\u00edses europeos.<\/p>\n<p>&nbsp;<\/p>\n<p>[\/et_pb_text][\/et_pb_column][\/et_pb_row][\/et_pb_section]<\/p>\n","protected":false},"excerpt":{"rendered":"<p>T\u00c9CNICO EN MANTENIMIENTO ELECTROMEC\u00c1NICO Duraci\u00f3n del estudio 2000 horas. Requisitos de acceso Debes cumplir alguno de los siguientes requisitos: Tener alguno de los siguientes t\u00edtulos:&nbsp; T\u00edtulo de Graduado\/a en Educaci\u00f3n Secundaria Obligatoria o de un nivel acad\u00e9mico superior. T\u00edtulo Profesional B\u00e1sico (Formaci\u00f3n Profesional de Grado B\u00e1sico). T\u00edtulo de T\u00e9cnico\/a o de T\u00e9cnico\/a Auxiliar o equivalente [&hellip;]<\/p>\n","protected":false},"author":3570,"featured_media":0,"parent":0,"menu_order":0,"comment_status":"closed","ping_status":"closed","template":"","meta":{"_et_pb_use_builder":"on","_et_pb_old_content":"","_et_gb_content_width":"","ngg_post_thumbnail":0,"footnotes":""},"aioseo_notices":[],"_links":{"self":[{"href":"https:\/\/blogsaverroes.juntadeandalucia.es\/iesnuevaspoblaciones\/wp-json\/wp\/v2\/pages\/2800"}],"collection":[{"href":"https:\/\/blogsaverroes.juntadeandalucia.es\/iesnuevaspoblaciones\/wp-json\/wp\/v2\/pages"}],"about":[{"href":"https:\/\/blogsaverroes.juntadeandalucia.es\/iesnuevaspoblaciones\/wp-json\/wp\/v2\/types\/page"}],"author":[{"embeddable":true,"href":"https:\/\/blogsaverroes.juntadeandalucia.es\/iesnuevaspoblaciones\/wp-json\/wp\/v2\/users\/3570"}],"replies":[{"embeddable":true,"href":"https:\/\/blogsaverroes.juntadeandalucia.es\/iesnuevaspoblaciones\/wp-json\/wp\/v2\/comments?post=2800"}],"version-history":[{"count":4,"href":"https:\/\/blogsaverroes.juntadeandalucia.es\/iesnuevaspoblaciones\/wp-json\/wp\/v2\/pages\/2800\/revisions"}],"predecessor-version":[{"id":2804,"href":"https:\/\/blogsaverroes.juntadeandalucia.es\/iesnuevaspoblaciones\/wp-json\/wp\/v2\/pages\/2800\/revisions\/2804"}],"wp:attachment":[{"href":"https:\/\/blogsaverroes.juntadeandalucia.es\/iesnuevaspoblaciones\/wp-json\/wp\/v2\/media?parent=2800"}],"curies":[{"name":"wp","href":"https:\/\/api.w.org\/{rel}","templated":true}]}}