{"id":986,"date":"2021-11-18T13:16:38","date_gmt":"2021-11-18T12:16:38","guid":{"rendered":"https:\/\/blogsaverroes.juntadeandalucia.es\/iesnuevaspoblaciones\/?page_id=986"},"modified":"2021-12-13T12:21:31","modified_gmt":"2021-12-13T11:21:31","slug":"conocenos","status":"publish","type":"page","link":"https:\/\/blogsaverroes.juntadeandalucia.es\/iesnuevaspoblaciones\/conocenos\/","title":{"rendered":"Con\u00f3cenos"},"content":{"rendered":"<p>[et_pb_section fb_built=&#8221;1&#8243; _builder_version=&#8221;3.22&#8243;][et_pb_row column_structure=&#8221;1_2,1_2&#8243; _builder_version=&#8221;4.5.0&#8243; _module_preset=&#8221;default&#8221;][et_pb_column type=&#8221;1_2&#8243; _builder_version=&#8221;4.5.0&#8243; _module_preset=&#8221;default&#8221;][et_pb_image src=&#8221;https:\/\/blogsaverroes.juntadeandalucia.es\/iesnuevaspoblaciones\/files\/2021\/12\/IMG-4906-scaled.jpg&#8221; title_text=&#8221;IMG-4906&#8243; _builder_version=&#8221;4.5.0&#8243; _module_preset=&#8221;default&#8221; hover_enabled=&#8221;0&#8243;][\/et_pb_image][\/et_pb_column][et_pb_column type=&#8221;1_2&#8243; _builder_version=&#8221;4.5.0&#8243; _module_preset=&#8221;default&#8221;][et_pb_text _builder_version=&#8221;4.5.0&#8243; _module_preset=&#8221;default&#8221;]<\/p>\n<div class=\"et_pb_column et_pb_column_4_4 et_pb_column_0  et_pb_css_mix_blend_mode_passthrough et-last-child\">\n<div class=\"et_pb_module et_pb_text et_pb_text_0  et_pb_text_align_left et_pb_bg_layout_light\">\n<div class=\"et_pb_text_inner\">\n<p>El I.E.S. Nuevas Poblaciones se encuentra situado en la localidad de La Carlota dentro de la campi\u00f1a cordobesa.<\/p>\n<p>Nuestro centro ofrece actualmente formaci\u00f3n para: E.S.O., Bachillerato, ciclos formativos de grado medio de electricidad, ciclos formativos de grado medio y superior de administraci\u00f3n y finanzas. Adem\u00e1s de las formaciones de ESPA (Educaci\u00f3n Secundaria Para Adultos) y Formaci\u00f3n Profesional b\u00e1sica para las especialidades de auxiliar en electricidad y administrativo<\/p>\n<\/div>\n<\/div>\n<\/div>\n<p>[\/et_pb_text][\/et_pb_column][\/et_pb_row][\/et_pb_section]<\/p>\n","protected":false},"excerpt":{"rendered":"<p>El I.E.S. Nuevas Poblaciones se encuentra situado en la localidad de La Carlota dentro de la campi\u00f1a cordobesa. Nuestro centro ofrece actualmente formaci\u00f3n para: E.S.O., Bachillerato, ciclos formativos de grado medio de electricidad, ciclos formativos de grado medio y superior de administraci\u00f3n y finanzas. Adem\u00e1s de las formaciones de ESPA (Educaci\u00f3n Secundaria Para Adultos) y [&hellip;]<\/p>\n","protected":false},"author":8313,"featured_media":0,"parent":0,"menu_order":0,"comment_status":"closed","ping_status":"closed","template":"","meta":{"_et_pb_use_builder":"on","_et_pb_old_content":"<p>El I.E.S. Nuevas Poblaciones se encuentra situado en la localidad de La Carlota dentro de la campi\u00f1a cordobesa.<\/p><p>Nuestro centro ofrece actualmente formaci\u00f3n para: E.S.O., Bachillerato, ciclos formativos de grado medio de electricidad, ciclos formativos de grado medio y superior de administraci\u00f3n y finanzas. Adem\u00e1s de las formaciones de ESPA (Educaci\u00f3n Secundaria Para Adultos) y Formaci\u00f3n Profesional b\u00e1sica para las especialidades de auxiliar en electricidad y administrativo<\/p>","_et_gb_content_width":"","ngg_post_thumbnail":0,"footnotes":""},"aioseo_notices":[],"_links":{"self":[{"href":"https:\/\/blogsaverroes.juntadeandalucia.es\/iesnuevaspoblaciones\/wp-json\/wp\/v2\/pages\/986"}],"collection":[{"href":"https:\/\/blogsaverroes.juntadeandalucia.es\/iesnuevaspoblaciones\/wp-json\/wp\/v2\/pages"}],"about":[{"href":"https:\/\/blogsaverroes.juntadeandalucia.es\/iesnuevaspoblaciones\/wp-json\/wp\/v2\/types\/page"}],"author":[{"embeddable":true,"href":"https:\/\/blogsaverroes.juntadeandalucia.es\/iesnuevaspoblaciones\/wp-json\/wp\/v2\/users\/8313"}],"replies":[{"embeddable":true,"href":"https:\/\/blogsaverroes.juntadeandalucia.es\/iesnuevaspoblaciones\/wp-json\/wp\/v2\/comments?post=986"}],"version-history":[{"count":9,"href":"https:\/\/blogsaverroes.juntadeandalucia.es\/iesnuevaspoblaciones\/wp-json\/wp\/v2\/pages\/986\/revisions"}],"predecessor-version":[{"id":1166,"href":"https:\/\/blogsaverroes.juntadeandalucia.es\/iesnuevaspoblaciones\/wp-json\/wp\/v2\/pages\/986\/revisions\/1166"}],"wp:attachment":[{"href":"https:\/\/blogsaverroes.juntadeandalucia.es\/iesnuevaspoblaciones\/wp-json\/wp\/v2\/media?parent=986"}],"curies":[{"name":"wp","href":"https:\/\/api.w.org\/{rel}","templated":true}]}}