{"id":992,"date":"2021-11-18T13:20:20","date_gmt":"2021-11-18T12:20:20","guid":{"rendered":"https:\/\/blogsaverroes.juntadeandalucia.es\/iesnuevaspoblaciones\/?page_id=992"},"modified":"2025-11-27T11:55:10","modified_gmt":"2025-11-27T10:55:10","slug":"departamentos","status":"publish","type":"page","link":"https:\/\/blogsaverroes.juntadeandalucia.es\/iesnuevaspoblaciones\/departamentos\/","title":{"rendered":"Departamentos"},"content":{"rendered":"<p>[et_pb_section fb_built=&#8221;1&#8243; _builder_version=&#8221;4.16&#8243; _module_preset=&#8221;default&#8221; global_colors_info=&#8221;{}&#8221;][et_pb_row _builder_version=&#8221;4.16&#8243; _module_preset=&#8221;default&#8221; global_colors_info=&#8221;{}&#8221;][et_pb_column type=&#8221;4_4&#8243; _builder_version=&#8221;4.16&#8243; _module_preset=&#8221;default&#8221; global_colors_info=&#8221;{}&#8221;][et_pb_text _builder_version=&#8221;4.24.2&#8243; _module_preset=&#8221;default&#8221; hover_enabled=&#8221;0&#8243; global_colors_info=&#8221;{}&#8221; sticky_enabled=&#8221;0&#8243;]<\/p>\n<ul>\n<li><strong><span style=\"color: #800000\">Departamento de Administrativo<\/span><\/strong><\/li>\n<li><span style=\"color: #800000\"><strong>Departamento de Biolog\u00eda<\/strong><\/span><\/li>\n<li><span style=\"color: #800000\"><strong>Departamento de Cultura Cl\u00e1sica<\/strong><\/span><\/li>\n<li><span style=\"color: #800000\"><strong>Departamento de Educaci\u00f3n F\u00edsica<\/strong><\/span><\/li>\n<li><span style=\"color: #800000\"><strong>Departamento de Educaci\u00f3n Pl\u00e1stica<\/strong><\/span><\/li>\n<li><strong><span style=\"color: #800000\">Departamento de Electricidad<\/span><\/strong><\/li>\n<li><span style=\"color: #800000\"><strong>Departamento de Filosof\u00eda<\/strong><\/span><\/li>\n<li><strong><span style=\"color: #800000\">Departamento de Franc\u00e9s<\/span><\/strong><\/li>\n<li><span style=\"color: #800000\"><strong>Departamento de F\u00edsica y Qu\u00edmica<\/strong><\/span><\/li>\n<li><span style=\"color: #800000\"><strong>Departamento de Fol<\/strong><\/span><\/li>\n<li><span style=\"color: #800000\"><strong>Departamento de Geograf\u00eda e Historia<\/strong><\/span><\/li>\n<li><strong><span style=\"color: #800000\">Departamento de Ingl\u00e9s<\/span><\/strong><\/li>\n<li><strong><span style=\"color: #800000\">Departamento de Lengua<\/span><\/strong><\/li>\n<li><span style=\"color: #800000\"><strong>Departamento de Mantenimiento electromec\u00e1nico<\/strong><\/span><\/li>\n<li><span style=\"color: #800000\"><strong>Departamento de Matem\u00e1ticas<\/strong><\/span><\/li>\n<li><span style=\"color: #800000\"><strong>Departamento de M\u00fasica<\/strong><\/span><\/li>\n<li><span style=\"color: #800000\"><strong>Departamento de Orientaci\u00f3n<\/strong><\/span><\/li>\n<li><strong><span style=\"color: #800000\">Departamento de Tecnolog\u00eda e inform\u00e1tica<\/span><\/strong><\/li>\n<\/ul>\n<p>[\/et_pb_text][\/et_pb_column][\/et_pb_row][\/et_pb_section]<\/p>\n","protected":false},"excerpt":{"rendered":"<p>Departamento de Administrativo Departamento de Biolog\u00eda Departamento de Cultura Cl\u00e1sica Departamento de Educaci\u00f3n F\u00edsica Departamento de Educaci\u00f3n Pl\u00e1stica Departamento de Electricidad Departamento de Filosof\u00eda Departamento de Franc\u00e9s Departamento de F\u00edsica y Qu\u00edmica Departamento de Fol Departamento de Geograf\u00eda e Historia Departamento de Ingl\u00e9s Departamento de Lengua Departamento de Mantenimiento electromec\u00e1nico Departamento de Matem\u00e1ticas Departamento de [&hellip;]<\/p>\n","protected":false},"author":8313,"featured_media":0,"parent":0,"menu_order":0,"comment_status":"closed","ping_status":"closed","template":"","meta":{"_et_pb_use_builder":"on","_et_pb_old_content":"","_et_gb_content_width":"","ngg_post_thumbnail":0,"footnotes":""},"aioseo_notices":[],"_links":{"self":[{"href":"https:\/\/blogsaverroes.juntadeandalucia.es\/iesnuevaspoblaciones\/wp-json\/wp\/v2\/pages\/992"}],"collection":[{"href":"https:\/\/blogsaverroes.juntadeandalucia.es\/iesnuevaspoblaciones\/wp-json\/wp\/v2\/pages"}],"about":[{"href":"https:\/\/blogsaverroes.juntadeandalucia.es\/iesnuevaspoblaciones\/wp-json\/wp\/v2\/types\/page"}],"author":[{"embeddable":true,"href":"https:\/\/blogsaverroes.juntadeandalucia.es\/iesnuevaspoblaciones\/wp-json\/wp\/v2\/users\/8313"}],"replies":[{"embeddable":true,"href":"https:\/\/blogsaverroes.juntadeandalucia.es\/iesnuevaspoblaciones\/wp-json\/wp\/v2\/comments?post=992"}],"version-history":[{"count":6,"href":"https:\/\/blogsaverroes.juntadeandalucia.es\/iesnuevaspoblaciones\/wp-json\/wp\/v2\/pages\/992\/revisions"}],"predecessor-version":[{"id":4196,"href":"https:\/\/blogsaverroes.juntadeandalucia.es\/iesnuevaspoblaciones\/wp-json\/wp\/v2\/pages\/992\/revisions\/4196"}],"wp:attachment":[{"href":"https:\/\/blogsaverroes.juntadeandalucia.es\/iesnuevaspoblaciones\/wp-json\/wp\/v2\/media?parent=992"}],"curies":[{"name":"wp","href":"https:\/\/api.w.org\/{rel}","templated":true}]}}