{"id":357,"date":"2024-12-19T10:08:12","date_gmt":"2024-12-19T10:08:12","guid":{"rendered":"https:\/\/blogsaverroes.juntadeandalucia.es\/iesnuevomilenio\/?page_id=357"},"modified":"2024-12-19T10:27:22","modified_gmt":"2024-12-19T10:27:22","slug":"programaciones","status":"publish","type":"page","link":"https:\/\/blogsaverroes.juntadeandalucia.es\/iesnuevomilenio\/programaciones\/","title":{"rendered":"PROGRAMACIONES"},"content":{"rendered":"<p><a title=\"DEPARTAMENTO GEOGRAF\u00edA E HISTORIA\" href=\"https:\/\/drive.google.com\/drive\/folders\/1Rh0cyFHzCraNf8jLvBVjEibuqclkQ0Sv?usp=sharing\" target=\"_blank\" rel=\"noopener\">DEPARTAMENTO GEOGRAF\u00edA E HISTORIA<\/a><\/p>\n<p><a title=\"DEPARTAMENTO MATEM\u00c1TICAS\" href=\"https:\/\/drive.google.com\/drive\/folders\/1VrF_Q3S2DfczbFD9tgfIcMiRNt-h6MJ5?usp=sharing\" target=\"_blank\" rel=\"noopener\">DEPARTAMENTO MATEM\u00c1TICAS<\/a><\/p>\n<p><a title=\"DEPARTAMENTO DE F\u00cdSICA Y QU\u00cdMICA\" href=\"https:\/\/drive.google.com\/drive\/folders\/1u-D28u7mxQCwXdwQcm6sChX5Wh6FyjMn?usp=sharing\" target=\"_blank\" rel=\"noopener\">DEPARTAMENTO DE F\u00cdSICA Y QU\u00cdMICA<\/a><\/p>\n<p><a title=\"DEPARTAMENTO DE TECNOLOG\u00cdA Y DIGITALIZACI\u00d3N\" href=\"https:\/\/drive.google.com\/drive\/folders\/1TrjWJiKrws2Es5z6jneQCg_L6iA93bq7?usp=sharing\" target=\"_blank\" rel=\"noopener\">DEPARTAMENTO DE TECNOLOG\u00cdA Y DIGITALIZACI\u00d3N<\/a><\/p>\n<p><a title=\"DEPARTAMENTO BIOLOG\u00cdA Y GEOLOG\u00cdA\" href=\"https:\/\/drive.google.com\/drive\/folders\/1wYWCRttQtyQmZ_ApjzBtbCpWuaca3afM?usp=sharing\" target=\"_blank\" rel=\"noopener\">DEPARTAMENTO BIOLOG\u00cdA Y GEOLOG\u00cdA<\/a><\/p>\n","protected":false},"excerpt":{"rendered":"<p>DEPARTAMENTO GEOGRAF\u00edA E HISTORIA DEPARTAMENTO MATEM\u00c1TICAS DEPARTAMENTO DE F\u00cdSICA Y QU\u00cdMICA DEPARTAMENTO DE TECNOLOG\u00cdA Y DIGITALIZACI\u00d3N DEPARTAMENTO BIOLOG\u00cdA Y GEOLOG\u00cdA<\/p>\n","protected":false},"author":19316,"featured_media":0,"parent":0,"menu_order":0,"comment_status":"closed","ping_status":"closed","template":"","meta":{"ngg_post_thumbnail":0,"footnotes":""},"aioseo_notices":[],"_links":{"self":[{"href":"https:\/\/blogsaverroes.juntadeandalucia.es\/iesnuevomilenio\/wp-json\/wp\/v2\/pages\/357"}],"collection":[{"href":"https:\/\/blogsaverroes.juntadeandalucia.es\/iesnuevomilenio\/wp-json\/wp\/v2\/pages"}],"about":[{"href":"https:\/\/blogsaverroes.juntadeandalucia.es\/iesnuevomilenio\/wp-json\/wp\/v2\/types\/page"}],"author":[{"embeddable":true,"href":"https:\/\/blogsaverroes.juntadeandalucia.es\/iesnuevomilenio\/wp-json\/wp\/v2\/users\/19316"}],"replies":[{"embeddable":true,"href":"https:\/\/blogsaverroes.juntadeandalucia.es\/iesnuevomilenio\/wp-json\/wp\/v2\/comments?post=357"}],"version-history":[{"count":8,"href":"https:\/\/blogsaverroes.juntadeandalucia.es\/iesnuevomilenio\/wp-json\/wp\/v2\/pages\/357\/revisions"}],"predecessor-version":[{"id":366,"href":"https:\/\/blogsaverroes.juntadeandalucia.es\/iesnuevomilenio\/wp-json\/wp\/v2\/pages\/357\/revisions\/366"}],"wp:attachment":[{"href":"https:\/\/blogsaverroes.juntadeandalucia.es\/iesnuevomilenio\/wp-json\/wp\/v2\/media?parent=357"}],"curies":[{"name":"wp","href":"https:\/\/api.w.org\/{rel}","templated":true}]}}