{"id":10196,"date":"2024-03-18T09:56:47","date_gmt":"2024-03-18T08:56:47","guid":{"rendered":"https:\/\/blogsaverroes.juntadeandalucia.es\/iesodiel\/?page_id=10196"},"modified":"2024-03-18T09:56:47","modified_gmt":"2024-03-18T08:56:47","slug":"normativa-de-aplicacion","status":"publish","type":"page","link":"https:\/\/blogsaverroes.juntadeandalucia.es\/iesodiel\/normativa-de-aplicacion\/","title":{"rendered":"Normativa de aplicaci\u00f3n"},"content":{"rendered":"<table style=\"border-collapse: collapse;width: 100%;height: 96px\">\n<tbody>\n<tr style=\"height: 24px\">\n<td style=\"width: 16.6667%;height: 24px;text-align: center;vertical-align: middle;border-style: solid;border-color: #000000\">&nbsp;<\/td>\n<th style=\"width: 29.6891%;height: 24px;border-style: solid;border-color: #000000;background-color: #c9c5c5;text-align: center;vertical-align: middle\" colspan=\"2\">NORMATIVA ESTATAL<\/th>\n<th style=\"width: 53.665%;height: 24px;border-style: solid;border-color: #000000;background-color: #c9c5c5;text-align: center;vertical-align: middle\" colspan=\"3\">NORMATIVA AUTON\u00d3MICA<\/th>\n<\/tr>\n<tr style=\"height: 24px\">\n<td style=\"width: 16.6667%;height: 24px;text-align: center;vertical-align: middle;border-style: solid;border-color: #000000;background-color: #ebe4e4\">&nbsp;<\/td>\n<td style=\"width: 15.3696%;height: 24px;text-align: center;vertical-align: middle;border-style: solid;border-color: #000000;background-color: #ebe4e4\">Aspectos organizativos y curriculares<\/td>\n<td style=\"width: 14.3195%;height: 24px;text-align: center;vertical-align: middle;border-style: solid;border-color: #000000;background-color: #ebe4e4\">Evaluaci\u00f3n, promoci\u00f3n y titulaci\u00f3n<\/td>\n<td style=\"width: 14.1446%;text-align: center;vertical-align: middle;border-style: solid;border-color: #000000;background-color: #ebe4e4\">Aspectos organizativos y curriculares<\/td>\n<td style=\"width: 19.6418%;text-align: center;vertical-align: middle;border-style: solid;border-color: #000000;background-color: #ebe4e4\">Evaluaci\u00f3n, promoci\u00f3n y titulaci\u00f3n<\/td>\n<td style=\"width: 19.8786%;height: 24px;text-align: center;vertical-align: middle;border-style: solid;border-color: #000000;background-color: #ebe4e4\">Atenci\u00f3n a la diversidad<\/td>\n<\/tr>\n<tr style=\"height: 24px\">\n<td style=\"width: 16.6667%;height: 24px;text-align: center;vertical-align: middle;border-style: solid;border-color: #000000\">ESO<\/td>\n<td style=\"width: 15.3696%;text-align: center;height: 24px;vertical-align: middle;border-style: solid;border-color: #000000\"><a href=\"https:\/\/www.boe.es\/buscar\/pdf\/2022\/BOE-A-2022-4975-consolidado.pdf\">Real Decreto Ley 217\/20222<\/a><\/td>\n<td style=\"width: 14.3195%;text-align: center;height: 24px;vertical-align: middle;border-style: solid;border-color: #000000\"><a href=\"https:\/\/www.boe.es\/buscar\/pdf\/2022\/BOE-A-2022-4975-consolidado.pdf\">Real Decreto Ley 217\/20222<\/a><\/td>\n<td style=\"width: 14.1446%;text-align: center;height: 24px;vertical-align: middle;border-style: solid;border-color: #000000\"><a href=\"http:\/\/www.adideandalucia.es\/normas\/decretos\/Decreto102-2023EducacionSecundariaObligatoria.pdf\" target=\"_blank\" rel=\"noopener noreferrer\">DECRETO 102\/2023<\/a><\/td>\n<td style=\"width: 19.6418%;text-align: center;height: 24px;vertical-align: middle;border-style: solid;border-color: #000000\"><a href=\"http:\/\/www.adideandalucia.es\/normas\/ordenes\/Orden30mayo2023EducacionSecundariaObligatoria.pdf\" target=\"_blank\" rel=\"noopener noreferrer\">ORDEN de 30 de mayo de 2023<\/a><\/td>\n<td style=\"width: 19.8786%;text-align: center;height: 24px;vertical-align: middle;border-style: solid;border-color: #000000\"><a href=\"http:\/\/www.adideandalucia.es\/normas\/instruc\/Instrucciones8marzo2017ActualizacionProtocoloNEAE.pdf\" target=\"_blank\" rel=\"noopener noreferrer\">INSTRUCCIONES de 8 de marzo de 2017<\/a>,<\/td>\n<\/tr>\n<tr style=\"height: 24px\">\n<td style=\"width: 16.6667%;height: 24px;text-align: center;vertical-align: middle;border-style: solid;border-color: #000000\">BACHILLERATO<\/td>\n<td style=\"width: 15.3696%;text-align: center;height: 24px;vertical-align: middle;border-style: solid;border-color: #000000\"><a href=\"http:\/\/www.adideandalucia.es\/normas\/RD\/RealDecreto243-2022EnsenanzasBachillerato.pdf\" target=\"_blank\" rel=\"noopener noreferrer\">REAL DECRETO 243\/2022<\/a><\/td>\n<td style=\"width: 14.3195%;text-align: center;height: 24px;vertical-align: middle;border-style: solid;border-color: #000000\"><a href=\"http:\/\/www.adideandalucia.es\/normas\/RD\/RealDecreto243-2022EnsenanzasBachillerato.pdf\" target=\"_blank\" rel=\"noopener noreferrer\">REAL DECRETO 243\/2022<\/a><\/td>\n<td style=\"width: 14.1446%;text-align: center;height: 24px;vertical-align: middle;border-style: solid;border-color: #000000\"><a href=\"http:\/\/www.adideandalucia.es\/normas\/decretos\/Decreto103-2023Bachillerato.pdf\" target=\"_blank\" rel=\"noopener noreferrer\">DECRETO 103\/2023<\/a><\/td>\n<td style=\"width: 19.6418%;text-align: center;height: 24px;vertical-align: middle;border-style: solid;border-color: #000000\"><a href=\"http:\/\/www.adideandalucia.es\/normas\/ordenes\/Orden30mayo2023Bachillerato.pdf\" target=\"_blank\" rel=\"noopener noreferrer\">ORDEN de 30 de mayo de 2023<\/a><\/td>\n<td style=\"width: 19.8786%;text-align: center;height: 24px;vertical-align: middle;border-style: solid;border-color: #000000\"><a href=\"http:\/\/www.adideandalucia.es\/normas\/circulares\/Circular4abril2014AdaptacionSelectividad.pdf\" target=\"_blank\" rel=\"noopener noreferrer\">CIRCULAR de 4 de abril de 2014<\/a><\/td>\n<\/tr>\n<\/tbody>\n<\/table>\n","protected":false},"excerpt":{"rendered":"<p>&nbsp; NORMATIVA ESTATAL NORMATIVA AUTON\u00d3MICA &nbsp; Aspectos organizativos y curriculares Evaluaci\u00f3n, promoci\u00f3n y titulaci\u00f3n Aspectos organizativos y curriculares Evaluaci\u00f3n, promoci\u00f3n y titulaci\u00f3n Atenci\u00f3n a la diversidad ESO Real Decreto Ley 217\/20222 Real Decreto Ley&#46;&#46;&#46;<\/p>\n","protected":false},"author":6260,"featured_media":0,"parent":0,"menu_order":0,"comment_status":"closed","ping_status":"closed","template":"","meta":{"ngg_post_thumbnail":0,"footnotes":"","_mc_calendar":[]},"aioseo_notices":[],"_links":{"self":[{"href":"https:\/\/blogsaverroes.juntadeandalucia.es\/iesodiel\/wp-json\/wp\/v2\/pages\/10196"}],"collection":[{"href":"https:\/\/blogsaverroes.juntadeandalucia.es\/iesodiel\/wp-json\/wp\/v2\/pages"}],"about":[{"href":"https:\/\/blogsaverroes.juntadeandalucia.es\/iesodiel\/wp-json\/wp\/v2\/types\/page"}],"author":[{"embeddable":true,"href":"https:\/\/blogsaverroes.juntadeandalucia.es\/iesodiel\/wp-json\/wp\/v2\/users\/6260"}],"replies":[{"embeddable":true,"href":"https:\/\/blogsaverroes.juntadeandalucia.es\/iesodiel\/wp-json\/wp\/v2\/comments?post=10196"}],"version-history":[{"count":8,"href":"https:\/\/blogsaverroes.juntadeandalucia.es\/iesodiel\/wp-json\/wp\/v2\/pages\/10196\/revisions"}],"predecessor-version":[{"id":10204,"href":"https:\/\/blogsaverroes.juntadeandalucia.es\/iesodiel\/wp-json\/wp\/v2\/pages\/10196\/revisions\/10204"}],"wp:attachment":[{"href":"https:\/\/blogsaverroes.juntadeandalucia.es\/iesodiel\/wp-json\/wp\/v2\/media?parent=10196"}],"curies":[{"name":"wp","href":"https:\/\/api.w.org\/{rel}","templated":true}]}}