{"id":10275,"date":"2024-04-11T10:57:43","date_gmt":"2024-04-11T08:57:43","guid":{"rendered":"https:\/\/blogsaverroes.juntadeandalucia.es\/iesodiel\/?page_id=10275"},"modified":"2024-04-11T14:33:46","modified_gmt":"2024-04-11T12:33:46","slug":"erasmus","status":"publish","type":"page","link":"https:\/\/blogsaverroes.juntadeandalucia.es\/iesodiel\/erasmus\/","title":{"rendered":"Erasmus+"},"content":{"rendered":"<p>&nbsp;<\/p>\n<p><img loading=\"lazy\" decoding=\"async\" class=\"aligncenter wp-image-10313\" src=\"https:\/\/blogsaverroes.juntadeandalucia.es\/iesodiel\/files\/2024\/04\/Logo-Erasmus.png\" alt=\"\" width=\"536\" height=\"153\" srcset=\"https:\/\/blogsaverroes.juntadeandalucia.es\/iesodiel\/files\/2024\/04\/Logo-Erasmus.png 420w, https:\/\/blogsaverroes.juntadeandalucia.es\/iesodiel\/files\/2024\/04\/Logo-Erasmus-300x86.png 300w\" sizes=\"(max-width: 536px) 100vw, 536px\" \/><\/p>\n<p>&nbsp;<\/p>\n<p>&nbsp;<\/p>\n<p>Desde el pasado mes de junio de 2023, el <strong>IES Odiel ha sido acreditado como un centro Erasmus+<\/strong> tras la aprobaci\u00f3n del proyecto realizado a tal causa. De esta forma, nuestro centro se ha abierto al intercambio y la cooperaci\u00f3n transfronteriza, con la intenci\u00f3n de realizar regularmente actividades de movilidad educativa destinadas al profesorado y alumnado del centro. Estas experiencias permitir\u00e1n beneficiarnos a toda la comunidad educativa del IES Odiel de aprender de otras culturas europeas.<\/p>\n<p>En la solicitud de acreditaci\u00f3n se han fijado una serie de objetivos a largo plazo y un plan de actividades que ser\u00e1n apoyados con fondos europeos del programa Erasmus. Tambi\u00e9n se han determinado los beneficios esperados de estas actividades, as\u00ed como el enfoque en la gesti\u00f3n de los proyectos.<\/p>\n<p>Con todo esto, nos complace informar que hemos obtenido la acreditaci\u00f3n para todo el per\u00edodo del programa hasta 2027.<\/p>\n<p>Pr\u00f3ximamente podr\u00e9is consultar m\u00e1s informaci\u00f3n en este espacio sobre:<\/p>\n<ul>\n<li>Un resumen del proyecto realizado y aprobado.<\/li>\n<li>Informaci\u00f3n sobre las movilidades realizadas por el alumnado y profesorado del centro.<\/li>\n<li>Informaci\u00f3n que pueda resultar de inter\u00e9s a las familias: destinos, aspectos financiados, selecci\u00f3n del alumnado, pr\u00f3ximos eventos relacionados,&#8230;<\/li>\n<li>Realizaci\u00f3n del Erasmus Day, donde se dar\u00e1 a conocer a toda la comunidad educativa los beneficios de este programa.<\/li>\n<\/ul>\n<p>&nbsp;<\/p>\n<p><img loading=\"lazy\" decoding=\"async\" class=\"wp-image-10321 alignright\" src=\"https:\/\/blogsaverroes.juntadeandalucia.es\/iesodiel\/files\/2024\/04\/ES-Cofinanciado-por-la-Union-Europea_PANTONE-scaled.jpg\" alt=\"\" width=\"233\" height=\"49\" srcset=\"https:\/\/blogsaverroes.juntadeandalucia.es\/iesodiel\/files\/2024\/04\/ES-Cofinanciado-por-la-Union-Europea_PANTONE-scaled.jpg 1600w, https:\/\/blogsaverroes.juntadeandalucia.es\/iesodiel\/files\/2024\/04\/ES-Cofinanciado-por-la-Union-Europea_PANTONE-300x63.jpg 300w, https:\/\/blogsaverroes.juntadeandalucia.es\/iesodiel\/files\/2024\/04\/ES-Cofinanciado-por-la-Union-Europea_PANTONE-1024x215.jpg 1024w, https:\/\/blogsaverroes.juntadeandalucia.es\/iesodiel\/files\/2024\/04\/ES-Cofinanciado-por-la-Union-Europea_PANTONE-768x161.jpg 768w, https:\/\/blogsaverroes.juntadeandalucia.es\/iesodiel\/files\/2024\/04\/ES-Cofinanciado-por-la-Union-Europea_PANTONE-1536x322.jpg 1536w, https:\/\/blogsaverroes.juntadeandalucia.es\/iesodiel\/files\/2024\/04\/ES-Cofinanciado-por-la-Union-Europea_PANTONE-2048x430.jpg 2048w\" sizes=\"(max-width: 233px) 100vw, 233px\" \/><\/p>\n<p><img loading=\"lazy\" decoding=\"async\" class=\"wp-image-10325 alignright\" src=\"https:\/\/blogsaverroes.juntadeandalucia.es\/iesodiel\/files\/2024\/04\/SEPIE_erasmus_plus.gif\" alt=\"\" width=\"332\" height=\"123\"><\/p>\n","protected":false},"excerpt":{"rendered":"<p>&nbsp; &nbsp; &nbsp; Desde el pasado mes de junio de 2023, el IES Odiel ha sido acreditado como un centro Erasmus+ tras la aprobaci\u00f3n del proyecto realizado a tal causa. De esta forma, nuestro&#46;&#46;&#46;<\/p>\n","protected":false},"author":6260,"featured_media":0,"parent":0,"menu_order":0,"comment_status":"closed","ping_status":"closed","template":"","meta":{"ngg_post_thumbnail":0,"footnotes":"","_mc_calendar":[]},"aioseo_notices":[],"_links":{"self":[{"href":"https:\/\/blogsaverroes.juntadeandalucia.es\/iesodiel\/wp-json\/wp\/v2\/pages\/10275"}],"collection":[{"href":"https:\/\/blogsaverroes.juntadeandalucia.es\/iesodiel\/wp-json\/wp\/v2\/pages"}],"about":[{"href":"https:\/\/blogsaverroes.juntadeandalucia.es\/iesodiel\/wp-json\/wp\/v2\/types\/page"}],"author":[{"embeddable":true,"href":"https:\/\/blogsaverroes.juntadeandalucia.es\/iesodiel\/wp-json\/wp\/v2\/users\/6260"}],"replies":[{"embeddable":true,"href":"https:\/\/blogsaverroes.juntadeandalucia.es\/iesodiel\/wp-json\/wp\/v2\/comments?post=10275"}],"version-history":[{"count":13,"href":"https:\/\/blogsaverroes.juntadeandalucia.es\/iesodiel\/wp-json\/wp\/v2\/pages\/10275\/revisions"}],"predecessor-version":[{"id":10332,"href":"https:\/\/blogsaverroes.juntadeandalucia.es\/iesodiel\/wp-json\/wp\/v2\/pages\/10275\/revisions\/10332"}],"wp:attachment":[{"href":"https:\/\/blogsaverroes.juntadeandalucia.es\/iesodiel\/wp-json\/wp\/v2\/media?parent=10275"}],"curies":[{"name":"wp","href":"https:\/\/api.w.org\/{rel}","templated":true}]}}