{"id":11076,"date":"2025-03-21T13:57:30","date_gmt":"2025-03-21T12:57:30","guid":{"rendered":"https:\/\/blogsaverroes.juntadeandalucia.es\/iesodiel\/?page_id=11076"},"modified":"2026-01-22T14:56:07","modified_gmt":"2026-01-22T13:56:07","slug":"actividades-complementarias-y-extraescolares-dace","status":"publish","type":"page","link":"https:\/\/blogsaverroes.juntadeandalucia.es\/iesodiel\/actividades-complementarias-y-extraescolares-dace\/","title":{"rendered":"Actividades Complementarias y Extraescolares (DACE)"},"content":{"rendered":"<p>En esta secci\u00f3n encontrar\u00e1s las programaciones did\u00e1cticas correspondientes al presente curso escolar del<strong> Departamento de Actividades Complementarias y Extraescolares (DACE)<\/strong>. Estos documentos recogen los objetivos, saberes b\u00e1sicos, criterios de evaluaci\u00f3n, metodolog\u00edas y medidas de atenci\u00f3n a la diversidad de cada materia, garantizando una ense\u00f1anza coherente, transparente y adaptada al marco educativo vigente.<\/p>\n<p><a href=\"https:\/\/blogsaverroes.juntadeandalucia.es\/iesodiel\/actividades-complementarias-y-extraescolares-dace\/programacion-dace-25_26\/\">PD DACE<\/a><\/p>\n","protected":false},"excerpt":{"rendered":"<p>En esta secci\u00f3n encontrar\u00e1s las programaciones did\u00e1cticas correspondientes al presente curso escolar del Departamento de Actividades Complementarias y Extraescolares (DACE). Estos documentos recogen los objetivos, saberes b\u00e1sicos, criterios de evaluaci\u00f3n, metodolog\u00edas y medidas de&#46;&#46;&#46;<\/p>\n","protected":false},"author":6260,"featured_media":0,"parent":0,"menu_order":0,"comment_status":"closed","ping_status":"closed","template":"","meta":{"ngg_post_thumbnail":0,"footnotes":"","_mc_calendar":[]},"aioseo_notices":[],"_links":{"self":[{"href":"https:\/\/blogsaverroes.juntadeandalucia.es\/iesodiel\/wp-json\/wp\/v2\/pages\/11076"}],"collection":[{"href":"https:\/\/blogsaverroes.juntadeandalucia.es\/iesodiel\/wp-json\/wp\/v2\/pages"}],"about":[{"href":"https:\/\/blogsaverroes.juntadeandalucia.es\/iesodiel\/wp-json\/wp\/v2\/types\/page"}],"author":[{"embeddable":true,"href":"https:\/\/blogsaverroes.juntadeandalucia.es\/iesodiel\/wp-json\/wp\/v2\/users\/6260"}],"replies":[{"embeddable":true,"href":"https:\/\/blogsaverroes.juntadeandalucia.es\/iesodiel\/wp-json\/wp\/v2\/comments?post=11076"}],"version-history":[{"count":5,"href":"https:\/\/blogsaverroes.juntadeandalucia.es\/iesodiel\/wp-json\/wp\/v2\/pages\/11076\/revisions"}],"predecessor-version":[{"id":11298,"href":"https:\/\/blogsaverroes.juntadeandalucia.es\/iesodiel\/wp-json\/wp\/v2\/pages\/11076\/revisions\/11298"}],"wp:attachment":[{"href":"https:\/\/blogsaverroes.juntadeandalucia.es\/iesodiel\/wp-json\/wp\/v2\/media?parent=11076"}],"curies":[{"name":"wp","href":"https:\/\/api.w.org\/{rel}","templated":true}]}}