{"id":11108,"date":"2025-03-25T12:39:25","date_gmt":"2025-03-25T11:39:25","guid":{"rendered":"https:\/\/blogsaverroes.juntadeandalucia.es\/iesodiel\/?page_id=11108"},"modified":"2026-01-23T13:45:55","modified_gmt":"2026-01-23T12:45:55","slug":"frances","status":"publish","type":"page","link":"https:\/\/blogsaverroes.juntadeandalucia.es\/iesodiel\/frances\/","title":{"rendered":"Franc\u00e9s"},"content":{"rendered":"<p>En esta secci\u00f3n encontrar\u00e1s las programaciones did\u00e1cticas correspondientes al presente curso escolar del<strong> Departamento de Franc\u00e9s<\/strong>. Estos documentos recogen los objetivos, saberes b\u00e1sicos, criterios de evaluaci\u00f3n, metodolog\u00edas y medidas de atenci\u00f3n a la diversidad de cada materia, garantizando una ense\u00f1anza coherente, transparente y adaptada al marco educativo vigente.<\/p>\n<p><a href=\"https:\/\/blogsaverroes.juntadeandalucia.es\/iesodiel\/frances\/2025-26-programmation-fr\/\">PD Franc\u00e9s<\/a><\/p>\n","protected":false},"excerpt":{"rendered":"<p>En esta secci\u00f3n encontrar\u00e1s las programaciones did\u00e1cticas correspondientes al presente curso escolar del Departamento de Franc\u00e9s. Estos documentos recogen los objetivos, saberes b\u00e1sicos, criterios de evaluaci\u00f3n, metodolog\u00edas y medidas de atenci\u00f3n a la diversidad&#46;&#46;&#46;<\/p>\n","protected":false},"author":6260,"featured_media":0,"parent":0,"menu_order":0,"comment_status":"closed","ping_status":"closed","template":"","meta":{"ngg_post_thumbnail":0,"footnotes":"","_mc_calendar":[]},"aioseo_notices":[],"_links":{"self":[{"href":"https:\/\/blogsaverroes.juntadeandalucia.es\/iesodiel\/wp-json\/wp\/v2\/pages\/11108"}],"collection":[{"href":"https:\/\/blogsaverroes.juntadeandalucia.es\/iesodiel\/wp-json\/wp\/v2\/pages"}],"about":[{"href":"https:\/\/blogsaverroes.juntadeandalucia.es\/iesodiel\/wp-json\/wp\/v2\/types\/page"}],"author":[{"embeddable":true,"href":"https:\/\/blogsaverroes.juntadeandalucia.es\/iesodiel\/wp-json\/wp\/v2\/users\/6260"}],"replies":[{"embeddable":true,"href":"https:\/\/blogsaverroes.juntadeandalucia.es\/iesodiel\/wp-json\/wp\/v2\/comments?post=11108"}],"version-history":[{"count":5,"href":"https:\/\/blogsaverroes.juntadeandalucia.es\/iesodiel\/wp-json\/wp\/v2\/pages\/11108\/revisions"}],"predecessor-version":[{"id":11273,"href":"https:\/\/blogsaverroes.juntadeandalucia.es\/iesodiel\/wp-json\/wp\/v2\/pages\/11108\/revisions\/11273"}],"wp:attachment":[{"href":"https:\/\/blogsaverroes.juntadeandalucia.es\/iesodiel\/wp-json\/wp\/v2\/media?parent=11108"}],"curies":[{"name":"wp","href":"https:\/\/api.w.org\/{rel}","templated":true}]}}