{"id":11122,"date":"2025-03-25T12:42:16","date_gmt":"2025-03-25T11:42:16","guid":{"rendered":"https:\/\/blogsaverroes.juntadeandalucia.es\/iesodiel\/?page_id=11122"},"modified":"2026-01-23T13:53:49","modified_gmt":"2026-01-23T12:53:49","slug":"lengua-castellana-y-literatura","status":"publish","type":"page","link":"https:\/\/blogsaverroes.juntadeandalucia.es\/iesodiel\/lengua-castellana-y-literatura\/","title":{"rendered":"Lengua Castellana y Literatura"},"content":{"rendered":"<p>En esta secci\u00f3n encontrar\u00e1s las programaciones did\u00e1cticas correspondientes al presente curso escolar del <strong>Departamento de Lengua Castellana y Literatura<\/strong>. Estos documentos recogen los objetivos, saberes b\u00e1sicos, criterios de evaluaci\u00f3n, metodolog\u00edas y medidas de atenci\u00f3n a la diversidad de cada materia, garantizando una ense\u00f1anza coherente, transparente y adaptada al marco educativo vigente.<\/p>\n<p><a href=\"https:\/\/blogsaverroes.juntadeandalucia.es\/iesodiel\/lengua-castellana-y-literatura\/2025-26-programacion-lomloe-bach-docx\/\">PD Lengua Castellana y Literatura <\/a><a href=\"https:\/\/blogsaverroes.juntadeandalucia.es\/iesodiel\/2025-26-programacion-lomloe-bach-docx\/\">Bachillerato<\/a><\/p>\n<p><a href=\"https:\/\/blogsaverroes.juntadeandalucia.es\/iesodiel\/lengua-castellana-y-literatura\/2025_26-programacion-lomloe-eso-docx\/\">PD Lengua Castellana y Literatura ESO<\/a><\/p>\n","protected":false},"excerpt":{"rendered":"<p>En esta secci\u00f3n encontrar\u00e1s las programaciones did\u00e1cticas correspondientes al presente curso escolar del Departamento de Lengua Castellana y Literatura. Estos documentos recogen los objetivos, saberes b\u00e1sicos, criterios de evaluaci\u00f3n, metodolog\u00edas y medidas de atenci\u00f3n&#46;&#46;&#46;<\/p>\n","protected":false},"author":6260,"featured_media":0,"parent":0,"menu_order":0,"comment_status":"closed","ping_status":"closed","template":"","meta":{"ngg_post_thumbnail":0,"footnotes":"","_mc_calendar":[]},"aioseo_notices":[],"_links":{"self":[{"href":"https:\/\/blogsaverroes.juntadeandalucia.es\/iesodiel\/wp-json\/wp\/v2\/pages\/11122"}],"collection":[{"href":"https:\/\/blogsaverroes.juntadeandalucia.es\/iesodiel\/wp-json\/wp\/v2\/pages"}],"about":[{"href":"https:\/\/blogsaverroes.juntadeandalucia.es\/iesodiel\/wp-json\/wp\/v2\/types\/page"}],"author":[{"embeddable":true,"href":"https:\/\/blogsaverroes.juntadeandalucia.es\/iesodiel\/wp-json\/wp\/v2\/users\/6260"}],"replies":[{"embeddable":true,"href":"https:\/\/blogsaverroes.juntadeandalucia.es\/iesodiel\/wp-json\/wp\/v2\/comments?post=11122"}],"version-history":[{"count":5,"href":"https:\/\/blogsaverroes.juntadeandalucia.es\/iesodiel\/wp-json\/wp\/v2\/pages\/11122\/revisions"}],"predecessor-version":[{"id":11308,"href":"https:\/\/blogsaverroes.juntadeandalucia.es\/iesodiel\/wp-json\/wp\/v2\/pages\/11122\/revisions\/11308"}],"wp:attachment":[{"href":"https:\/\/blogsaverroes.juntadeandalucia.es\/iesodiel\/wp-json\/wp\/v2\/media?parent=11122"}],"curies":[{"name":"wp","href":"https:\/\/api.w.org\/{rel}","templated":true}]}}