{"id":11130,"date":"2025-03-25T12:43:27","date_gmt":"2025-03-25T11:43:27","guid":{"rendered":"https:\/\/blogsaverroes.juntadeandalucia.es\/iesodiel\/?page_id=11130"},"modified":"2026-01-23T13:55:50","modified_gmt":"2026-01-23T12:55:50","slug":"musica-2","status":"publish","type":"page","link":"https:\/\/blogsaverroes.juntadeandalucia.es\/iesodiel\/musica-2\/","title":{"rendered":"M\u00fasica"},"content":{"rendered":"<p>En esta secci\u00f3n encontrar\u00e1s las programaciones did\u00e1cticas correspondientes al presente curso escolar del<strong> Departamento de M\u00fasica<\/strong>. Estos documentos recogen los objetivos, saberes b\u00e1sicos, criterios de evaluaci\u00f3n, metodolog\u00edas y medidas de atenci\u00f3n a la diversidad de cada materia, garantizando una ense\u00f1anza coherente, transparente y adaptada al marco educativo vigente.<\/p>\n<p><a href=\"https:\/\/blogsaverroes.juntadeandalucia.es\/iesodiel\/musica-2\/1esomusica-1\/\">PD M\u00fasica &#8211; 1\u00baESO<\/a><\/p>\n<p><a href=\"https:\/\/blogsaverroes.juntadeandalucia.es\/iesodiel\/musica-2\/2esomusica-1\/\">PD M\u00fasica &#8211; 2\u00baESO<\/a><\/p>\n<p><a href=\"https:\/\/blogsaverroes.juntadeandalucia.es\/iesodiel\/musica-2\/culturadelflamenco\/\">PD Cultura del Flamenco<\/a><\/p>\n","protected":false},"excerpt":{"rendered":"<p>En esta secci\u00f3n encontrar\u00e1s las programaciones did\u00e1cticas correspondientes al presente curso escolar del Departamento de M\u00fasica. Estos documentos recogen los objetivos, saberes b\u00e1sicos, criterios de evaluaci\u00f3n, metodolog\u00edas y medidas de atenci\u00f3n a la diversidad&#46;&#46;&#46;<\/p>\n","protected":false},"author":6260,"featured_media":0,"parent":0,"menu_order":0,"comment_status":"closed","ping_status":"closed","template":"","meta":{"ngg_post_thumbnail":0,"footnotes":"","_mc_calendar":[]},"aioseo_notices":[],"_links":{"self":[{"href":"https:\/\/blogsaverroes.juntadeandalucia.es\/iesodiel\/wp-json\/wp\/v2\/pages\/11130"}],"collection":[{"href":"https:\/\/blogsaverroes.juntadeandalucia.es\/iesodiel\/wp-json\/wp\/v2\/pages"}],"about":[{"href":"https:\/\/blogsaverroes.juntadeandalucia.es\/iesodiel\/wp-json\/wp\/v2\/types\/page"}],"author":[{"embeddable":true,"href":"https:\/\/blogsaverroes.juntadeandalucia.es\/iesodiel\/wp-json\/wp\/v2\/users\/6260"}],"replies":[{"embeddable":true,"href":"https:\/\/blogsaverroes.juntadeandalucia.es\/iesodiel\/wp-json\/wp\/v2\/comments?post=11130"}],"version-history":[{"count":5,"href":"https:\/\/blogsaverroes.juntadeandalucia.es\/iesodiel\/wp-json\/wp\/v2\/pages\/11130\/revisions"}],"predecessor-version":[{"id":11310,"href":"https:\/\/blogsaverroes.juntadeandalucia.es\/iesodiel\/wp-json\/wp\/v2\/pages\/11130\/revisions\/11310"}],"wp:attachment":[{"href":"https:\/\/blogsaverroes.juntadeandalucia.es\/iesodiel\/wp-json\/wp\/v2\/media?parent=11130"}],"curies":[{"name":"wp","href":"https:\/\/api.w.org\/{rel}","templated":true}]}}