{"id":11134,"date":"2025-03-25T12:44:35","date_gmt":"2025-03-25T11:44:35","guid":{"rendered":"https:\/\/blogsaverroes.juntadeandalucia.es\/iesodiel\/?page_id=11134"},"modified":"2025-11-26T12:29:50","modified_gmt":"2025-11-26T11:29:50","slug":"psicologia","status":"publish","type":"page","link":"https:\/\/blogsaverroes.juntadeandalucia.es\/iesodiel\/psicologia\/","title":{"rendered":"Orientaci\u00f3n"},"content":{"rendered":"<p>En esta secci\u00f3n encontrar\u00e1s las programaciones did\u00e1cticas correspondientes al presente curso escolar del<strong> Departamento de Orientaci\u00f3n<\/strong>. Estos documentos recogen los objetivos, saberes b\u00e1sicos, criterios de evaluaci\u00f3n, metodolog\u00edas y medidas de atenci\u00f3n a la diversidad de cada materia, garantizando una ense\u00f1anza coherente, transparente y adaptada al marco educativo vigente.<\/p>\n<p><a href=\"https:\/\/blogsaverroes.juntadeandalucia.es\/iesodiel\/psicologia\/poat-25_26-pdf-1\/\">PD Departamento de Orientaci\u00f3n<\/a><\/p>\n<p><a href=\"https:\/\/blogsaverroes.juntadeandalucia.es\/iesodiel\/psicologia\/pd-psicologia-25-26\/\">PD Psicolog\u00eda<\/a><\/p>\n<p><a href=\"https:\/\/blogsaverroes.juntadeandalucia.es\/iesodiel\/psicologia\/programacion-de-aula-pt\/\">PD Aula PT<\/a>&nbsp;<\/p>\n<p><a href=\"https:\/\/blogsaverroes.juntadeandalucia.es\/iesodiel\/psicologia\/programacion-aula-de-compensatoria-25-26\/\">PD Aula de Compensatoria<\/a>&nbsp;<\/p>\n<p><strong>Ciclo de Electricidad y Electr\u00f3nica<\/strong><\/p>\n<p><a href=\"https:\/\/blogsaverroes.juntadeandalucia.es\/iesodiel\/psicologia\/programacion-didactica-equipos-electricos-y-electronicos-25-26\/\">PD Equipos El\u00e9ctricos y Electr\u00f3nicos<\/a>&nbsp;<\/p>\n<p><a href=\"https:\/\/blogsaverroes.juntadeandalucia.es\/iesodiel\/psicologia\/programacion-imrtd-2o-cfgb\/\">PD Instalaci\u00f3n y Mantenimiento para Transmisi\u00f3n de Datos<\/a>&nbsp;<\/p>\n<p><a href=\"https:\/\/blogsaverroes.juntadeandalucia.es\/iesodiel\/psicologia\/programacion-didactica-instalaciones-de-telecomunicaciones-25-26-1\/\">PD Instalaciones de Telecomunicaciones<\/a>&nbsp;<\/p>\n<p><a href=\"https:\/\/blogsaverroes.juntadeandalucia.es\/iesodiel\/psicologia\/programacion-ied-1o-cfgb\/\">PD Instalaciones el\u00e9ctricas y Dom\u00f3ticas<\/a><\/p>\n","protected":false},"excerpt":{"rendered":"<p>En esta secci\u00f3n encontrar\u00e1s las programaciones did\u00e1cticas correspondientes al presente curso escolar del Departamento de Orientaci\u00f3n. Estos documentos recogen los objetivos, saberes b\u00e1sicos, criterios de evaluaci\u00f3n, metodolog\u00edas y medidas de atenci\u00f3n a la diversidad&#46;&#46;&#46;<\/p>\n","protected":false},"author":6260,"featured_media":0,"parent":0,"menu_order":0,"comment_status":"closed","ping_status":"closed","template":"","meta":{"ngg_post_thumbnail":0,"footnotes":"","_mc_calendar":[]},"aioseo_notices":[],"_links":{"self":[{"href":"https:\/\/blogsaverroes.juntadeandalucia.es\/iesodiel\/wp-json\/wp\/v2\/pages\/11134"}],"collection":[{"href":"https:\/\/blogsaverroes.juntadeandalucia.es\/iesodiel\/wp-json\/wp\/v2\/pages"}],"about":[{"href":"https:\/\/blogsaverroes.juntadeandalucia.es\/iesodiel\/wp-json\/wp\/v2\/types\/page"}],"author":[{"embeddable":true,"href":"https:\/\/blogsaverroes.juntadeandalucia.es\/iesodiel\/wp-json\/wp\/v2\/users\/6260"}],"replies":[{"embeddable":true,"href":"https:\/\/blogsaverroes.juntadeandalucia.es\/iesodiel\/wp-json\/wp\/v2\/comments?post=11134"}],"version-history":[{"count":6,"href":"https:\/\/blogsaverroes.juntadeandalucia.es\/iesodiel\/wp-json\/wp\/v2\/pages\/11134\/revisions"}],"predecessor-version":[{"id":11290,"href":"https:\/\/blogsaverroes.juntadeandalucia.es\/iesodiel\/wp-json\/wp\/v2\/pages\/11134\/revisions\/11290"}],"wp:attachment":[{"href":"https:\/\/blogsaverroes.juntadeandalucia.es\/iesodiel\/wp-json\/wp\/v2\/media?parent=11134"}],"curies":[{"name":"wp","href":"https:\/\/api.w.org\/{rel}","templated":true}]}}