{"id":2630,"date":"2018-05-24T19:27:34","date_gmt":"2018-05-24T17:27:34","guid":{"rendered":"https:\/\/blogsaverroes.juntadeandalucia.es\/iesodiel\/?page_id=2630"},"modified":"2018-11-18T19:40:45","modified_gmt":"2018-11-18T18:40:45","slug":"proyecto-olont","status":"publish","type":"page","link":"https:\/\/blogsaverroes.juntadeandalucia.es\/iesodiel\/planes-y-proyectos\/proyecto-olont\/","title":{"rendered":"Proyecto Olont"},"content":{"rendered":"<p>El proyecto socioeducativo Olont desarrollado en el IES Odiel est\u00e1 dirigido a la prevenci\u00f3n del abandono escolar del alumnado que presenta necesidades educativas y familiares especiales que dificultan su participaci\u00f3n en el proceso normalizado de escolarizaci\u00f3n. Este proyecto se presenta como una alternativa a los itinerarios educativos formales, posibilitando el mantenimiento del alumnado dentro del sistema educativo y previniendo el abandono escolar temprano del alumnado que no encuentra en este sistema adecuada respuesta a sus necesidades y expectativas educativas.<\/p>\n<p>En el curso 2006\/07, contando con una subvenci\u00f3n espec\u00edfica para promover el desarrollo de programas de Prevenci\u00f3n, Seguimiento y Control del absentismo escolar, se posibilita la contrataci\u00f3n, previo concurso de selecci\u00f3n, de este tipo de profesional y la consiguiente puesta en marcha de un nuevo proyecto, derivado del anterior y ampliado en sus destinatarios, llamado \u201c<strong>Proyecto Olont<\/strong>\u201d, que adem\u00e1s se concret\u00f3 en un proyecto de Innovaci\u00f3n Educativa que se implant\u00f3 durante dos cursos (2007 a 2009) y coordinado por el actual director. Desde estas l\u00edneas queremos agradecer su dedicaci\u00f3n a Pastora Valiente, Francisco Gal\u00e1n y Franciso Foncueva (ya jubilado) como profesores voluntarios implicados en este proyecto desde sus inicios.<\/p>\nngg_shortcode_0_placeholder\n<p style=\"text-align: center\">&nbsp;<\/p>\n<p>&nbsp;<\/p>\n","protected":false},"excerpt":{"rendered":"<p>El proyecto socioeducativo Olont desarrollado en el IES Odiel est\u00e1 dirigido a la prevenci\u00f3n del abandono escolar del alumnado que presenta necesidades educativas y familiares especiales que dificultan su participaci\u00f3n en el proceso normalizado&#46;&#46;&#46;<\/p>\n","protected":false},"author":6260,"featured_media":0,"parent":44,"menu_order":0,"comment_status":"closed","ping_status":"closed","template":"page-templates\/child-menu.php","meta":{"ngg_post_thumbnail":0,"footnotes":"","_mc_calendar":[]},"aioseo_notices":[],"_links":{"self":[{"href":"https:\/\/blogsaverroes.juntadeandalucia.es\/iesodiel\/wp-json\/wp\/v2\/pages\/2630"}],"collection":[{"href":"https:\/\/blogsaverroes.juntadeandalucia.es\/iesodiel\/wp-json\/wp\/v2\/pages"}],"about":[{"href":"https:\/\/blogsaverroes.juntadeandalucia.es\/iesodiel\/wp-json\/wp\/v2\/types\/page"}],"author":[{"embeddable":true,"href":"https:\/\/blogsaverroes.juntadeandalucia.es\/iesodiel\/wp-json\/wp\/v2\/users\/6260"}],"replies":[{"embeddable":true,"href":"https:\/\/blogsaverroes.juntadeandalucia.es\/iesodiel\/wp-json\/wp\/v2\/comments?post=2630"}],"version-history":[{"count":8,"href":"https:\/\/blogsaverroes.juntadeandalucia.es\/iesodiel\/wp-json\/wp\/v2\/pages\/2630\/revisions"}],"predecessor-version":[{"id":3363,"href":"https:\/\/blogsaverroes.juntadeandalucia.es\/iesodiel\/wp-json\/wp\/v2\/pages\/2630\/revisions\/3363"}],"up":[{"embeddable":true,"href":"https:\/\/blogsaverroes.juntadeandalucia.es\/iesodiel\/wp-json\/wp\/v2\/pages\/44"}],"wp:attachment":[{"href":"https:\/\/blogsaverroes.juntadeandalucia.es\/iesodiel\/wp-json\/wp\/v2\/media?parent=2630"}],"curies":[{"name":"wp","href":"https:\/\/api.w.org\/{rel}","templated":true}]}}