{"id":2633,"date":"2018-05-24T19:34:05","date_gmt":"2018-05-24T17:34:05","guid":{"rendered":"https:\/\/blogsaverroes.juntadeandalucia.es\/iesodiel\/?page_id=2633"},"modified":"2018-05-26T00:01:17","modified_gmt":"2018-05-25T22:01:17","slug":"proyecto-galitropes","status":"publish","type":"page","link":"https:\/\/blogsaverroes.juntadeandalucia.es\/iesodiel\/proyecto-galitropes\/","title":{"rendered":"Proyecto Gal\u00edtropes"},"content":{"rendered":"<p>El Proyecto Gal\u00edtropes y el Programa Profundiza, desarrollado por Alberto Bouz\u00f3n (ahora en el IES Alto Conquero), Enrique Toscano y Rosa Alcal\u00e1 (ya jubilada), bajo la direcci\u00f3n de Luis Alb\u00e9ndiz creador del Proyecto Gal\u00edtropes, atienden al alumnado de alto rendimiento acad\u00e9mico y altas capacidades, trabajando en proyectos de investigaci\u00f3n cient\u00edfica, hist\u00f3rica y cultural.<\/p>\n<div style=\"text-align: center\">\n<p><iframe loading=\"lazy\" src=\"\/\/v.calameo.com\/?bkcode=002501960e565eb424652&amp;mode=mini&amp;clickto=view&amp;clicktarget=_blank\" scrolling=\"no\" width=\"560\" height=\"350\" frameborder=\"0\"><\/iframe><\/p>\n<div style=\"margin: 4px 0px 8px\">&nbsp;<\/div>\n<\/div>\n<p>Los alumnos del IES Odiel de Gibrale\u00f3n presentaron una iniciativa orientada a fomentar el turismo en la localidad. Los estudiantes con mejor expediente, que llevan desde hace dos a\u00f1os adheridos al Proyecto Gal\u00edtrope, han desarrollado una serie de c\u00f3digos QR con informaci\u00f3n sobre los principales lugares de inter\u00e9s tur\u00edstico de la localidad.<\/p>\n<p>Tras un arduo trabajo de investigaci\u00f3n sobre la historia y los monumentos de Gibrale\u00f3n, los j\u00f3venes estudiantes de la localidad, finalizaron ayer su labor. Los olontenses y personas que visiten el municipio necesitar\u00e1n \u00fanicamente su tel\u00e9fono m\u00f3vil para acceder a contenidos in\u00e9ditos sobre los lugares m\u00e1s emblem\u00e1ticos de Gibrale\u00f3n.<\/p>\n<p>Adem\u00e1s, el proyecto se dividi\u00f3 en una parte t\u00e9cnica y en otra te\u00f3rica, as\u00ed han podido participar alumnos tanto de ciencias como de humanidades.<\/p>\n<p>El ayuntamiento de Gibrale\u00f3n ha participado activamente en este proyecto, a trav\u00e9s de la obtenci\u00f3n y colocaci\u00f3n de los c\u00f3digos QR en los diferentes monumentos. Adem\u00e1s, el alcalde de la localidad, Jos\u00e9 Ram\u00f3n G\u00f3mez Cueli, record\u00f3 que desde el consistorio se fomenta la educaci\u00f3n, a trav\u00e9s del reconocimiento a los mejores expedientes en las ferias patronales de agosto.<\/p>\n<p>Tras la presentaci\u00f3n de esta iniciativa del proyecto Gal\u00edtrope, los alumnos m\u00e1s destacados de Gibrale\u00f3n siguen trabajando en nuevos proyectos.<\/p>\n<p>&nbsp;[youtube https:\/\/www.youtube.com\/watch?v=7kxKaOP9YUA]<\/p>\n<p>[youtube https:\/\/www.youtube.com\/watch?v=x1yLE13hn4o]<\/p>\n<p>Exposici\u00f3n del proyecto QR Turismo en Gibrale\u00f3n, en la Feria de la Ciencia de Sevilla de 2014. Proyecto realizado por alumnos y alumnas de cuarto de la ESO del IES ODIEL de Gibrale\u00f3n.<\/p>\n<p>[youtube https:\/\/www.youtube.com\/watch?v=zD4FwkQmFWI]<\/p>\n","protected":false},"excerpt":{"rendered":"<p>El Proyecto Gal\u00edtropes y el Programa Profundiza, desarrollado por Alberto Bouz\u00f3n (ahora en el IES Alto Conquero), Enrique Toscano y Rosa Alcal\u00e1 (ya jubilada), bajo la direcci\u00f3n de Luis Alb\u00e9ndiz creador del Proyecto Gal\u00edtropes,&#46;&#46;&#46;<\/p>\n","protected":false},"author":6260,"featured_media":0,"parent":0,"menu_order":0,"comment_status":"closed","ping_status":"closed","template":"","meta":{"ngg_post_thumbnail":0,"footnotes":"","_mc_calendar":[]},"aioseo_notices":[],"_links":{"self":[{"href":"https:\/\/blogsaverroes.juntadeandalucia.es\/iesodiel\/wp-json\/wp\/v2\/pages\/2633"}],"collection":[{"href":"https:\/\/blogsaverroes.juntadeandalucia.es\/iesodiel\/wp-json\/wp\/v2\/pages"}],"about":[{"href":"https:\/\/blogsaverroes.juntadeandalucia.es\/iesodiel\/wp-json\/wp\/v2\/types\/page"}],"author":[{"embeddable":true,"href":"https:\/\/blogsaverroes.juntadeandalucia.es\/iesodiel\/wp-json\/wp\/v2\/users\/6260"}],"replies":[{"embeddable":true,"href":"https:\/\/blogsaverroes.juntadeandalucia.es\/iesodiel\/wp-json\/wp\/v2\/comments?post=2633"}],"version-history":[{"count":8,"href":"https:\/\/blogsaverroes.juntadeandalucia.es\/iesodiel\/wp-json\/wp\/v2\/pages\/2633\/revisions"}],"predecessor-version":[{"id":2743,"href":"https:\/\/blogsaverroes.juntadeandalucia.es\/iesodiel\/wp-json\/wp\/v2\/pages\/2633\/revisions\/2743"}],"wp:attachment":[{"href":"https:\/\/blogsaverroes.juntadeandalucia.es\/iesodiel\/wp-json\/wp\/v2\/media?parent=2633"}],"curies":[{"name":"wp","href":"https:\/\/api.w.org\/{rel}","templated":true}]}}