{"id":2786,"date":"2018-05-27T22:12:04","date_gmt":"2018-05-27T20:12:04","guid":{"rendered":"https:\/\/blogsaverroes.juntadeandalucia.es\/iesodiel\/?page_id=2786"},"modified":"2018-05-27T22:15:44","modified_gmt":"2018-05-27T20:15:44","slug":"materiales-recursos","status":"publish","type":"page","link":"https:\/\/blogsaverroes.juntadeandalucia.es\/iesodiel\/formacion-profesional-basica\/materiales-recursos\/","title":{"rendered":"Materiales, recursos&#8230;"},"content":{"rendered":"<p>Aqu\u00ed ten\u00e9is un enlace a la web de nuestro compa\u00f1ero, ya jubilado, Manuel D\u00edaz: <a href=\"http:\/\/fpbdeliesodiesdemanueldiazrodriguez.blogspot.com.es\/\" target=\"_blank\" rel=\"noopener\">http:\/\/fpbdeliesodiesdemanueldiazrodriguez.blogspot.com.es\/<\/a><\/p>\n","protected":false},"excerpt":{"rendered":"<p>Aqu\u00ed ten\u00e9is un enlace a la web de nuestro compa\u00f1ero, ya jubilado, Manuel D\u00edaz: http:\/\/fpbdeliesodiesdemanueldiazrodriguez.blogspot.com.es\/<\/p>\n","protected":false},"author":6260,"featured_media":0,"parent":2784,"menu_order":0,"comment_status":"closed","ping_status":"closed","template":"","meta":{"ngg_post_thumbnail":0,"footnotes":"","_mc_calendar":[]},"aioseo_notices":[],"_links":{"self":[{"href":"https:\/\/blogsaverroes.juntadeandalucia.es\/iesodiel\/wp-json\/wp\/v2\/pages\/2786"}],"collection":[{"href":"https:\/\/blogsaverroes.juntadeandalucia.es\/iesodiel\/wp-json\/wp\/v2\/pages"}],"about":[{"href":"https:\/\/blogsaverroes.juntadeandalucia.es\/iesodiel\/wp-json\/wp\/v2\/types\/page"}],"author":[{"embeddable":true,"href":"https:\/\/blogsaverroes.juntadeandalucia.es\/iesodiel\/wp-json\/wp\/v2\/users\/6260"}],"replies":[{"embeddable":true,"href":"https:\/\/blogsaverroes.juntadeandalucia.es\/iesodiel\/wp-json\/wp\/v2\/comments?post=2786"}],"version-history":[{"count":3,"href":"https:\/\/blogsaverroes.juntadeandalucia.es\/iesodiel\/wp-json\/wp\/v2\/pages\/2786\/revisions"}],"predecessor-version":[{"id":2791,"href":"https:\/\/blogsaverroes.juntadeandalucia.es\/iesodiel\/wp-json\/wp\/v2\/pages\/2786\/revisions\/2791"}],"up":[{"embeddable":true,"href":"https:\/\/blogsaverroes.juntadeandalucia.es\/iesodiel\/wp-json\/wp\/v2\/pages\/2784"}],"wp:attachment":[{"href":"https:\/\/blogsaverroes.juntadeandalucia.es\/iesodiel\/wp-json\/wp\/v2\/media?parent=2786"}],"curies":[{"name":"wp","href":"https:\/\/api.w.org\/{rel}","templated":true}]}}