{"id":344,"date":"2015-03-18T08:47:20","date_gmt":"2015-03-18T08:47:20","guid":{"rendered":"http:\/\/blogsaverroes.juntadeandalucia.es\/pre\/ceip\/?page_id=344"},"modified":"2015-06-17T06:18:58","modified_gmt":"2015-06-17T06:18:58","slug":"materiales-recursos","status":"publish","type":"page","link":"https:\/\/blogsaverroes.juntadeandalucia.es\/iesodiel\/clasicas-2\/materiales-recursos\/","title":{"rendered":"Materiales, recursos&#8230;"},"content":{"rendered":"<h4><a href=\"http:\/\/agrega.educacion.es\/visualizar\/es\/es_20070129_3_0020900\/false\" target=\"_blank\">Practica la tercera declinaci\u00f3n griega<\/a><\/h4>\n<p><a href=\"http:\/\/agrega.educacion.es\/visualizar\/es\/es_20070129_3_0020900\/false\" target=\"_blank\"><img loading=\"lazy\" decoding=\"async\" class=\" size-medium wp-image-1998 alignleft\" src=\"https:\/\/blogsaverroes.juntadeandalucia.es\/iesodiel\/files\/2015\/03\/clasica_01-300x174.jpg\" alt=\"clasica_01\" width=\"300\" height=\"174\" srcset=\"https:\/\/blogsaverroes.juntadeandalucia.es\/iesodiel\/files\/2015\/03\/clasica_01-300x174.jpg 300w, https:\/\/blogsaverroes.juntadeandalucia.es\/iesodiel\/files\/2015\/03\/clasica_01.jpg 612w\" sizes=\"(max-width: 300px) 100vw, 300px\" \/><\/a><\/p>\n<p>&nbsp;<\/p>\n<p>&nbsp;<\/p>\n<p>&nbsp;<\/p>\n<p>&nbsp;<\/p>\n<p>&nbsp;<\/p>\n<p>Secuencia que persigue el adiestramiento en el uso de los casos de la tercera declinaci\u00f3n del griego, o declinaci\u00f3n atem\u00e1tica, mediante la realizaci\u00f3n de actividades y ejercicios espec\u00edficos sobre el tema basados en los esquemas correspondientes.<\/p>\n<p>&nbsp;<\/p>\n<div id=\"categorias\">\n<h4><a href=\"http:\/\/agrega.educacion.es\/visualizar\/es\/es_20070129_3_0020500\/false\" target=\"_blank\">Sinopsis de la historia de Roma<\/a><\/h4>\n<p style=\"text-align: left;\"><a href=\"http:\/\/agrega.educacion.es\/visualizar\/es\/es_20070129_3_0020500\/false\" target=\"_blank\"><img loading=\"lazy\" decoding=\"async\" class=\" size-medium wp-image-2000 alignleft\" src=\"https:\/\/blogsaverroes.juntadeandalucia.es\/iesodiel\/files\/2015\/03\/clasica_02-300x196.jpg\" alt=\"clasica_02\" width=\"300\" height=\"196\" srcset=\"https:\/\/blogsaverroes.juntadeandalucia.es\/iesodiel\/files\/2015\/03\/clasica_02-300x196.jpg 300w, https:\/\/blogsaverroes.juntadeandalucia.es\/iesodiel\/files\/2015\/03\/clasica_02.jpg 696w\" sizes=\"(max-width: 300px) 100vw, 300px\" \/><\/a><\/p>\n<\/div>\n<p>&nbsp;<\/p>\n<p>&nbsp;<\/p>\n<p>&nbsp;<\/p>\n<p>&nbsp;<\/p>\n<p>&nbsp;<\/p>\n<p>Introducci\u00f3n a la historia de Roma desde su fundaci\u00f3n hasta su desaparici\u00f3n.<\/p>\n","protected":false},"excerpt":{"rendered":"<p>Practica la tercera declinaci\u00f3n griega &nbsp; &nbsp; &nbsp; &nbsp; &nbsp; Secuencia que persigue el adiestramiento en el uso de los casos de la tercera declinaci\u00f3n del griego, o declinaci\u00f3n atem\u00e1tica, mediante la realizaci\u00f3n de&#46;&#46;&#46;<\/p>\n","protected":false},"author":1,"featured_media":0,"parent":166,"menu_order":0,"comment_status":"open","ping_status":"open","template":"page-templates\/child-menu.php","meta":{"ngg_post_thumbnail":0,"footnotes":"","_mc_calendar":[]},"aioseo_notices":[],"_links":{"self":[{"href":"https:\/\/blogsaverroes.juntadeandalucia.es\/iesodiel\/wp-json\/wp\/v2\/pages\/344"}],"collection":[{"href":"https:\/\/blogsaverroes.juntadeandalucia.es\/iesodiel\/wp-json\/wp\/v2\/pages"}],"about":[{"href":"https:\/\/blogsaverroes.juntadeandalucia.es\/iesodiel\/wp-json\/wp\/v2\/types\/page"}],"author":[{"embeddable":true,"href":"https:\/\/blogsaverroes.juntadeandalucia.es\/iesodiel\/wp-json\/wp\/v2\/users\/1"}],"replies":[{"embeddable":true,"href":"https:\/\/blogsaverroes.juntadeandalucia.es\/iesodiel\/wp-json\/wp\/v2\/comments?post=344"}],"version-history":[{"count":4,"href":"https:\/\/blogsaverroes.juntadeandalucia.es\/iesodiel\/wp-json\/wp\/v2\/pages\/344\/revisions"}],"predecessor-version":[{"id":2002,"href":"https:\/\/blogsaverroes.juntadeandalucia.es\/iesodiel\/wp-json\/wp\/v2\/pages\/344\/revisions\/2002"}],"up":[{"embeddable":true,"href":"https:\/\/blogsaverroes.juntadeandalucia.es\/iesodiel\/wp-json\/wp\/v2\/pages\/166"}],"wp:attachment":[{"href":"https:\/\/blogsaverroes.juntadeandalucia.es\/iesodiel\/wp-json\/wp\/v2\/media?parent=344"}],"curies":[{"name":"wp","href":"https:\/\/api.w.org\/{rel}","templated":true}]}}