{"id":35,"date":"2015-03-13T08:21:43","date_gmt":"2015-03-13T08:21:43","guid":{"rendered":"http:\/\/blogsaverroes.juntadeandalucia.es\/pre\/ceip\/?page_id=35"},"modified":"2022-09-21T22:08:11","modified_gmt":"2022-09-21T20:08:11","slug":"el-centro-2","status":"publish","type":"page","link":"https:\/\/blogsaverroes.juntadeandalucia.es\/iesodiel\/el-centro-2\/","title":{"rendered":"Contacto"},"content":{"rendered":"<p><strong>Direcci\u00f3n:<\/strong> &nbsp;Calle Real Escuela Andaluza de Arte Ecuestre s\/n&nbsp; &#8211; 21500 Gibrale\u00f3n (Huelva), Espa\u00f1a<\/p>\n<p><strong>Tel\u00e9fono \/ FAX:<\/strong><\/p>\n<p>Conserjer\u00eda: 959 52 46 27<br \/>\nAdministrativo: 600 14 38 79<br \/>\nSala de profesores: 600 14 38 78<br \/>\nFax: 959 52 46 31<\/p>\n<p><strong><a href=\"mailto:21700034.edu@juntadeandalucia.es\"><img loading=\"lazy\" decoding=\"async\" class=\"alignnone wp-image-4126\" src=\"https:\/\/blogsaverroes.juntadeandalucia.es\/iesodiel\/files\/2015\/03\/E-Mail-300x14.jpg\" alt=\"\" width=\"451\" height=\"21\" srcset=\"https:\/\/blogsaverroes.juntadeandalucia.es\/iesodiel\/files\/2015\/03\/E-Mail-300x14.jpg 300w, https:\/\/blogsaverroes.juntadeandalucia.es\/iesodiel\/files\/2015\/03\/E-Mail-24x1.jpg 24w, https:\/\/blogsaverroes.juntadeandalucia.es\/iesodiel\/files\/2015\/03\/E-Mail-36x2.jpg 36w, https:\/\/blogsaverroes.juntadeandalucia.es\/iesodiel\/files\/2015\/03\/E-Mail-48x2.jpg 48w, https:\/\/blogsaverroes.juntadeandalucia.es\/iesodiel\/files\/2015\/03\/E-Mail.jpg 555w\" sizes=\"(max-width: 451px) 100vw, 451px\" \/><\/a><\/strong><\/p>\n<p><img loading=\"lazy\" decoding=\"async\" class=\"aligncenter\" title=\"fotografia de la fachada principal del ies\" src=\"http:\/\/www.juntadeandalucia.es\/averroes\/centros-tic\/21700034\/helvia\/sitio\/upload\/img\/ieso4.JPG\" alt=\"fotografia de la fachada principal del ies\" width=\"575\" height=\"432\" border=\"0\"><\/p>\n","protected":false},"excerpt":{"rendered":"<p>Direcci\u00f3n: &nbsp;Calle Real Escuela Andaluza de Arte Ecuestre s\/n&nbsp; &#8211; 21500 Gibrale\u00f3n (Huelva), Espa\u00f1a Tel\u00e9fono \/ FAX: Conserjer\u00eda: 959 52 46 27 Administrativo: 600 14 38 79 Sala de profesores: 600 14 38 78&#46;&#46;&#46;<\/p>\n","protected":false},"author":1,"featured_media":0,"parent":0,"menu_order":0,"comment_status":"open","ping_status":"open","template":"","meta":{"ngg_post_thumbnail":0,"footnotes":"","_mc_calendar":[]},"aioseo_notices":[],"_links":{"self":[{"href":"https:\/\/blogsaverroes.juntadeandalucia.es\/iesodiel\/wp-json\/wp\/v2\/pages\/35"}],"collection":[{"href":"https:\/\/blogsaverroes.juntadeandalucia.es\/iesodiel\/wp-json\/wp\/v2\/pages"}],"about":[{"href":"https:\/\/blogsaverroes.juntadeandalucia.es\/iesodiel\/wp-json\/wp\/v2\/types\/page"}],"author":[{"embeddable":true,"href":"https:\/\/blogsaverroes.juntadeandalucia.es\/iesodiel\/wp-json\/wp\/v2\/users\/1"}],"replies":[{"embeddable":true,"href":"https:\/\/blogsaverroes.juntadeandalucia.es\/iesodiel\/wp-json\/wp\/v2\/comments?post=35"}],"version-history":[{"count":33,"href":"https:\/\/blogsaverroes.juntadeandalucia.es\/iesodiel\/wp-json\/wp\/v2\/pages\/35\/revisions"}],"predecessor-version":[{"id":8241,"href":"https:\/\/blogsaverroes.juntadeandalucia.es\/iesodiel\/wp-json\/wp\/v2\/pages\/35\/revisions\/8241"}],"wp:attachment":[{"href":"https:\/\/blogsaverroes.juntadeandalucia.es\/iesodiel\/wp-json\/wp\/v2\/media?parent=35"}],"curies":[{"name":"wp","href":"https:\/\/api.w.org\/{rel}","templated":true}]}}