{"id":357,"date":"2015-03-18T10:22:59","date_gmt":"2015-03-18T10:22:59","guid":{"rendered":"http:\/\/blogsaverroes.juntadeandalucia.es\/pre\/ceip\/?page_id=357"},"modified":"2018-06-17T12:51:05","modified_gmt":"2018-06-17T10:51:05","slug":"materiales-recursos","status":"publish","type":"page","link":"https:\/\/blogsaverroes.juntadeandalucia.es\/iesodiel\/fisica-y-quimica\/materiales-recursos\/","title":{"rendered":"Materiales, recursos&#8230;"},"content":{"rendered":"<h4><a href=\"http:\/\/www.auladeastronomia.es\/web\/index.php\/noticias\/noticias-astronomia\/303-los-dos-nuevos-sistemas-planetarios-k2-239-y-k2-240\" target=\"_blank\" rel=\"noopener\">Dos nuevos sistemas planetarios<\/a><\/h4>\n<p><a href=\"https:\/\/blogsaverroes.juntadeandalucia.es\/iesodiel\/files\/2015\/03\/k2239.jpg\"><img loading=\"lazy\" decoding=\"async\" class=\" wp-image-3097 alignleft\" src=\"https:\/\/blogsaverroes.juntadeandalucia.es\/iesodiel\/files\/2015\/03\/k2239-300x168.jpg\" alt=\"\" height=\"188\" width=\"336\" srcset=\"https:\/\/blogsaverroes.juntadeandalucia.es\/iesodiel\/files\/2015\/03\/k2239-300x168.jpg 300w, https:\/\/blogsaverroes.juntadeandalucia.es\/iesodiel\/files\/2015\/03\/k2239-24x13.jpg 24w, https:\/\/blogsaverroes.juntadeandalucia.es\/iesodiel\/files\/2015\/03\/k2239-36x20.jpg 36w, https:\/\/blogsaverroes.juntadeandalucia.es\/iesodiel\/files\/2015\/03\/k2239-48x27.jpg 48w, https:\/\/blogsaverroes.juntadeandalucia.es\/iesodiel\/files\/2015\/03\/k2239.jpg 620w\" sizes=\"(max-width: 336px) 100vw, 336px\" \/><\/a>El pasado 04 de Junio de 2018 fue aceptado para publicaci\u00f3n en la revista MMRAS (Monthly Notices of the Royal Astronomical Society) un art\u00edculo en el que investigadores de la Universidad de Oviedo (entre cuyas filas se encuentra Enrique D\u00edez, de Aula de Astronomia) y del Instituto de Astrof\u00edsica de Canarias anunciaron la detecci\u00f3n de dos nuevos sistemas planetarios que suman un total de cinco planetas.<\/p>\n<p>La detecci\u00f3n de los dos sistemas planetarios se realiz\u00f3 analizando datos de las campa\u00f1as 14 y 15 del telescopio espacial K\u00e9pler en su segunda misi\u00f3n (K2).&nbsp;<!--more--><\/p>\n<p>La detecci\u00f3n de los dos sistemas planetarios se realiz\u00f3 analizando datos de las campa\u00f1as 14 y 15 del telescopio espacial K\u00e9pler en su segunda misi\u00f3n (K2).<\/p>\n<p>El primer sistema se encuentra en la estrella K2-239, caracterizada por el grupo como una enana roja de tipo M3V a partir de observaciones realizadas con el Gran Telescopio Canarias. Est\u00e1 situada en la constelaci\u00f3n del Sextante a 50 parsecs del Sol (unos 160 a\u00f1os luz). Alberga un sistema compacto de al menos tres planetas rocosos de tama\u00f1o similar a la Tierra (1.1, 1.0 y 1.1 radios terrestres) que orbitan la estrella cada 5.2, 7.8 y 10.1 d\u00edas respectivamente. Los planetas de este sistema se encuentran en resonancia: por cada cuatro \u00f3rbitas del planeta b, el planeta c completa 3 y el d completa 2. Realizando medidas de los tiempos de tr\u00e1nsito de los planetas m\u00e1s precisas (no limitadas a la cadencia de 30 minutos de K2) se podr\u00edan detectar variaciones en los tiempos de tr\u00e1nsito (TTVs) de las que se podr\u00edan deducir las masas de los planetas, incluso inferir la existencia de alg\u00fan otro planeta en ese sistema.<\/p>\n<p>El segundo sistema se encuentra en la estrella K2-240, tambi\u00e9n caracterizada por los investigadores como enana roja de tipo M0V (un poco m\u00e1s masiva y luminosa que la anterior). Est\u00e1 situada en la constelaci\u00f3n de Libra a 70 parsecs del Sol (unos 230 a\u00f1os luz). K2-240 alberga al menos dos planetas de tipo super-Tierra (1.8 y 2.0 radios terrestres) que orbitan cada 6.0 y 20.5 d\u00edas. El tama\u00f1o de estos planetas los sit\u00faa en la frontera entre los planetas rocosos y los gaseosos.<\/p>\n<p>Ambos sistemas se encuentran en estrellas enanas rojas, estrellas menos masivas y m\u00e1s fr\u00edas que el Sol en las que los investigadores centran sus esfuerzos para encontrar an\u00e1logos terrestres (planetas de tama\u00f1o terrestre y en la zona de habitabilidad).<\/p>\n<p>K2-239 y K2-240 son de especial inter\u00e9s ya que el grupo ha determinado que sus planetas cumplen las condiciones necesarias para ser caracterizados por futuras misiones como el James Webb Telescope (previsto para funcionamiento en 2020). Pr\u00f3ximos estudios de estos sistemas aportar\u00e1n informaci\u00f3n crucial sobre sus atm\u00f3sferas planetarias, ayudar\u00e1n a entender la formaci\u00f3n y evoluci\u00f3n de los sistemas planetarios y nos permitir\u00e1n entender mejor la transici\u00f3n entre los planetas de tipo rocoso y los de tipo gaseoso.<\/p>\n<p><a href=\"https:\/\/academic.oup.com\/mnrasl\/advance-article\/doi\/10.1093\/mnrasl\/sly102\/5033694\" target=\"_blank\" rel=\"noopener\">Dejamos aqu\u00ed el enlace a la publicaci\u00f3n en MNRAS<\/a>.<\/p>\n<h4><a href=\"http:\/\/agrega.juntadeandalucia.es\/visualizar\/es\/es-an_2010060813_9123014\/true\" target=\"_blank\" rel=\"noopener\">La teor\u00eda at\u00f3mico-molecular: Un modelo para la materia<\/a><\/h4>\n<p><a href=\"http:\/\/agrega.juntadeandalucia.es\/visualizar\/es\/es-an_2010060813_9123014\/true\" target=\"_blank\" rel=\"noopener\"><img loading=\"lazy\" decoding=\"async\" class=\" size-medium wp-image-2092 alignleft\" src=\"https:\/\/blogsaverroes.juntadeandalucia.es\/iesodiel\/files\/2015\/03\/fisica_quimica01-300x298.jpg\" alt=\"fisica_quimica01\" height=\"298\" width=\"300\" srcset=\"https:\/\/blogsaverroes.juntadeandalucia.es\/iesodiel\/files\/2015\/03\/fisica_quimica01-300x298.jpg 300w, https:\/\/blogsaverroes.juntadeandalucia.es\/iesodiel\/files\/2015\/03\/fisica_quimica01-150x150.jpg 150w, https:\/\/blogsaverroes.juntadeandalucia.es\/iesodiel\/files\/2015\/03\/fisica_quimica01-160x160.jpg 160w, https:\/\/blogsaverroes.juntadeandalucia.es\/iesodiel\/files\/2015\/03\/fisica_quimica01.jpg 398w\" sizes=\"(max-width: 300px) 100vw, 300px\" \/><\/a><\/p>\n<p>\u00bfC\u00f3mo se pueden explicar los cambios de estado? \u00bfQu\u00e9 diferencia al hielo del agua l\u00edquida y del vapor de agua? \u00bfPor qu\u00e9 el agua produce hidr\u00f3geno y ox\u00edgeno al descomponerse por acci\u00f3n de la corriente el\u00e9ctrica? \u00bfQu\u00e9 estructura tiene el agua para \u00abcontener\u00bb esas otras sustancias?<\/p>\n<p>La observaci\u00f3n de las sustancias que existen en la naturaleza, de las propiedades que presentan en los tres estados habituales de la materia y de las caracter\u00edsticas de sus transformaciones en otras diferentes permite proponer un modelo que explica de una forma global y sencilla todos esos hechos.<\/p>\n<p>&nbsp;<\/p>\n<p>&nbsp;<\/p>\n<p>&nbsp;<\/p>\n<h4><a href=\"http:\/\/agrega.juntadeandalucia.es\/visualizar\/es\/es-an_2010060813_9123033\/true\" target=\"_blank\" rel=\"noopener\">La teor\u00eda at\u00f3mico-molecular: Disoluciones<\/a><\/h4>\n<p><a href=\"http:\/\/agrega.juntadeandalucia.es\/visualizar\/es\/es-an_2010060813_9123033\/true\" target=\"_blank\" rel=\"noopener\"><img loading=\"lazy\" decoding=\"async\" class=\" size-medium wp-image-2095 alignleft\" src=\"https:\/\/blogsaverroes.juntadeandalucia.es\/iesodiel\/files\/2015\/03\/fisica_quimica02-300x300.jpg\" alt=\"fisica_quimica02\" height=\"300\" width=\"300\" srcset=\"https:\/\/blogsaverroes.juntadeandalucia.es\/iesodiel\/files\/2015\/03\/fisica_quimica02-300x300.jpg 300w, https:\/\/blogsaverroes.juntadeandalucia.es\/iesodiel\/files\/2015\/03\/fisica_quimica02-150x150.jpg 150w, https:\/\/blogsaverroes.juntadeandalucia.es\/iesodiel\/files\/2015\/03\/fisica_quimica02-160x160.jpg 160w, https:\/\/blogsaverroes.juntadeandalucia.es\/iesodiel\/files\/2015\/03\/fisica_quimica02.jpg 338w\" sizes=\"(max-width: 300px) 100vw, 300px\" \/><\/a>La mayor\u00eda de las sustancias que se utilizan en la vida diaria est\u00e1n en disoluci\u00f3n o se disuelven antes de usarlas (limpiador amoniacal, que es disoluci\u00f3n de amoniaco en agua, o az\u00facar, que disolvemos para que endulce el caf\u00e9).<\/p>\n<p>Adem\u00e1s de s\u00f3lidos como el az\u00facar o gases como el amoniaco, tambi\u00e9n hay l\u00edquidos disueltos, como es el caso del etanol en las bebidas alcoh\u00f3licas.<\/p>\n","protected":false},"excerpt":{"rendered":"<p>Dos nuevos sistemas planetarios El pasado 04 de Junio de 2018 fue aceptado para publicaci\u00f3n en la revista MMRAS (Monthly Notices of the Royal Astronomical Society) un art\u00edculo en el que investigadores de la&#46;&#46;&#46;<\/p>\n","protected":false},"author":1,"featured_media":0,"parent":172,"menu_order":0,"comment_status":"open","ping_status":"open","template":"page-templates\/child-menu.php","meta":{"ngg_post_thumbnail":0,"footnotes":"","_mc_calendar":[]},"aioseo_notices":[],"_links":{"self":[{"href":"https:\/\/blogsaverroes.juntadeandalucia.es\/iesodiel\/wp-json\/wp\/v2\/pages\/357"}],"collection":[{"href":"https:\/\/blogsaverroes.juntadeandalucia.es\/iesodiel\/wp-json\/wp\/v2\/pages"}],"about":[{"href":"https:\/\/blogsaverroes.juntadeandalucia.es\/iesodiel\/wp-json\/wp\/v2\/types\/page"}],"author":[{"embeddable":true,"href":"https:\/\/blogsaverroes.juntadeandalucia.es\/iesodiel\/wp-json\/wp\/v2\/users\/1"}],"replies":[{"embeddable":true,"href":"https:\/\/blogsaverroes.juntadeandalucia.es\/iesodiel\/wp-json\/wp\/v2\/comments?post=357"}],"version-history":[{"count":15,"href":"https:\/\/blogsaverroes.juntadeandalucia.es\/iesodiel\/wp-json\/wp\/v2\/pages\/357\/revisions"}],"predecessor-version":[{"id":3096,"href":"https:\/\/blogsaverroes.juntadeandalucia.es\/iesodiel\/wp-json\/wp\/v2\/pages\/357\/revisions\/3096"}],"up":[{"embeddable":true,"href":"https:\/\/blogsaverroes.juntadeandalucia.es\/iesodiel\/wp-json\/wp\/v2\/pages\/172"}],"wp:attachment":[{"href":"https:\/\/blogsaverroes.juntadeandalucia.es\/iesodiel\/wp-json\/wp\/v2\/media?parent=357"}],"curies":[{"name":"wp","href":"https:\/\/api.w.org\/{rel}","templated":true}]}}