{"id":373,"date":"2015-03-18T10:25:52","date_gmt":"2015-03-18T10:25:52","guid":{"rendered":"http:\/\/blogsaverroes.juntadeandalucia.es\/pre\/ceip\/?page_id=373"},"modified":"2019-05-30T17:47:35","modified_gmt":"2019-05-30T15:47:35","slug":"materiales-recursos","status":"publish","type":"page","link":"https:\/\/blogsaverroes.juntadeandalucia.es\/iesodiel\/orientacion-2\/materiales-recursos\/","title":{"rendered":"Materiales, recursos&#8230;"},"content":{"rendered":"<h4><a href=\"https:\/\/www.educacion.gob.es\/notasdecorte\/compBdDo\" target=\"_blank\" rel=\"noopener\">Qu\u00e9 estudiar y d\u00f3nde en la universidad (QEDU)<\/a><\/h4>\n<p>Se trata de&nbsp; una aplicaci\u00f3n que pretende facilitar a los estudiantes la decisi\u00f3n sobre qu\u00e9 estudiar y d\u00f3nde en la universidad. Para lo cual provee de un conjunto de indicadores que aportan informaci\u00f3n relevante sobre los estudios ofertados en la universidad espa\u00f1ola. Hay que destacar que la informaci\u00f3n debe ser considerada a t\u00edtulo informativo y orientativo, toda vez que no tiene validez oficial.<\/p>\n<h4><a href=\"http:\/\/www.juntadeandalucia.es\/averroes\/centros-tic\/21700034\/helvia\/sitio\/upload\/CUADERNO_OAP18_.pdf\" target=\"_blank\" rel=\"noopener\">Cuaderno de Orientaci\u00f3n 2018-19<\/a><\/h4>\n<p>El Departamento de Orientaci\u00f3n pone a vuestra disposici\u00f3n este valioso <strong><a title=\"Cuaderno Orientaci\u00f3n 2017-17\" href=\"https:\/\/blogsaverroes.juntadeandalucia.es\/iesodiel\/files\/2019\/02\/CUADERNO_OAP19.pdf\" target=\"_blank\" rel=\"noopener\">Cuaderno de Orientaci\u00f3n<\/a>.<\/strong><\/p>\n<h4><a href=\"http:\/\/www.juntadeandalucia.es\/averroes\/centros-tic\/21700034\/helvia\/sitio\/upload\/CUADERNO_OAP18_.pdf\" target=\"_blank\" rel=\"noopener\">Cuaderno de Orientaci\u00f3n 2017-18<\/a><\/h4>\n<p>El Departamento de Orientaci\u00f3n pone a vuestra disposici\u00f3n este valioso <strong><a title=\"Cuaderno Orientaci\u00f3n 2017-17\" href=\"http:\/\/www.juntadeandalucia.es\/averroes\/centros-tic\/21700034\/helvia\/sitio\/upload\/CUADERNO_OAP18_.pdf\" target=\"_blank\" rel=\"noopener\">Cuaderno de Orientaci\u00f3n<\/a>.<\/strong><\/p>\n<h4><a href=\"http:\/\/agrega.juntadeandalucia.es\/visualizar\/es\/es-an_2015061514_9093750\/false\" target=\"_blank\" rel=\"noopener\">Gu\u00eda de Tutor\u00eda en Secundaria<\/a><\/h4>\n<p><a href=\"http:\/\/agrega.juntadeandalucia.es\/visualizar\/es\/es-an_2015061514_9093750\/false\" target=\"_blank\" rel=\"noopener\"><img loading=\"lazy\" decoding=\"async\" class=\" size-medium wp-image-2158 alignleft\" src=\"https:\/\/blogsaverroes.juntadeandalucia.es\/iesodiel\/files\/2015\/03\/orientacion1-300x147.jpg\" alt=\"orientacion\" width=\"300\" height=\"147\" srcset=\"https:\/\/blogsaverroes.juntadeandalucia.es\/iesodiel\/files\/2015\/03\/orientacion1-300x147.jpg 300w, https:\/\/blogsaverroes.juntadeandalucia.es\/iesodiel\/files\/2015\/03\/orientacion1-1024x502.jpg 1024w, https:\/\/blogsaverroes.juntadeandalucia.es\/iesodiel\/files\/2015\/03\/orientacion1.jpg 1095w\" sizes=\"(max-width: 300px) 100vw, 300px\" \/><\/a><\/p>\n<div align=\"justify\">\n<p class=\"Estilo2\">Esta Gu\u00eda contiene toda la informaci\u00f3n y recursos necesarios para ejercer la tutor\u00eda en la Educaci\u00f3n Secundaria Obligatoria. No es un Programa de Acci\u00f3n Tutorial, sino que lo complementa al recoger las actuaciones que a lo largo del curso escolar tendr\u00e1 que realizar el tutor o tutora de un grupo.<\/p>\n<p class=\"Estilo2\">Se presenta un cronograma de las tareas y actuaciones organizadas de forma sistem\u00e1tica por \u00e1mbitos con los recursos necesarios para realizarlas. Est\u00e1 organizada por meses y cada tarea o actuaci\u00f3n est\u00e1 descrita en una ficha (objetivo, procedimiento y recursos). Adem\u00e1s, incluye unas tablas resumen de los tipos de tareas y actuaciones para cada mes del a\u00f1o acad\u00e9mico.<\/p>\n<\/div>\n<h4><a href=\"http:\/\/agrega.juntadeandalucia.es\/visualizador-1\/Visualizar\/Visualizar.do?identificador=es-an_2011111013_9090610&amp;secuencia=true&amp;idioma=es\" target=\"_blank\" rel=\"noopener\">\u00a1Aumenta tu motivaci\u00f3n!<\/a><\/h4>\n<p><a href=\"http:\/\/agrega.juntadeandalucia.es\/visualizador-1\/Visualizar\/Visualizar.do?identificador=es-an_2011111013_9090610&amp;secuencia=true&amp;idioma=es\" target=\"_blank\" rel=\"noopener\"><img loading=\"lazy\" decoding=\"async\" class=\" size-full wp-image-2160 alignleft\" src=\"https:\/\/blogsaverroes.juntadeandalucia.es\/iesodiel\/files\/2015\/03\/orientacion02.jpg\" alt=\"orientacion02\" width=\"240\" height=\"169\"><\/a><\/p>\n<p>&nbsp;<\/p>\n<p><strong>\u00bfCu\u00e1l es tu meta final<\/strong>?: Si no tienes claro hasta d\u00f3nde puedes o quieres llegar en los estudios comienza por tener una visi\u00f3n general de todo el Sistema Educativo. Despu\u00e9s podr\u00e1s ir consultando en Tutor\u00eda y en Orientaci\u00f3n todo lo que necesites.<\/p>\n<p>&nbsp;<\/p>\n","protected":false},"excerpt":{"rendered":"<p>Qu\u00e9 estudiar y d\u00f3nde en la universidad (QEDU) Se trata de&nbsp; una aplicaci\u00f3n que pretende facilitar a los estudiantes la decisi\u00f3n sobre qu\u00e9 estudiar y d\u00f3nde en la universidad. Para lo cual provee de&#46;&#46;&#46;<\/p>\n","protected":false},"author":1,"featured_media":0,"parent":1806,"menu_order":0,"comment_status":"open","ping_status":"open","template":"page-templates\/child-menu.php","meta":{"ngg_post_thumbnail":0,"footnotes":"","_mc_calendar":[]},"aioseo_notices":[],"_links":{"self":[{"href":"https:\/\/blogsaverroes.juntadeandalucia.es\/iesodiel\/wp-json\/wp\/v2\/pages\/373"}],"collection":[{"href":"https:\/\/blogsaverroes.juntadeandalucia.es\/iesodiel\/wp-json\/wp\/v2\/pages"}],"about":[{"href":"https:\/\/blogsaverroes.juntadeandalucia.es\/iesodiel\/wp-json\/wp\/v2\/types\/page"}],"author":[{"embeddable":true,"href":"https:\/\/blogsaverroes.juntadeandalucia.es\/iesodiel\/wp-json\/wp\/v2\/users\/1"}],"replies":[{"embeddable":true,"href":"https:\/\/blogsaverroes.juntadeandalucia.es\/iesodiel\/wp-json\/wp\/v2\/comments?post=373"}],"version-history":[{"count":8,"href":"https:\/\/blogsaverroes.juntadeandalucia.es\/iesodiel\/wp-json\/wp\/v2\/pages\/373\/revisions"}],"predecessor-version":[{"id":4636,"href":"https:\/\/blogsaverroes.juntadeandalucia.es\/iesodiel\/wp-json\/wp\/v2\/pages\/373\/revisions\/4636"}],"up":[{"embeddable":true,"href":"https:\/\/blogsaverroes.juntadeandalucia.es\/iesodiel\/wp-json\/wp\/v2\/pages\/1806"}],"wp:attachment":[{"href":"https:\/\/blogsaverroes.juntadeandalucia.es\/iesodiel\/wp-json\/wp\/v2\/media?parent=373"}],"curies":[{"name":"wp","href":"https:\/\/api.w.org\/{rel}","templated":true}]}}