{"id":9726,"date":"2024-01-18T12:48:22","date_gmt":"2024-01-18T11:48:22","guid":{"rendered":"https:\/\/blogsaverroes.juntadeandalucia.es\/iesodiel\/?page_id=9726"},"modified":"2025-11-24T13:14:52","modified_gmt":"2025-11-24T12:14:52","slug":"programaciones-2023-24","status":"publish","type":"page","link":"https:\/\/blogsaverroes.juntadeandalucia.es\/iesodiel\/programaciones-2023-24\/","title":{"rendered":"Programaciones 2025-26"},"content":{"rendered":"<p>En el siguiente espacio, se podr\u00e1n consultar las diferentes <strong>Programaciones Did\u00e1cticas (PD)<\/strong> de los diferentes departamentos did\u00e1cticos que componen el IES Odiel:<\/p>\n<p><em>Departamentos:<\/em><\/p>\n<ul>\n<li><a href=\"https:\/\/blogsaverroes.juntadeandalucia.es\/iesodiel\/actividades-complementarias-y-extraescolares-dace\/\">Actividades complementarias y extraescolares (DACE)<\/a><\/li>\n<li><a href=\"https:\/\/blogsaverroes.juntadeandalucia.es\/iesodiel\/apsd\/\">Atenci\u00f3n a Personas en Situaci\u00f3n de Dependencia (APSD)<\/a><\/li>\n<li><a href=\"https:\/\/blogsaverroes.juntadeandalucia.es\/iesodiel\/biologia-y-geologia-3\/\">Biolog\u00eda y Geolog\u00eda<\/a><\/li>\n<li><a href=\"https:\/\/blogsaverroes.juntadeandalucia.es\/iesodiel\/educacion-fisica-2\/\">Educaci\u00f3n F\u00edsica<\/a><\/li>\n<li><a href=\"https:\/\/blogsaverroes.juntadeandalucia.es\/iesodiel\/educacion-plastica-visual-y-audiovisual-epva\/\">Educaci\u00f3n Pl\u00e1stica, Visual y Audiovisual (EPVA)<\/a><\/li>\n<li><a href=\"https:\/\/blogsaverroes.juntadeandalucia.es\/iesodiel\/filosofia-3\/\">Filosof\u00eda<\/a><\/li>\n<li><a href=\"https:\/\/blogsaverroes.juntadeandalucia.es\/iesodiel\/fisica-y-quimica-2\/\">F\u00edsica y Qu\u00edmica<\/a><\/li>\n<li><a href=\"https:\/\/blogsaverroes.juntadeandalucia.es\/iesodiel\/formacion-evaluacion-e-innovacion-educativa-feie\/\">Formaci\u00f3n, Evaluaci\u00f3n e Innovaci\u00f3n Educativa (FEIE)<\/a><\/li>\n<li><a href=\"https:\/\/blogsaverroes.juntadeandalucia.es\/iesodiel\/frances\/\">Franc\u00e9s<\/a><\/li>\n<li><a href=\"https:\/\/blogsaverroes.juntadeandalucia.es\/iesodiel\/geografia-e-historia-2\/\">Geograf\u00eda e Historia<\/a><\/li>\n<li><a href=\"https:\/\/blogsaverroes.juntadeandalucia.es\/iesodiel\/gestion-administrativa\/\">Gesti\u00f3n Administrativa<\/a><\/li>\n<li><a href=\"https:\/\/blogsaverroes.juntadeandalucia.es\/iesodiel\/ingles-3\/\">Ingl\u00e9s<\/a><\/li>\n<li><a href=\"https:\/\/blogsaverroes.juntadeandalucia.es\/iesodiel\/lengua-castellana-y-literatura\/\">Lengua Castellana y Literatura<\/a><\/li>\n<li><a href=\"https:\/\/blogsaverroes.juntadeandalucia.es\/iesodiel\/matematicas\/\">Matem\u00e1ticas<\/a><\/li>\n<li><a href=\"https:\/\/blogsaverroes.juntadeandalucia.es\/iesodiel\/musica-2\/\">M\u00fasica<\/a><\/li>\n<li><a href=\"https:\/\/blogsaverroes.juntadeandalucia.es\/iesodiel\/psicologia\/\">Psicolog\u00eda<\/a><\/li>\n<li><a href=\"https:\/\/blogsaverroes.juntadeandalucia.es\/iesodiel\/religion\/\">Religi\u00f3n<\/a><\/li>\n<li><a href=\"https:\/\/blogsaverroes.juntadeandalucia.es\/iesodiel\/tecnologia-2\/\">Tecnolog\u00eda<\/a><\/li>\n<\/ul>\n","protected":false},"excerpt":{"rendered":"<p>En el siguiente espacio, se podr\u00e1n consultar las diferentes Programaciones Did\u00e1cticas (PD) de los diferentes departamentos did\u00e1cticos que componen el IES Odiel: Departamentos: Actividades complementarias y extraescolares (DACE) Atenci\u00f3n a Personas en Situaci\u00f3n de&#46;&#46;&#46;<\/p>\n","protected":false},"author":6260,"featured_media":0,"parent":0,"menu_order":0,"comment_status":"closed","ping_status":"closed","template":"page-templates\/child-menu.php","meta":{"ngg_post_thumbnail":0,"footnotes":"","_mc_calendar":[]},"aioseo_notices":[],"_links":{"self":[{"href":"https:\/\/blogsaverroes.juntadeandalucia.es\/iesodiel\/wp-json\/wp\/v2\/pages\/9726"}],"collection":[{"href":"https:\/\/blogsaverroes.juntadeandalucia.es\/iesodiel\/wp-json\/wp\/v2\/pages"}],"about":[{"href":"https:\/\/blogsaverroes.juntadeandalucia.es\/iesodiel\/wp-json\/wp\/v2\/types\/page"}],"author":[{"embeddable":true,"href":"https:\/\/blogsaverroes.juntadeandalucia.es\/iesodiel\/wp-json\/wp\/v2\/users\/6260"}],"replies":[{"embeddable":true,"href":"https:\/\/blogsaverroes.juntadeandalucia.es\/iesodiel\/wp-json\/wp\/v2\/comments?post=9726"}],"version-history":[{"count":16,"href":"https:\/\/blogsaverroes.juntadeandalucia.es\/iesodiel\/wp-json\/wp\/v2\/pages\/9726\/revisions"}],"predecessor-version":[{"id":11211,"href":"https:\/\/blogsaverroes.juntadeandalucia.es\/iesodiel\/wp-json\/wp\/v2\/pages\/9726\/revisions\/11211"}],"wp:attachment":[{"href":"https:\/\/blogsaverroes.juntadeandalucia.es\/iesodiel\/wp-json\/wp\/v2\/media?parent=9726"}],"curies":[{"name":"wp","href":"https:\/\/api.w.org\/{rel}","templated":true}]}}